{"id":6824,"date":"2026-02-05T17:24:22","date_gmt":"2026-02-05T15:24:22","guid":{"rendered":"https:\/\/sbdapparel.lv\/?post_type=product&#038;p=6824"},"modified":"2026-03-15T21:59:15","modified_gmt":"2026-03-15T19:59:15","slug":"nova-sporta-zekes","status":"publish","type":"product","link":"https:\/\/sbdapparel.lv\/en\/product\/nova-sporta-zekes\/","title":{"rendered":"NOVA SPORTA ZE\u0136ES"},"content":{"rendered":"","protected":false},"excerpt":{"rendered":"<p>Auk\u0161\u010diausios kokyb\u0117s sportin\u0117s kojin\u0117s, skirtos u\u017edengti blauzd\u0105 tempimo judesi\u0173 metu, skirtos u\u017edengti blauzd\u0105 be varstymo. Aptemptas audinys suma\u017eina pasiprie\u0161inim\u0105, o dvigubai megztas priekinis skydelis apsaugo blauzdas traukiant.<\/p>\n<p>Visos m\u016bs\u0173 kojin\u0117s, megztos Did\u017eiojoje Britanijoje, yra pagal u\u017esakym\u0105 pagamintas gaminys, sukurtas atsi\u017evelgiant \u012f j\u0117gos lavinim\u0105, nuo formos iki funkcijos.<\/p>\n<p>Nova yra riboto leidimo kolekcija, pasi\u017eyminti tokiomis pat savyb\u0117mis ir pagaminta pagal tokius pa\u010dius auk\u0161tus standartus kaip ir m\u016bs\u0173 klasikin\u0117 produkt\u0173 linija.<\/p>\n<p>Padid\u0117j\u0119s \u0161oninis blauzdos tempimas.<br \/>\nTvirtai megztas audinys, kad kuo ma\u017eiau u\u017eklimpt\u0173 strypas.<br \/>\nBriaunuotas padas, u\u017etikrinantis sukibim\u0105 bat\u0173 viduje.<br \/>\nParduodama kaip pora.<br \/>\nPagaminta Did\u017eiojoje Britanijoje.<br \/>\nKojini\u0173 negalima gr\u0105\u017einti ar keisti.<\/p>","protected":false},"featured_media":6634,"template":"","meta":[],"product_brand":[],"product_cat":[85,51],"product_tag":[],"giftcard-category":[],"class_list":{"0":"post-6824","1":"product","2":"type-product","3":"status-publish","4":"has-post-thumbnail","6":"product_cat-nova","7":"product_cat-kojines","10":"instock","11":"shipping-taxable","12":"purchasable","13":"product-type-variable","14":"product-grid-view"},"yoast_head":"<!-- This site is optimized with the Yoast SEO plugin v27.4 - https:\/\/yoast.com\/product\/yoast-seo-wordpress\/ -->\n<title>NOVA SPORTA ZE\u0136ES - SBD Apparel LV<\/title>\n<meta name=\"robots\" content=\"index, follow, max-snippet:-1, max-image-preview:large, max-video-preview:-1\" \/>\n<link rel=\"canonical\" href=\"https:\/\/sbdapparel.lv\/en\/product\/nova-sporta-zekes\/\" \/>\n<meta property=\"og:locale\" content=\"en_US\" \/>\n<meta property=\"og:type\" content=\"article\" \/>\n<meta property=\"og:title\" content=\"NOVA SPORTA ZE\u0136ES - SBD Apparel LV\" \/>\n<meta property=\"og:description\" content=\"Auk\u0161\u010diausios kokyb\u0117s sportin\u0117s kojin\u0117s, skirtos u\u017edengti blauzd\u0105 tempimo judesi\u0173 metu, skirtos u\u017edengti blauzd\u0105 be varstymo. Aptemptas audinys suma\u017eina pasiprie\u0161inim\u0105, o dvigubai megztas priekinis skydelis apsaugo blauzdas traukiant.  Visos m\u016bs\u0173 kojin\u0117s, megztos Did\u017eiojoje Britanijoje, yra pagal u\u017esakym\u0105 pagamintas gaminys, sukurtas atsi\u017evelgiant \u012f j\u0117gos lavinim\u0105, nuo formos iki funkcijos.  Nova yra riboto leidimo kolekcija, pasi\u017eyminti tokiomis pat savyb\u0117mis ir pagaminta pagal tokius pa\u010dius auk\u0161tus standartus kaip ir m\u016bs\u0173 klasikin\u0117 produkt\u0173 linija.  Padid\u0117j\u0119s \u0161oninis blauzdos tempimas. Tvirtai megztas audinys, kad kuo ma\u017eiau u\u017eklimpt\u0173 strypas. Briaunuotas padas, u\u017etikrinantis sukibim\u0105 bat\u0173 viduje. Parduodama kaip pora. Pagaminta Did\u017eiojoje Britanijoje. Kojini\u0173 negalima gr\u0105\u017einti ar keisti.\" \/>\n<meta property=\"og:url\" content=\"https:\/\/sbdapparel.lv\/en\/product\/nova-sporta-zekes\/\" \/>\n<meta property=\"og:site_name\" content=\"SBD Apparel LV\" \/>\n<meta property=\"article:modified_time\" content=\"2026-03-15T19:59:15+00:00\" \/>\n<meta property=\"og:image\" content=\"http:\/\/sbdapparel.lv\/wp-content\/uploads\/2026\/02\/Sports-Socks-Men-03-1.jpg\" \/>\n\t<meta property=\"og:image:width\" content=\"2048\" \/>\n\t<meta property=\"og:image:height\" content=\"2048\" \/>\n\t<meta property=\"og:image:type\" content=\"image\/jpeg\" \/>\n<meta name=\"twitter:card\" content=\"summary_large_image\" \/>\n<meta name=\"twitter:label1\" content=\"Est. reading time\" \/>\n\t<meta name=\"twitter:data1\" content=\"1 minute\" \/>\n<script type=\"application\/ld+json\" class=\"yoast-schema-graph\">{\"@context\":\"https:\\\/\\\/schema.org\",\"@graph\":[{\"@type\":\"WebPage\",\"@id\":\"https:\\\/\\\/sbdapparel.lv\\\/product\\\/nova-sporta-zekes\\\/\",\"url\":\"https:\\\/\\\/sbdapparel.lv\\\/product\\\/nova-sporta-zekes\\\/\",\"name\":\"NOVA SPORTA ZE\u0136ES - SBD Apparel LV\",\"isPartOf\":{\"@id\":\"https:\\\/\\\/sbdapparel.lv\\\/#website\"},\"primaryImageOfPage\":{\"@id\":\"https:\\\/\\\/sbdapparel.lv\\\/product\\\/nova-sporta-zekes\\\/#primaryimage\"},\"image\":{\"@id\":\"https:\\\/\\\/sbdapparel.lv\\\/product\\\/nova-sporta-zekes\\\/#primaryimage\"},\"thumbnailUrl\":\"https:\\\/\\\/sbdapparel.lv\\\/wp-content\\\/uploads\\\/2026\\\/02\\\/Sports-Socks-Men-03-1.jpg\",\"datePublished\":\"2026-02-05T15:24:22+00:00\",\"dateModified\":\"2026-03-15T19:59:15+00:00\",\"breadcrumb\":{\"@id\":\"https:\\\/\\\/sbdapparel.lv\\\/product\\\/nova-sporta-zekes\\\/#breadcrumb\"},\"inLanguage\":\"en-US\",\"potentialAction\":[{\"@type\":\"ReadAction\",\"target\":[\"https:\\\/\\\/sbdapparel.lv\\\/product\\\/nova-sporta-zekes\\\/\"]}]},{\"@type\":\"ImageObject\",\"inLanguage\":\"en-US\",\"@id\":\"https:\\\/\\\/sbdapparel.lv\\\/product\\\/nova-sporta-zekes\\\/#primaryimage\",\"url\":\"https:\\\/\\\/sbdapparel.lv\\\/wp-content\\\/uploads\\\/2026\\\/02\\\/Sports-Socks-Men-03-1.jpg\",\"contentUrl\":\"https:\\\/\\\/sbdapparel.lv\\\/wp-content\\\/uploads\\\/2026\\\/02\\\/Sports-Socks-Men-03-1.jpg\",\"width\":2048,\"height\":2048},{\"@type\":\"BreadcrumbList\",\"@id\":\"https:\\\/\\\/sbdapparel.lv\\\/product\\\/nova-sporta-zekes\\\/#breadcrumb\",\"itemListElement\":[{\"@type\":\"ListItem\",\"position\":1,\"name\":\"Home\",\"item\":\"https:\\\/\\\/sbdapparel.lv\\\/\"},{\"@type\":\"ListItem\",\"position\":2,\"name\":\"Produktai\",\"item\":\"https:\\\/\\\/sbdapparel.lv\\\/shop\\\/\"},{\"@type\":\"ListItem\",\"position\":3,\"name\":\"NOVA SPORTA ZE\u0136ES\"}]},{\"@type\":\"WebSite\",\"@id\":\"https:\\\/\\\/sbdapparel.lv\\\/#website\",\"url\":\"https:\\\/\\\/sbdapparel.lv\\\/\",\"name\":\"sbdapparel.lv\",\"description\":\"Latvija\",\"publisher\":{\"@id\":\"https:\\\/\\\/sbdapparel.lv\\\/#organization\"},\"potentialAction\":[{\"@type\":\"SearchAction\",\"target\":{\"@type\":\"EntryPoint\",\"urlTemplate\":\"https:\\\/\\\/sbdapparel.lv\\\/?s={search_term_string}\"},\"query-input\":{\"@type\":\"PropertyValueSpecification\",\"valueRequired\":true,\"valueName\":\"search_term_string\"}}],\"inLanguage\":\"en-US\"},{\"@type\":\"Organization\",\"@id\":\"https:\\\/\\\/sbdapparel.lv\\\/#organization\",\"name\":\"SBD Apparel LV\",\"url\":\"https:\\\/\\\/sbdapparel.lv\\\/\",\"logo\":{\"@type\":\"ImageObject\",\"inLanguage\":\"en-US\",\"@id\":\"https:\\\/\\\/sbdapparel.lv\\\/#\\\/schema\\\/logo\\\/image\\\/\",\"url\":\"https:\\\/\\\/sbdapparel.lv\\\/wp-content\\\/uploads\\\/2023\\\/07\\\/cropped-SBD_Identity_OnDark_RGB.png\",\"contentUrl\":\"https:\\\/\\\/sbdapparel.lv\\\/wp-content\\\/uploads\\\/2023\\\/07\\\/cropped-SBD_Identity_OnDark_RGB.png\",\"width\":1182,\"height\":515,\"caption\":\"SBD Apparel LV\"},\"image\":{\"@id\":\"https:\\\/\\\/sbdapparel.lv\\\/#\\\/schema\\\/logo\\\/image\\\/\"}}]}<\/script>\n<!-- \/ Yoast SEO plugin. -->","yoast_head_json":{"title":"NOVA SPORTA ZE\u0136ES - SBD Apparel LV","robots":{"index":"index","follow":"follow","max-snippet":"max-snippet:-1","max-image-preview":"max-image-preview:large","max-video-preview":"max-video-preview:-1"},"canonical":"https:\/\/sbdapparel.lv\/en\/product\/nova-sporta-zekes\/","og_locale":"en_US","og_type":"article","og_title":"NOVA SPORTA ZE\u0136ES - SBD Apparel LV","og_description":"Auk\u0161\u010diausios kokyb\u0117s sportin\u0117s kojin\u0117s, skirtos u\u017edengti blauzd\u0105 tempimo judesi\u0173 metu, skirtos u\u017edengti blauzd\u0105 be varstymo. Aptemptas audinys suma\u017eina pasiprie\u0161inim\u0105, o dvigubai megztas priekinis skydelis apsaugo blauzdas traukiant.  Visos m\u016bs\u0173 kojin\u0117s, megztos Did\u017eiojoje Britanijoje, yra pagal u\u017esakym\u0105 pagamintas gaminys, sukurtas atsi\u017evelgiant \u012f j\u0117gos lavinim\u0105, nuo formos iki funkcijos.  Nova yra riboto leidimo kolekcija, pasi\u017eyminti tokiomis pat savyb\u0117mis ir pagaminta pagal tokius pa\u010dius auk\u0161tus standartus kaip ir m\u016bs\u0173 klasikin\u0117 produkt\u0173 linija.  Padid\u0117j\u0119s \u0161oninis blauzdos tempimas. Tvirtai megztas audinys, kad kuo ma\u017eiau u\u017eklimpt\u0173 strypas. Briaunuotas padas, u\u017etikrinantis sukibim\u0105 bat\u0173 viduje. Parduodama kaip pora. Pagaminta Did\u017eiojoje Britanijoje. Kojini\u0173 negalima gr\u0105\u017einti ar keisti.","og_url":"https:\/\/sbdapparel.lv\/en\/product\/nova-sporta-zekes\/","og_site_name":"SBD Apparel LV","article_modified_time":"2026-03-15T19:59:15+00:00","og_image":[{"width":2048,"height":2048,"url":"http:\/\/sbdapparel.lv\/wp-content\/uploads\/2026\/02\/Sports-Socks-Men-03-1.jpg","type":"image\/jpeg"}],"twitter_card":"summary_large_image","twitter_misc":{"Est. reading time":"1 minute"},"schema":{"@context":"https:\/\/schema.org","@graph":[{"@type":"WebPage","@id":"https:\/\/sbdapparel.lv\/product\/nova-sporta-zekes\/","url":"https:\/\/sbdapparel.lv\/product\/nova-sporta-zekes\/","name":"NOVA SPORTA ZE\u0136ES - SBD Apparel LV","isPartOf":{"@id":"https:\/\/sbdapparel.lv\/#website"},"primaryImageOfPage":{"@id":"https:\/\/sbdapparel.lv\/product\/nova-sporta-zekes\/#primaryimage"},"image":{"@id":"https:\/\/sbdapparel.lv\/product\/nova-sporta-zekes\/#primaryimage"},"thumbnailUrl":"https:\/\/sbdapparel.lv\/wp-content\/uploads\/2026\/02\/Sports-Socks-Men-03-1.jpg","datePublished":"2026-02-05T15:24:22+00:00","dateModified":"2026-03-15T19:59:15+00:00","breadcrumb":{"@id":"https:\/\/sbdapparel.lv\/product\/nova-sporta-zekes\/#breadcrumb"},"inLanguage":"en-US","potentialAction":[{"@type":"ReadAction","target":["https:\/\/sbdapparel.lv\/product\/nova-sporta-zekes\/"]}]},{"@type":"ImageObject","inLanguage":"en-US","@id":"https:\/\/sbdapparel.lv\/product\/nova-sporta-zekes\/#primaryimage","url":"https:\/\/sbdapparel.lv\/wp-content\/uploads\/2026\/02\/Sports-Socks-Men-03-1.jpg","contentUrl":"https:\/\/sbdapparel.lv\/wp-content\/uploads\/2026\/02\/Sports-Socks-Men-03-1.jpg","width":2048,"height":2048},{"@type":"BreadcrumbList","@id":"https:\/\/sbdapparel.lv\/product\/nova-sporta-zekes\/#breadcrumb","itemListElement":[{"@type":"ListItem","position":1,"name":"Home","item":"https:\/\/sbdapparel.lv\/"},{"@type":"ListItem","position":2,"name":"Produktai","item":"https:\/\/sbdapparel.lv\/shop\/"},{"@type":"ListItem","position":3,"name":"NOVA SPORTA ZE\u0136ES"}]},{"@type":"WebSite","@id":"https:\/\/sbdapparel.lv\/#website","url":"https:\/\/sbdapparel.lv\/","name":"sbdapparel.lv","description":"Latvija","publisher":{"@id":"https:\/\/sbdapparel.lv\/#organization"},"potentialAction":[{"@type":"SearchAction","target":{"@type":"EntryPoint","urlTemplate":"https:\/\/sbdapparel.lv\/?s={search_term_string}"},"query-input":{"@type":"PropertyValueSpecification","valueRequired":true,"valueName":"search_term_string"}}],"inLanguage":"en-US"},{"@type":"Organization","@id":"https:\/\/sbdapparel.lv\/#organization","name":"SBD Apparel LV","url":"https:\/\/sbdapparel.lv\/","logo":{"@type":"ImageObject","inLanguage":"en-US","@id":"https:\/\/sbdapparel.lv\/#\/schema\/logo\/image\/","url":"https:\/\/sbdapparel.lv\/wp-content\/uploads\/2023\/07\/cropped-SBD_Identity_OnDark_RGB.png","contentUrl":"https:\/\/sbdapparel.lv\/wp-content\/uploads\/2023\/07\/cropped-SBD_Identity_OnDark_RGB.png","width":1182,"height":515,"caption":"SBD Apparel LV"},"image":{"@id":"https:\/\/sbdapparel.lv\/#\/schema\/logo\/image\/"}}]}},"_links":{"self":[{"href":"https:\/\/sbdapparel.lv\/en\/wp-json\/wp\/v2\/product\/6824","targetHints":{"allow":["GET"]}}],"collection":[{"href":"https:\/\/sbdapparel.lv\/en\/wp-json\/wp\/v2\/product"}],"about":[{"href":"https:\/\/sbdapparel.lv\/en\/wp-json\/wp\/v2\/types\/product"}],"version-history":[{"count":2,"href":"https:\/\/sbdapparel.lv\/en\/wp-json\/wp\/v2\/product\/6824\/revisions"}],"predecessor-version":[{"id":6956,"href":"https:\/\/sbdapparel.lv\/en\/wp-json\/wp\/v2\/product\/6824\/revisions\/6956"}],"wp:featuredmedia":[{"embeddable":true,"href":"https:\/\/sbdapparel.lv\/en\/wp-json\/wp\/v2\/media\/6634"}],"wp:attachment":[{"href":"https:\/\/sbdapparel.lv\/en\/wp-json\/wp\/v2\/media?parent=6824"}],"wp:term":[{"taxonomy":"product_brand","embeddable":true,"href":"https:\/\/sbdapparel.lv\/en\/wp-json\/wp\/v2\/product_brand?post=6824"},{"taxonomy":"product_cat","embeddable":true,"href":"https:\/\/sbdapparel.lv\/en\/wp-json\/wp\/v2\/product_cat?post=6824"},{"taxonomy":"product_tag","embeddable":true,"href":"https:\/\/sbdapparel.lv\/en\/wp-json\/wp\/v2\/product_tag?post=6824"},{"taxonomy":"giftcard-category","embeddable":true,"href":"https:\/\/sbdapparel.lv\/en\/wp-json\/wp\/v2\/giftcard-category?post=6824"}],"curies":[{"name":"wp","href":"https:\/\/api.w.org\/{rel}","templated":true}]}}