{"id":6813,"date":"2026-02-05T17:24:22","date_gmt":"2026-02-05T15:24:22","guid":{"rendered":"https:\/\/sbdapparel.lv\/?post_type=product&#038;p=6813"},"modified":"2026-02-11T17:36:42","modified_gmt":"2026-02-11T15:36:42","slug":"nova-powerlifting-celu-ortozes-7-mm","status":"publish","type":"product","link":"https:\/\/sbdapparel.lv\/en\/product\/nova-powerlifting-celu-ortozes-7-mm\/","title":{"rendered":"NOVA POWERLIFTING CE\u013bU ORTOZES 7 mm"},"content":{"rendered":"","protected":false},"excerpt":{"rendered":"<p>SBD Powerlifting Knee Sleeves yra skirtos konkurencingiems j\u0117gos kilnotojams, ie\u0161kantiems maksimalios atramos i\u0161 savo rankovi\u0173.<\/p>\n<p>Jie leid\u017eia \u017eymiai labiau suspausti vis\u0105 kelio lenkim\u0105, kad maksimaliai padidint\u0173 atram\u0105 ir pasitik\u0117jim\u0105 maksimali\u0173 bandym\u0173 metu, padidindami auk\u0161\u010diausios klas\u0117s na\u0161um\u0105.<\/p>\n<p>Parduodama kaip pora.<br \/>\nIPF patvirtintas ir IWF atitinkantis maksimalus leistinas 30 cm ilgis.<br \/>\nAuk\u0161tos kokyb\u0117s, didelio tankio 7 mm neoprenas u\u017etikrina maksimal\u0173 suspaudim\u0105 ir pavir\u0161iaus kontakto plot\u0105 viso kelio lenkimo metu.<br \/>\nPatobulintas keturi\u0173 kryp\u010di\u0173 tempimas leid\u017eia neoprenui i\u0161tempti prigludimo metu ir i\u0161laikyti suspaudim\u0105 aplink kelio s\u0105nar\u012f viso pak\u0117limo metu be tarp\u0173.<br \/>\nSunk\u016bs pamu\u0161alai, apvadai ir si\u016bl\u0117s sukurti taip, kad i\u0161laikyt\u0173 net ir agresyviausi\u0105 prigludim\u0105.<br \/>\nAntimikrobinis gydymas suma\u017eina bakterij\u0173 kaupim\u0105si ir suma\u017eina kvap\u0105.<br \/>\nPatentuotas dizainas.<br \/>\nPagaminta Did\u017eiojoje Britanijoje.<\/p>","protected":false},"featured_media":6576,"template":"","meta":[],"product_brand":[],"product_cat":[43,85],"product_tag":[],"giftcard-category":[],"class_list":{"0":"post-6813","1":"product","2":"type-product","3":"status-publish","4":"has-post-thumbnail","6":"product_cat-keliuitvarai","7":"product_cat-nova","10":"instock","11":"shipping-taxable","12":"purchasable","13":"product-type-variable","14":"product-grid-view"},"yoast_head":"<!-- This site is optimized with the Yoast SEO plugin v27.4 - https:\/\/yoast.com\/product\/yoast-seo-wordpress\/ -->\n<title>NOVA POWERLIFTING CE\u013bU ORTOZES 7 mm - SBD Apparel LV<\/title>\n<meta name=\"robots\" content=\"index, follow, max-snippet:-1, max-image-preview:large, max-video-preview:-1\" \/>\n<link rel=\"canonical\" href=\"https:\/\/sbdapparel.lv\/en\/product\/nova-powerlifting-celu-ortozes-7-mm\/\" \/>\n<meta property=\"og:locale\" content=\"en_US\" \/>\n<meta property=\"og:type\" content=\"article\" \/>\n<meta property=\"og:title\" content=\"NOVA POWERLIFTING CE\u013bU ORTOZES 7 mm - SBD Apparel LV\" \/>\n<meta property=\"og:description\" content=\"SBD Powerlifting Knee Sleeves yra skirtos konkurencingiems j\u0117gos kilnotojams, ie\u0161kantiems maksimalios atramos i\u0161 savo rankovi\u0173.  Jie leid\u017eia \u017eymiai labiau suspausti vis\u0105 kelio lenkim\u0105, kad maksimaliai padidint\u0173 atram\u0105 ir pasitik\u0117jim\u0105 maksimali\u0173 bandym\u0173 metu, padidindami auk\u0161\u010diausios klas\u0117s na\u0161um\u0105.  Parduodama kaip pora. IPF patvirtintas ir IWF atitinkantis maksimalus leistinas 30 cm ilgis. Auk\u0161tos kokyb\u0117s, didelio tankio 7 mm neoprenas u\u017etikrina maksimal\u0173 suspaudim\u0105 ir pavir\u0161iaus kontakto plot\u0105 viso kelio lenkimo metu. Patobulintas keturi\u0173 kryp\u010di\u0173 tempimas leid\u017eia neoprenui i\u0161tempti prigludimo metu ir i\u0161laikyti suspaudim\u0105 aplink kelio s\u0105nar\u012f viso pak\u0117limo metu be tarp\u0173. Sunk\u016bs pamu\u0161alai, apvadai ir si\u016bl\u0117s sukurti taip, kad i\u0161laikyt\u0173 net ir agresyviausi\u0105 prigludim\u0105. Antimikrobinis gydymas suma\u017eina bakterij\u0173 kaupim\u0105si ir suma\u017eina kvap\u0105. Patentuotas dizainas. Pagaminta Did\u017eiojoje Britanijoje.\" \/>\n<meta property=\"og:url\" content=\"https:\/\/sbdapparel.lv\/en\/product\/nova-powerlifting-celu-ortozes-7-mm\/\" \/>\n<meta property=\"og:site_name\" content=\"SBD Apparel LV\" \/>\n<meta property=\"article:modified_time\" content=\"2026-02-11T15:36:42+00:00\" \/>\n<meta property=\"og:image\" content=\"http:\/\/sbdapparel.lv\/wp-content\/uploads\/2026\/02\/Powerlifting-Knee-Sleeves-Women-01-with-snipe.jpg\" \/>\n\t<meta property=\"og:image:width\" content=\"2048\" \/>\n\t<meta property=\"og:image:height\" content=\"2048\" \/>\n\t<meta property=\"og:image:type\" content=\"image\/jpeg\" \/>\n<meta name=\"twitter:card\" content=\"summary_large_image\" \/>\n<meta name=\"twitter:label1\" content=\"Est. reading time\" \/>\n\t<meta name=\"twitter:data1\" content=\"1 minute\" \/>\n<script type=\"application\/ld+json\" class=\"yoast-schema-graph\">{\"@context\":\"https:\\\/\\\/schema.org\",\"@graph\":[{\"@type\":\"WebPage\",\"@id\":\"https:\\\/\\\/sbdapparel.lv\\\/product\\\/nova-powerlifting-celu-ortozes-7-mm\\\/\",\"url\":\"https:\\\/\\\/sbdapparel.lv\\\/product\\\/nova-powerlifting-celu-ortozes-7-mm\\\/\",\"name\":\"NOVA POWERLIFTING CE\u013bU ORTOZES 7 mm - SBD Apparel LV\",\"isPartOf\":{\"@id\":\"https:\\\/\\\/sbdapparel.lv\\\/#website\"},\"primaryImageOfPage\":{\"@id\":\"https:\\\/\\\/sbdapparel.lv\\\/product\\\/nova-powerlifting-celu-ortozes-7-mm\\\/#primaryimage\"},\"image\":{\"@id\":\"https:\\\/\\\/sbdapparel.lv\\\/product\\\/nova-powerlifting-celu-ortozes-7-mm\\\/#primaryimage\"},\"thumbnailUrl\":\"https:\\\/\\\/sbdapparel.lv\\\/wp-content\\\/uploads\\\/2026\\\/02\\\/Powerlifting-Knee-Sleeves-Women-01-with-snipe.jpg\",\"datePublished\":\"2026-02-05T15:24:22+00:00\",\"dateModified\":\"2026-02-11T15:36:42+00:00\",\"breadcrumb\":{\"@id\":\"https:\\\/\\\/sbdapparel.lv\\\/product\\\/nova-powerlifting-celu-ortozes-7-mm\\\/#breadcrumb\"},\"inLanguage\":\"en-US\",\"potentialAction\":[{\"@type\":\"ReadAction\",\"target\":[\"https:\\\/\\\/sbdapparel.lv\\\/product\\\/nova-powerlifting-celu-ortozes-7-mm\\\/\"]}]},{\"@type\":\"ImageObject\",\"inLanguage\":\"en-US\",\"@id\":\"https:\\\/\\\/sbdapparel.lv\\\/product\\\/nova-powerlifting-celu-ortozes-7-mm\\\/#primaryimage\",\"url\":\"https:\\\/\\\/sbdapparel.lv\\\/wp-content\\\/uploads\\\/2026\\\/02\\\/Powerlifting-Knee-Sleeves-Women-01-with-snipe.jpg\",\"contentUrl\":\"https:\\\/\\\/sbdapparel.lv\\\/wp-content\\\/uploads\\\/2026\\\/02\\\/Powerlifting-Knee-Sleeves-Women-01-with-snipe.jpg\",\"width\":2048,\"height\":2048},{\"@type\":\"BreadcrumbList\",\"@id\":\"https:\\\/\\\/sbdapparel.lv\\\/product\\\/nova-powerlifting-celu-ortozes-7-mm\\\/#breadcrumb\",\"itemListElement\":[{\"@type\":\"ListItem\",\"position\":1,\"name\":\"Home\",\"item\":\"https:\\\/\\\/sbdapparel.lv\\\/\"},{\"@type\":\"ListItem\",\"position\":2,\"name\":\"Produktai\",\"item\":\"https:\\\/\\\/sbdapparel.lv\\\/shop\\\/\"},{\"@type\":\"ListItem\",\"position\":3,\"name\":\"NOVA POWERLIFTING CE\u013bU ORTOZES 7 mm\"}]},{\"@type\":\"WebSite\",\"@id\":\"https:\\\/\\\/sbdapparel.lv\\\/#website\",\"url\":\"https:\\\/\\\/sbdapparel.lv\\\/\",\"name\":\"sbdapparel.lv\",\"description\":\"Latvija\",\"publisher\":{\"@id\":\"https:\\\/\\\/sbdapparel.lv\\\/#organization\"},\"potentialAction\":[{\"@type\":\"SearchAction\",\"target\":{\"@type\":\"EntryPoint\",\"urlTemplate\":\"https:\\\/\\\/sbdapparel.lv\\\/?s={search_term_string}\"},\"query-input\":{\"@type\":\"PropertyValueSpecification\",\"valueRequired\":true,\"valueName\":\"search_term_string\"}}],\"inLanguage\":\"en-US\"},{\"@type\":\"Organization\",\"@id\":\"https:\\\/\\\/sbdapparel.lv\\\/#organization\",\"name\":\"SBD Apparel LV\",\"url\":\"https:\\\/\\\/sbdapparel.lv\\\/\",\"logo\":{\"@type\":\"ImageObject\",\"inLanguage\":\"en-US\",\"@id\":\"https:\\\/\\\/sbdapparel.lv\\\/#\\\/schema\\\/logo\\\/image\\\/\",\"url\":\"https:\\\/\\\/sbdapparel.lv\\\/wp-content\\\/uploads\\\/2023\\\/07\\\/cropped-SBD_Identity_OnDark_RGB.png\",\"contentUrl\":\"https:\\\/\\\/sbdapparel.lv\\\/wp-content\\\/uploads\\\/2023\\\/07\\\/cropped-SBD_Identity_OnDark_RGB.png\",\"width\":1182,\"height\":515,\"caption\":\"SBD Apparel LV\"},\"image\":{\"@id\":\"https:\\\/\\\/sbdapparel.lv\\\/#\\\/schema\\\/logo\\\/image\\\/\"}}]}<\/script>\n<!-- \/ Yoast SEO plugin. -->","yoast_head_json":{"title":"NOVA POWERLIFTING CE\u013bU ORTOZES 7 mm - SBD Apparel LV","robots":{"index":"index","follow":"follow","max-snippet":"max-snippet:-1","max-image-preview":"max-image-preview:large","max-video-preview":"max-video-preview:-1"},"canonical":"https:\/\/sbdapparel.lv\/en\/product\/nova-powerlifting-celu-ortozes-7-mm\/","og_locale":"en_US","og_type":"article","og_title":"NOVA POWERLIFTING CE\u013bU ORTOZES 7 mm - SBD Apparel LV","og_description":"SBD Powerlifting Knee Sleeves yra skirtos konkurencingiems j\u0117gos kilnotojams, ie\u0161kantiems maksimalios atramos i\u0161 savo rankovi\u0173.  Jie leid\u017eia \u017eymiai labiau suspausti vis\u0105 kelio lenkim\u0105, kad maksimaliai padidint\u0173 atram\u0105 ir pasitik\u0117jim\u0105 maksimali\u0173 bandym\u0173 metu, padidindami auk\u0161\u010diausios klas\u0117s na\u0161um\u0105.  Parduodama kaip pora. IPF patvirtintas ir IWF atitinkantis maksimalus leistinas 30 cm ilgis. Auk\u0161tos kokyb\u0117s, didelio tankio 7 mm neoprenas u\u017etikrina maksimal\u0173 suspaudim\u0105 ir pavir\u0161iaus kontakto plot\u0105 viso kelio lenkimo metu. Patobulintas keturi\u0173 kryp\u010di\u0173 tempimas leid\u017eia neoprenui i\u0161tempti prigludimo metu ir i\u0161laikyti suspaudim\u0105 aplink kelio s\u0105nar\u012f viso pak\u0117limo metu be tarp\u0173. Sunk\u016bs pamu\u0161alai, apvadai ir si\u016bl\u0117s sukurti taip, kad i\u0161laikyt\u0173 net ir agresyviausi\u0105 prigludim\u0105. Antimikrobinis gydymas suma\u017eina bakterij\u0173 kaupim\u0105si ir suma\u017eina kvap\u0105. Patentuotas dizainas. Pagaminta Did\u017eiojoje Britanijoje.","og_url":"https:\/\/sbdapparel.lv\/en\/product\/nova-powerlifting-celu-ortozes-7-mm\/","og_site_name":"SBD Apparel LV","article_modified_time":"2026-02-11T15:36:42+00:00","og_image":[{"width":2048,"height":2048,"url":"http:\/\/sbdapparel.lv\/wp-content\/uploads\/2026\/02\/Powerlifting-Knee-Sleeves-Women-01-with-snipe.jpg","type":"image\/jpeg"}],"twitter_card":"summary_large_image","twitter_misc":{"Est. reading time":"1 minute"},"schema":{"@context":"https:\/\/schema.org","@graph":[{"@type":"WebPage","@id":"https:\/\/sbdapparel.lv\/product\/nova-powerlifting-celu-ortozes-7-mm\/","url":"https:\/\/sbdapparel.lv\/product\/nova-powerlifting-celu-ortozes-7-mm\/","name":"NOVA POWERLIFTING CE\u013bU ORTOZES 7 mm - SBD Apparel LV","isPartOf":{"@id":"https:\/\/sbdapparel.lv\/#website"},"primaryImageOfPage":{"@id":"https:\/\/sbdapparel.lv\/product\/nova-powerlifting-celu-ortozes-7-mm\/#primaryimage"},"image":{"@id":"https:\/\/sbdapparel.lv\/product\/nova-powerlifting-celu-ortozes-7-mm\/#primaryimage"},"thumbnailUrl":"https:\/\/sbdapparel.lv\/wp-content\/uploads\/2026\/02\/Powerlifting-Knee-Sleeves-Women-01-with-snipe.jpg","datePublished":"2026-02-05T15:24:22+00:00","dateModified":"2026-02-11T15:36:42+00:00","breadcrumb":{"@id":"https:\/\/sbdapparel.lv\/product\/nova-powerlifting-celu-ortozes-7-mm\/#breadcrumb"},"inLanguage":"en-US","potentialAction":[{"@type":"ReadAction","target":["https:\/\/sbdapparel.lv\/product\/nova-powerlifting-celu-ortozes-7-mm\/"]}]},{"@type":"ImageObject","inLanguage":"en-US","@id":"https:\/\/sbdapparel.lv\/product\/nova-powerlifting-celu-ortozes-7-mm\/#primaryimage","url":"https:\/\/sbdapparel.lv\/wp-content\/uploads\/2026\/02\/Powerlifting-Knee-Sleeves-Women-01-with-snipe.jpg","contentUrl":"https:\/\/sbdapparel.lv\/wp-content\/uploads\/2026\/02\/Powerlifting-Knee-Sleeves-Women-01-with-snipe.jpg","width":2048,"height":2048},{"@type":"BreadcrumbList","@id":"https:\/\/sbdapparel.lv\/product\/nova-powerlifting-celu-ortozes-7-mm\/#breadcrumb","itemListElement":[{"@type":"ListItem","position":1,"name":"Home","item":"https:\/\/sbdapparel.lv\/"},{"@type":"ListItem","position":2,"name":"Produktai","item":"https:\/\/sbdapparel.lv\/shop\/"},{"@type":"ListItem","position":3,"name":"NOVA POWERLIFTING CE\u013bU ORTOZES 7 mm"}]},{"@type":"WebSite","@id":"https:\/\/sbdapparel.lv\/#website","url":"https:\/\/sbdapparel.lv\/","name":"sbdapparel.lv","description":"Latvija","publisher":{"@id":"https:\/\/sbdapparel.lv\/#organization"},"potentialAction":[{"@type":"SearchAction","target":{"@type":"EntryPoint","urlTemplate":"https:\/\/sbdapparel.lv\/?s={search_term_string}"},"query-input":{"@type":"PropertyValueSpecification","valueRequired":true,"valueName":"search_term_string"}}],"inLanguage":"en-US"},{"@type":"Organization","@id":"https:\/\/sbdapparel.lv\/#organization","name":"SBD Apparel LV","url":"https:\/\/sbdapparel.lv\/","logo":{"@type":"ImageObject","inLanguage":"en-US","@id":"https:\/\/sbdapparel.lv\/#\/schema\/logo\/image\/","url":"https:\/\/sbdapparel.lv\/wp-content\/uploads\/2023\/07\/cropped-SBD_Identity_OnDark_RGB.png","contentUrl":"https:\/\/sbdapparel.lv\/wp-content\/uploads\/2023\/07\/cropped-SBD_Identity_OnDark_RGB.png","width":1182,"height":515,"caption":"SBD Apparel LV"},"image":{"@id":"https:\/\/sbdapparel.lv\/#\/schema\/logo\/image\/"}}]}},"_links":{"self":[{"href":"https:\/\/sbdapparel.lv\/en\/wp-json\/wp\/v2\/product\/6813","targetHints":{"allow":["GET"]}}],"collection":[{"href":"https:\/\/sbdapparel.lv\/en\/wp-json\/wp\/v2\/product"}],"about":[{"href":"https:\/\/sbdapparel.lv\/en\/wp-json\/wp\/v2\/types\/product"}],"version-history":[{"count":2,"href":"https:\/\/sbdapparel.lv\/en\/wp-json\/wp\/v2\/product\/6813\/revisions"}],"predecessor-version":[{"id":6984,"href":"https:\/\/sbdapparel.lv\/en\/wp-json\/wp\/v2\/product\/6813\/revisions\/6984"}],"wp:featuredmedia":[{"embeddable":true,"href":"https:\/\/sbdapparel.lv\/en\/wp-json\/wp\/v2\/media\/6576"}],"wp:attachment":[{"href":"https:\/\/sbdapparel.lv\/en\/wp-json\/wp\/v2\/media?parent=6813"}],"wp:term":[{"taxonomy":"product_brand","embeddable":true,"href":"https:\/\/sbdapparel.lv\/en\/wp-json\/wp\/v2\/product_brand?post=6813"},{"taxonomy":"product_cat","embeddable":true,"href":"https:\/\/sbdapparel.lv\/en\/wp-json\/wp\/v2\/product_cat?post=6813"},{"taxonomy":"product_tag","embeddable":true,"href":"https:\/\/sbdapparel.lv\/en\/wp-json\/wp\/v2\/product_tag?post=6813"},{"taxonomy":"giftcard-category","embeddable":true,"href":"https:\/\/sbdapparel.lv\/en\/wp-json\/wp\/v2\/giftcard-category?post=6813"}],"curies":[{"name":"wp","href":"https:\/\/api.w.org\/{rel}","templated":true}]}}