{"id":6316,"date":"2025-11-10T12:12:11","date_gmt":"2025-11-10T10:12:11","guid":{"rendered":"https:\/\/sbdapparel.lv\/?post_type=product&#038;p=6316"},"modified":"2026-04-25T00:37:45","modified_gmt":"2026-04-24T22:37:45","slug":"resolve-sbd-lifting-straps","status":"publish","type":"product","link":"https:\/\/sbdapparel.lv\/en\/product\/resolve-sbd-lifting-straps\/","title":{"rendered":"RESOLVE SBD LIFTING STRAPS"},"content":{"rendered":"","protected":false},"excerpt":{"rendered":"<p>Featuring our patent-pending webbing construction, which weaves filament aramid fibre within spun fibres. The lifting straps offer greater strength than a nylon wrap, whilst providing the comfort of a cotton wrap.<\/p>\n<p>Designed through collaboration with world-class athletes to eliminate grip as a limiting factor when lifting for maximal weight or extra repetitions.<\/p>\n<p>Resolve ir ierobe\u017eota izdevuma kolekcija, kurai ir t\u0101das pa\u0161as funkcijas un kas ir izgatavota saska\u0146\u0101 ar t\u0101diem pa\u0161iem augstiem standartiem k\u0101 m\u016bsu klasisk\u0101 produktu l\u012bnija.<\/p>\n<p>Patent-pending webbing construction<br \/>\nMade in Sheffield, Great Britain.<br \/>\nMaterials: Kevlar\u00ae fiber, polyester<\/p>\n<p>DuPont\u2122 and Kevlar\u00ae are trademarks or registered trademarks of affiliates of DuPont de Nemours, Inc.<\/p>","protected":false},"featured_media":6320,"template":"","meta":[],"product_brand":[],"product_cat":[48,73],"product_tag":[],"giftcard-category":[],"class_list":{"0":"post-6316","1":"product","2":"type-product","3":"status-publish","4":"has-post-thumbnail","6":"product_cat-kelikmodirzai","7":"product_cat-resolve","10":"instock","11":"shipping-taxable","12":"purchasable","13":"product-type-simple","14":"product-grid-view"},"yoast_head":"<!-- This site is optimized with the Yoast SEO plugin v27.4 - https:\/\/yoast.com\/product\/yoast-seo-wordpress\/ -->\n<title>RESOLVE SBD LIFTING STRAPS - SBD Apparel LV<\/title>\n<meta name=\"robots\" content=\"index, follow, max-snippet:-1, max-image-preview:large, max-video-preview:-1\" \/>\n<link rel=\"canonical\" href=\"https:\/\/sbdapparel.lv\/en\/product\/resolve-sbd-lifting-straps\/\" \/>\n<meta property=\"og:locale\" content=\"en_US\" \/>\n<meta property=\"og:type\" content=\"article\" \/>\n<meta property=\"og:title\" content=\"RESOLVE SBD LIFTING STRAPS - SBD Apparel LV\" \/>\n<meta property=\"og:description\" content=\"M\u016bsu patent\u0113tais dizains, kas au\u017e kv\u0113ldiegu aram\u012bda \u0161\u0137iedru. Pace\u013camaj\u0101m siksn\u0101m ir neilona malas, vienlaikus nodro\u0161inot komfortu plaukstas loc\u012btavai.  Izstr\u0101d\u0101ts sadarb\u012bb\u0101 ar pasaules klases sportistiem, lai palielin\u0101tu sa\u0137eri ar stieni, pace\u013cot maksim\u0101lo svaru vai veicot papildu atk\u0101rtojumus.  Resolve ir ierobe\u017eota izdevuma kolekcija, kurai ir t\u0101das pa\u0161as funkcijas un kas ir izgatavota saska\u0146\u0101 ar t\u0101diem pa\u0161iem augstiem standartiem k\u0101 m\u016bsu klasisk\u0101 produktu l\u012bnija.  Patent\u0113ts jostas dizains. Ra\u017eots \u0160ef\u012bld\u0101, Lielbrit\u0101nij\u0101. Materi\u0101li: Kevlar\u00ae \u0161\u0137iedra, poliesters  DuPont\u2122 un Kevlar\u00ae ir DuPont de Nemours, Inc. saist\u012bto uz\u0146\u0113mumu pre\u010du z\u012bmes vai re\u0123istr\u0113tas pre\u010du z\u012bmes.\" \/>\n<meta property=\"og:url\" content=\"https:\/\/sbdapparel.lv\/en\/product\/resolve-sbd-lifting-straps\/\" \/>\n<meta property=\"og:site_name\" content=\"SBD Apparel LV\" \/>\n<meta property=\"article:modified_time\" content=\"2026-04-24T22:37:45+00:00\" \/>\n<meta property=\"og:image\" content=\"https:\/\/sbdapparel.lv\/wp-content\/uploads\/2025\/11\/Flat-Loop-Lifting-Strap-Men-01-1024x1024.jpg\" \/>\n\t<meta property=\"og:image:width\" content=\"1024\" \/>\n\t<meta property=\"og:image:height\" content=\"1024\" \/>\n\t<meta property=\"og:image:type\" content=\"image\/jpeg\" \/>\n<meta name=\"twitter:card\" content=\"summary_large_image\" \/>\n<script type=\"application\/ld+json\" class=\"yoast-schema-graph\">{\"@context\":\"https:\\\/\\\/schema.org\",\"@graph\":[{\"@type\":\"WebPage\",\"@id\":\"https:\\\/\\\/sbdapparel.lv\\\/product\\\/resolve-sbd-lifting-straps\\\/\",\"url\":\"https:\\\/\\\/sbdapparel.lv\\\/product\\\/resolve-sbd-lifting-straps\\\/\",\"name\":\"RESOLVE SBD LIFTING STRAPS - SBD Apparel LV\",\"isPartOf\":{\"@id\":\"https:\\\/\\\/sbdapparel.lv\\\/#website\"},\"primaryImageOfPage\":{\"@id\":\"https:\\\/\\\/sbdapparel.lv\\\/product\\\/resolve-sbd-lifting-straps\\\/#primaryimage\"},\"image\":{\"@id\":\"https:\\\/\\\/sbdapparel.lv\\\/product\\\/resolve-sbd-lifting-straps\\\/#primaryimage\"},\"thumbnailUrl\":\"https:\\\/\\\/sbdapparel.lv\\\/wp-content\\\/uploads\\\/2025\\\/11\\\/Flat-Loop-Lifting-Strap-Men-01.jpg\",\"datePublished\":\"2025-11-10T10:12:11+00:00\",\"dateModified\":\"2026-04-24T22:37:45+00:00\",\"breadcrumb\":{\"@id\":\"https:\\\/\\\/sbdapparel.lv\\\/product\\\/resolve-sbd-lifting-straps\\\/#breadcrumb\"},\"inLanguage\":\"en-US\",\"potentialAction\":[{\"@type\":\"ReadAction\",\"target\":[\"https:\\\/\\\/sbdapparel.lv\\\/product\\\/resolve-sbd-lifting-straps\\\/\"]}]},{\"@type\":\"ImageObject\",\"inLanguage\":\"en-US\",\"@id\":\"https:\\\/\\\/sbdapparel.lv\\\/product\\\/resolve-sbd-lifting-straps\\\/#primaryimage\",\"url\":\"https:\\\/\\\/sbdapparel.lv\\\/wp-content\\\/uploads\\\/2025\\\/11\\\/Flat-Loop-Lifting-Strap-Men-01.jpg\",\"contentUrl\":\"https:\\\/\\\/sbdapparel.lv\\\/wp-content\\\/uploads\\\/2025\\\/11\\\/Flat-Loop-Lifting-Strap-Men-01.jpg\",\"width\":2048,\"height\":2048},{\"@type\":\"BreadcrumbList\",\"@id\":\"https:\\\/\\\/sbdapparel.lv\\\/product\\\/resolve-sbd-lifting-straps\\\/#breadcrumb\",\"itemListElement\":[{\"@type\":\"ListItem\",\"position\":1,\"name\":\"Home\",\"item\":\"https:\\\/\\\/sbdapparel.lv\\\/\"},{\"@type\":\"ListItem\",\"position\":2,\"name\":\"Produktai\",\"item\":\"https:\\\/\\\/sbdapparel.lv\\\/shop\\\/\"},{\"@type\":\"ListItem\",\"position\":3,\"name\":\"RESOLVE SBD LIFTING STRAPS\"}]},{\"@type\":\"WebSite\",\"@id\":\"https:\\\/\\\/sbdapparel.lv\\\/#website\",\"url\":\"https:\\\/\\\/sbdapparel.lv\\\/\",\"name\":\"sbdapparel.lv\",\"description\":\"Latvija\",\"publisher\":{\"@id\":\"https:\\\/\\\/sbdapparel.lv\\\/#organization\"},\"potentialAction\":[{\"@type\":\"SearchAction\",\"target\":{\"@type\":\"EntryPoint\",\"urlTemplate\":\"https:\\\/\\\/sbdapparel.lv\\\/?s={search_term_string}\"},\"query-input\":{\"@type\":\"PropertyValueSpecification\",\"valueRequired\":true,\"valueName\":\"search_term_string\"}}],\"inLanguage\":\"en-US\"},{\"@type\":\"Organization\",\"@id\":\"https:\\\/\\\/sbdapparel.lv\\\/#organization\",\"name\":\"SBD Apparel LV\",\"url\":\"https:\\\/\\\/sbdapparel.lv\\\/\",\"logo\":{\"@type\":\"ImageObject\",\"inLanguage\":\"en-US\",\"@id\":\"https:\\\/\\\/sbdapparel.lv\\\/#\\\/schema\\\/logo\\\/image\\\/\",\"url\":\"https:\\\/\\\/sbdapparel.lv\\\/wp-content\\\/uploads\\\/2023\\\/07\\\/cropped-SBD_Identity_OnDark_RGB.png\",\"contentUrl\":\"https:\\\/\\\/sbdapparel.lv\\\/wp-content\\\/uploads\\\/2023\\\/07\\\/cropped-SBD_Identity_OnDark_RGB.png\",\"width\":1182,\"height\":515,\"caption\":\"SBD Apparel LV\"},\"image\":{\"@id\":\"https:\\\/\\\/sbdapparel.lv\\\/#\\\/schema\\\/logo\\\/image\\\/\"}}]}<\/script>\n<!-- \/ Yoast SEO plugin. -->","yoast_head_json":{"title":"RESOLVE SBD LIFTING STRAPS - SBD Apparel LV","robots":{"index":"index","follow":"follow","max-snippet":"max-snippet:-1","max-image-preview":"max-image-preview:large","max-video-preview":"max-video-preview:-1"},"canonical":"https:\/\/sbdapparel.lv\/en\/product\/resolve-sbd-lifting-straps\/","og_locale":"en_US","og_type":"article","og_title":"RESOLVE SBD LIFTING STRAPS - SBD Apparel LV","og_description":"M\u016bsu patent\u0113tais dizains, kas au\u017e kv\u0113ldiegu aram\u012bda \u0161\u0137iedru. Pace\u013camaj\u0101m siksn\u0101m ir neilona malas, vienlaikus nodro\u0161inot komfortu plaukstas loc\u012btavai.  Izstr\u0101d\u0101ts sadarb\u012bb\u0101 ar pasaules klases sportistiem, lai palielin\u0101tu sa\u0137eri ar stieni, pace\u013cot maksim\u0101lo svaru vai veicot papildu atk\u0101rtojumus.  Resolve ir ierobe\u017eota izdevuma kolekcija, kurai ir t\u0101das pa\u0161as funkcijas un kas ir izgatavota saska\u0146\u0101 ar t\u0101diem pa\u0161iem augstiem standartiem k\u0101 m\u016bsu klasisk\u0101 produktu l\u012bnija.  Patent\u0113ts jostas dizains. Ra\u017eots \u0160ef\u012bld\u0101, Lielbrit\u0101nij\u0101. Materi\u0101li: Kevlar\u00ae \u0161\u0137iedra, poliesters  DuPont\u2122 un Kevlar\u00ae ir DuPont de Nemours, Inc. saist\u012bto uz\u0146\u0113mumu pre\u010du z\u012bmes vai re\u0123istr\u0113tas pre\u010du z\u012bmes.","og_url":"https:\/\/sbdapparel.lv\/en\/product\/resolve-sbd-lifting-straps\/","og_site_name":"SBD Apparel LV","article_modified_time":"2026-04-24T22:37:45+00:00","og_image":[{"width":1024,"height":1024,"url":"https:\/\/sbdapparel.lv\/wp-content\/uploads\/2025\/11\/Flat-Loop-Lifting-Strap-Men-01-1024x1024.jpg","type":"image\/jpeg"}],"twitter_card":"summary_large_image","schema":{"@context":"https:\/\/schema.org","@graph":[{"@type":"WebPage","@id":"https:\/\/sbdapparel.lv\/product\/resolve-sbd-lifting-straps\/","url":"https:\/\/sbdapparel.lv\/product\/resolve-sbd-lifting-straps\/","name":"RESOLVE SBD LIFTING STRAPS - SBD Apparel LV","isPartOf":{"@id":"https:\/\/sbdapparel.lv\/#website"},"primaryImageOfPage":{"@id":"https:\/\/sbdapparel.lv\/product\/resolve-sbd-lifting-straps\/#primaryimage"},"image":{"@id":"https:\/\/sbdapparel.lv\/product\/resolve-sbd-lifting-straps\/#primaryimage"},"thumbnailUrl":"https:\/\/sbdapparel.lv\/wp-content\/uploads\/2025\/11\/Flat-Loop-Lifting-Strap-Men-01.jpg","datePublished":"2025-11-10T10:12:11+00:00","dateModified":"2026-04-24T22:37:45+00:00","breadcrumb":{"@id":"https:\/\/sbdapparel.lv\/product\/resolve-sbd-lifting-straps\/#breadcrumb"},"inLanguage":"en-US","potentialAction":[{"@type":"ReadAction","target":["https:\/\/sbdapparel.lv\/product\/resolve-sbd-lifting-straps\/"]}]},{"@type":"ImageObject","inLanguage":"en-US","@id":"https:\/\/sbdapparel.lv\/product\/resolve-sbd-lifting-straps\/#primaryimage","url":"https:\/\/sbdapparel.lv\/wp-content\/uploads\/2025\/11\/Flat-Loop-Lifting-Strap-Men-01.jpg","contentUrl":"https:\/\/sbdapparel.lv\/wp-content\/uploads\/2025\/11\/Flat-Loop-Lifting-Strap-Men-01.jpg","width":2048,"height":2048},{"@type":"BreadcrumbList","@id":"https:\/\/sbdapparel.lv\/product\/resolve-sbd-lifting-straps\/#breadcrumb","itemListElement":[{"@type":"ListItem","position":1,"name":"Home","item":"https:\/\/sbdapparel.lv\/"},{"@type":"ListItem","position":2,"name":"Produktai","item":"https:\/\/sbdapparel.lv\/shop\/"},{"@type":"ListItem","position":3,"name":"RESOLVE SBD LIFTING STRAPS"}]},{"@type":"WebSite","@id":"https:\/\/sbdapparel.lv\/#website","url":"https:\/\/sbdapparel.lv\/","name":"sbdapparel.lv","description":"Latvija","publisher":{"@id":"https:\/\/sbdapparel.lv\/#organization"},"potentialAction":[{"@type":"SearchAction","target":{"@type":"EntryPoint","urlTemplate":"https:\/\/sbdapparel.lv\/?s={search_term_string}"},"query-input":{"@type":"PropertyValueSpecification","valueRequired":true,"valueName":"search_term_string"}}],"inLanguage":"en-US"},{"@type":"Organization","@id":"https:\/\/sbdapparel.lv\/#organization","name":"SBD Apparel LV","url":"https:\/\/sbdapparel.lv\/","logo":{"@type":"ImageObject","inLanguage":"en-US","@id":"https:\/\/sbdapparel.lv\/#\/schema\/logo\/image\/","url":"https:\/\/sbdapparel.lv\/wp-content\/uploads\/2023\/07\/cropped-SBD_Identity_OnDark_RGB.png","contentUrl":"https:\/\/sbdapparel.lv\/wp-content\/uploads\/2023\/07\/cropped-SBD_Identity_OnDark_RGB.png","width":1182,"height":515,"caption":"SBD Apparel LV"},"image":{"@id":"https:\/\/sbdapparel.lv\/#\/schema\/logo\/image\/"}}]}},"_links":{"self":[{"href":"https:\/\/sbdapparel.lv\/en\/wp-json\/wp\/v2\/product\/6316","targetHints":{"allow":["GET"]}}],"collection":[{"href":"https:\/\/sbdapparel.lv\/en\/wp-json\/wp\/v2\/product"}],"about":[{"href":"https:\/\/sbdapparel.lv\/en\/wp-json\/wp\/v2\/types\/product"}],"version-history":[{"count":1,"href":"https:\/\/sbdapparel.lv\/en\/wp-json\/wp\/v2\/product\/6316\/revisions"}],"predecessor-version":[{"id":6321,"href":"https:\/\/sbdapparel.lv\/en\/wp-json\/wp\/v2\/product\/6316\/revisions\/6321"}],"wp:featuredmedia":[{"embeddable":true,"href":"https:\/\/sbdapparel.lv\/en\/wp-json\/wp\/v2\/media\/6320"}],"wp:attachment":[{"href":"https:\/\/sbdapparel.lv\/en\/wp-json\/wp\/v2\/media?parent=6316"}],"wp:term":[{"taxonomy":"product_brand","embeddable":true,"href":"https:\/\/sbdapparel.lv\/en\/wp-json\/wp\/v2\/product_brand?post=6316"},{"taxonomy":"product_cat","embeddable":true,"href":"https:\/\/sbdapparel.lv\/en\/wp-json\/wp\/v2\/product_cat?post=6316"},{"taxonomy":"product_tag","embeddable":true,"href":"https:\/\/sbdapparel.lv\/en\/wp-json\/wp\/v2\/product_tag?post=6316"},{"taxonomy":"giftcard-category","embeddable":true,"href":"https:\/\/sbdapparel.lv\/en\/wp-json\/wp\/v2\/giftcard-category?post=6316"}],"curies":[{"name":"wp","href":"https:\/\/api.w.org\/{rel}","templated":true}]}}