{"id":6220,"date":"2025-11-09T11:29:42","date_gmt":"2025-11-09T09:29:42","guid":{"rendered":"https:\/\/sbdapparel.lv\/?post_type=product&#038;p=6220"},"modified":"2026-01-11T22:17:32","modified_gmt":"2026-01-11T20:17:32","slug":"resolve-oversized-peleks-t-krekls","status":"publish","type":"product","link":"https:\/\/sbdapparel.lv\/en\/product\/resolve-oversized-peleks-t-krekls\/","title":{"rendered":"RESOLVE OVERSIZED KHAKI T-KREKLS"},"content":{"rendered":"","protected":false},"excerpt":{"rendered":"<p>SBD lielizm\u0113ra t-krekls, kas piln\u012bb\u0101 izgatavots Apvienotaj\u0101 Karalist\u0113 no kokvilnas l\u012bdz \u0161\u016b\u0161anai, var iztur\u0113t vissmag\u0101kos treni\u0146us. Izstr\u0101d\u0101ts ar sportistu atsauksm\u0113m<\/p>\n<p>Resolve\u00a0 ir ierobe\u017eota izdevuma kolekcija, kurai ir t\u0101das pa\u0161as funkcijas un kas ir izgatavota saska\u0146\u0101 ar t\u0101diem pa\u0161iem augstiem standartiem k\u0101 m\u016bsu klasisk\u0101 produktu l\u012bnija.<\/p>\n<p>Featuring an SBD logo print on the chest and a distressed \"Strength, Belief, Determination\" print on the back.<br \/>\nBoxy unisex fit.<br \/>\nComfortable and durable, designed to endure years of use in training.<br \/>\nDarin\u0101ts no 100% Good Earth Cotton\u00ae.<br \/>\nMade in Sheffield, Great Britain.<\/p>","protected":false},"featured_media":6234,"template":"","meta":[],"product_brand":[],"product_cat":[73,49],"product_tag":[],"giftcard-category":[],"class_list":{"0":"post-6220","1":"product","2":"type-product","3":"status-publish","4":"has-post-thumbnail","6":"product_cat-resolve","7":"product_cat-marskineliai","10":"instock","11":"shipping-taxable","12":"purchasable","13":"product-type-variable","14":"product-grid-view"},"yoast_head":"<!-- This site is optimized with the Yoast SEO plugin v27.4 - https:\/\/yoast.com\/product\/yoast-seo-wordpress\/ -->\n<title>RESOLVE OVERSIZED KHAKI T-KREKLS - SBD Apparel LV<\/title>\n<meta name=\"robots\" content=\"index, follow, max-snippet:-1, max-image-preview:large, max-video-preview:-1\" \/>\n<link rel=\"canonical\" href=\"https:\/\/sbdapparel.lv\/en\/product\/resolve-oversized-peleks-t-krekls\/\" \/>\n<meta property=\"og:locale\" content=\"en_US\" \/>\n<meta property=\"og:type\" content=\"article\" \/>\n<meta property=\"og:title\" content=\"RESOLVE OVERSIZED KHAKI T-KREKLS - SBD Apparel LV\" \/>\n<meta property=\"og:description\" content=\"SBD lielizm\u0113ra t-krekls, kas piln\u012bb\u0101 izgatavots Apvienotaj\u0101 Karalist\u0113 no kokvilnas l\u012bdz \u0161\u016b\u0161anai, var iztur\u0113t vissmag\u0101kos treni\u0146us. Izstr\u0101d\u0101ts ar sportistu atsauksm\u0113m  Resolve\u00a0 ir ierobe\u017eota izdevuma kolekcija, kurai ir t\u0101das pa\u0161as funkcijas un kas ir izgatavota saska\u0146\u0101 ar t\u0101diem pa\u0161iem augstiem standartiem k\u0101 m\u016bsu klasisk\u0101 produktu l\u012bnija.  Uz kr\u016bt\u012bm ir SBD logotipa apdruka, bet aizmugur\u0113 - &quot;Sp\u0113ks, tic\u012bba, ap\u0146\u0113m\u012bba&quot;. piem\u0113rots gan v\u012brie\u0161iem, gan sieviet\u0113m. \u0112rts un iztur\u012bgs, izstr\u0101d\u0101ts t\u0101, lai iztur\u0113tu gadiem ilgu treni\u0146u izmanto\u0161anu. Darin\u0101ts no 100% Good Earth Cotton\u00ae. Ra\u017eots \u0160ef\u012bld\u0101, Lielbrit\u0101nij\u0101.\" \/>\n<meta property=\"og:url\" content=\"https:\/\/sbdapparel.lv\/en\/product\/resolve-oversized-peleks-t-krekls\/\" \/>\n<meta property=\"og:site_name\" content=\"SBD Apparel LV\" \/>\n<meta property=\"article:modified_time\" content=\"2026-01-11T20:17:32+00:00\" \/>\n<meta property=\"og:image\" content=\"https:\/\/sbdapparel.lv\/wp-content\/uploads\/2025\/11\/Oversized-T-Shirt-Khaki-Men-01-1024x1024.jpg\" \/>\n\t<meta property=\"og:image:width\" content=\"1024\" \/>\n\t<meta property=\"og:image:height\" content=\"1024\" \/>\n\t<meta property=\"og:image:type\" content=\"image\/jpeg\" \/>\n<meta name=\"twitter:card\" content=\"summary_large_image\" \/>\n<script type=\"application\/ld+json\" class=\"yoast-schema-graph\">{\"@context\":\"https:\\\/\\\/schema.org\",\"@graph\":[{\"@type\":\"WebPage\",\"@id\":\"https:\\\/\\\/sbdapparel.lv\\\/product\\\/resolve-oversized-peleks-t-krekls\\\/\",\"url\":\"https:\\\/\\\/sbdapparel.lv\\\/product\\\/resolve-oversized-peleks-t-krekls\\\/\",\"name\":\"RESOLVE OVERSIZED KHAKI T-KREKLS - SBD Apparel LV\",\"isPartOf\":{\"@id\":\"https:\\\/\\\/sbdapparel.lv\\\/#website\"},\"primaryImageOfPage\":{\"@id\":\"https:\\\/\\\/sbdapparel.lv\\\/product\\\/resolve-oversized-peleks-t-krekls\\\/#primaryimage\"},\"image\":{\"@id\":\"https:\\\/\\\/sbdapparel.lv\\\/product\\\/resolve-oversized-peleks-t-krekls\\\/#primaryimage\"},\"thumbnailUrl\":\"https:\\\/\\\/sbdapparel.lv\\\/wp-content\\\/uploads\\\/2025\\\/11\\\/Oversized-T-Shirt-Khaki-Men-01.jpg\",\"datePublished\":\"2025-11-09T09:29:42+00:00\",\"dateModified\":\"2026-01-11T20:17:32+00:00\",\"breadcrumb\":{\"@id\":\"https:\\\/\\\/sbdapparel.lv\\\/product\\\/resolve-oversized-peleks-t-krekls\\\/#breadcrumb\"},\"inLanguage\":\"en-US\",\"potentialAction\":[{\"@type\":\"ReadAction\",\"target\":[\"https:\\\/\\\/sbdapparel.lv\\\/product\\\/resolve-oversized-peleks-t-krekls\\\/\"]}]},{\"@type\":\"ImageObject\",\"inLanguage\":\"en-US\",\"@id\":\"https:\\\/\\\/sbdapparel.lv\\\/product\\\/resolve-oversized-peleks-t-krekls\\\/#primaryimage\",\"url\":\"https:\\\/\\\/sbdapparel.lv\\\/wp-content\\\/uploads\\\/2025\\\/11\\\/Oversized-T-Shirt-Khaki-Men-01.jpg\",\"contentUrl\":\"https:\\\/\\\/sbdapparel.lv\\\/wp-content\\\/uploads\\\/2025\\\/11\\\/Oversized-T-Shirt-Khaki-Men-01.jpg\",\"width\":2048,\"height\":2048},{\"@type\":\"BreadcrumbList\",\"@id\":\"https:\\\/\\\/sbdapparel.lv\\\/product\\\/resolve-oversized-peleks-t-krekls\\\/#breadcrumb\",\"itemListElement\":[{\"@type\":\"ListItem\",\"position\":1,\"name\":\"Home\",\"item\":\"https:\\\/\\\/sbdapparel.lv\\\/\"},{\"@type\":\"ListItem\",\"position\":2,\"name\":\"Produktai\",\"item\":\"https:\\\/\\\/sbdapparel.lv\\\/shop\\\/\"},{\"@type\":\"ListItem\",\"position\":3,\"name\":\"RESOLVE OVERSIZED KHAKI T-KREKLS\"}]},{\"@type\":\"WebSite\",\"@id\":\"https:\\\/\\\/sbdapparel.lv\\\/#website\",\"url\":\"https:\\\/\\\/sbdapparel.lv\\\/\",\"name\":\"sbdapparel.lv\",\"description\":\"Latvija\",\"publisher\":{\"@id\":\"https:\\\/\\\/sbdapparel.lv\\\/#organization\"},\"potentialAction\":[{\"@type\":\"SearchAction\",\"target\":{\"@type\":\"EntryPoint\",\"urlTemplate\":\"https:\\\/\\\/sbdapparel.lv\\\/?s={search_term_string}\"},\"query-input\":{\"@type\":\"PropertyValueSpecification\",\"valueRequired\":true,\"valueName\":\"search_term_string\"}}],\"inLanguage\":\"en-US\"},{\"@type\":\"Organization\",\"@id\":\"https:\\\/\\\/sbdapparel.lv\\\/#organization\",\"name\":\"SBD Apparel LV\",\"url\":\"https:\\\/\\\/sbdapparel.lv\\\/\",\"logo\":{\"@type\":\"ImageObject\",\"inLanguage\":\"en-US\",\"@id\":\"https:\\\/\\\/sbdapparel.lv\\\/#\\\/schema\\\/logo\\\/image\\\/\",\"url\":\"https:\\\/\\\/sbdapparel.lv\\\/wp-content\\\/uploads\\\/2023\\\/07\\\/cropped-SBD_Identity_OnDark_RGB.png\",\"contentUrl\":\"https:\\\/\\\/sbdapparel.lv\\\/wp-content\\\/uploads\\\/2023\\\/07\\\/cropped-SBD_Identity_OnDark_RGB.png\",\"width\":1182,\"height\":515,\"caption\":\"SBD Apparel LV\"},\"image\":{\"@id\":\"https:\\\/\\\/sbdapparel.lv\\\/#\\\/schema\\\/logo\\\/image\\\/\"}}]}<\/script>\n<!-- \/ Yoast SEO plugin. -->","yoast_head_json":{"title":"RESOLVE OVERSIZED KHAKI T-KREKLS - SBD Apparel LV","robots":{"index":"index","follow":"follow","max-snippet":"max-snippet:-1","max-image-preview":"max-image-preview:large","max-video-preview":"max-video-preview:-1"},"canonical":"https:\/\/sbdapparel.lv\/en\/product\/resolve-oversized-peleks-t-krekls\/","og_locale":"en_US","og_type":"article","og_title":"RESOLVE OVERSIZED KHAKI T-KREKLS - SBD Apparel LV","og_description":"SBD lielizm\u0113ra t-krekls, kas piln\u012bb\u0101 izgatavots Apvienotaj\u0101 Karalist\u0113 no kokvilnas l\u012bdz \u0161\u016b\u0161anai, var iztur\u0113t vissmag\u0101kos treni\u0146us. Izstr\u0101d\u0101ts ar sportistu atsauksm\u0113m  Resolve\u00a0 ir ierobe\u017eota izdevuma kolekcija, kurai ir t\u0101das pa\u0161as funkcijas un kas ir izgatavota saska\u0146\u0101 ar t\u0101diem pa\u0161iem augstiem standartiem k\u0101 m\u016bsu klasisk\u0101 produktu l\u012bnija.  Uz kr\u016bt\u012bm ir SBD logotipa apdruka, bet aizmugur\u0113 - \"Sp\u0113ks, tic\u012bba, ap\u0146\u0113m\u012bba\". piem\u0113rots gan v\u012brie\u0161iem, gan sieviet\u0113m. \u0112rts un iztur\u012bgs, izstr\u0101d\u0101ts t\u0101, lai iztur\u0113tu gadiem ilgu treni\u0146u izmanto\u0161anu. Darin\u0101ts no 100% Good Earth Cotton\u00ae. Ra\u017eots \u0160ef\u012bld\u0101, Lielbrit\u0101nij\u0101.","og_url":"https:\/\/sbdapparel.lv\/en\/product\/resolve-oversized-peleks-t-krekls\/","og_site_name":"SBD Apparel LV","article_modified_time":"2026-01-11T20:17:32+00:00","og_image":[{"width":1024,"height":1024,"url":"https:\/\/sbdapparel.lv\/wp-content\/uploads\/2025\/11\/Oversized-T-Shirt-Khaki-Men-01-1024x1024.jpg","type":"image\/jpeg"}],"twitter_card":"summary_large_image","schema":{"@context":"https:\/\/schema.org","@graph":[{"@type":"WebPage","@id":"https:\/\/sbdapparel.lv\/product\/resolve-oversized-peleks-t-krekls\/","url":"https:\/\/sbdapparel.lv\/product\/resolve-oversized-peleks-t-krekls\/","name":"RESOLVE OVERSIZED KHAKI T-KREKLS - SBD Apparel LV","isPartOf":{"@id":"https:\/\/sbdapparel.lv\/#website"},"primaryImageOfPage":{"@id":"https:\/\/sbdapparel.lv\/product\/resolve-oversized-peleks-t-krekls\/#primaryimage"},"image":{"@id":"https:\/\/sbdapparel.lv\/product\/resolve-oversized-peleks-t-krekls\/#primaryimage"},"thumbnailUrl":"https:\/\/sbdapparel.lv\/wp-content\/uploads\/2025\/11\/Oversized-T-Shirt-Khaki-Men-01.jpg","datePublished":"2025-11-09T09:29:42+00:00","dateModified":"2026-01-11T20:17:32+00:00","breadcrumb":{"@id":"https:\/\/sbdapparel.lv\/product\/resolve-oversized-peleks-t-krekls\/#breadcrumb"},"inLanguage":"en-US","potentialAction":[{"@type":"ReadAction","target":["https:\/\/sbdapparel.lv\/product\/resolve-oversized-peleks-t-krekls\/"]}]},{"@type":"ImageObject","inLanguage":"en-US","@id":"https:\/\/sbdapparel.lv\/product\/resolve-oversized-peleks-t-krekls\/#primaryimage","url":"https:\/\/sbdapparel.lv\/wp-content\/uploads\/2025\/11\/Oversized-T-Shirt-Khaki-Men-01.jpg","contentUrl":"https:\/\/sbdapparel.lv\/wp-content\/uploads\/2025\/11\/Oversized-T-Shirt-Khaki-Men-01.jpg","width":2048,"height":2048},{"@type":"BreadcrumbList","@id":"https:\/\/sbdapparel.lv\/product\/resolve-oversized-peleks-t-krekls\/#breadcrumb","itemListElement":[{"@type":"ListItem","position":1,"name":"Home","item":"https:\/\/sbdapparel.lv\/"},{"@type":"ListItem","position":2,"name":"Produktai","item":"https:\/\/sbdapparel.lv\/shop\/"},{"@type":"ListItem","position":3,"name":"RESOLVE OVERSIZED KHAKI T-KREKLS"}]},{"@type":"WebSite","@id":"https:\/\/sbdapparel.lv\/#website","url":"https:\/\/sbdapparel.lv\/","name":"sbdapparel.lv","description":"Latvija","publisher":{"@id":"https:\/\/sbdapparel.lv\/#organization"},"potentialAction":[{"@type":"SearchAction","target":{"@type":"EntryPoint","urlTemplate":"https:\/\/sbdapparel.lv\/?s={search_term_string}"},"query-input":{"@type":"PropertyValueSpecification","valueRequired":true,"valueName":"search_term_string"}}],"inLanguage":"en-US"},{"@type":"Organization","@id":"https:\/\/sbdapparel.lv\/#organization","name":"SBD Apparel LV","url":"https:\/\/sbdapparel.lv\/","logo":{"@type":"ImageObject","inLanguage":"en-US","@id":"https:\/\/sbdapparel.lv\/#\/schema\/logo\/image\/","url":"https:\/\/sbdapparel.lv\/wp-content\/uploads\/2023\/07\/cropped-SBD_Identity_OnDark_RGB.png","contentUrl":"https:\/\/sbdapparel.lv\/wp-content\/uploads\/2023\/07\/cropped-SBD_Identity_OnDark_RGB.png","width":1182,"height":515,"caption":"SBD Apparel LV"},"image":{"@id":"https:\/\/sbdapparel.lv\/#\/schema\/logo\/image\/"}}]}},"_links":{"self":[{"href":"https:\/\/sbdapparel.lv\/en\/wp-json\/wp\/v2\/product\/6220","targetHints":{"allow":["GET"]}}],"collection":[{"href":"https:\/\/sbdapparel.lv\/en\/wp-json\/wp\/v2\/product"}],"about":[{"href":"https:\/\/sbdapparel.lv\/en\/wp-json\/wp\/v2\/types\/product"}],"version-history":[{"count":2,"href":"https:\/\/sbdapparel.lv\/en\/wp-json\/wp\/v2\/product\/6220\/revisions"}],"predecessor-version":[{"id":6270,"href":"https:\/\/sbdapparel.lv\/en\/wp-json\/wp\/v2\/product\/6220\/revisions\/6270"}],"wp:featuredmedia":[{"embeddable":true,"href":"https:\/\/sbdapparel.lv\/en\/wp-json\/wp\/v2\/media\/6234"}],"wp:attachment":[{"href":"https:\/\/sbdapparel.lv\/en\/wp-json\/wp\/v2\/media?parent=6220"}],"wp:term":[{"taxonomy":"product_brand","embeddable":true,"href":"https:\/\/sbdapparel.lv\/en\/wp-json\/wp\/v2\/product_brand?post=6220"},{"taxonomy":"product_cat","embeddable":true,"href":"https:\/\/sbdapparel.lv\/en\/wp-json\/wp\/v2\/product_cat?post=6220"},{"taxonomy":"product_tag","embeddable":true,"href":"https:\/\/sbdapparel.lv\/en\/wp-json\/wp\/v2\/product_tag?post=6220"},{"taxonomy":"giftcard-category","embeddable":true,"href":"https:\/\/sbdapparel.lv\/en\/wp-json\/wp\/v2\/giftcard-category?post=6220"}],"curies":[{"name":"wp","href":"https:\/\/api.w.org\/{rel}","templated":true}]}}