{"id":6168,"date":"2025-11-09T11:21:08","date_gmt":"2025-11-09T09:21:08","guid":{"rendered":"https:\/\/sbdapparel.lv\/?post_type=product&#038;p=6168"},"modified":"2025-11-18T21:13:52","modified_gmt":"2025-11-18T19:13:52","slug":"resolve-sorti","status":"publish","type":"product","link":"https:\/\/sbdapparel.lv\/en\/product\/resolve-sorti\/","title":{"rendered":"RESOLVE \u0160ORTI"},"content":{"rendered":"<p>x<\/p>","protected":false},"excerpt":{"rendered":"<p>SBD \u0161orti tika izstr\u0101d\u0101ti sadarb\u012bb\u0101 ar sp\u0113ka sportistiem, lai nodro\u0161in\u0101tu \u0113rtu piegul\u0161anu un iztur\u0113tu vissmag\u0101kos treni\u0146us. Piln\u012bb\u0101 ra\u017eots m\u016bsu galvenaj\u0101 m\u012btn\u0113 \u0160ef\u012bld\u0101, Apvienotaj\u0101 Karalist\u0113, j\u016bs varat izsekot katram sava ap\u0123\u0113rba ce\u013ca posmam, izmantojot m\u016bsu ra\u017eotni.<\/p>\n<p>Resolve ir ierobe\u017eota izdevuma kolekcija, kurai ir t\u0101das pa\u0161as funkcijas un kas ir izgatavota saska\u0146\u0101 ar t\u0101diem pa\u0161iem augstiem standartiem k\u0101 m\u016bsu klasisk\u0101 produktu l\u012bnija.<\/p>\n<p>Heavyweight loop-backed Good Earth Cotton\u00ae, knitted in Great Britain.<br \/>\nEmbroidered logo and branded draw cord cap-ends.<br \/>\nMen\u2019s fit with a 15.8cm inseam and concealed zip pocket.<br \/>\nWomen's fit with a 8.5cm inseam, curved hem and high waist.<br \/>\nSBD Traceability.<br \/>\nMade in Sheffield, Great Britain.<\/p>","protected":false},"featured_media":6178,"template":"","meta":[],"product_brand":[],"product_cat":[73,71],"product_tag":[],"giftcard-category":[],"class_list":{"0":"post-6168","1":"product","2":"type-product","3":"status-publish","4":"has-post-thumbnail","6":"product_cat-resolve","7":"product_cat-sorti","10":"instock","11":"shipping-taxable","12":"purchasable","13":"product-type-variable","14":"product-grid-view"},"yoast_head":"<!-- This site is optimized with the Yoast SEO plugin v27.4 - https:\/\/yoast.com\/product\/yoast-seo-wordpress\/ -->\n<title>RESOLVE \u0160ORTI - SBD Apparel LV<\/title>\n<meta name=\"robots\" content=\"index, follow, max-snippet:-1, max-image-preview:large, max-video-preview:-1\" \/>\n<link rel=\"canonical\" href=\"https:\/\/sbdapparel.lv\/en\/product\/resolve-sorti\/\" \/>\n<meta property=\"og:locale\" content=\"en_US\" \/>\n<meta property=\"og:type\" content=\"article\" \/>\n<meta property=\"og:title\" content=\"RESOLVE \u0160ORTI - SBD Apparel LV\" \/>\n<meta property=\"og:description\" content=\"SBD \u0161orti tika izstr\u0101d\u0101ti sadarb\u012bb\u0101 ar sp\u0113ka sportistiem, lai nodro\u0161in\u0101tu \u0113rtu piegul\u0161anu un iztur\u0113tu vissmag\u0101kos treni\u0146us. Piln\u012bb\u0101 ra\u017eots m\u016bsu galvenaj\u0101 m\u012btn\u0113 \u0160ef\u012bld\u0101, Apvienotaj\u0101 Karalist\u0113, j\u016bs varat izsekot katram sava ap\u0123\u0113rba ce\u013ca posmam, izmantojot m\u016bsu ra\u017eotni.  Resolve ir ierobe\u017eota izdevuma kolekcija, kurai ir t\u0101das pa\u0161as funkcijas un kas ir izgatavota saska\u0146\u0101 ar t\u0101diem pa\u0161iem augstiem standartiem k\u0101 m\u016bsu klasisk\u0101 produktu l\u012bnija.  Heavyweight Good Earth Cotton\u00ae frot\u0113, ad\u012bts Lielbrit\u0101nij\u0101. Iz\u0161\u016bts logotips un firmas savilk\u0161anas auklu gali. V\u012brie\u0161u ap\u0123\u0113rbs ar 15,8 cm iek\u0161\u0161uvi un sl\u0113ptu r\u0101v\u0113jsl\u0113dz\u0113ja kabatu. Sievi\u0161\u0137\u012bgas 8,5 cm iek\u0161v\u012bles, izliekta apak\u0161mala un augsts viduklis. SBD izsekojam\u012bba. Ra\u017eots \u0160ef\u012bld\u0101, Lielbrit\u0101nij\u0101.\" \/>\n<meta property=\"og:url\" content=\"https:\/\/sbdapparel.lv\/en\/product\/resolve-sorti\/\" \/>\n<meta property=\"og:site_name\" content=\"SBD Apparel LV\" \/>\n<meta property=\"article:modified_time\" content=\"2025-11-18T19:13:52+00:00\" \/>\n<meta property=\"og:image\" content=\"https:\/\/sbdapparel.lv\/wp-content\/uploads\/2025\/11\/Loopback-Shorts-Men-01-1024x1024.jpg\" \/>\n\t<meta property=\"og:image:width\" content=\"1024\" \/>\n\t<meta property=\"og:image:height\" content=\"1024\" \/>\n\t<meta property=\"og:image:type\" content=\"image\/jpeg\" \/>\n<meta name=\"twitter:card\" content=\"summary_large_image\" \/>\n<script type=\"application\/ld+json\" class=\"yoast-schema-graph\">{\"@context\":\"https:\\\/\\\/schema.org\",\"@graph\":[{\"@type\":\"WebPage\",\"@id\":\"https:\\\/\\\/sbdapparel.lv\\\/product\\\/resolve-sorti\\\/\",\"url\":\"https:\\\/\\\/sbdapparel.lv\\\/product\\\/resolve-sorti\\\/\",\"name\":\"RESOLVE \u0160ORTI - SBD Apparel LV\",\"isPartOf\":{\"@id\":\"https:\\\/\\\/sbdapparel.lv\\\/#website\"},\"primaryImageOfPage\":{\"@id\":\"https:\\\/\\\/sbdapparel.lv\\\/product\\\/resolve-sorti\\\/#primaryimage\"},\"image\":{\"@id\":\"https:\\\/\\\/sbdapparel.lv\\\/product\\\/resolve-sorti\\\/#primaryimage\"},\"thumbnailUrl\":\"https:\\\/\\\/sbdapparel.lv\\\/wp-content\\\/uploads\\\/2025\\\/11\\\/Loopback-Shorts-Men-01.jpg\",\"datePublished\":\"2025-11-09T09:21:08+00:00\",\"dateModified\":\"2025-11-18T19:13:52+00:00\",\"breadcrumb\":{\"@id\":\"https:\\\/\\\/sbdapparel.lv\\\/product\\\/resolve-sorti\\\/#breadcrumb\"},\"inLanguage\":\"en-US\",\"potentialAction\":[{\"@type\":\"ReadAction\",\"target\":[\"https:\\\/\\\/sbdapparel.lv\\\/product\\\/resolve-sorti\\\/\"]}]},{\"@type\":\"ImageObject\",\"inLanguage\":\"en-US\",\"@id\":\"https:\\\/\\\/sbdapparel.lv\\\/product\\\/resolve-sorti\\\/#primaryimage\",\"url\":\"https:\\\/\\\/sbdapparel.lv\\\/wp-content\\\/uploads\\\/2025\\\/11\\\/Loopback-Shorts-Men-01.jpg\",\"contentUrl\":\"https:\\\/\\\/sbdapparel.lv\\\/wp-content\\\/uploads\\\/2025\\\/11\\\/Loopback-Shorts-Men-01.jpg\",\"width\":2048,\"height\":2048},{\"@type\":\"BreadcrumbList\",\"@id\":\"https:\\\/\\\/sbdapparel.lv\\\/product\\\/resolve-sorti\\\/#breadcrumb\",\"itemListElement\":[{\"@type\":\"ListItem\",\"position\":1,\"name\":\"Home\",\"item\":\"https:\\\/\\\/sbdapparel.lv\\\/\"},{\"@type\":\"ListItem\",\"position\":2,\"name\":\"Produktai\",\"item\":\"https:\\\/\\\/sbdapparel.lv\\\/shop\\\/\"},{\"@type\":\"ListItem\",\"position\":3,\"name\":\"RESOLVE \u0160ORTI\"}]},{\"@type\":\"WebSite\",\"@id\":\"https:\\\/\\\/sbdapparel.lv\\\/#website\",\"url\":\"https:\\\/\\\/sbdapparel.lv\\\/\",\"name\":\"sbdapparel.lv\",\"description\":\"Latvija\",\"publisher\":{\"@id\":\"https:\\\/\\\/sbdapparel.lv\\\/#organization\"},\"potentialAction\":[{\"@type\":\"SearchAction\",\"target\":{\"@type\":\"EntryPoint\",\"urlTemplate\":\"https:\\\/\\\/sbdapparel.lv\\\/?s={search_term_string}\"},\"query-input\":{\"@type\":\"PropertyValueSpecification\",\"valueRequired\":true,\"valueName\":\"search_term_string\"}}],\"inLanguage\":\"en-US\"},{\"@type\":\"Organization\",\"@id\":\"https:\\\/\\\/sbdapparel.lv\\\/#organization\",\"name\":\"SBD Apparel LV\",\"url\":\"https:\\\/\\\/sbdapparel.lv\\\/\",\"logo\":{\"@type\":\"ImageObject\",\"inLanguage\":\"en-US\",\"@id\":\"https:\\\/\\\/sbdapparel.lv\\\/#\\\/schema\\\/logo\\\/image\\\/\",\"url\":\"https:\\\/\\\/sbdapparel.lv\\\/wp-content\\\/uploads\\\/2023\\\/07\\\/cropped-SBD_Identity_OnDark_RGB.png\",\"contentUrl\":\"https:\\\/\\\/sbdapparel.lv\\\/wp-content\\\/uploads\\\/2023\\\/07\\\/cropped-SBD_Identity_OnDark_RGB.png\",\"width\":1182,\"height\":515,\"caption\":\"SBD Apparel LV\"},\"image\":{\"@id\":\"https:\\\/\\\/sbdapparel.lv\\\/#\\\/schema\\\/logo\\\/image\\\/\"}}]}<\/script>\n<!-- \/ Yoast SEO plugin. -->","yoast_head_json":{"title":"RESOLVE \u0160ORTI - SBD Apparel LV","robots":{"index":"index","follow":"follow","max-snippet":"max-snippet:-1","max-image-preview":"max-image-preview:large","max-video-preview":"max-video-preview:-1"},"canonical":"https:\/\/sbdapparel.lv\/en\/product\/resolve-sorti\/","og_locale":"en_US","og_type":"article","og_title":"RESOLVE \u0160ORTI - SBD Apparel LV","og_description":"SBD \u0161orti tika izstr\u0101d\u0101ti sadarb\u012bb\u0101 ar sp\u0113ka sportistiem, lai nodro\u0161in\u0101tu \u0113rtu piegul\u0161anu un iztur\u0113tu vissmag\u0101kos treni\u0146us. Piln\u012bb\u0101 ra\u017eots m\u016bsu galvenaj\u0101 m\u012btn\u0113 \u0160ef\u012bld\u0101, Apvienotaj\u0101 Karalist\u0113, j\u016bs varat izsekot katram sava ap\u0123\u0113rba ce\u013ca posmam, izmantojot m\u016bsu ra\u017eotni.  Resolve ir ierobe\u017eota izdevuma kolekcija, kurai ir t\u0101das pa\u0161as funkcijas un kas ir izgatavota saska\u0146\u0101 ar t\u0101diem pa\u0161iem augstiem standartiem k\u0101 m\u016bsu klasisk\u0101 produktu l\u012bnija.  Heavyweight Good Earth Cotton\u00ae frot\u0113, ad\u012bts Lielbrit\u0101nij\u0101. Iz\u0161\u016bts logotips un firmas savilk\u0161anas auklu gali. V\u012brie\u0161u ap\u0123\u0113rbs ar 15,8 cm iek\u0161\u0161uvi un sl\u0113ptu r\u0101v\u0113jsl\u0113dz\u0113ja kabatu. Sievi\u0161\u0137\u012bgas 8,5 cm iek\u0161v\u012bles, izliekta apak\u0161mala un augsts viduklis. SBD izsekojam\u012bba. Ra\u017eots \u0160ef\u012bld\u0101, Lielbrit\u0101nij\u0101.","og_url":"https:\/\/sbdapparel.lv\/en\/product\/resolve-sorti\/","og_site_name":"SBD Apparel LV","article_modified_time":"2025-11-18T19:13:52+00:00","og_image":[{"width":1024,"height":1024,"url":"https:\/\/sbdapparel.lv\/wp-content\/uploads\/2025\/11\/Loopback-Shorts-Men-01-1024x1024.jpg","type":"image\/jpeg"}],"twitter_card":"summary_large_image","schema":{"@context":"https:\/\/schema.org","@graph":[{"@type":"WebPage","@id":"https:\/\/sbdapparel.lv\/product\/resolve-sorti\/","url":"https:\/\/sbdapparel.lv\/product\/resolve-sorti\/","name":"RESOLVE \u0160ORTI - SBD Apparel LV","isPartOf":{"@id":"https:\/\/sbdapparel.lv\/#website"},"primaryImageOfPage":{"@id":"https:\/\/sbdapparel.lv\/product\/resolve-sorti\/#primaryimage"},"image":{"@id":"https:\/\/sbdapparel.lv\/product\/resolve-sorti\/#primaryimage"},"thumbnailUrl":"https:\/\/sbdapparel.lv\/wp-content\/uploads\/2025\/11\/Loopback-Shorts-Men-01.jpg","datePublished":"2025-11-09T09:21:08+00:00","dateModified":"2025-11-18T19:13:52+00:00","breadcrumb":{"@id":"https:\/\/sbdapparel.lv\/product\/resolve-sorti\/#breadcrumb"},"inLanguage":"en-US","potentialAction":[{"@type":"ReadAction","target":["https:\/\/sbdapparel.lv\/product\/resolve-sorti\/"]}]},{"@type":"ImageObject","inLanguage":"en-US","@id":"https:\/\/sbdapparel.lv\/product\/resolve-sorti\/#primaryimage","url":"https:\/\/sbdapparel.lv\/wp-content\/uploads\/2025\/11\/Loopback-Shorts-Men-01.jpg","contentUrl":"https:\/\/sbdapparel.lv\/wp-content\/uploads\/2025\/11\/Loopback-Shorts-Men-01.jpg","width":2048,"height":2048},{"@type":"BreadcrumbList","@id":"https:\/\/sbdapparel.lv\/product\/resolve-sorti\/#breadcrumb","itemListElement":[{"@type":"ListItem","position":1,"name":"Home","item":"https:\/\/sbdapparel.lv\/"},{"@type":"ListItem","position":2,"name":"Produktai","item":"https:\/\/sbdapparel.lv\/shop\/"},{"@type":"ListItem","position":3,"name":"RESOLVE \u0160ORTI"}]},{"@type":"WebSite","@id":"https:\/\/sbdapparel.lv\/#website","url":"https:\/\/sbdapparel.lv\/","name":"sbdapparel.lv","description":"Latvija","publisher":{"@id":"https:\/\/sbdapparel.lv\/#organization"},"potentialAction":[{"@type":"SearchAction","target":{"@type":"EntryPoint","urlTemplate":"https:\/\/sbdapparel.lv\/?s={search_term_string}"},"query-input":{"@type":"PropertyValueSpecification","valueRequired":true,"valueName":"search_term_string"}}],"inLanguage":"en-US"},{"@type":"Organization","@id":"https:\/\/sbdapparel.lv\/#organization","name":"SBD Apparel LV","url":"https:\/\/sbdapparel.lv\/","logo":{"@type":"ImageObject","inLanguage":"en-US","@id":"https:\/\/sbdapparel.lv\/#\/schema\/logo\/image\/","url":"https:\/\/sbdapparel.lv\/wp-content\/uploads\/2023\/07\/cropped-SBD_Identity_OnDark_RGB.png","contentUrl":"https:\/\/sbdapparel.lv\/wp-content\/uploads\/2023\/07\/cropped-SBD_Identity_OnDark_RGB.png","width":1182,"height":515,"caption":"SBD Apparel LV"},"image":{"@id":"https:\/\/sbdapparel.lv\/#\/schema\/logo\/image\/"}}]}},"_links":{"self":[{"href":"https:\/\/sbdapparel.lv\/en\/wp-json\/wp\/v2\/product\/6168","targetHints":{"allow":["GET"]}}],"collection":[{"href":"https:\/\/sbdapparel.lv\/en\/wp-json\/wp\/v2\/product"}],"about":[{"href":"https:\/\/sbdapparel.lv\/en\/wp-json\/wp\/v2\/types\/product"}],"version-history":[{"count":1,"href":"https:\/\/sbdapparel.lv\/en\/wp-json\/wp\/v2\/product\/6168\/revisions"}],"predecessor-version":[{"id":6179,"href":"https:\/\/sbdapparel.lv\/en\/wp-json\/wp\/v2\/product\/6168\/revisions\/6179"}],"wp:featuredmedia":[{"embeddable":true,"href":"https:\/\/sbdapparel.lv\/en\/wp-json\/wp\/v2\/media\/6178"}],"wp:attachment":[{"href":"https:\/\/sbdapparel.lv\/en\/wp-json\/wp\/v2\/media?parent=6168"}],"wp:term":[{"taxonomy":"product_brand","embeddable":true,"href":"https:\/\/sbdapparel.lv\/en\/wp-json\/wp\/v2\/product_brand?post=6168"},{"taxonomy":"product_cat","embeddable":true,"href":"https:\/\/sbdapparel.lv\/en\/wp-json\/wp\/v2\/product_cat?post=6168"},{"taxonomy":"product_tag","embeddable":true,"href":"https:\/\/sbdapparel.lv\/en\/wp-json\/wp\/v2\/product_tag?post=6168"},{"taxonomy":"giftcard-category","embeddable":true,"href":"https:\/\/sbdapparel.lv\/en\/wp-json\/wp\/v2\/giftcard-category?post=6168"}],"curies":[{"name":"wp","href":"https:\/\/api.w.org\/{rel}","templated":true}]}}