{"id":6106,"date":"2025-11-08T12:27:12","date_gmt":"2025-11-08T10:27:12","guid":{"rendered":"https:\/\/sbdapparel.lv\/?post_type=product&#038;p=6106"},"modified":"2026-03-14T10:04:58","modified_gmt":"2026-03-14T08:04:58","slug":"resolve-standarta-celu-ortozes-7mm","status":"publish","type":"product","link":"https:\/\/sbdapparel.lv\/en\/product\/resolve-standarta-celu-ortozes-7mm\/","title":{"rendered":"RESOLVE STANDARTA CE\u013bU ORTOZES 7mm"},"content":{"rendered":"","protected":false},"excerpt":{"rendered":"<p>Manufactured with high grade 7mm neoprene and designed to aid performance, these knee sleeves are relied on by strength athletes around the world and are ideal for powerlifting and heavy training.<\/p>\n<p>Resolve ir ierobe\u017eota izdevuma kolekcija, kurai ir t\u0101das pa\u0161as funkcijas un kas ir izgatavota saska\u0146\u0101 ar t\u0101diem pa\u0161iem augstiem standartiem k\u0101 m\u016bsu klasisk\u0101 produktu l\u012bnija.<\/p>\n<p>Sold as a pair.<br \/>\nIPF approved and USAPL and IWF compliant with the maximum allowable 30cm length.<br \/>\n7mm high grade neoprene for maximal support.<br \/>\nUpgraded reinforced seam construction to maximize longevity.<br \/>\nAntimicrobial treatment minimizes the build-up of bacteria and reduces odor.<br \/>\nPatented design.<br \/>\nMade in Sheffield, Great Britain.<\/p>","protected":false},"featured_media":6116,"template":"","meta":[],"product_brand":[],"product_cat":[43,73],"product_tag":[],"giftcard-category":[],"class_list":{"0":"post-6106","1":"product","2":"type-product","3":"status-publish","4":"has-post-thumbnail","6":"product_cat-keliuitvarai","7":"product_cat-resolve","10":"instock","11":"shipping-taxable","12":"purchasable","13":"product-type-variable","14":"product-grid-view"},"yoast_head":"<!-- This site is optimized with the Yoast SEO plugin v27.4 - https:\/\/yoast.com\/product\/yoast-seo-wordpress\/ -->\n<title>RESOLVE STANDARTA CE\u013bU ORTOZES 7mm - SBD Apparel LV<\/title>\n<meta name=\"robots\" content=\"index, follow, max-snippet:-1, max-image-preview:large, max-video-preview:-1\" \/>\n<link rel=\"canonical\" href=\"https:\/\/sbdapparel.lv\/en\/product\/resolve-standarta-celu-ortozes-7mm\/\" \/>\n<meta property=\"og:locale\" content=\"en_US\" \/>\n<meta property=\"og:type\" content=\"article\" \/>\n<meta property=\"og:title\" content=\"RESOLVE STANDARTA CE\u013bU ORTOZES 7mm - SBD Apparel LV\" \/>\n<meta property=\"og:description\" content=\"Izgatavots no augstas kvalit\u0101tes 7 mm neopr\u0113na un paredz\u0113ts veiktsp\u0113jas uzlabo\u0161anai. \u0160\u012bm ce\u013cgalu lenc\u0113m uzticas sp\u0113ka sportisti vis\u0101 pasaul\u0113, un t\u0101s ir ide\u0101li piem\u0113rotas pauerliftingam un smagiem treni\u0146iem.  Resolve ir ierobe\u017eota izdevuma kolekcija, kurai ir t\u0101das pa\u0161as funkcijas un kas ir izgatavota saska\u0146\u0101 ar t\u0101diem pa\u0161iem augstiem standartiem k\u0101 m\u016bsu klasisk\u0101 produktu l\u012bnija.  P\u0101rdots k\u0101 p\u0101ris. IPF apstiprin\u0101ts un IWF sader\u012bgs ar maksim\u0101lo pie\u013caujamo garumu 30 cm. 7 mm augstas kvalit\u0101tes neopr\u0113ns maksim\u0101lam atbalstam. Atjaunin\u0101ta pastiprin\u0101ta \u0161uvju konstrukcija, lai palielin\u0101tu iztur\u012bbu. Antimikrobi\u0101l\u0101 apstr\u0101de samazina bakt\u0113riju uzkr\u0101\u0161anos un samazina smaku. Patent\u0113ts dizains. Ra\u017eots \u0160ef\u012bld\u0101, Lielbrit\u0101nij\u0101.\" \/>\n<meta property=\"og:url\" content=\"https:\/\/sbdapparel.lv\/en\/product\/resolve-standarta-celu-ortozes-7mm\/\" \/>\n<meta property=\"og:site_name\" content=\"SBD Apparel LV\" \/>\n<meta property=\"article:modified_time\" content=\"2026-03-14T08:04:58+00:00\" \/>\n<meta property=\"og:image\" content=\"https:\/\/sbdapparel.lv\/wp-content\/uploads\/2025\/11\/7mm-Knee-Sleeves-Men-04-1024x1024.jpg\" \/>\n\t<meta property=\"og:image:width\" content=\"1024\" \/>\n\t<meta property=\"og:image:height\" content=\"1024\" \/>\n\t<meta property=\"og:image:type\" content=\"image\/jpeg\" \/>\n<meta name=\"twitter:card\" content=\"summary_large_image\" \/>\n<script type=\"application\/ld+json\" class=\"yoast-schema-graph\">{\"@context\":\"https:\\\/\\\/schema.org\",\"@graph\":[{\"@type\":\"WebPage\",\"@id\":\"https:\\\/\\\/sbdapparel.lv\\\/product\\\/resolve-standarta-celu-ortozes-7mm\\\/\",\"url\":\"https:\\\/\\\/sbdapparel.lv\\\/product\\\/resolve-standarta-celu-ortozes-7mm\\\/\",\"name\":\"RESOLVE STANDARTA CE\u013bU ORTOZES 7mm - SBD Apparel LV\",\"isPartOf\":{\"@id\":\"https:\\\/\\\/sbdapparel.lv\\\/#website\"},\"primaryImageOfPage\":{\"@id\":\"https:\\\/\\\/sbdapparel.lv\\\/product\\\/resolve-standarta-celu-ortozes-7mm\\\/#primaryimage\"},\"image\":{\"@id\":\"https:\\\/\\\/sbdapparel.lv\\\/product\\\/resolve-standarta-celu-ortozes-7mm\\\/#primaryimage\"},\"thumbnailUrl\":\"https:\\\/\\\/sbdapparel.lv\\\/wp-content\\\/uploads\\\/2025\\\/11\\\/7mm-Knee-Sleeves-Men-04.jpg\",\"datePublished\":\"2025-11-08T10:27:12+00:00\",\"dateModified\":\"2026-03-14T08:04:58+00:00\",\"breadcrumb\":{\"@id\":\"https:\\\/\\\/sbdapparel.lv\\\/product\\\/resolve-standarta-celu-ortozes-7mm\\\/#breadcrumb\"},\"inLanguage\":\"en-US\",\"potentialAction\":[{\"@type\":\"ReadAction\",\"target\":[\"https:\\\/\\\/sbdapparel.lv\\\/product\\\/resolve-standarta-celu-ortozes-7mm\\\/\"]}]},{\"@type\":\"ImageObject\",\"inLanguage\":\"en-US\",\"@id\":\"https:\\\/\\\/sbdapparel.lv\\\/product\\\/resolve-standarta-celu-ortozes-7mm\\\/#primaryimage\",\"url\":\"https:\\\/\\\/sbdapparel.lv\\\/wp-content\\\/uploads\\\/2025\\\/11\\\/7mm-Knee-Sleeves-Men-04.jpg\",\"contentUrl\":\"https:\\\/\\\/sbdapparel.lv\\\/wp-content\\\/uploads\\\/2025\\\/11\\\/7mm-Knee-Sleeves-Men-04.jpg\",\"width\":2048,\"height\":2048},{\"@type\":\"BreadcrumbList\",\"@id\":\"https:\\\/\\\/sbdapparel.lv\\\/product\\\/resolve-standarta-celu-ortozes-7mm\\\/#breadcrumb\",\"itemListElement\":[{\"@type\":\"ListItem\",\"position\":1,\"name\":\"Home\",\"item\":\"https:\\\/\\\/sbdapparel.lv\\\/\"},{\"@type\":\"ListItem\",\"position\":2,\"name\":\"Produktai\",\"item\":\"https:\\\/\\\/sbdapparel.lv\\\/shop\\\/\"},{\"@type\":\"ListItem\",\"position\":3,\"name\":\"RESOLVE STANDARTA CE\u013bU ORTOZES 7mm\"}]},{\"@type\":\"WebSite\",\"@id\":\"https:\\\/\\\/sbdapparel.lv\\\/#website\",\"url\":\"https:\\\/\\\/sbdapparel.lv\\\/\",\"name\":\"sbdapparel.lv\",\"description\":\"Latvija\",\"publisher\":{\"@id\":\"https:\\\/\\\/sbdapparel.lv\\\/#organization\"},\"potentialAction\":[{\"@type\":\"SearchAction\",\"target\":{\"@type\":\"EntryPoint\",\"urlTemplate\":\"https:\\\/\\\/sbdapparel.lv\\\/?s={search_term_string}\"},\"query-input\":{\"@type\":\"PropertyValueSpecification\",\"valueRequired\":true,\"valueName\":\"search_term_string\"}}],\"inLanguage\":\"en-US\"},{\"@type\":\"Organization\",\"@id\":\"https:\\\/\\\/sbdapparel.lv\\\/#organization\",\"name\":\"SBD Apparel LV\",\"url\":\"https:\\\/\\\/sbdapparel.lv\\\/\",\"logo\":{\"@type\":\"ImageObject\",\"inLanguage\":\"en-US\",\"@id\":\"https:\\\/\\\/sbdapparel.lv\\\/#\\\/schema\\\/logo\\\/image\\\/\",\"url\":\"https:\\\/\\\/sbdapparel.lv\\\/wp-content\\\/uploads\\\/2023\\\/07\\\/cropped-SBD_Identity_OnDark_RGB.png\",\"contentUrl\":\"https:\\\/\\\/sbdapparel.lv\\\/wp-content\\\/uploads\\\/2023\\\/07\\\/cropped-SBD_Identity_OnDark_RGB.png\",\"width\":1182,\"height\":515,\"caption\":\"SBD Apparel LV\"},\"image\":{\"@id\":\"https:\\\/\\\/sbdapparel.lv\\\/#\\\/schema\\\/logo\\\/image\\\/\"}}]}<\/script>\n<!-- \/ Yoast SEO plugin. -->","yoast_head_json":{"title":"RESOLVE STANDARTA CE\u013bU ORTOZES 7mm - SBD Apparel LV","robots":{"index":"index","follow":"follow","max-snippet":"max-snippet:-1","max-image-preview":"max-image-preview:large","max-video-preview":"max-video-preview:-1"},"canonical":"https:\/\/sbdapparel.lv\/en\/product\/resolve-standarta-celu-ortozes-7mm\/","og_locale":"en_US","og_type":"article","og_title":"RESOLVE STANDARTA CE\u013bU ORTOZES 7mm - SBD Apparel LV","og_description":"Izgatavots no augstas kvalit\u0101tes 7 mm neopr\u0113na un paredz\u0113ts veiktsp\u0113jas uzlabo\u0161anai. \u0160\u012bm ce\u013cgalu lenc\u0113m uzticas sp\u0113ka sportisti vis\u0101 pasaul\u0113, un t\u0101s ir ide\u0101li piem\u0113rotas pauerliftingam un smagiem treni\u0146iem.  Resolve ir ierobe\u017eota izdevuma kolekcija, kurai ir t\u0101das pa\u0161as funkcijas un kas ir izgatavota saska\u0146\u0101 ar t\u0101diem pa\u0161iem augstiem standartiem k\u0101 m\u016bsu klasisk\u0101 produktu l\u012bnija.  P\u0101rdots k\u0101 p\u0101ris. IPF apstiprin\u0101ts un IWF sader\u012bgs ar maksim\u0101lo pie\u013caujamo garumu 30 cm. 7 mm augstas kvalit\u0101tes neopr\u0113ns maksim\u0101lam atbalstam. Atjaunin\u0101ta pastiprin\u0101ta \u0161uvju konstrukcija, lai palielin\u0101tu iztur\u012bbu. Antimikrobi\u0101l\u0101 apstr\u0101de samazina bakt\u0113riju uzkr\u0101\u0161anos un samazina smaku. Patent\u0113ts dizains. Ra\u017eots \u0160ef\u012bld\u0101, Lielbrit\u0101nij\u0101.","og_url":"https:\/\/sbdapparel.lv\/en\/product\/resolve-standarta-celu-ortozes-7mm\/","og_site_name":"SBD Apparel LV","article_modified_time":"2026-03-14T08:04:58+00:00","og_image":[{"width":1024,"height":1024,"url":"https:\/\/sbdapparel.lv\/wp-content\/uploads\/2025\/11\/7mm-Knee-Sleeves-Men-04-1024x1024.jpg","type":"image\/jpeg"}],"twitter_card":"summary_large_image","schema":{"@context":"https:\/\/schema.org","@graph":[{"@type":"WebPage","@id":"https:\/\/sbdapparel.lv\/product\/resolve-standarta-celu-ortozes-7mm\/","url":"https:\/\/sbdapparel.lv\/product\/resolve-standarta-celu-ortozes-7mm\/","name":"RESOLVE STANDARTA CE\u013bU ORTOZES 7mm - SBD Apparel LV","isPartOf":{"@id":"https:\/\/sbdapparel.lv\/#website"},"primaryImageOfPage":{"@id":"https:\/\/sbdapparel.lv\/product\/resolve-standarta-celu-ortozes-7mm\/#primaryimage"},"image":{"@id":"https:\/\/sbdapparel.lv\/product\/resolve-standarta-celu-ortozes-7mm\/#primaryimage"},"thumbnailUrl":"https:\/\/sbdapparel.lv\/wp-content\/uploads\/2025\/11\/7mm-Knee-Sleeves-Men-04.jpg","datePublished":"2025-11-08T10:27:12+00:00","dateModified":"2026-03-14T08:04:58+00:00","breadcrumb":{"@id":"https:\/\/sbdapparel.lv\/product\/resolve-standarta-celu-ortozes-7mm\/#breadcrumb"},"inLanguage":"en-US","potentialAction":[{"@type":"ReadAction","target":["https:\/\/sbdapparel.lv\/product\/resolve-standarta-celu-ortozes-7mm\/"]}]},{"@type":"ImageObject","inLanguage":"en-US","@id":"https:\/\/sbdapparel.lv\/product\/resolve-standarta-celu-ortozes-7mm\/#primaryimage","url":"https:\/\/sbdapparel.lv\/wp-content\/uploads\/2025\/11\/7mm-Knee-Sleeves-Men-04.jpg","contentUrl":"https:\/\/sbdapparel.lv\/wp-content\/uploads\/2025\/11\/7mm-Knee-Sleeves-Men-04.jpg","width":2048,"height":2048},{"@type":"BreadcrumbList","@id":"https:\/\/sbdapparel.lv\/product\/resolve-standarta-celu-ortozes-7mm\/#breadcrumb","itemListElement":[{"@type":"ListItem","position":1,"name":"Home","item":"https:\/\/sbdapparel.lv\/"},{"@type":"ListItem","position":2,"name":"Produktai","item":"https:\/\/sbdapparel.lv\/shop\/"},{"@type":"ListItem","position":3,"name":"RESOLVE STANDARTA CE\u013bU ORTOZES 7mm"}]},{"@type":"WebSite","@id":"https:\/\/sbdapparel.lv\/#website","url":"https:\/\/sbdapparel.lv\/","name":"sbdapparel.lv","description":"Latvija","publisher":{"@id":"https:\/\/sbdapparel.lv\/#organization"},"potentialAction":[{"@type":"SearchAction","target":{"@type":"EntryPoint","urlTemplate":"https:\/\/sbdapparel.lv\/?s={search_term_string}"},"query-input":{"@type":"PropertyValueSpecification","valueRequired":true,"valueName":"search_term_string"}}],"inLanguage":"en-US"},{"@type":"Organization","@id":"https:\/\/sbdapparel.lv\/#organization","name":"SBD Apparel LV","url":"https:\/\/sbdapparel.lv\/","logo":{"@type":"ImageObject","inLanguage":"en-US","@id":"https:\/\/sbdapparel.lv\/#\/schema\/logo\/image\/","url":"https:\/\/sbdapparel.lv\/wp-content\/uploads\/2023\/07\/cropped-SBD_Identity_OnDark_RGB.png","contentUrl":"https:\/\/sbdapparel.lv\/wp-content\/uploads\/2023\/07\/cropped-SBD_Identity_OnDark_RGB.png","width":1182,"height":515,"caption":"SBD Apparel LV"},"image":{"@id":"https:\/\/sbdapparel.lv\/#\/schema\/logo\/image\/"}}]}},"_links":{"self":[{"href":"https:\/\/sbdapparel.lv\/en\/wp-json\/wp\/v2\/product\/6106","targetHints":{"allow":["GET"]}}],"collection":[{"href":"https:\/\/sbdapparel.lv\/en\/wp-json\/wp\/v2\/product"}],"about":[{"href":"https:\/\/sbdapparel.lv\/en\/wp-json\/wp\/v2\/types\/product"}],"version-history":[{"count":1,"href":"https:\/\/sbdapparel.lv\/en\/wp-json\/wp\/v2\/product\/6106\/revisions"}],"predecessor-version":[{"id":6117,"href":"https:\/\/sbdapparel.lv\/en\/wp-json\/wp\/v2\/product\/6106\/revisions\/6117"}],"wp:featuredmedia":[{"embeddable":true,"href":"https:\/\/sbdapparel.lv\/en\/wp-json\/wp\/v2\/media\/6116"}],"wp:attachment":[{"href":"https:\/\/sbdapparel.lv\/en\/wp-json\/wp\/v2\/media?parent=6106"}],"wp:term":[{"taxonomy":"product_brand","embeddable":true,"href":"https:\/\/sbdapparel.lv\/en\/wp-json\/wp\/v2\/product_brand?post=6106"},{"taxonomy":"product_cat","embeddable":true,"href":"https:\/\/sbdapparel.lv\/en\/wp-json\/wp\/v2\/product_cat?post=6106"},{"taxonomy":"product_tag","embeddable":true,"href":"https:\/\/sbdapparel.lv\/en\/wp-json\/wp\/v2\/product_tag?post=6106"},{"taxonomy":"giftcard-category","embeddable":true,"href":"https:\/\/sbdapparel.lv\/en\/wp-json\/wp\/v2\/giftcard-category?post=6106"}],"curies":[{"name":"wp","href":"https:\/\/api.w.org\/{rel}","templated":true}]}}