{"id":6094,"date":"2025-11-08T12:25:15","date_gmt":"2025-11-08T10:25:15","guid":{"rendered":"https:\/\/sbdapparel.lv\/?post_type=product&#038;p=6094"},"modified":"2026-03-15T11:14:11","modified_gmt":"2026-03-15T09:14:11","slug":"resolve-plaukstu-locitavu-saites","status":"publish","type":"product","link":"https:\/\/sbdapparel.lv\/en\/product\/resolve-plaukstu-locitavu-saites\/","title":{"rendered":"RESOLVE PLAUKSTU LOC\u012aTAVU SAITES"},"content":{"rendered":"","protected":false},"excerpt":{"rendered":"<p>Wrist wraps relied on by strength athletes around the world, available in two versions and three lengths, to accommodate for every preference.<\/p>\n<p>Flexible - Designed to support the wrist while allowing the wrist to flex, designed for superior moulding to the wrist, and upgraded comfort during supported wrist flexion.<\/p>\n<p>Stiff - Designed to cast and immobilise the wrist, now with a softer finish, to resist wrist flexion while minimising discomfort.<\/p>\n<p>Resolve ir ierobe\u017eota izdevuma kolekcija, kurai ir t\u0101das pa\u0161as funkcijas un kas ir izgatavota saska\u0146\u0101 ar t\u0101diem pa\u0161iem augstiem standartiem k\u0101 m\u016bsu klasisk\u0101 produktu l\u012bnija.<\/p>\n<p>Sold as a pair.<br \/>\nIPF approved with the maximum width (8cm) and available up to the maximum length (1m).<br \/>\nProprietary wide elastics developed and manufactured specifically for wrist support.<br \/>\nPowered by VELCRO\u00ae Brand hook and loop<br \/>\nLeft and right designs for equal wrapping of each wrist.<br \/>\nMade in Sheffield, Great Britain.<\/p>","protected":false},"featured_media":6104,"template":"","meta":[],"product_brand":[],"product_cat":[45,73],"product_tag":[],"giftcard-category":[],"class_list":{"0":"post-6094","1":"product","2":"type-product","3":"status-publish","4":"has-post-thumbnail","6":"product_cat-riesubintai","7":"product_cat-resolve","10":"instock","11":"shipping-taxable","12":"purchasable","13":"product-type-variable","14":"product-grid-view"},"yoast_head":"<!-- This site is optimized with the Yoast SEO plugin v27.4 - https:\/\/yoast.com\/product\/yoast-seo-wordpress\/ -->\n<title>RESOLVE PLAUKSTU LOC\u012aTAVU SAITES - SBD Apparel LV<\/title>\n<meta name=\"robots\" content=\"index, follow, max-snippet:-1, max-image-preview:large, max-video-preview:-1\" \/>\n<link rel=\"canonical\" href=\"https:\/\/sbdapparel.lv\/en\/product\/resolve-plaukstu-locitavu-saites\/\" \/>\n<meta property=\"og:locale\" content=\"en_US\" \/>\n<meta property=\"og:type\" content=\"article\" \/>\n<meta property=\"og:title\" content=\"RESOLVE PLAUKSTU LOC\u012aTAVU SAITES - SBD Apparel LV\" \/>\n<meta property=\"og:description\" content=\"Uzticas sp\u0113ka sportisti vis\u0101 pasaul\u0113, plaukstas loc\u012btavas ir pieejamas div\u0101s versij\u0101s un tr\u012bs garumos, lai t\u0101s atbilstu vis\u0101m vajadz\u012bb\u0101m.  Elast\u012bga \u2013 izstr\u0101d\u0101ta, lai atbalst\u012btu plaukstas loc\u012btavu, vienlaikus \u013caujot plaukstai saliekties, paredz\u0113ta lieliskai plaukstas loc\u012btavas veido\u0161anai un uzlabotam komfortam plaukstas loc\u012btavas saliek\u0161anas laik\u0101.  Stingrs \u2013 paredz\u0113ts, lai atbalst\u012btu un imobiliz\u0113tu plaukstas loc\u012btavu, tagad ar m\u012bkst\u0101ku apdari, lai pretotos plaukstas loc\u012btavai un samazin\u0101tu diskomfortu.  Resolve ir ierobe\u017eota izdevuma kolekcija, kurai ir t\u0101das pa\u0161as funkcijas un kas ir izgatavota saska\u0146\u0101 ar t\u0101diem pa\u0161iem augstiem standartiem k\u0101 m\u016bsu klasisk\u0101 produktu l\u012bnija.  P\u0101rdots k\u0101 p\u0101ris. IPF apstiprin\u0101ts ar maksim\u0101lo platumu (8 cm) un pieejams l\u012bdz maksim\u0101lajam garumam (1 m). Patent\u0113tas platas gumijas, kas izstr\u0101d\u0101tas un ra\u017eotas \u012bpa\u0161i plaukstu loc\u012btavu atbalstam. Darbojas ar VELCRO\u00ae z\u012bmola \u0101\u0137i un cilpu Kreis\u0101s un lab\u0101s puses dizains vien\u0101di aptver katru plaukstas loc\u012btavu. Ra\u017eots \u0160ef\u012bld\u0101, Lielbrit\u0101nij\u0101.\" \/>\n<meta property=\"og:url\" content=\"https:\/\/sbdapparel.lv\/en\/product\/resolve-plaukstu-locitavu-saites\/\" \/>\n<meta property=\"og:site_name\" content=\"SBD Apparel LV\" \/>\n<meta property=\"article:modified_time\" content=\"2026-03-15T09:14:11+00:00\" \/>\n<meta property=\"og:image\" content=\"https:\/\/sbdapparel.lv\/wp-content\/uploads\/2025\/11\/Wrist-Wraps-Flex-Women-02-1024x1024.jpg\" \/>\n\t<meta property=\"og:image:width\" content=\"1024\" \/>\n\t<meta property=\"og:image:height\" content=\"1024\" \/>\n\t<meta property=\"og:image:type\" content=\"image\/jpeg\" \/>\n<meta name=\"twitter:card\" content=\"summary_large_image\" \/>\n<script type=\"application\/ld+json\" class=\"yoast-schema-graph\">{\"@context\":\"https:\\\/\\\/schema.org\",\"@graph\":[{\"@type\":\"WebPage\",\"@id\":\"https:\\\/\\\/sbdapparel.lv\\\/product\\\/resolve-plaukstu-locitavu-saites\\\/\",\"url\":\"https:\\\/\\\/sbdapparel.lv\\\/product\\\/resolve-plaukstu-locitavu-saites\\\/\",\"name\":\"RESOLVE PLAUKSTU LOC\u012aTAVU SAITES - SBD Apparel LV\",\"isPartOf\":{\"@id\":\"https:\\\/\\\/sbdapparel.lv\\\/#website\"},\"primaryImageOfPage\":{\"@id\":\"https:\\\/\\\/sbdapparel.lv\\\/product\\\/resolve-plaukstu-locitavu-saites\\\/#primaryimage\"},\"image\":{\"@id\":\"https:\\\/\\\/sbdapparel.lv\\\/product\\\/resolve-plaukstu-locitavu-saites\\\/#primaryimage\"},\"thumbnailUrl\":\"https:\\\/\\\/sbdapparel.lv\\\/wp-content\\\/uploads\\\/2025\\\/11\\\/Wrist-Wraps-Flex-Women-02.jpg\",\"datePublished\":\"2025-11-08T10:25:15+00:00\",\"dateModified\":\"2026-03-15T09:14:11+00:00\",\"breadcrumb\":{\"@id\":\"https:\\\/\\\/sbdapparel.lv\\\/product\\\/resolve-plaukstu-locitavu-saites\\\/#breadcrumb\"},\"inLanguage\":\"en-US\",\"potentialAction\":[{\"@type\":\"ReadAction\",\"target\":[\"https:\\\/\\\/sbdapparel.lv\\\/product\\\/resolve-plaukstu-locitavu-saites\\\/\"]}]},{\"@type\":\"ImageObject\",\"inLanguage\":\"en-US\",\"@id\":\"https:\\\/\\\/sbdapparel.lv\\\/product\\\/resolve-plaukstu-locitavu-saites\\\/#primaryimage\",\"url\":\"https:\\\/\\\/sbdapparel.lv\\\/wp-content\\\/uploads\\\/2025\\\/11\\\/Wrist-Wraps-Flex-Women-02.jpg\",\"contentUrl\":\"https:\\\/\\\/sbdapparel.lv\\\/wp-content\\\/uploads\\\/2025\\\/11\\\/Wrist-Wraps-Flex-Women-02.jpg\",\"width\":2048,\"height\":2048},{\"@type\":\"BreadcrumbList\",\"@id\":\"https:\\\/\\\/sbdapparel.lv\\\/product\\\/resolve-plaukstu-locitavu-saites\\\/#breadcrumb\",\"itemListElement\":[{\"@type\":\"ListItem\",\"position\":1,\"name\":\"Home\",\"item\":\"https:\\\/\\\/sbdapparel.lv\\\/\"},{\"@type\":\"ListItem\",\"position\":2,\"name\":\"Produktai\",\"item\":\"https:\\\/\\\/sbdapparel.lv\\\/shop\\\/\"},{\"@type\":\"ListItem\",\"position\":3,\"name\":\"RESOLVE PLAUKSTU LOC\u012aTAVU SAITES\"}]},{\"@type\":\"WebSite\",\"@id\":\"https:\\\/\\\/sbdapparel.lv\\\/#website\",\"url\":\"https:\\\/\\\/sbdapparel.lv\\\/\",\"name\":\"sbdapparel.lv\",\"description\":\"Latvija\",\"publisher\":{\"@id\":\"https:\\\/\\\/sbdapparel.lv\\\/#organization\"},\"potentialAction\":[{\"@type\":\"SearchAction\",\"target\":{\"@type\":\"EntryPoint\",\"urlTemplate\":\"https:\\\/\\\/sbdapparel.lv\\\/?s={search_term_string}\"},\"query-input\":{\"@type\":\"PropertyValueSpecification\",\"valueRequired\":true,\"valueName\":\"search_term_string\"}}],\"inLanguage\":\"en-US\"},{\"@type\":\"Organization\",\"@id\":\"https:\\\/\\\/sbdapparel.lv\\\/#organization\",\"name\":\"SBD Apparel LV\",\"url\":\"https:\\\/\\\/sbdapparel.lv\\\/\",\"logo\":{\"@type\":\"ImageObject\",\"inLanguage\":\"en-US\",\"@id\":\"https:\\\/\\\/sbdapparel.lv\\\/#\\\/schema\\\/logo\\\/image\\\/\",\"url\":\"https:\\\/\\\/sbdapparel.lv\\\/wp-content\\\/uploads\\\/2023\\\/07\\\/cropped-SBD_Identity_OnDark_RGB.png\",\"contentUrl\":\"https:\\\/\\\/sbdapparel.lv\\\/wp-content\\\/uploads\\\/2023\\\/07\\\/cropped-SBD_Identity_OnDark_RGB.png\",\"width\":1182,\"height\":515,\"caption\":\"SBD Apparel LV\"},\"image\":{\"@id\":\"https:\\\/\\\/sbdapparel.lv\\\/#\\\/schema\\\/logo\\\/image\\\/\"}}]}<\/script>\n<!-- \/ Yoast SEO plugin. -->","yoast_head_json":{"title":"RESOLVE PLAUKSTU LOC\u012aTAVU SAITES - SBD Apparel LV","robots":{"index":"index","follow":"follow","max-snippet":"max-snippet:-1","max-image-preview":"max-image-preview:large","max-video-preview":"max-video-preview:-1"},"canonical":"https:\/\/sbdapparel.lv\/en\/product\/resolve-plaukstu-locitavu-saites\/","og_locale":"en_US","og_type":"article","og_title":"RESOLVE PLAUKSTU LOC\u012aTAVU SAITES - SBD Apparel LV","og_description":"Uzticas sp\u0113ka sportisti vis\u0101 pasaul\u0113, plaukstas loc\u012btavas ir pieejamas div\u0101s versij\u0101s un tr\u012bs garumos, lai t\u0101s atbilstu vis\u0101m vajadz\u012bb\u0101m.  Elast\u012bga \u2013 izstr\u0101d\u0101ta, lai atbalst\u012btu plaukstas loc\u012btavu, vienlaikus \u013caujot plaukstai saliekties, paredz\u0113ta lieliskai plaukstas loc\u012btavas veido\u0161anai un uzlabotam komfortam plaukstas loc\u012btavas saliek\u0161anas laik\u0101.  Stingrs \u2013 paredz\u0113ts, lai atbalst\u012btu un imobiliz\u0113tu plaukstas loc\u012btavu, tagad ar m\u012bkst\u0101ku apdari, lai pretotos plaukstas loc\u012btavai un samazin\u0101tu diskomfortu.  Resolve ir ierobe\u017eota izdevuma kolekcija, kurai ir t\u0101das pa\u0161as funkcijas un kas ir izgatavota saska\u0146\u0101 ar t\u0101diem pa\u0161iem augstiem standartiem k\u0101 m\u016bsu klasisk\u0101 produktu l\u012bnija.  P\u0101rdots k\u0101 p\u0101ris. IPF apstiprin\u0101ts ar maksim\u0101lo platumu (8 cm) un pieejams l\u012bdz maksim\u0101lajam garumam (1 m). Patent\u0113tas platas gumijas, kas izstr\u0101d\u0101tas un ra\u017eotas \u012bpa\u0161i plaukstu loc\u012btavu atbalstam. Darbojas ar VELCRO\u00ae z\u012bmola \u0101\u0137i un cilpu Kreis\u0101s un lab\u0101s puses dizains vien\u0101di aptver katru plaukstas loc\u012btavu. Ra\u017eots \u0160ef\u012bld\u0101, Lielbrit\u0101nij\u0101.","og_url":"https:\/\/sbdapparel.lv\/en\/product\/resolve-plaukstu-locitavu-saites\/","og_site_name":"SBD Apparel LV","article_modified_time":"2026-03-15T09:14:11+00:00","og_image":[{"width":1024,"height":1024,"url":"https:\/\/sbdapparel.lv\/wp-content\/uploads\/2025\/11\/Wrist-Wraps-Flex-Women-02-1024x1024.jpg","type":"image\/jpeg"}],"twitter_card":"summary_large_image","schema":{"@context":"https:\/\/schema.org","@graph":[{"@type":"WebPage","@id":"https:\/\/sbdapparel.lv\/product\/resolve-plaukstu-locitavu-saites\/","url":"https:\/\/sbdapparel.lv\/product\/resolve-plaukstu-locitavu-saites\/","name":"RESOLVE PLAUKSTU LOC\u012aTAVU SAITES - SBD Apparel LV","isPartOf":{"@id":"https:\/\/sbdapparel.lv\/#website"},"primaryImageOfPage":{"@id":"https:\/\/sbdapparel.lv\/product\/resolve-plaukstu-locitavu-saites\/#primaryimage"},"image":{"@id":"https:\/\/sbdapparel.lv\/product\/resolve-plaukstu-locitavu-saites\/#primaryimage"},"thumbnailUrl":"https:\/\/sbdapparel.lv\/wp-content\/uploads\/2025\/11\/Wrist-Wraps-Flex-Women-02.jpg","datePublished":"2025-11-08T10:25:15+00:00","dateModified":"2026-03-15T09:14:11+00:00","breadcrumb":{"@id":"https:\/\/sbdapparel.lv\/product\/resolve-plaukstu-locitavu-saites\/#breadcrumb"},"inLanguage":"en-US","potentialAction":[{"@type":"ReadAction","target":["https:\/\/sbdapparel.lv\/product\/resolve-plaukstu-locitavu-saites\/"]}]},{"@type":"ImageObject","inLanguage":"en-US","@id":"https:\/\/sbdapparel.lv\/product\/resolve-plaukstu-locitavu-saites\/#primaryimage","url":"https:\/\/sbdapparel.lv\/wp-content\/uploads\/2025\/11\/Wrist-Wraps-Flex-Women-02.jpg","contentUrl":"https:\/\/sbdapparel.lv\/wp-content\/uploads\/2025\/11\/Wrist-Wraps-Flex-Women-02.jpg","width":2048,"height":2048},{"@type":"BreadcrumbList","@id":"https:\/\/sbdapparel.lv\/product\/resolve-plaukstu-locitavu-saites\/#breadcrumb","itemListElement":[{"@type":"ListItem","position":1,"name":"Home","item":"https:\/\/sbdapparel.lv\/"},{"@type":"ListItem","position":2,"name":"Produktai","item":"https:\/\/sbdapparel.lv\/shop\/"},{"@type":"ListItem","position":3,"name":"RESOLVE PLAUKSTU LOC\u012aTAVU SAITES"}]},{"@type":"WebSite","@id":"https:\/\/sbdapparel.lv\/#website","url":"https:\/\/sbdapparel.lv\/","name":"sbdapparel.lv","description":"Latvija","publisher":{"@id":"https:\/\/sbdapparel.lv\/#organization"},"potentialAction":[{"@type":"SearchAction","target":{"@type":"EntryPoint","urlTemplate":"https:\/\/sbdapparel.lv\/?s={search_term_string}"},"query-input":{"@type":"PropertyValueSpecification","valueRequired":true,"valueName":"search_term_string"}}],"inLanguage":"en-US"},{"@type":"Organization","@id":"https:\/\/sbdapparel.lv\/#organization","name":"SBD Apparel LV","url":"https:\/\/sbdapparel.lv\/","logo":{"@type":"ImageObject","inLanguage":"en-US","@id":"https:\/\/sbdapparel.lv\/#\/schema\/logo\/image\/","url":"https:\/\/sbdapparel.lv\/wp-content\/uploads\/2023\/07\/cropped-SBD_Identity_OnDark_RGB.png","contentUrl":"https:\/\/sbdapparel.lv\/wp-content\/uploads\/2023\/07\/cropped-SBD_Identity_OnDark_RGB.png","width":1182,"height":515,"caption":"SBD Apparel LV"},"image":{"@id":"https:\/\/sbdapparel.lv\/#\/schema\/logo\/image\/"}}]}},"_links":{"self":[{"href":"https:\/\/sbdapparel.lv\/en\/wp-json\/wp\/v2\/product\/6094","targetHints":{"allow":["GET"]}}],"collection":[{"href":"https:\/\/sbdapparel.lv\/en\/wp-json\/wp\/v2\/product"}],"about":[{"href":"https:\/\/sbdapparel.lv\/en\/wp-json\/wp\/v2\/types\/product"}],"version-history":[{"count":2,"href":"https:\/\/sbdapparel.lv\/en\/wp-json\/wp\/v2\/product\/6094\/revisions"}],"predecessor-version":[{"id":6487,"href":"https:\/\/sbdapparel.lv\/en\/wp-json\/wp\/v2\/product\/6094\/revisions\/6487"}],"wp:featuredmedia":[{"embeddable":true,"href":"https:\/\/sbdapparel.lv\/en\/wp-json\/wp\/v2\/media\/6104"}],"wp:attachment":[{"href":"https:\/\/sbdapparel.lv\/en\/wp-json\/wp\/v2\/media?parent=6094"}],"wp:term":[{"taxonomy":"product_brand","embeddable":true,"href":"https:\/\/sbdapparel.lv\/en\/wp-json\/wp\/v2\/product_brand?post=6094"},{"taxonomy":"product_cat","embeddable":true,"href":"https:\/\/sbdapparel.lv\/en\/wp-json\/wp\/v2\/product_cat?post=6094"},{"taxonomy":"product_tag","embeddable":true,"href":"https:\/\/sbdapparel.lv\/en\/wp-json\/wp\/v2\/product_tag?post=6094"},{"taxonomy":"giftcard-category","embeddable":true,"href":"https:\/\/sbdapparel.lv\/en\/wp-json\/wp\/v2\/giftcard-category?post=6094"}],"curies":[{"name":"wp","href":"https:\/\/api.w.org\/{rel}","templated":true}]}}