{"id":6053,"date":"2025-11-08T12:19:18","date_gmt":"2025-11-08T10:19:18","guid":{"rendered":"https:\/\/sbdapparel.lv\/?post_type=product&#038;p=6053"},"modified":"2026-01-17T22:36:41","modified_gmt":"2026-01-17T20:36:41","slug":"resolve-singlets","status":"publish","type":"product","link":"https:\/\/sbdapparel.lv\/en\/product\/resolve-singlets\/","title":{"rendered":"RESOLVE POWERLIFTING SINGLETS"},"content":{"rendered":"","protected":false},"excerpt":{"rendered":"<p>A tailored fit for both men and women, developed through collaboration with world class athletes. Built with a heavyweight, durable, and breathable fabric developed in Great Britain.<\/p>\n<p>Resolve\u00a0 ir ierobe\u017eota izdevuma kolekcija, kurai ir t\u0101das pa\u0161as funkcijas un kas ir izgatavota saska\u0146\u0101 ar t\u0101diem pa\u0161iem augstiem standartiem k\u0101 m\u016bsu klasisk\u0101 produktu l\u012bnija.<\/p>\n<p>Constructed from heavyweight 350gm double jersey fabric.<br \/>\nManufactured with Meryl\u00ae and Lycra\u00ae fibres to stay soft and breathable, while providing durability and compression.<br \/>\nIPF approved and USAPL, USPA and IWF compliant<br \/>\nMade in Sheffield, Great Britain.<\/p>","protected":false},"featured_media":6069,"template":"","meta":[],"product_brand":[],"product_cat":[73,47],"product_tag":[],"giftcard-category":[],"class_list":{"0":"post-6053","1":"product","2":"type-product","3":"status-publish","4":"has-post-thumbnail","6":"product_cat-resolve","7":"product_cat-singletai","10":"instock","11":"shipping-taxable","12":"purchasable","13":"product-type-variable","14":"product-grid-view"},"yoast_head":"<!-- This site is optimized with the Yoast SEO plugin v27.4 - https:\/\/yoast.com\/product\/yoast-seo-wordpress\/ -->\n<title>RESOLVE POWERLIFTING SINGLETS - SBD Apparel LV<\/title>\n<meta name=\"robots\" content=\"index, follow, max-snippet:-1, max-image-preview:large, max-video-preview:-1\" \/>\n<link rel=\"canonical\" href=\"https:\/\/sbdapparel.lv\/en\/product\/resolve-singlets\/\" \/>\n<meta property=\"og:locale\" content=\"en_US\" \/>\n<meta property=\"og:type\" content=\"article\" \/>\n<meta property=\"og:title\" content=\"RESOLVE POWERLIFTING SINGLETS - SBD Apparel LV\" \/>\n<meta property=\"og:description\" content=\"Piem\u0113rots gan v\u012brie\u0161iem, gan sieviet\u0113m, rad\u012bts sadarb\u012bb\u0101 ar pasaules l\u012bme\u0146a sportistiem. Izgatavots no stipra, iztur\u012bga un elpojo\u0161a auduma, izstr\u0101d\u0101ts Lielbrit\u0101nij\u0101.  Resolve\u00a0 ir ierobe\u017eota izdevuma kolekcija, kurai ir t\u0101das pa\u0161as funkcijas un kas ir izgatavota saska\u0146\u0101 ar t\u0101diem pa\u0161iem augstiem standartiem k\u0101 m\u016bsu klasisk\u0101 produktu l\u012bnija.  Izgatavots no iztur\u012bga 350\u00a0gsm dubult\u0101 d\u017eersija auduma. Izgatavots no Meryl\u00ae un Lycra\u00ae \u0161\u0137iedr\u0101m, lai paliktu m\u012bksts un elpojo\u0161s, vienlaikus nodro\u0161inot iztur\u012bbu un kompresiju. IPF apstiprin\u0101ts un atbilst IWF. Ra\u017eots \u0160ef\u012bld\u0101, Lielbrit\u0101nij\u0101.\" \/>\n<meta property=\"og:url\" content=\"https:\/\/sbdapparel.lv\/en\/product\/resolve-singlets\/\" \/>\n<meta property=\"og:site_name\" content=\"SBD Apparel LV\" \/>\n<meta property=\"article:modified_time\" content=\"2026-01-17T20:36:41+00:00\" \/>\n<meta property=\"og:image\" content=\"https:\/\/sbdapparel.lv\/wp-content\/uploads\/2025\/11\/Powerlifting-SInglet-Men-01-1024x1024.jpg\" \/>\n\t<meta property=\"og:image:width\" content=\"1024\" \/>\n\t<meta property=\"og:image:height\" content=\"1024\" \/>\n\t<meta property=\"og:image:type\" content=\"image\/jpeg\" \/>\n<meta name=\"twitter:card\" content=\"summary_large_image\" \/>\n<script type=\"application\/ld+json\" class=\"yoast-schema-graph\">{\"@context\":\"https:\\\/\\\/schema.org\",\"@graph\":[{\"@type\":\"WebPage\",\"@id\":\"https:\\\/\\\/sbdapparel.lv\\\/product\\\/resolve-singlets\\\/\",\"url\":\"https:\\\/\\\/sbdapparel.lv\\\/product\\\/resolve-singlets\\\/\",\"name\":\"RESOLVE POWERLIFTING SINGLETS - SBD Apparel LV\",\"isPartOf\":{\"@id\":\"https:\\\/\\\/sbdapparel.lv\\\/#website\"},\"primaryImageOfPage\":{\"@id\":\"https:\\\/\\\/sbdapparel.lv\\\/product\\\/resolve-singlets\\\/#primaryimage\"},\"image\":{\"@id\":\"https:\\\/\\\/sbdapparel.lv\\\/product\\\/resolve-singlets\\\/#primaryimage\"},\"thumbnailUrl\":\"https:\\\/\\\/sbdapparel.lv\\\/wp-content\\\/uploads\\\/2025\\\/11\\\/Powerlifting-SInglet-Men-01.jpg\",\"datePublished\":\"2025-11-08T10:19:18+00:00\",\"dateModified\":\"2026-01-17T20:36:41+00:00\",\"breadcrumb\":{\"@id\":\"https:\\\/\\\/sbdapparel.lv\\\/product\\\/resolve-singlets\\\/#breadcrumb\"},\"inLanguage\":\"en-US\",\"potentialAction\":[{\"@type\":\"ReadAction\",\"target\":[\"https:\\\/\\\/sbdapparel.lv\\\/product\\\/resolve-singlets\\\/\"]}]},{\"@type\":\"ImageObject\",\"inLanguage\":\"en-US\",\"@id\":\"https:\\\/\\\/sbdapparel.lv\\\/product\\\/resolve-singlets\\\/#primaryimage\",\"url\":\"https:\\\/\\\/sbdapparel.lv\\\/wp-content\\\/uploads\\\/2025\\\/11\\\/Powerlifting-SInglet-Men-01.jpg\",\"contentUrl\":\"https:\\\/\\\/sbdapparel.lv\\\/wp-content\\\/uploads\\\/2025\\\/11\\\/Powerlifting-SInglet-Men-01.jpg\",\"width\":2048,\"height\":2048},{\"@type\":\"BreadcrumbList\",\"@id\":\"https:\\\/\\\/sbdapparel.lv\\\/product\\\/resolve-singlets\\\/#breadcrumb\",\"itemListElement\":[{\"@type\":\"ListItem\",\"position\":1,\"name\":\"Home\",\"item\":\"https:\\\/\\\/sbdapparel.lv\\\/\"},{\"@type\":\"ListItem\",\"position\":2,\"name\":\"Produktai\",\"item\":\"https:\\\/\\\/sbdapparel.lv\\\/shop\\\/\"},{\"@type\":\"ListItem\",\"position\":3,\"name\":\"RESOLVE POWERLIFTING SINGLETS\"}]},{\"@type\":\"WebSite\",\"@id\":\"https:\\\/\\\/sbdapparel.lv\\\/#website\",\"url\":\"https:\\\/\\\/sbdapparel.lv\\\/\",\"name\":\"sbdapparel.lv\",\"description\":\"Latvija\",\"publisher\":{\"@id\":\"https:\\\/\\\/sbdapparel.lv\\\/#organization\"},\"potentialAction\":[{\"@type\":\"SearchAction\",\"target\":{\"@type\":\"EntryPoint\",\"urlTemplate\":\"https:\\\/\\\/sbdapparel.lv\\\/?s={search_term_string}\"},\"query-input\":{\"@type\":\"PropertyValueSpecification\",\"valueRequired\":true,\"valueName\":\"search_term_string\"}}],\"inLanguage\":\"en-US\"},{\"@type\":\"Organization\",\"@id\":\"https:\\\/\\\/sbdapparel.lv\\\/#organization\",\"name\":\"SBD Apparel LV\",\"url\":\"https:\\\/\\\/sbdapparel.lv\\\/\",\"logo\":{\"@type\":\"ImageObject\",\"inLanguage\":\"en-US\",\"@id\":\"https:\\\/\\\/sbdapparel.lv\\\/#\\\/schema\\\/logo\\\/image\\\/\",\"url\":\"https:\\\/\\\/sbdapparel.lv\\\/wp-content\\\/uploads\\\/2023\\\/07\\\/cropped-SBD_Identity_OnDark_RGB.png\",\"contentUrl\":\"https:\\\/\\\/sbdapparel.lv\\\/wp-content\\\/uploads\\\/2023\\\/07\\\/cropped-SBD_Identity_OnDark_RGB.png\",\"width\":1182,\"height\":515,\"caption\":\"SBD Apparel LV\"},\"image\":{\"@id\":\"https:\\\/\\\/sbdapparel.lv\\\/#\\\/schema\\\/logo\\\/image\\\/\"}}]}<\/script>\n<!-- \/ Yoast SEO plugin. -->","yoast_head_json":{"title":"RESOLVE POWERLIFTING SINGLETS - SBD Apparel LV","robots":{"index":"index","follow":"follow","max-snippet":"max-snippet:-1","max-image-preview":"max-image-preview:large","max-video-preview":"max-video-preview:-1"},"canonical":"https:\/\/sbdapparel.lv\/en\/product\/resolve-singlets\/","og_locale":"en_US","og_type":"article","og_title":"RESOLVE POWERLIFTING SINGLETS - SBD Apparel LV","og_description":"Piem\u0113rots gan v\u012brie\u0161iem, gan sieviet\u0113m, rad\u012bts sadarb\u012bb\u0101 ar pasaules l\u012bme\u0146a sportistiem. Izgatavots no stipra, iztur\u012bga un elpojo\u0161a auduma, izstr\u0101d\u0101ts Lielbrit\u0101nij\u0101.  Resolve\u00a0 ir ierobe\u017eota izdevuma kolekcija, kurai ir t\u0101das pa\u0161as funkcijas un kas ir izgatavota saska\u0146\u0101 ar t\u0101diem pa\u0161iem augstiem standartiem k\u0101 m\u016bsu klasisk\u0101 produktu l\u012bnija.  Izgatavots no iztur\u012bga 350\u00a0gsm dubult\u0101 d\u017eersija auduma. Izgatavots no Meryl\u00ae un Lycra\u00ae \u0161\u0137iedr\u0101m, lai paliktu m\u012bksts un elpojo\u0161s, vienlaikus nodro\u0161inot iztur\u012bbu un kompresiju. IPF apstiprin\u0101ts un atbilst IWF. Ra\u017eots \u0160ef\u012bld\u0101, Lielbrit\u0101nij\u0101.","og_url":"https:\/\/sbdapparel.lv\/en\/product\/resolve-singlets\/","og_site_name":"SBD Apparel LV","article_modified_time":"2026-01-17T20:36:41+00:00","og_image":[{"width":1024,"height":1024,"url":"https:\/\/sbdapparel.lv\/wp-content\/uploads\/2025\/11\/Powerlifting-SInglet-Men-01-1024x1024.jpg","type":"image\/jpeg"}],"twitter_card":"summary_large_image","schema":{"@context":"https:\/\/schema.org","@graph":[{"@type":"WebPage","@id":"https:\/\/sbdapparel.lv\/product\/resolve-singlets\/","url":"https:\/\/sbdapparel.lv\/product\/resolve-singlets\/","name":"RESOLVE POWERLIFTING SINGLETS - SBD Apparel LV","isPartOf":{"@id":"https:\/\/sbdapparel.lv\/#website"},"primaryImageOfPage":{"@id":"https:\/\/sbdapparel.lv\/product\/resolve-singlets\/#primaryimage"},"image":{"@id":"https:\/\/sbdapparel.lv\/product\/resolve-singlets\/#primaryimage"},"thumbnailUrl":"https:\/\/sbdapparel.lv\/wp-content\/uploads\/2025\/11\/Powerlifting-SInglet-Men-01.jpg","datePublished":"2025-11-08T10:19:18+00:00","dateModified":"2026-01-17T20:36:41+00:00","breadcrumb":{"@id":"https:\/\/sbdapparel.lv\/product\/resolve-singlets\/#breadcrumb"},"inLanguage":"en-US","potentialAction":[{"@type":"ReadAction","target":["https:\/\/sbdapparel.lv\/product\/resolve-singlets\/"]}]},{"@type":"ImageObject","inLanguage":"en-US","@id":"https:\/\/sbdapparel.lv\/product\/resolve-singlets\/#primaryimage","url":"https:\/\/sbdapparel.lv\/wp-content\/uploads\/2025\/11\/Powerlifting-SInglet-Men-01.jpg","contentUrl":"https:\/\/sbdapparel.lv\/wp-content\/uploads\/2025\/11\/Powerlifting-SInglet-Men-01.jpg","width":2048,"height":2048},{"@type":"BreadcrumbList","@id":"https:\/\/sbdapparel.lv\/product\/resolve-singlets\/#breadcrumb","itemListElement":[{"@type":"ListItem","position":1,"name":"Home","item":"https:\/\/sbdapparel.lv\/"},{"@type":"ListItem","position":2,"name":"Produktai","item":"https:\/\/sbdapparel.lv\/shop\/"},{"@type":"ListItem","position":3,"name":"RESOLVE POWERLIFTING SINGLETS"}]},{"@type":"WebSite","@id":"https:\/\/sbdapparel.lv\/#website","url":"https:\/\/sbdapparel.lv\/","name":"sbdapparel.lv","description":"Latvija","publisher":{"@id":"https:\/\/sbdapparel.lv\/#organization"},"potentialAction":[{"@type":"SearchAction","target":{"@type":"EntryPoint","urlTemplate":"https:\/\/sbdapparel.lv\/?s={search_term_string}"},"query-input":{"@type":"PropertyValueSpecification","valueRequired":true,"valueName":"search_term_string"}}],"inLanguage":"en-US"},{"@type":"Organization","@id":"https:\/\/sbdapparel.lv\/#organization","name":"SBD Apparel LV","url":"https:\/\/sbdapparel.lv\/","logo":{"@type":"ImageObject","inLanguage":"en-US","@id":"https:\/\/sbdapparel.lv\/#\/schema\/logo\/image\/","url":"https:\/\/sbdapparel.lv\/wp-content\/uploads\/2023\/07\/cropped-SBD_Identity_OnDark_RGB.png","contentUrl":"https:\/\/sbdapparel.lv\/wp-content\/uploads\/2023\/07\/cropped-SBD_Identity_OnDark_RGB.png","width":1182,"height":515,"caption":"SBD Apparel LV"},"image":{"@id":"https:\/\/sbdapparel.lv\/#\/schema\/logo\/image\/"}}]}},"_links":{"self":[{"href":"https:\/\/sbdapparel.lv\/en\/wp-json\/wp\/v2\/product\/6053","targetHints":{"allow":["GET"]}}],"collection":[{"href":"https:\/\/sbdapparel.lv\/en\/wp-json\/wp\/v2\/product"}],"about":[{"href":"https:\/\/sbdapparel.lv\/en\/wp-json\/wp\/v2\/types\/product"}],"version-history":[{"count":3,"href":"https:\/\/sbdapparel.lv\/en\/wp-json\/wp\/v2\/product\/6053\/revisions"}],"predecessor-version":[{"id":6479,"href":"https:\/\/sbdapparel.lv\/en\/wp-json\/wp\/v2\/product\/6053\/revisions\/6479"}],"wp:featuredmedia":[{"embeddable":true,"href":"https:\/\/sbdapparel.lv\/en\/wp-json\/wp\/v2\/media\/6069"}],"wp:attachment":[{"href":"https:\/\/sbdapparel.lv\/en\/wp-json\/wp\/v2\/media?parent=6053"}],"wp:term":[{"taxonomy":"product_brand","embeddable":true,"href":"https:\/\/sbdapparel.lv\/en\/wp-json\/wp\/v2\/product_brand?post=6053"},{"taxonomy":"product_cat","embeddable":true,"href":"https:\/\/sbdapparel.lv\/en\/wp-json\/wp\/v2\/product_cat?post=6053"},{"taxonomy":"product_tag","embeddable":true,"href":"https:\/\/sbdapparel.lv\/en\/wp-json\/wp\/v2\/product_tag?post=6053"},{"taxonomy":"giftcard-category","embeddable":true,"href":"https:\/\/sbdapparel.lv\/en\/wp-json\/wp\/v2\/giftcard-category?post=6053"}],"curies":[{"name":"wp","href":"https:\/\/api.w.org\/{rel}","templated":true}]}}