{"id":6013,"date":"2025-10-21T15:26:25","date_gmt":"2025-10-21T13:26:25","guid":{"rendered":"https:\/\/sbdapparel.lv\/?post_type=product&#038;p=6013"},"modified":"2026-01-11T22:50:06","modified_gmt":"2026-01-11T20:50:06","slug":"svarcelsanas-singlet","status":"publish","type":"product","link":"https:\/\/sbdapparel.lv\/en\/product\/svarcelsanas-singlet\/","title":{"rendered":"SVARCEL\u0160ANAS SINGLET"},"content":{"rendered":"<p id=\"tw-target-text\" class=\"tw-data-text tw-text-large tw-ta\" dir=\"ltr\" tabindex=\"-1\" role=\"text\" data-placeholder=\"Vertimas\" data-ved=\"2ahUKEwj0_PyjrLWQAxVORPEDHZfBFIgQ3ewLegQICxAV\" aria-label=\"I\u0161verstas tekstas: Piel\u0101gots gan v\u012brie\u0161iem, gan sieviet\u0113m, izstr\u0101d\u0101ts sadarb\u012bb\u0101 ar pasaules klases sportistiem. Izgatavots no unik\u0101liem audumiem, kas \u012bpa\u0161i izstr\u0101d\u0101ti, \u0146emot v\u0113r\u0101 svarcel\u0161anu. Kont\u016brveida pane\u013ca dizains, kas atbalsta kust\u012bbu br\u012bv\u012bbu. Pastiprin\u0101ti kr\u016b\u0161u un \u010detrst\u016bra pane\u013ci ar nodilumiztur\u012bgu Cordura\u00ae. \u0100rpuse un m\u012bkst\u0101ks iek\u0161puses audums, kas nodro\u0161ina \u0113rtu saskari ar \u0101du. Izgatavots no Meryl\u00ae, poliestera un Lycra\u00ae, lai saglab\u0101tu formu, vienlaikus pal\u012bdzot p\u0101rvald\u012bt mitrumu. Silikona k\u0101ju gumijas, lai ne\u013cautu kost\u012bmam uzbraukt pa k\u0101j\u0101m. Gludas plakanas \u0161uves un elast\u012bgi pane\u013ci, lai nov\u0113rstu kairin\u0101jumu. IWF sader\u012bgs. Ra\u017eots \u0160ef\u012bld\u0101, Lielbrit\u0101nij\u0101.\"><span class=\"Y2IQFc\" lang=\"lv\">Piel\u0101gots gan v\u012brie\u0161iem, gan sieviet\u0113m, izstr\u0101d\u0101ts sadarb\u012bb\u0101 ar pasaules klases sportistiem. Izgatavots no unik\u0101liem audumiem, kas \u012bpa\u0161i izstr\u0101d\u0101ti, \u0146emot v\u0113r\u0101 svarcel\u0161anu. Kont\u016brveida pane\u013ca dizains, kas atbalsta kust\u012bbu br\u012bv\u012bbu. Pastiprin\u0101ti kr\u016b\u0161u un \u010detrst\u016bra pane\u013ci ar nodilumiztur\u012bgu Cordura\u00ae. \u0100rpuse un m\u012bkst\u0101ks iek\u0161puses audums, kas nodro\u0161ina \u0113rtu saskari ar \u0101du. Izgatavots no Meryl\u00ae, poliestera un Lycra\u00ae, lai saglab\u0101tu formu, vienlaikus pal\u012bdzot p\u0101rvald\u012bt mitrumu. Silikona k\u0101ju gumijas, lai ne\u013cautu kost\u012bmam uzbraukt pa k\u0101j\u0101m. Gludas plakanas \u0161uves un elast\u012bgi pane\u013ci, lai nov\u0113rstu kairin\u0101jumu. IWF sader\u012bgs. Ra\u017eots \u0160ef\u012bld\u0101, Lielbrit\u0101nij\u0101.<\/span><\/p>","protected":false},"excerpt":{"rendered":"<p>Piel\u0101gots gan v\u012brie\u0161iem, gan sieviet\u0113m, izstr\u0101d\u0101ts sadarb\u012bb\u0101 ar pasaules klases sportistiem. Izgatavots no unik\u0101liem audumiem, kas \u012bpa\u0161i izstr\u0101d\u0101ti, \u0146emot v\u0113r\u0101 svarcel\u0161anu. Kont\u016brveida pane\u013ca dizains, kas atbalsta kust\u012bbu br\u012bv\u012bbu. Pastiprin\u0101ti kr\u016b\u0161u un \u010detrst\u016bra pane\u013ci ar nodilumiztur\u012bgu Cordura\u00ae. \u0100rpuse un m\u012bkst\u0101ks iek\u0161puses audums, kas nodro\u0161ina \u0113rtu saskari ar \u0101du. Izgatavots no Meryl\u00ae, poliestera un Lycra\u00ae, lai saglab\u0101tu [&hellip;]<\/p>","protected":false},"featured_media":6014,"template":"","meta":[],"product_brand":[],"product_cat":[56,47],"product_tag":[],"giftcard-category":[],"class_list":{"0":"post-6013","1":"product","2":"type-product","3":"status-publish","4":"has-post-thumbnail","6":"product_cat-klasikine","7":"product_cat-singletai","10":"instock","11":"shipping-taxable","12":"purchasable","13":"product-type-variable","14":"product-grid-view"},"yoast_head":"<!-- This site is optimized with the Yoast SEO plugin v27.4 - https:\/\/yoast.com\/product\/yoast-seo-wordpress\/ -->\n<title>SVARCEL\u0160ANAS SINGLET - SBD Apparel LV<\/title>\n<meta name=\"robots\" content=\"index, follow, max-snippet:-1, max-image-preview:large, max-video-preview:-1\" \/>\n<link rel=\"canonical\" href=\"https:\/\/sbdapparel.lv\/en\/product\/svarcelsanas-singlet\/\" \/>\n<meta property=\"og:locale\" content=\"en_US\" \/>\n<meta property=\"og:type\" content=\"article\" \/>\n<meta property=\"og:title\" content=\"SVARCEL\u0160ANAS SINGLET - SBD Apparel LV\" \/>\n<meta property=\"og:description\" content=\"Piel\u0101gots gan v\u012brie\u0161iem, gan sieviet\u0113m, izstr\u0101d\u0101ts sadarb\u012bb\u0101 ar pasaules klases sportistiem. Izgatavots no unik\u0101liem audumiem, kas \u012bpa\u0161i izstr\u0101d\u0101ti, \u0146emot v\u0113r\u0101 svarcel\u0161anu. Kont\u016brveida pane\u013ca dizains, kas atbalsta kust\u012bbu br\u012bv\u012bbu. Pastiprin\u0101ti kr\u016b\u0161u un \u010detrst\u016bra pane\u013ci ar nodilumiztur\u012bgu Cordura\u00ae. \u0100rpuse un m\u012bkst\u0101ks iek\u0161puses audums, kas nodro\u0161ina \u0113rtu saskari ar \u0101du. Izgatavots no Meryl\u00ae, poliestera un Lycra\u00ae, lai saglab\u0101tu [&hellip;]\" \/>\n<meta property=\"og:url\" content=\"https:\/\/sbdapparel.lv\/en\/product\/svarcelsanas-singlet\/\" \/>\n<meta property=\"og:site_name\" content=\"SBD Apparel LV\" \/>\n<meta property=\"article:modified_time\" content=\"2026-01-11T20:50:06+00:00\" \/>\n<meta property=\"og:image\" content=\"https:\/\/sbdapparel.lv\/wp-content\/uploads\/2025\/10\/Screenshot_20251021_161824_Chrome-scaled.jpg\" \/>\n\t<meta property=\"og:image:width\" content=\"2560\" \/>\n\t<meta property=\"og:image:height\" content=\"1987\" \/>\n\t<meta property=\"og:image:type\" content=\"image\/jpeg\" \/>\n<meta name=\"twitter:card\" content=\"summary_large_image\" \/>\n<meta name=\"twitter:label1\" content=\"Est. reading time\" \/>\n\t<meta name=\"twitter:data1\" content=\"1 minute\" \/>\n<script type=\"application\/ld+json\" class=\"yoast-schema-graph\">{\"@context\":\"https:\\\/\\\/schema.org\",\"@graph\":[{\"@type\":\"WebPage\",\"@id\":\"https:\\\/\\\/sbdapparel.lv\\\/product\\\/svarcelsanas-singlet\\\/\",\"url\":\"https:\\\/\\\/sbdapparel.lv\\\/product\\\/svarcelsanas-singlet\\\/\",\"name\":\"SVARCEL\u0160ANAS SINGLET - SBD Apparel LV\",\"isPartOf\":{\"@id\":\"https:\\\/\\\/sbdapparel.lv\\\/#website\"},\"primaryImageOfPage\":{\"@id\":\"https:\\\/\\\/sbdapparel.lv\\\/product\\\/svarcelsanas-singlet\\\/#primaryimage\"},\"image\":{\"@id\":\"https:\\\/\\\/sbdapparel.lv\\\/product\\\/svarcelsanas-singlet\\\/#primaryimage\"},\"thumbnailUrl\":\"https:\\\/\\\/sbdapparel.lv\\\/wp-content\\\/uploads\\\/2025\\\/10\\\/Screenshot_20251021_161824_Chrome-scaled.jpg\",\"datePublished\":\"2025-10-21T13:26:25+00:00\",\"dateModified\":\"2026-01-11T20:50:06+00:00\",\"breadcrumb\":{\"@id\":\"https:\\\/\\\/sbdapparel.lv\\\/product\\\/svarcelsanas-singlet\\\/#breadcrumb\"},\"inLanguage\":\"en-US\",\"potentialAction\":[{\"@type\":\"ReadAction\",\"target\":[\"https:\\\/\\\/sbdapparel.lv\\\/product\\\/svarcelsanas-singlet\\\/\"]}]},{\"@type\":\"ImageObject\",\"inLanguage\":\"en-US\",\"@id\":\"https:\\\/\\\/sbdapparel.lv\\\/product\\\/svarcelsanas-singlet\\\/#primaryimage\",\"url\":\"https:\\\/\\\/sbdapparel.lv\\\/wp-content\\\/uploads\\\/2025\\\/10\\\/Screenshot_20251021_161824_Chrome-scaled.jpg\",\"contentUrl\":\"https:\\\/\\\/sbdapparel.lv\\\/wp-content\\\/uploads\\\/2025\\\/10\\\/Screenshot_20251021_161824_Chrome-scaled.jpg\",\"width\":2560,\"height\":1987},{\"@type\":\"BreadcrumbList\",\"@id\":\"https:\\\/\\\/sbdapparel.lv\\\/product\\\/svarcelsanas-singlet\\\/#breadcrumb\",\"itemListElement\":[{\"@type\":\"ListItem\",\"position\":1,\"name\":\"Home\",\"item\":\"https:\\\/\\\/sbdapparel.lv\\\/\"},{\"@type\":\"ListItem\",\"position\":2,\"name\":\"Produktai\",\"item\":\"https:\\\/\\\/sbdapparel.lv\\\/shop\\\/\"},{\"@type\":\"ListItem\",\"position\":3,\"name\":\"SVARCEL\u0160ANAS SINGLET\"}]},{\"@type\":\"WebSite\",\"@id\":\"https:\\\/\\\/sbdapparel.lv\\\/#website\",\"url\":\"https:\\\/\\\/sbdapparel.lv\\\/\",\"name\":\"sbdapparel.lv\",\"description\":\"Latvija\",\"publisher\":{\"@id\":\"https:\\\/\\\/sbdapparel.lv\\\/#organization\"},\"potentialAction\":[{\"@type\":\"SearchAction\",\"target\":{\"@type\":\"EntryPoint\",\"urlTemplate\":\"https:\\\/\\\/sbdapparel.lv\\\/?s={search_term_string}\"},\"query-input\":{\"@type\":\"PropertyValueSpecification\",\"valueRequired\":true,\"valueName\":\"search_term_string\"}}],\"inLanguage\":\"en-US\"},{\"@type\":\"Organization\",\"@id\":\"https:\\\/\\\/sbdapparel.lv\\\/#organization\",\"name\":\"SBD Apparel LV\",\"url\":\"https:\\\/\\\/sbdapparel.lv\\\/\",\"logo\":{\"@type\":\"ImageObject\",\"inLanguage\":\"en-US\",\"@id\":\"https:\\\/\\\/sbdapparel.lv\\\/#\\\/schema\\\/logo\\\/image\\\/\",\"url\":\"https:\\\/\\\/sbdapparel.lv\\\/wp-content\\\/uploads\\\/2023\\\/07\\\/cropped-SBD_Identity_OnDark_RGB.png\",\"contentUrl\":\"https:\\\/\\\/sbdapparel.lv\\\/wp-content\\\/uploads\\\/2023\\\/07\\\/cropped-SBD_Identity_OnDark_RGB.png\",\"width\":1182,\"height\":515,\"caption\":\"SBD Apparel LV\"},\"image\":{\"@id\":\"https:\\\/\\\/sbdapparel.lv\\\/#\\\/schema\\\/logo\\\/image\\\/\"}}]}<\/script>\n<!-- \/ Yoast SEO plugin. -->","yoast_head_json":{"title":"SVARCEL\u0160ANAS SINGLET - SBD Apparel LV","robots":{"index":"index","follow":"follow","max-snippet":"max-snippet:-1","max-image-preview":"max-image-preview:large","max-video-preview":"max-video-preview:-1"},"canonical":"https:\/\/sbdapparel.lv\/en\/product\/svarcelsanas-singlet\/","og_locale":"en_US","og_type":"article","og_title":"SVARCEL\u0160ANAS SINGLET - SBD Apparel LV","og_description":"Piel\u0101gots gan v\u012brie\u0161iem, gan sieviet\u0113m, izstr\u0101d\u0101ts sadarb\u012bb\u0101 ar pasaules klases sportistiem. Izgatavots no unik\u0101liem audumiem, kas \u012bpa\u0161i izstr\u0101d\u0101ti, \u0146emot v\u0113r\u0101 svarcel\u0161anu. Kont\u016brveida pane\u013ca dizains, kas atbalsta kust\u012bbu br\u012bv\u012bbu. Pastiprin\u0101ti kr\u016b\u0161u un \u010detrst\u016bra pane\u013ci ar nodilumiztur\u012bgu Cordura\u00ae. \u0100rpuse un m\u012bkst\u0101ks iek\u0161puses audums, kas nodro\u0161ina \u0113rtu saskari ar \u0101du. Izgatavots no Meryl\u00ae, poliestera un Lycra\u00ae, lai saglab\u0101tu [&hellip;]","og_url":"https:\/\/sbdapparel.lv\/en\/product\/svarcelsanas-singlet\/","og_site_name":"SBD Apparel LV","article_modified_time":"2026-01-11T20:50:06+00:00","og_image":[{"width":2560,"height":1987,"url":"https:\/\/sbdapparel.lv\/wp-content\/uploads\/2025\/10\/Screenshot_20251021_161824_Chrome-scaled.jpg","type":"image\/jpeg"}],"twitter_card":"summary_large_image","twitter_misc":{"Est. reading time":"1 minute"},"schema":{"@context":"https:\/\/schema.org","@graph":[{"@type":"WebPage","@id":"https:\/\/sbdapparel.lv\/product\/svarcelsanas-singlet\/","url":"https:\/\/sbdapparel.lv\/product\/svarcelsanas-singlet\/","name":"SVARCEL\u0160ANAS SINGLET - SBD Apparel LV","isPartOf":{"@id":"https:\/\/sbdapparel.lv\/#website"},"primaryImageOfPage":{"@id":"https:\/\/sbdapparel.lv\/product\/svarcelsanas-singlet\/#primaryimage"},"image":{"@id":"https:\/\/sbdapparel.lv\/product\/svarcelsanas-singlet\/#primaryimage"},"thumbnailUrl":"https:\/\/sbdapparel.lv\/wp-content\/uploads\/2025\/10\/Screenshot_20251021_161824_Chrome-scaled.jpg","datePublished":"2025-10-21T13:26:25+00:00","dateModified":"2026-01-11T20:50:06+00:00","breadcrumb":{"@id":"https:\/\/sbdapparel.lv\/product\/svarcelsanas-singlet\/#breadcrumb"},"inLanguage":"en-US","potentialAction":[{"@type":"ReadAction","target":["https:\/\/sbdapparel.lv\/product\/svarcelsanas-singlet\/"]}]},{"@type":"ImageObject","inLanguage":"en-US","@id":"https:\/\/sbdapparel.lv\/product\/svarcelsanas-singlet\/#primaryimage","url":"https:\/\/sbdapparel.lv\/wp-content\/uploads\/2025\/10\/Screenshot_20251021_161824_Chrome-scaled.jpg","contentUrl":"https:\/\/sbdapparel.lv\/wp-content\/uploads\/2025\/10\/Screenshot_20251021_161824_Chrome-scaled.jpg","width":2560,"height":1987},{"@type":"BreadcrumbList","@id":"https:\/\/sbdapparel.lv\/product\/svarcelsanas-singlet\/#breadcrumb","itemListElement":[{"@type":"ListItem","position":1,"name":"Home","item":"https:\/\/sbdapparel.lv\/"},{"@type":"ListItem","position":2,"name":"Produktai","item":"https:\/\/sbdapparel.lv\/shop\/"},{"@type":"ListItem","position":3,"name":"SVARCEL\u0160ANAS SINGLET"}]},{"@type":"WebSite","@id":"https:\/\/sbdapparel.lv\/#website","url":"https:\/\/sbdapparel.lv\/","name":"sbdapparel.lv","description":"Latvija","publisher":{"@id":"https:\/\/sbdapparel.lv\/#organization"},"potentialAction":[{"@type":"SearchAction","target":{"@type":"EntryPoint","urlTemplate":"https:\/\/sbdapparel.lv\/?s={search_term_string}"},"query-input":{"@type":"PropertyValueSpecification","valueRequired":true,"valueName":"search_term_string"}}],"inLanguage":"en-US"},{"@type":"Organization","@id":"https:\/\/sbdapparel.lv\/#organization","name":"SBD Apparel LV","url":"https:\/\/sbdapparel.lv\/","logo":{"@type":"ImageObject","inLanguage":"en-US","@id":"https:\/\/sbdapparel.lv\/#\/schema\/logo\/image\/","url":"https:\/\/sbdapparel.lv\/wp-content\/uploads\/2023\/07\/cropped-SBD_Identity_OnDark_RGB.png","contentUrl":"https:\/\/sbdapparel.lv\/wp-content\/uploads\/2023\/07\/cropped-SBD_Identity_OnDark_RGB.png","width":1182,"height":515,"caption":"SBD Apparel LV"},"image":{"@id":"https:\/\/sbdapparel.lv\/#\/schema\/logo\/image\/"}}]}},"_links":{"self":[{"href":"https:\/\/sbdapparel.lv\/en\/wp-json\/wp\/v2\/product\/6013","targetHints":{"allow":["GET"]}}],"collection":[{"href":"https:\/\/sbdapparel.lv\/en\/wp-json\/wp\/v2\/product"}],"about":[{"href":"https:\/\/sbdapparel.lv\/en\/wp-json\/wp\/v2\/types\/product"}],"version-history":[{"count":3,"href":"https:\/\/sbdapparel.lv\/en\/wp-json\/wp\/v2\/product\/6013\/revisions"}],"predecessor-version":[{"id":6395,"href":"https:\/\/sbdapparel.lv\/en\/wp-json\/wp\/v2\/product\/6013\/revisions\/6395"}],"wp:featuredmedia":[{"embeddable":true,"href":"https:\/\/sbdapparel.lv\/en\/wp-json\/wp\/v2\/media\/6014"}],"wp:attachment":[{"href":"https:\/\/sbdapparel.lv\/en\/wp-json\/wp\/v2\/media?parent=6013"}],"wp:term":[{"taxonomy":"product_brand","embeddable":true,"href":"https:\/\/sbdapparel.lv\/en\/wp-json\/wp\/v2\/product_brand?post=6013"},{"taxonomy":"product_cat","embeddable":true,"href":"https:\/\/sbdapparel.lv\/en\/wp-json\/wp\/v2\/product_cat?post=6013"},{"taxonomy":"product_tag","embeddable":true,"href":"https:\/\/sbdapparel.lv\/en\/wp-json\/wp\/v2\/product_tag?post=6013"},{"taxonomy":"giftcard-category","embeddable":true,"href":"https:\/\/sbdapparel.lv\/en\/wp-json\/wp\/v2\/giftcard-category?post=6013"}],"curies":[{"name":"wp","href":"https:\/\/api.w.org\/{rel}","templated":true}]}}