{"id":5830,"date":"2025-05-28T19:07:15","date_gmt":"2025-05-28T17:07:15","guid":{"rendered":"https:\/\/sbdapparel.lv\/?post_type=product&#038;p=5830"},"modified":"2026-04-17T17:32:04","modified_gmt":"2026-04-17T15:32:04","slug":"aspire-elkonu-ortozes","status":"publish","type":"product","link":"https:\/\/sbdapparel.lv\/en\/product\/aspire-elkonu-ortozes\/","title":{"rendered":"ASPIRE ELKO\u0145U ORTOZES"},"content":{"rendered":"","protected":false},"excerpt":{"rendered":"<p>Manufactured with high grade neoprene these elbow sleeves are designed to provide maximal support and compression for heavy training, while also ensuring the elbow is free to move easily, preserving range of motion.<\/p>\n<p>The sleeves combine the high grade neoprene used in our knee sleeves with a thinner interior panel, ideal for pulling and pressing motions.<\/p>\n<p>Aspire ir ierobe\u017eota izdevuma kolekcija, kurai ir t\u0101das pa\u0161as funkcijas un kas ir izgatavota saska\u0146\u0101 ar t\u0101diem pa\u0161iem augstiem standartiem k\u0101 m\u016bsu klasisk\u0101 produktu l\u012bnija.<\/p>\n<p>Sold as a pair.<br \/>\nCombines a 5mm interior panel for freedom of movement and a 7mm exterior panel for maximum joint support.<br \/>\nUpgraded reinforced seam construction to maximize longevity.<br \/>\nAntimicrobial treatment minimizes the build up in bacteria and reduces odor.<br \/>\nMade in Sheffield, Great Britain.<\/p>","protected":false},"featured_media":5838,"template":"","meta":[],"product_brand":[],"product_cat":[72,44],"product_tag":[],"giftcard-category":[],"class_list":{"0":"post-5830","1":"product","2":"type-product","3":"status-publish","4":"has-post-thumbnail","6":"product_cat-aspire","7":"product_cat-alkuniuitvarai","10":"instock","11":"shipping-taxable","12":"purchasable","13":"product-type-variable","14":"product-grid-view"},"yoast_head":"<!-- This site is optimized with the Yoast SEO plugin v27.4 - https:\/\/yoast.com\/product\/yoast-seo-wordpress\/ -->\n<title>ASPIRE ELKO\u0145U ORTOZES - SBD Apparel LV<\/title>\n<meta name=\"robots\" content=\"index, follow, max-snippet:-1, max-image-preview:large, max-video-preview:-1\" \/>\n<link rel=\"canonical\" href=\"https:\/\/sbdapparel.lv\/en\/product\/aspire-elkonu-ortozes\/\" \/>\n<meta property=\"og:locale\" content=\"en_US\" \/>\n<meta property=\"og:type\" content=\"article\" \/>\n<meta property=\"og:title\" content=\"ASPIRE ELKO\u0145U ORTOZES - SBD Apparel LV\" \/>\n<meta property=\"og:description\" content=\"Izgatavotas no augstas kvalit\u0101tes neopr\u0113na, \u0161\u012bs elko\u0146a stiprin\u0101jumi ir paredz\u0113ti, lai nodro\u0161in\u0101tu maksim\u0101lu atbalstu un saspie\u0161anu smagu treni\u0146u laik\u0101, vienlaikus nodro\u0161inot, ka elkonis var viegli kust\u0113ties, saglab\u0101jot kust\u012bbu diapazonu.  \u0160\u012bs breketes apvieno augstas kvalit\u0101tes neopr\u0113nu, ko izmanto m\u016bsu ce\u013cgalu lenc\u0113s, ar pl\u0101n\u0101ku iek\u0161\u0113jo pusi, kas ir ide\u0101li piem\u0113rota stiep\u0161anai un saspie\u0161anai.  Aspire ir ierobe\u017eota izdevuma kolekcija, kurai ir t\u0101das pa\u0161as funkcijas un kas ir izgatavota saska\u0146\u0101 ar t\u0101diem pa\u0161iem augstiem standartiem k\u0101 m\u016bsu klasisk\u0101 produktu l\u012bnija.  P\u0101rdots k\u0101 p\u0101ris. Apvieno 5 mm iek\u0161\u0113jo malu p\u0101rvieto\u0161an\u0101s br\u012bv\u012bbai un 7 mm \u0101r\u0113jo malu maksim\u0101lam loc\u012btavas atbalstam. Atjaunin\u0101ta pastiprin\u0101ta \u0161uvju konstrukcija, lai palielin\u0101tu iztur\u012bbu. Antimikrobi\u0101l\u0101 virsma samazina bakt\u0113riju uzkr\u0101\u0161anos un samazina smaku. Ra\u017eots \u0160ef\u012bld\u0101, Lielbrit\u0101nij\u0101.\" \/>\n<meta property=\"og:url\" content=\"https:\/\/sbdapparel.lv\/en\/product\/aspire-elkonu-ortozes\/\" \/>\n<meta property=\"og:site_name\" content=\"SBD Apparel LV\" \/>\n<meta property=\"article:modified_time\" content=\"2026-04-17T15:32:04+00:00\" \/>\n<meta property=\"og:image\" content=\"https:\/\/sbdapparel.lv\/wp-content\/uploads\/2025\/05\/Elbow-Sleeves-04-1024x1024.jpg\" \/>\n\t<meta property=\"og:image:width\" content=\"1024\" \/>\n\t<meta property=\"og:image:height\" content=\"1024\" \/>\n\t<meta property=\"og:image:type\" content=\"image\/jpeg\" \/>\n<meta name=\"twitter:card\" content=\"summary_large_image\" \/>\n<script type=\"application\/ld+json\" class=\"yoast-schema-graph\">{\"@context\":\"https:\\\/\\\/schema.org\",\"@graph\":[{\"@type\":\"WebPage\",\"@id\":\"https:\\\/\\\/sbdapparel.lv\\\/product\\\/aspire-elkonu-ortozes\\\/\",\"url\":\"https:\\\/\\\/sbdapparel.lv\\\/product\\\/aspire-elkonu-ortozes\\\/\",\"name\":\"ASPIRE ELKO\u0145U ORTOZES - SBD Apparel LV\",\"isPartOf\":{\"@id\":\"https:\\\/\\\/sbdapparel.lv\\\/#website\"},\"primaryImageOfPage\":{\"@id\":\"https:\\\/\\\/sbdapparel.lv\\\/product\\\/aspire-elkonu-ortozes\\\/#primaryimage\"},\"image\":{\"@id\":\"https:\\\/\\\/sbdapparel.lv\\\/product\\\/aspire-elkonu-ortozes\\\/#primaryimage\"},\"thumbnailUrl\":\"https:\\\/\\\/sbdapparel.lv\\\/wp-content\\\/uploads\\\/2025\\\/05\\\/Elbow-Sleeves-04.jpg\",\"datePublished\":\"2025-05-28T17:07:15+00:00\",\"dateModified\":\"2026-04-17T15:32:04+00:00\",\"breadcrumb\":{\"@id\":\"https:\\\/\\\/sbdapparel.lv\\\/product\\\/aspire-elkonu-ortozes\\\/#breadcrumb\"},\"inLanguage\":\"en-US\",\"potentialAction\":[{\"@type\":\"ReadAction\",\"target\":[\"https:\\\/\\\/sbdapparel.lv\\\/product\\\/aspire-elkonu-ortozes\\\/\"]}]},{\"@type\":\"ImageObject\",\"inLanguage\":\"en-US\",\"@id\":\"https:\\\/\\\/sbdapparel.lv\\\/product\\\/aspire-elkonu-ortozes\\\/#primaryimage\",\"url\":\"https:\\\/\\\/sbdapparel.lv\\\/wp-content\\\/uploads\\\/2025\\\/05\\\/Elbow-Sleeves-04.jpg\",\"contentUrl\":\"https:\\\/\\\/sbdapparel.lv\\\/wp-content\\\/uploads\\\/2025\\\/05\\\/Elbow-Sleeves-04.jpg\",\"width\":2048,\"height\":2048},{\"@type\":\"BreadcrumbList\",\"@id\":\"https:\\\/\\\/sbdapparel.lv\\\/product\\\/aspire-elkonu-ortozes\\\/#breadcrumb\",\"itemListElement\":[{\"@type\":\"ListItem\",\"position\":1,\"name\":\"Home\",\"item\":\"https:\\\/\\\/sbdapparel.lv\\\/\"},{\"@type\":\"ListItem\",\"position\":2,\"name\":\"Produktai\",\"item\":\"https:\\\/\\\/sbdapparel.lv\\\/shop\\\/\"},{\"@type\":\"ListItem\",\"position\":3,\"name\":\"ASPIRE ELKO\u0145U ORTOZES\"}]},{\"@type\":\"WebSite\",\"@id\":\"https:\\\/\\\/sbdapparel.lv\\\/#website\",\"url\":\"https:\\\/\\\/sbdapparel.lv\\\/\",\"name\":\"sbdapparel.lv\",\"description\":\"Latvija\",\"publisher\":{\"@id\":\"https:\\\/\\\/sbdapparel.lv\\\/#organization\"},\"potentialAction\":[{\"@type\":\"SearchAction\",\"target\":{\"@type\":\"EntryPoint\",\"urlTemplate\":\"https:\\\/\\\/sbdapparel.lv\\\/?s={search_term_string}\"},\"query-input\":{\"@type\":\"PropertyValueSpecification\",\"valueRequired\":true,\"valueName\":\"search_term_string\"}}],\"inLanguage\":\"en-US\"},{\"@type\":\"Organization\",\"@id\":\"https:\\\/\\\/sbdapparel.lv\\\/#organization\",\"name\":\"SBD Apparel LV\",\"url\":\"https:\\\/\\\/sbdapparel.lv\\\/\",\"logo\":{\"@type\":\"ImageObject\",\"inLanguage\":\"en-US\",\"@id\":\"https:\\\/\\\/sbdapparel.lv\\\/#\\\/schema\\\/logo\\\/image\\\/\",\"url\":\"https:\\\/\\\/sbdapparel.lv\\\/wp-content\\\/uploads\\\/2023\\\/07\\\/cropped-SBD_Identity_OnDark_RGB.png\",\"contentUrl\":\"https:\\\/\\\/sbdapparel.lv\\\/wp-content\\\/uploads\\\/2023\\\/07\\\/cropped-SBD_Identity_OnDark_RGB.png\",\"width\":1182,\"height\":515,\"caption\":\"SBD Apparel LV\"},\"image\":{\"@id\":\"https:\\\/\\\/sbdapparel.lv\\\/#\\\/schema\\\/logo\\\/image\\\/\"}}]}<\/script>\n<!-- \/ Yoast SEO plugin. -->","yoast_head_json":{"title":"ASPIRE ELKO\u0145U ORTOZES - SBD Apparel LV","robots":{"index":"index","follow":"follow","max-snippet":"max-snippet:-1","max-image-preview":"max-image-preview:large","max-video-preview":"max-video-preview:-1"},"canonical":"https:\/\/sbdapparel.lv\/en\/product\/aspire-elkonu-ortozes\/","og_locale":"en_US","og_type":"article","og_title":"ASPIRE ELKO\u0145U ORTOZES - SBD Apparel LV","og_description":"Izgatavotas no augstas kvalit\u0101tes neopr\u0113na, \u0161\u012bs elko\u0146a stiprin\u0101jumi ir paredz\u0113ti, lai nodro\u0161in\u0101tu maksim\u0101lu atbalstu un saspie\u0161anu smagu treni\u0146u laik\u0101, vienlaikus nodro\u0161inot, ka elkonis var viegli kust\u0113ties, saglab\u0101jot kust\u012bbu diapazonu.  \u0160\u012bs breketes apvieno augstas kvalit\u0101tes neopr\u0113nu, ko izmanto m\u016bsu ce\u013cgalu lenc\u0113s, ar pl\u0101n\u0101ku iek\u0161\u0113jo pusi, kas ir ide\u0101li piem\u0113rota stiep\u0161anai un saspie\u0161anai.  Aspire ir ierobe\u017eota izdevuma kolekcija, kurai ir t\u0101das pa\u0161as funkcijas un kas ir izgatavota saska\u0146\u0101 ar t\u0101diem pa\u0161iem augstiem standartiem k\u0101 m\u016bsu klasisk\u0101 produktu l\u012bnija.  P\u0101rdots k\u0101 p\u0101ris. Apvieno 5 mm iek\u0161\u0113jo malu p\u0101rvieto\u0161an\u0101s br\u012bv\u012bbai un 7 mm \u0101r\u0113jo malu maksim\u0101lam loc\u012btavas atbalstam. Atjaunin\u0101ta pastiprin\u0101ta \u0161uvju konstrukcija, lai palielin\u0101tu iztur\u012bbu. Antimikrobi\u0101l\u0101 virsma samazina bakt\u0113riju uzkr\u0101\u0161anos un samazina smaku. Ra\u017eots \u0160ef\u012bld\u0101, Lielbrit\u0101nij\u0101.","og_url":"https:\/\/sbdapparel.lv\/en\/product\/aspire-elkonu-ortozes\/","og_site_name":"SBD Apparel LV","article_modified_time":"2026-04-17T15:32:04+00:00","og_image":[{"width":1024,"height":1024,"url":"https:\/\/sbdapparel.lv\/wp-content\/uploads\/2025\/05\/Elbow-Sleeves-04-1024x1024.jpg","type":"image\/jpeg"}],"twitter_card":"summary_large_image","schema":{"@context":"https:\/\/schema.org","@graph":[{"@type":"WebPage","@id":"https:\/\/sbdapparel.lv\/product\/aspire-elkonu-ortozes\/","url":"https:\/\/sbdapparel.lv\/product\/aspire-elkonu-ortozes\/","name":"ASPIRE ELKO\u0145U ORTOZES - SBD Apparel LV","isPartOf":{"@id":"https:\/\/sbdapparel.lv\/#website"},"primaryImageOfPage":{"@id":"https:\/\/sbdapparel.lv\/product\/aspire-elkonu-ortozes\/#primaryimage"},"image":{"@id":"https:\/\/sbdapparel.lv\/product\/aspire-elkonu-ortozes\/#primaryimage"},"thumbnailUrl":"https:\/\/sbdapparel.lv\/wp-content\/uploads\/2025\/05\/Elbow-Sleeves-04.jpg","datePublished":"2025-05-28T17:07:15+00:00","dateModified":"2026-04-17T15:32:04+00:00","breadcrumb":{"@id":"https:\/\/sbdapparel.lv\/product\/aspire-elkonu-ortozes\/#breadcrumb"},"inLanguage":"en-US","potentialAction":[{"@type":"ReadAction","target":["https:\/\/sbdapparel.lv\/product\/aspire-elkonu-ortozes\/"]}]},{"@type":"ImageObject","inLanguage":"en-US","@id":"https:\/\/sbdapparel.lv\/product\/aspire-elkonu-ortozes\/#primaryimage","url":"https:\/\/sbdapparel.lv\/wp-content\/uploads\/2025\/05\/Elbow-Sleeves-04.jpg","contentUrl":"https:\/\/sbdapparel.lv\/wp-content\/uploads\/2025\/05\/Elbow-Sleeves-04.jpg","width":2048,"height":2048},{"@type":"BreadcrumbList","@id":"https:\/\/sbdapparel.lv\/product\/aspire-elkonu-ortozes\/#breadcrumb","itemListElement":[{"@type":"ListItem","position":1,"name":"Home","item":"https:\/\/sbdapparel.lv\/"},{"@type":"ListItem","position":2,"name":"Produktai","item":"https:\/\/sbdapparel.lv\/shop\/"},{"@type":"ListItem","position":3,"name":"ASPIRE ELKO\u0145U ORTOZES"}]},{"@type":"WebSite","@id":"https:\/\/sbdapparel.lv\/#website","url":"https:\/\/sbdapparel.lv\/","name":"sbdapparel.lv","description":"Latvija","publisher":{"@id":"https:\/\/sbdapparel.lv\/#organization"},"potentialAction":[{"@type":"SearchAction","target":{"@type":"EntryPoint","urlTemplate":"https:\/\/sbdapparel.lv\/?s={search_term_string}"},"query-input":{"@type":"PropertyValueSpecification","valueRequired":true,"valueName":"search_term_string"}}],"inLanguage":"en-US"},{"@type":"Organization","@id":"https:\/\/sbdapparel.lv\/#organization","name":"SBD Apparel LV","url":"https:\/\/sbdapparel.lv\/","logo":{"@type":"ImageObject","inLanguage":"en-US","@id":"https:\/\/sbdapparel.lv\/#\/schema\/logo\/image\/","url":"https:\/\/sbdapparel.lv\/wp-content\/uploads\/2023\/07\/cropped-SBD_Identity_OnDark_RGB.png","contentUrl":"https:\/\/sbdapparel.lv\/wp-content\/uploads\/2023\/07\/cropped-SBD_Identity_OnDark_RGB.png","width":1182,"height":515,"caption":"SBD Apparel LV"},"image":{"@id":"https:\/\/sbdapparel.lv\/#\/schema\/logo\/image\/"}}]}},"_links":{"self":[{"href":"https:\/\/sbdapparel.lv\/en\/wp-json\/wp\/v2\/product\/5830","targetHints":{"allow":["GET"]}}],"collection":[{"href":"https:\/\/sbdapparel.lv\/en\/wp-json\/wp\/v2\/product"}],"about":[{"href":"https:\/\/sbdapparel.lv\/en\/wp-json\/wp\/v2\/types\/product"}],"version-history":[{"count":2,"href":"https:\/\/sbdapparel.lv\/en\/wp-json\/wp\/v2\/product\/5830\/revisions"}],"predecessor-version":[{"id":5885,"href":"https:\/\/sbdapparel.lv\/en\/wp-json\/wp\/v2\/product\/5830\/revisions\/5885"}],"wp:featuredmedia":[{"embeddable":true,"href":"https:\/\/sbdapparel.lv\/en\/wp-json\/wp\/v2\/media\/5838"}],"wp:attachment":[{"href":"https:\/\/sbdapparel.lv\/en\/wp-json\/wp\/v2\/media?parent=5830"}],"wp:term":[{"taxonomy":"product_brand","embeddable":true,"href":"https:\/\/sbdapparel.lv\/en\/wp-json\/wp\/v2\/product_brand?post=5830"},{"taxonomy":"product_cat","embeddable":true,"href":"https:\/\/sbdapparel.lv\/en\/wp-json\/wp\/v2\/product_cat?post=5830"},{"taxonomy":"product_tag","embeddable":true,"href":"https:\/\/sbdapparel.lv\/en\/wp-json\/wp\/v2\/product_tag?post=5830"},{"taxonomy":"giftcard-category","embeddable":true,"href":"https:\/\/sbdapparel.lv\/en\/wp-json\/wp\/v2\/giftcard-category?post=5830"}],"curies":[{"name":"wp","href":"https:\/\/api.w.org\/{rel}","templated":true}]}}