{"id":5675,"date":"2025-05-28T13:31:58","date_gmt":"2025-05-28T11:31:58","guid":{"rendered":"https:\/\/sbdapparel.lv\/?post_type=product&#038;p=5675"},"modified":"2025-11-09T12:21:41","modified_gmt":"2025-11-09T10:21:41","slug":"asdpire-dzemperis","status":"publish","type":"product","link":"https:\/\/sbdapparel.lv\/en\/product\/asdpire-dzemperis\/","title":{"rendered":"ASPIRE D\u017dEMPERIS"},"content":{"rendered":"","protected":false},"excerpt":{"rendered":"<p id=\"tw-target-text\" class=\"tw-data-text tw-text-large tw-ta\" dir=\"ltr\" data-placeholder=\"Vertimas\" data-ved=\"2ahUKEwj0-8fRv8mNAxUOSPEDHbhSJcwQ3ewLegQICRAV\" aria-label=\"I\u0161verstas tekstas: Viegla 100% kokvilnas kapuce ar atlaidi piegu\u013co\u0161iem pleciem un tr\u012bs pane\u013cu kapuci. Apdarin\u0101ts ar lielu apdruku aizmugur\u0113, firmas r\u0101v\u0113jsl\u0113dz\u0113ja aizvilk\u0161anu un auklas galiem. Viegls 100% kokvilnas cilpa (240 GSM).Atviegloti pleci, kas piem\u0113roti neform\u0101l\u0101kam stilam.Liela apdruka aizmugur\u0113.Z\u012bmola r\u0101v\u0113jsl\u0113dz\u0113ja vilk\u0161ana un auklas gali.Ra\u017eots \u0160ef\u012bld\u0101, Lielbrit\u0101nij\u0101.\"><span class=\"Y2IQFc\" lang=\"lv\">Viegla 100% kokvilnas kapuce ar atlaidi piegu\u013co\u0161iem pleciem un tr\u012bs pane\u013cu kapuci. Apdarin\u0101ts ar lielu apdruku aizmugur\u0113, firmas r\u0101v\u0113jsl\u0113dz\u0113ja aizvilk\u0161anu un auklas galiem. Viegls 100% kokvilnas cilpa (240 GSM).<\/span><\/p>\n<p id=\"tw-target-text\" class=\"tw-data-text tw-text-large tw-ta\" dir=\"ltr\" data-placeholder=\"Vertimas\" data-ved=\"2ahUKEwj0-8fRv8mNAxUOSPEDHbhSJcwQ3ewLegQICRAV\" aria-label=\"I\u0161verstas tekstas: Viegla 100% kokvilnas kapuce ar atlaidi piegu\u013co\u0161iem pleciem un tr\u012bs pane\u013cu kapuci. Apdarin\u0101ts ar lielu apdruku aizmugur\u0113, firmas r\u0101v\u0113jsl\u0113dz\u0113ja aizvilk\u0161anu un auklas galiem. Viegls 100% kokvilnas cilpa (240 GSM).Atviegloti pleci, kas piem\u0113roti neform\u0101l\u0101kam stilam.Liela apdruka aizmugur\u0113.Z\u012bmola r\u0101v\u0113jsl\u0113dz\u0113ja vilk\u0161ana un auklas gali.Ra\u017eots \u0160ef\u012bld\u0101, Lielbrit\u0101nij\u0101.\"><span class=\"Y2IQFc\" lang=\"lv\">Atviegloti pleci, kas piem\u0113roti neform\u0101l\u0101kam stilam. Liela apdruka aizmugur\u0113. Z\u012bmola r\u0101v\u0113jsl\u0113dz\u0113ja vilk\u0161ana un auklas gali. Ra\u017eots \u0160ef\u012bld\u0101, Lielbrit\u0101nij\u0101.<\/span><\/p>","protected":false},"featured_media":5685,"template":"","meta":[],"product_brand":[],"product_cat":[72,69],"product_tag":[],"giftcard-category":[],"class_list":{"0":"post-5675","1":"product","2":"type-product","3":"status-publish","4":"has-post-thumbnail","6":"product_cat-aspire","7":"product_cat-dzemperi","10":"instock","11":"shipping-taxable","12":"purchasable","13":"product-type-variable","14":"product-grid-view"},"yoast_head":"<!-- This site is optimized with the Yoast SEO plugin v27.4 - https:\/\/yoast.com\/product\/yoast-seo-wordpress\/ -->\n<title>ASPIRE D\u017dEMPERIS - SBD Apparel LV<\/title>\n<meta name=\"robots\" content=\"index, follow, max-snippet:-1, max-image-preview:large, max-video-preview:-1\" \/>\n<link rel=\"canonical\" href=\"https:\/\/sbdapparel.lv\/en\/product\/asdpire-dzemperis\/\" \/>\n<meta property=\"og:locale\" content=\"en_US\" \/>\n<meta property=\"og:type\" content=\"article\" \/>\n<meta property=\"og:title\" content=\"ASPIRE D\u017dEMPERIS - SBD Apparel LV\" \/>\n<meta property=\"og:description\" content=\"Viegla 100% kokvilnas kapuce ar atlaidi piegu\u013co\u0161iem pleciem un tr\u012bs pane\u013cu kapuci. Apdarin\u0101ts ar lielu apdruku aizmugur\u0113, firmas r\u0101v\u0113jsl\u0113dz\u0113ja aizvilk\u0161anu un auklas galiem. Viegls 100% kokvilnas cilpa (240 GSM). Atviegloti pleci, kas piem\u0113roti neform\u0101l\u0101kam stilam. Liela apdruka aizmugur\u0113. Z\u012bmola r\u0101v\u0113jsl\u0113dz\u0113ja vilk\u0161ana un auklas gali. Ra\u017eots \u0160ef\u012bld\u0101, Lielbrit\u0101nij\u0101.\" \/>\n<meta property=\"og:url\" content=\"https:\/\/sbdapparel.lv\/en\/product\/asdpire-dzemperis\/\" \/>\n<meta property=\"og:site_name\" content=\"SBD Apparel LV\" \/>\n<meta property=\"article:modified_time\" content=\"2025-11-09T10:21:41+00:00\" \/>\n<meta property=\"og:image\" content=\"https:\/\/sbdapparel.lv\/wp-content\/uploads\/2025\/05\/Zip-Hoodie-01-1024x1024.jpg\" \/>\n\t<meta property=\"og:image:width\" content=\"1024\" \/>\n\t<meta property=\"og:image:height\" content=\"1024\" \/>\n\t<meta property=\"og:image:type\" content=\"image\/jpeg\" \/>\n<meta name=\"twitter:card\" content=\"summary_large_image\" \/>\n<script type=\"application\/ld+json\" class=\"yoast-schema-graph\">{\"@context\":\"https:\\\/\\\/schema.org\",\"@graph\":[{\"@type\":\"WebPage\",\"@id\":\"https:\\\/\\\/sbdapparel.lv\\\/product\\\/asdpire-dzemperis\\\/\",\"url\":\"https:\\\/\\\/sbdapparel.lv\\\/product\\\/asdpire-dzemperis\\\/\",\"name\":\"ASPIRE D\u017dEMPERIS - SBD Apparel LV\",\"isPartOf\":{\"@id\":\"https:\\\/\\\/sbdapparel.lv\\\/#website\"},\"primaryImageOfPage\":{\"@id\":\"https:\\\/\\\/sbdapparel.lv\\\/product\\\/asdpire-dzemperis\\\/#primaryimage\"},\"image\":{\"@id\":\"https:\\\/\\\/sbdapparel.lv\\\/product\\\/asdpire-dzemperis\\\/#primaryimage\"},\"thumbnailUrl\":\"https:\\\/\\\/sbdapparel.lv\\\/wp-content\\\/uploads\\\/2025\\\/05\\\/Zip-Hoodie-01.jpg\",\"datePublished\":\"2025-05-28T11:31:58+00:00\",\"dateModified\":\"2025-11-09T10:21:41+00:00\",\"breadcrumb\":{\"@id\":\"https:\\\/\\\/sbdapparel.lv\\\/product\\\/asdpire-dzemperis\\\/#breadcrumb\"},\"inLanguage\":\"en-US\",\"potentialAction\":[{\"@type\":\"ReadAction\",\"target\":[\"https:\\\/\\\/sbdapparel.lv\\\/product\\\/asdpire-dzemperis\\\/\"]}]},{\"@type\":\"ImageObject\",\"inLanguage\":\"en-US\",\"@id\":\"https:\\\/\\\/sbdapparel.lv\\\/product\\\/asdpire-dzemperis\\\/#primaryimage\",\"url\":\"https:\\\/\\\/sbdapparel.lv\\\/wp-content\\\/uploads\\\/2025\\\/05\\\/Zip-Hoodie-01.jpg\",\"contentUrl\":\"https:\\\/\\\/sbdapparel.lv\\\/wp-content\\\/uploads\\\/2025\\\/05\\\/Zip-Hoodie-01.jpg\",\"width\":2048,\"height\":2048},{\"@type\":\"BreadcrumbList\",\"@id\":\"https:\\\/\\\/sbdapparel.lv\\\/product\\\/asdpire-dzemperis\\\/#breadcrumb\",\"itemListElement\":[{\"@type\":\"ListItem\",\"position\":1,\"name\":\"Home\",\"item\":\"https:\\\/\\\/sbdapparel.lv\\\/\"},{\"@type\":\"ListItem\",\"position\":2,\"name\":\"Produktai\",\"item\":\"https:\\\/\\\/sbdapparel.lv\\\/shop\\\/\"},{\"@type\":\"ListItem\",\"position\":3,\"name\":\"ASPIRE D\u017dEMPERIS\"}]},{\"@type\":\"WebSite\",\"@id\":\"https:\\\/\\\/sbdapparel.lv\\\/#website\",\"url\":\"https:\\\/\\\/sbdapparel.lv\\\/\",\"name\":\"sbdapparel.lv\",\"description\":\"Latvija\",\"publisher\":{\"@id\":\"https:\\\/\\\/sbdapparel.lv\\\/#organization\"},\"potentialAction\":[{\"@type\":\"SearchAction\",\"target\":{\"@type\":\"EntryPoint\",\"urlTemplate\":\"https:\\\/\\\/sbdapparel.lv\\\/?s={search_term_string}\"},\"query-input\":{\"@type\":\"PropertyValueSpecification\",\"valueRequired\":true,\"valueName\":\"search_term_string\"}}],\"inLanguage\":\"en-US\"},{\"@type\":\"Organization\",\"@id\":\"https:\\\/\\\/sbdapparel.lv\\\/#organization\",\"name\":\"SBD Apparel LV\",\"url\":\"https:\\\/\\\/sbdapparel.lv\\\/\",\"logo\":{\"@type\":\"ImageObject\",\"inLanguage\":\"en-US\",\"@id\":\"https:\\\/\\\/sbdapparel.lv\\\/#\\\/schema\\\/logo\\\/image\\\/\",\"url\":\"https:\\\/\\\/sbdapparel.lv\\\/wp-content\\\/uploads\\\/2023\\\/07\\\/cropped-SBD_Identity_OnDark_RGB.png\",\"contentUrl\":\"https:\\\/\\\/sbdapparel.lv\\\/wp-content\\\/uploads\\\/2023\\\/07\\\/cropped-SBD_Identity_OnDark_RGB.png\",\"width\":1182,\"height\":515,\"caption\":\"SBD Apparel LV\"},\"image\":{\"@id\":\"https:\\\/\\\/sbdapparel.lv\\\/#\\\/schema\\\/logo\\\/image\\\/\"}}]}<\/script>\n<!-- \/ Yoast SEO plugin. -->","yoast_head_json":{"title":"ASPIRE D\u017dEMPERIS - SBD Apparel LV","robots":{"index":"index","follow":"follow","max-snippet":"max-snippet:-1","max-image-preview":"max-image-preview:large","max-video-preview":"max-video-preview:-1"},"canonical":"https:\/\/sbdapparel.lv\/en\/product\/asdpire-dzemperis\/","og_locale":"en_US","og_type":"article","og_title":"ASPIRE D\u017dEMPERIS - SBD Apparel LV","og_description":"Viegla 100% kokvilnas kapuce ar atlaidi piegu\u013co\u0161iem pleciem un tr\u012bs pane\u013cu kapuci. Apdarin\u0101ts ar lielu apdruku aizmugur\u0113, firmas r\u0101v\u0113jsl\u0113dz\u0113ja aizvilk\u0161anu un auklas galiem. Viegls 100% kokvilnas cilpa (240 GSM). Atviegloti pleci, kas piem\u0113roti neform\u0101l\u0101kam stilam. Liela apdruka aizmugur\u0113. Z\u012bmola r\u0101v\u0113jsl\u0113dz\u0113ja vilk\u0161ana un auklas gali. Ra\u017eots \u0160ef\u012bld\u0101, Lielbrit\u0101nij\u0101.","og_url":"https:\/\/sbdapparel.lv\/en\/product\/asdpire-dzemperis\/","og_site_name":"SBD Apparel LV","article_modified_time":"2025-11-09T10:21:41+00:00","og_image":[{"width":1024,"height":1024,"url":"https:\/\/sbdapparel.lv\/wp-content\/uploads\/2025\/05\/Zip-Hoodie-01-1024x1024.jpg","type":"image\/jpeg"}],"twitter_card":"summary_large_image","schema":{"@context":"https:\/\/schema.org","@graph":[{"@type":"WebPage","@id":"https:\/\/sbdapparel.lv\/product\/asdpire-dzemperis\/","url":"https:\/\/sbdapparel.lv\/product\/asdpire-dzemperis\/","name":"ASPIRE D\u017dEMPERIS - SBD Apparel LV","isPartOf":{"@id":"https:\/\/sbdapparel.lv\/#website"},"primaryImageOfPage":{"@id":"https:\/\/sbdapparel.lv\/product\/asdpire-dzemperis\/#primaryimage"},"image":{"@id":"https:\/\/sbdapparel.lv\/product\/asdpire-dzemperis\/#primaryimage"},"thumbnailUrl":"https:\/\/sbdapparel.lv\/wp-content\/uploads\/2025\/05\/Zip-Hoodie-01.jpg","datePublished":"2025-05-28T11:31:58+00:00","dateModified":"2025-11-09T10:21:41+00:00","breadcrumb":{"@id":"https:\/\/sbdapparel.lv\/product\/asdpire-dzemperis\/#breadcrumb"},"inLanguage":"en-US","potentialAction":[{"@type":"ReadAction","target":["https:\/\/sbdapparel.lv\/product\/asdpire-dzemperis\/"]}]},{"@type":"ImageObject","inLanguage":"en-US","@id":"https:\/\/sbdapparel.lv\/product\/asdpire-dzemperis\/#primaryimage","url":"https:\/\/sbdapparel.lv\/wp-content\/uploads\/2025\/05\/Zip-Hoodie-01.jpg","contentUrl":"https:\/\/sbdapparel.lv\/wp-content\/uploads\/2025\/05\/Zip-Hoodie-01.jpg","width":2048,"height":2048},{"@type":"BreadcrumbList","@id":"https:\/\/sbdapparel.lv\/product\/asdpire-dzemperis\/#breadcrumb","itemListElement":[{"@type":"ListItem","position":1,"name":"Home","item":"https:\/\/sbdapparel.lv\/"},{"@type":"ListItem","position":2,"name":"Produktai","item":"https:\/\/sbdapparel.lv\/shop\/"},{"@type":"ListItem","position":3,"name":"ASPIRE D\u017dEMPERIS"}]},{"@type":"WebSite","@id":"https:\/\/sbdapparel.lv\/#website","url":"https:\/\/sbdapparel.lv\/","name":"sbdapparel.lv","description":"Latvija","publisher":{"@id":"https:\/\/sbdapparel.lv\/#organization"},"potentialAction":[{"@type":"SearchAction","target":{"@type":"EntryPoint","urlTemplate":"https:\/\/sbdapparel.lv\/?s={search_term_string}"},"query-input":{"@type":"PropertyValueSpecification","valueRequired":true,"valueName":"search_term_string"}}],"inLanguage":"en-US"},{"@type":"Organization","@id":"https:\/\/sbdapparel.lv\/#organization","name":"SBD Apparel LV","url":"https:\/\/sbdapparel.lv\/","logo":{"@type":"ImageObject","inLanguage":"en-US","@id":"https:\/\/sbdapparel.lv\/#\/schema\/logo\/image\/","url":"https:\/\/sbdapparel.lv\/wp-content\/uploads\/2023\/07\/cropped-SBD_Identity_OnDark_RGB.png","contentUrl":"https:\/\/sbdapparel.lv\/wp-content\/uploads\/2023\/07\/cropped-SBD_Identity_OnDark_RGB.png","width":1182,"height":515,"caption":"SBD Apparel LV"},"image":{"@id":"https:\/\/sbdapparel.lv\/#\/schema\/logo\/image\/"}}]}},"_links":{"self":[{"href":"https:\/\/sbdapparel.lv\/en\/wp-json\/wp\/v2\/product\/5675","targetHints":{"allow":["GET"]}}],"collection":[{"href":"https:\/\/sbdapparel.lv\/en\/wp-json\/wp\/v2\/product"}],"about":[{"href":"https:\/\/sbdapparel.lv\/en\/wp-json\/wp\/v2\/types\/product"}],"version-history":[{"count":3,"href":"https:\/\/sbdapparel.lv\/en\/wp-json\/wp\/v2\/product\/5675\/revisions"}],"predecessor-version":[{"id":5891,"href":"https:\/\/sbdapparel.lv\/en\/wp-json\/wp\/v2\/product\/5675\/revisions\/5891"}],"wp:featuredmedia":[{"embeddable":true,"href":"https:\/\/sbdapparel.lv\/en\/wp-json\/wp\/v2\/media\/5685"}],"wp:attachment":[{"href":"https:\/\/sbdapparel.lv\/en\/wp-json\/wp\/v2\/media?parent=5675"}],"wp:term":[{"taxonomy":"product_brand","embeddable":true,"href":"https:\/\/sbdapparel.lv\/en\/wp-json\/wp\/v2\/product_brand?post=5675"},{"taxonomy":"product_cat","embeddable":true,"href":"https:\/\/sbdapparel.lv\/en\/wp-json\/wp\/v2\/product_cat?post=5675"},{"taxonomy":"product_tag","embeddable":true,"href":"https:\/\/sbdapparel.lv\/en\/wp-json\/wp\/v2\/product_tag?post=5675"},{"taxonomy":"giftcard-category","embeddable":true,"href":"https:\/\/sbdapparel.lv\/en\/wp-json\/wp\/v2\/giftcard-category?post=5675"}],"curies":[{"name":"wp","href":"https:\/\/api.w.org\/{rel}","templated":true}]}}