{"id":5653,"date":"2025-05-28T13:19:53","date_gmt":"2025-05-28T11:19:53","guid":{"rendered":"https:\/\/sbdapparel.lv\/?post_type=product&#038;p=5653"},"modified":"2025-05-29T22:18:20","modified_gmt":"2025-05-29T20:18:20","slug":"aspire-sorti-sievietem","status":"publish","type":"product","link":"https:\/\/sbdapparel.lv\/en\/product\/aspire-sorti-sievietem\/","title":{"rendered":"ASPIRE TRENINU \u0160ORTI SIEVIET\u0112M"},"content":{"rendered":"<p>x<\/p>","protected":false},"excerpt":{"rendered":"<p id=\"tw-target-text\" class=\"tw-data-text tw-text-large tw-ta\" dir=\"ltr\" data-placeholder=\"Vertimas\" data-ved=\"2ahUKEwj0-8fRv8mNAxUOSPEDHbhSJcwQ3ewLegQICRAV\" aria-label=\"I\u0161verstas tekstas: Izstr\u0101d\u0101ts priek\u0161nesumam ar \u012bpa\u0161i augstu, veidotu jostasvietu atbalstam un stilam. Izgatavots no kokvilnas piesk\u0101riena neilona un likras mais\u012bjuma ar \u010detrvirzienu elast\u012bgu un pret tup\u0113\u0161anu iztur\u012bgu likru, lai nodro\u0161in\u0101tu piln\u012bgu p\u0101rliec\u012bbu treni\u0146a laik\u0101. Tam ir \u0137erme\u0146a siltumu regul\u0113jo\u0161as un mitrumu izvado\u0161as \u012bpa\u0161\u012bbas, lai treni\u0146a laik\u0101 j\u016bs saglab\u0101tu v\u0113sumu un sausumu.Super augsta jostasvieta.\u010cetru virzienu stiep\u0161an\u0101s.Pietup\u0161an\u0101s pier\u0101d\u012bjums.Plakanas \u0161uves samazina berzi un kairin\u0101jumu.Neilons 82%, likra 18%.Ra\u017eots \u0160ef\u012bld\u0101, Lielbrit\u0101nij\u0101.\"><span class=\"Y2IQFc\" lang=\"lv\">Izstr\u0101d\u0101ts priek\u0161nesumam ar \u012bpa\u0161i augstu, veidotu jostasvietu atbalstam un stilam. Izgatavots no kokvilnas piesk\u0101riena neilona un likras mais\u012bjuma ar \u010detrvirzienu elast\u012bgu un pret tup\u0113\u0161anu iztur\u012bgu likru, lai nodro\u0161in\u0101tu piln\u012bgu p\u0101rliec\u012bbu treni\u0146a laik\u0101. Tam ir \u0137erme\u0146a siltumu regul\u0113jo\u0161as un mitrumu izvado\u0161as \u012bpa\u0161\u012bbas, lai treni\u0146a laik\u0101 j\u016bs saglab\u0101tu v\u0113sumu un sausumu. <\/span><\/p>\n<p class=\"tw-data-text tw-text-large tw-ta\" dir=\"ltr\" data-placeholder=\"Vertimas\" data-ved=\"2ahUKEwj0-8fRv8mNAxUOSPEDHbhSJcwQ3ewLegQICRAV\" aria-label=\"I\u0161verstas tekstas: Izstr\u0101d\u0101ts priek\u0161nesumam ar \u012bpa\u0161i augstu, veidotu jostasvietu atbalstam un stilam. Izgatavots no kokvilnas piesk\u0101riena neilona un likras mais\u012bjuma ar \u010detrvirzienu elast\u012bgu un pret tup\u0113\u0161anu iztur\u012bgu likru, lai nodro\u0161in\u0101tu piln\u012bgu p\u0101rliec\u012bbu treni\u0146a laik\u0101. Tam ir \u0137erme\u0146a siltumu regul\u0113jo\u0161as un mitrumu izvado\u0161as \u012bpa\u0161\u012bbas, lai treni\u0146a laik\u0101 j\u016bs saglab\u0101tu v\u0113sumu un sausumu.Super augsta jostasvieta.\u010cetru virzienu stiep\u0161an\u0101s.Pietup\u0161an\u0101s pier\u0101d\u012bjums.Plakanas \u0161uves samazina berzi un kairin\u0101jumu.Neilons 82%, likra 18%.Ra\u017eots \u0160ef\u012bld\u0101, Lielbrit\u0101nij\u0101.\"><span class=\"Y2IQFc\" lang=\"lv\">Super augsta jostasvieta.<\/span><span class=\"Y2IQFc\" lang=\"lv\">\u010cetru virzienu stiep\u0161an\u0101s. Pietup\u0161an\u0101s pier\u0101d\u012bjums. Plakanas \u0161uves samazina berzi un kairin\u0101jumu. Neilons 82%, likra 18%. Ra\u017eots \u0160ef\u012bld\u0101, Lielbrit\u0101nij\u0101.<\/span><\/p>","protected":false},"featured_media":5672,"template":"","meta":[],"product_brand":[],"product_cat":[72,71],"product_tag":[],"giftcard-category":[],"class_list":{"0":"post-5653","1":"product","2":"type-product","3":"status-publish","4":"has-post-thumbnail","6":"product_cat-aspire","7":"product_cat-sorti","10":"instock","11":"shipping-taxable","12":"purchasable","13":"product-type-variable","14":"product-grid-view"},"yoast_head":"<!-- This site is optimized with the Yoast SEO plugin v27.4 - https:\/\/yoast.com\/product\/yoast-seo-wordpress\/ -->\n<title>ASPIRE TRENINU \u0160ORTI SIEVIET\u0112M - SBD Apparel LV<\/title>\n<meta name=\"robots\" content=\"index, follow, max-snippet:-1, max-image-preview:large, max-video-preview:-1\" \/>\n<link rel=\"canonical\" href=\"https:\/\/sbdapparel.lv\/en\/product\/aspire-sorti-sievietem\/\" \/>\n<meta property=\"og:locale\" content=\"en_US\" \/>\n<meta property=\"og:type\" content=\"article\" \/>\n<meta property=\"og:title\" content=\"ASPIRE TRENINU \u0160ORTI SIEVIET\u0112M - SBD Apparel LV\" \/>\n<meta property=\"og:description\" content=\"Izstr\u0101d\u0101ts priek\u0161nesumam ar \u012bpa\u0161i augstu, veidotu jostasvietu atbalstam un stilam. Izgatavots no kokvilnas piesk\u0101riena neilona un likras mais\u012bjuma ar \u010detrvirzienu elast\u012bgu un pret tup\u0113\u0161anu iztur\u012bgu likru, lai nodro\u0161in\u0101tu piln\u012bgu p\u0101rliec\u012bbu treni\u0146a laik\u0101. Tam ir \u0137erme\u0146a siltumu regul\u0113jo\u0161as un mitrumu izvado\u0161as \u012bpa\u0161\u012bbas, lai treni\u0146a laik\u0101 j\u016bs saglab\u0101tu v\u0113sumu un sausumu.  Super augsta jostasvieta.\u010cetru virzienu stiep\u0161an\u0101s. Pietup\u0161an\u0101s pier\u0101d\u012bjums. Plakanas \u0161uves samazina berzi un kairin\u0101jumu. Neilons 82%, likra 18%. Ra\u017eots \u0160ef\u012bld\u0101, Lielbrit\u0101nij\u0101.\" \/>\n<meta property=\"og:url\" content=\"https:\/\/sbdapparel.lv\/en\/product\/aspire-sorti-sievietem\/\" \/>\n<meta property=\"og:site_name\" content=\"SBD Apparel LV\" \/>\n<meta property=\"article:modified_time\" content=\"2025-05-29T20:18:20+00:00\" \/>\n<meta property=\"og:image\" content=\"https:\/\/sbdapparel.lv\/wp-content\/uploads\/2025\/05\/Training-Shorts-Womens-Fit-04-1024x1024.jpg\" \/>\n\t<meta property=\"og:image:width\" content=\"1024\" \/>\n\t<meta property=\"og:image:height\" content=\"1024\" \/>\n\t<meta property=\"og:image:type\" content=\"image\/jpeg\" \/>\n<meta name=\"twitter:card\" content=\"summary_large_image\" \/>\n<script type=\"application\/ld+json\" class=\"yoast-schema-graph\">{\"@context\":\"https:\\\/\\\/schema.org\",\"@graph\":[{\"@type\":\"WebPage\",\"@id\":\"https:\\\/\\\/sbdapparel.lv\\\/product\\\/aspire-sorti-sievietem\\\/\",\"url\":\"https:\\\/\\\/sbdapparel.lv\\\/product\\\/aspire-sorti-sievietem\\\/\",\"name\":\"ASPIRE TRENINU \u0160ORTI SIEVIET\u0112M - SBD Apparel LV\",\"isPartOf\":{\"@id\":\"https:\\\/\\\/sbdapparel.lv\\\/#website\"},\"primaryImageOfPage\":{\"@id\":\"https:\\\/\\\/sbdapparel.lv\\\/product\\\/aspire-sorti-sievietem\\\/#primaryimage\"},\"image\":{\"@id\":\"https:\\\/\\\/sbdapparel.lv\\\/product\\\/aspire-sorti-sievietem\\\/#primaryimage\"},\"thumbnailUrl\":\"https:\\\/\\\/sbdapparel.lv\\\/wp-content\\\/uploads\\\/2025\\\/05\\\/Training-Shorts-Womens-Fit-04.jpg\",\"datePublished\":\"2025-05-28T11:19:53+00:00\",\"dateModified\":\"2025-05-29T20:18:20+00:00\",\"breadcrumb\":{\"@id\":\"https:\\\/\\\/sbdapparel.lv\\\/product\\\/aspire-sorti-sievietem\\\/#breadcrumb\"},\"inLanguage\":\"en-US\",\"potentialAction\":[{\"@type\":\"ReadAction\",\"target\":[\"https:\\\/\\\/sbdapparel.lv\\\/product\\\/aspire-sorti-sievietem\\\/\"]}]},{\"@type\":\"ImageObject\",\"inLanguage\":\"en-US\",\"@id\":\"https:\\\/\\\/sbdapparel.lv\\\/product\\\/aspire-sorti-sievietem\\\/#primaryimage\",\"url\":\"https:\\\/\\\/sbdapparel.lv\\\/wp-content\\\/uploads\\\/2025\\\/05\\\/Training-Shorts-Womens-Fit-04.jpg\",\"contentUrl\":\"https:\\\/\\\/sbdapparel.lv\\\/wp-content\\\/uploads\\\/2025\\\/05\\\/Training-Shorts-Womens-Fit-04.jpg\",\"width\":2048,\"height\":2048},{\"@type\":\"BreadcrumbList\",\"@id\":\"https:\\\/\\\/sbdapparel.lv\\\/product\\\/aspire-sorti-sievietem\\\/#breadcrumb\",\"itemListElement\":[{\"@type\":\"ListItem\",\"position\":1,\"name\":\"Home\",\"item\":\"https:\\\/\\\/sbdapparel.lv\\\/\"},{\"@type\":\"ListItem\",\"position\":2,\"name\":\"Produktai\",\"item\":\"https:\\\/\\\/sbdapparel.lv\\\/shop\\\/\"},{\"@type\":\"ListItem\",\"position\":3,\"name\":\"ASPIRE TRENINU \u0160ORTI SIEVIET\u0112M\"}]},{\"@type\":\"WebSite\",\"@id\":\"https:\\\/\\\/sbdapparel.lv\\\/#website\",\"url\":\"https:\\\/\\\/sbdapparel.lv\\\/\",\"name\":\"sbdapparel.lv\",\"description\":\"Latvija\",\"publisher\":{\"@id\":\"https:\\\/\\\/sbdapparel.lv\\\/#organization\"},\"potentialAction\":[{\"@type\":\"SearchAction\",\"target\":{\"@type\":\"EntryPoint\",\"urlTemplate\":\"https:\\\/\\\/sbdapparel.lv\\\/?s={search_term_string}\"},\"query-input\":{\"@type\":\"PropertyValueSpecification\",\"valueRequired\":true,\"valueName\":\"search_term_string\"}}],\"inLanguage\":\"en-US\"},{\"@type\":\"Organization\",\"@id\":\"https:\\\/\\\/sbdapparel.lv\\\/#organization\",\"name\":\"SBD Apparel LV\",\"url\":\"https:\\\/\\\/sbdapparel.lv\\\/\",\"logo\":{\"@type\":\"ImageObject\",\"inLanguage\":\"en-US\",\"@id\":\"https:\\\/\\\/sbdapparel.lv\\\/#\\\/schema\\\/logo\\\/image\\\/\",\"url\":\"https:\\\/\\\/sbdapparel.lv\\\/wp-content\\\/uploads\\\/2023\\\/07\\\/cropped-SBD_Identity_OnDark_RGB.png\",\"contentUrl\":\"https:\\\/\\\/sbdapparel.lv\\\/wp-content\\\/uploads\\\/2023\\\/07\\\/cropped-SBD_Identity_OnDark_RGB.png\",\"width\":1182,\"height\":515,\"caption\":\"SBD Apparel LV\"},\"image\":{\"@id\":\"https:\\\/\\\/sbdapparel.lv\\\/#\\\/schema\\\/logo\\\/image\\\/\"}}]}<\/script>\n<!-- \/ Yoast SEO plugin. -->","yoast_head_json":{"title":"ASPIRE TRENINU \u0160ORTI SIEVIET\u0112M - SBD Apparel LV","robots":{"index":"index","follow":"follow","max-snippet":"max-snippet:-1","max-image-preview":"max-image-preview:large","max-video-preview":"max-video-preview:-1"},"canonical":"https:\/\/sbdapparel.lv\/en\/product\/aspire-sorti-sievietem\/","og_locale":"en_US","og_type":"article","og_title":"ASPIRE TRENINU \u0160ORTI SIEVIET\u0112M - SBD Apparel LV","og_description":"Izstr\u0101d\u0101ts priek\u0161nesumam ar \u012bpa\u0161i augstu, veidotu jostasvietu atbalstam un stilam. Izgatavots no kokvilnas piesk\u0101riena neilona un likras mais\u012bjuma ar \u010detrvirzienu elast\u012bgu un pret tup\u0113\u0161anu iztur\u012bgu likru, lai nodro\u0161in\u0101tu piln\u012bgu p\u0101rliec\u012bbu treni\u0146a laik\u0101. Tam ir \u0137erme\u0146a siltumu regul\u0113jo\u0161as un mitrumu izvado\u0161as \u012bpa\u0161\u012bbas, lai treni\u0146a laik\u0101 j\u016bs saglab\u0101tu v\u0113sumu un sausumu.  Super augsta jostasvieta.\u010cetru virzienu stiep\u0161an\u0101s. Pietup\u0161an\u0101s pier\u0101d\u012bjums. Plakanas \u0161uves samazina berzi un kairin\u0101jumu. Neilons 82%, likra 18%. Ra\u017eots \u0160ef\u012bld\u0101, Lielbrit\u0101nij\u0101.","og_url":"https:\/\/sbdapparel.lv\/en\/product\/aspire-sorti-sievietem\/","og_site_name":"SBD Apparel LV","article_modified_time":"2025-05-29T20:18:20+00:00","og_image":[{"width":1024,"height":1024,"url":"https:\/\/sbdapparel.lv\/wp-content\/uploads\/2025\/05\/Training-Shorts-Womens-Fit-04-1024x1024.jpg","type":"image\/jpeg"}],"twitter_card":"summary_large_image","schema":{"@context":"https:\/\/schema.org","@graph":[{"@type":"WebPage","@id":"https:\/\/sbdapparel.lv\/product\/aspire-sorti-sievietem\/","url":"https:\/\/sbdapparel.lv\/product\/aspire-sorti-sievietem\/","name":"ASPIRE TRENINU \u0160ORTI SIEVIET\u0112M - SBD Apparel LV","isPartOf":{"@id":"https:\/\/sbdapparel.lv\/#website"},"primaryImageOfPage":{"@id":"https:\/\/sbdapparel.lv\/product\/aspire-sorti-sievietem\/#primaryimage"},"image":{"@id":"https:\/\/sbdapparel.lv\/product\/aspire-sorti-sievietem\/#primaryimage"},"thumbnailUrl":"https:\/\/sbdapparel.lv\/wp-content\/uploads\/2025\/05\/Training-Shorts-Womens-Fit-04.jpg","datePublished":"2025-05-28T11:19:53+00:00","dateModified":"2025-05-29T20:18:20+00:00","breadcrumb":{"@id":"https:\/\/sbdapparel.lv\/product\/aspire-sorti-sievietem\/#breadcrumb"},"inLanguage":"en-US","potentialAction":[{"@type":"ReadAction","target":["https:\/\/sbdapparel.lv\/product\/aspire-sorti-sievietem\/"]}]},{"@type":"ImageObject","inLanguage":"en-US","@id":"https:\/\/sbdapparel.lv\/product\/aspire-sorti-sievietem\/#primaryimage","url":"https:\/\/sbdapparel.lv\/wp-content\/uploads\/2025\/05\/Training-Shorts-Womens-Fit-04.jpg","contentUrl":"https:\/\/sbdapparel.lv\/wp-content\/uploads\/2025\/05\/Training-Shorts-Womens-Fit-04.jpg","width":2048,"height":2048},{"@type":"BreadcrumbList","@id":"https:\/\/sbdapparel.lv\/product\/aspire-sorti-sievietem\/#breadcrumb","itemListElement":[{"@type":"ListItem","position":1,"name":"Home","item":"https:\/\/sbdapparel.lv\/"},{"@type":"ListItem","position":2,"name":"Produktai","item":"https:\/\/sbdapparel.lv\/shop\/"},{"@type":"ListItem","position":3,"name":"ASPIRE TRENINU \u0160ORTI SIEVIET\u0112M"}]},{"@type":"WebSite","@id":"https:\/\/sbdapparel.lv\/#website","url":"https:\/\/sbdapparel.lv\/","name":"sbdapparel.lv","description":"Latvija","publisher":{"@id":"https:\/\/sbdapparel.lv\/#organization"},"potentialAction":[{"@type":"SearchAction","target":{"@type":"EntryPoint","urlTemplate":"https:\/\/sbdapparel.lv\/?s={search_term_string}"},"query-input":{"@type":"PropertyValueSpecification","valueRequired":true,"valueName":"search_term_string"}}],"inLanguage":"en-US"},{"@type":"Organization","@id":"https:\/\/sbdapparel.lv\/#organization","name":"SBD Apparel LV","url":"https:\/\/sbdapparel.lv\/","logo":{"@type":"ImageObject","inLanguage":"en-US","@id":"https:\/\/sbdapparel.lv\/#\/schema\/logo\/image\/","url":"https:\/\/sbdapparel.lv\/wp-content\/uploads\/2023\/07\/cropped-SBD_Identity_OnDark_RGB.png","contentUrl":"https:\/\/sbdapparel.lv\/wp-content\/uploads\/2023\/07\/cropped-SBD_Identity_OnDark_RGB.png","width":1182,"height":515,"caption":"SBD Apparel LV"},"image":{"@id":"https:\/\/sbdapparel.lv\/#\/schema\/logo\/image\/"}}]}},"_links":{"self":[{"href":"https:\/\/sbdapparel.lv\/en\/wp-json\/wp\/v2\/product\/5653","targetHints":{"allow":["GET"]}}],"collection":[{"href":"https:\/\/sbdapparel.lv\/en\/wp-json\/wp\/v2\/product"}],"about":[{"href":"https:\/\/sbdapparel.lv\/en\/wp-json\/wp\/v2\/types\/product"}],"version-history":[{"count":3,"href":"https:\/\/sbdapparel.lv\/en\/wp-json\/wp\/v2\/product\/5653\/revisions"}],"predecessor-version":[{"id":5889,"href":"https:\/\/sbdapparel.lv\/en\/wp-json\/wp\/v2\/product\/5653\/revisions\/5889"}],"wp:featuredmedia":[{"embeddable":true,"href":"https:\/\/sbdapparel.lv\/en\/wp-json\/wp\/v2\/media\/5672"}],"wp:attachment":[{"href":"https:\/\/sbdapparel.lv\/en\/wp-json\/wp\/v2\/media?parent=5653"}],"wp:term":[{"taxonomy":"product_brand","embeddable":true,"href":"https:\/\/sbdapparel.lv\/en\/wp-json\/wp\/v2\/product_brand?post=5653"},{"taxonomy":"product_cat","embeddable":true,"href":"https:\/\/sbdapparel.lv\/en\/wp-json\/wp\/v2\/product_cat?post=5653"},{"taxonomy":"product_tag","embeddable":true,"href":"https:\/\/sbdapparel.lv\/en\/wp-json\/wp\/v2\/product_tag?post=5653"},{"taxonomy":"giftcard-category","embeddable":true,"href":"https:\/\/sbdapparel.lv\/en\/wp-json\/wp\/v2\/giftcard-category?post=5653"}],"curies":[{"name":"wp","href":"https:\/\/api.w.org\/{rel}","templated":true}]}}