{"id":5631,"date":"2025-05-28T13:12:16","date_gmt":"2025-05-28T11:12:16","guid":{"rendered":"https:\/\/sbdapparel.lv\/?post_type=product&#038;p=5631"},"modified":"2025-11-09T17:47:46","modified_gmt":"2025-11-09T15:47:46","slug":"aspire-sorti-viriesiem","status":"publish","type":"product","link":"https:\/\/sbdapparel.lv\/en\/product\/aspire-sorti-viriesiem\/","title":{"rendered":"ASPIRE TRENINU \u0160ORTI V\u012aRIE\u0160IEM"},"content":{"rendered":"<p>x<\/p>","protected":false},"excerpt":{"rendered":"<p data-start=\"40\" data-end=\"371\">Rad\u012bti augstai veiktsp\u0113jai \u2013 ar 5 collu iek\u0161\u0113jo v\u012bli un \u010detrvirzienu elast\u012bbu, lai nodro\u0161in\u0101tu neierobe\u017eotu kust\u012bbu br\u012bv\u012bbu. Izgatavoti no augstv\u0113rt\u012bga neilona un likras mais\u012bjuma ar kokvilnai l\u012bdz\u012bgu saj\u016btu. Audumam piem\u012bt \u0137erme\u0146a siltuma regul\u0113\u0161anas un mitruma izvad\u012b\u0161anas \u012bpa\u0161\u012bbas, lai treni\u0146a laik\u0101 saglab\u0101tu v\u0113sumu un sausumu.<\/p>\n<ul data-start=\"373\" data-end=\"538\">\n<li data-start=\"373\" data-end=\"399\">\n<p data-start=\"375\" data-end=\"399\">\u010cetrvirzienu elast\u012bba.<\/p>\n<\/li>\n<li data-start=\"400\" data-end=\"425\">\n<p data-start=\"402\" data-end=\"425\">5 collu iek\u0161\u0113j\u0101 v\u012ble.<\/p>\n<\/li>\n<li data-start=\"426\" data-end=\"446\">\n<p data-start=\"428\" data-end=\"446\">Iek\u0161\u0113j\u0101 aukli\u0146a.<\/p>\n<\/li>\n<li data-start=\"447\" data-end=\"468\">\n<p data-start=\"449\" data-end=\"468\">Iesl\u012bpas kabatas.<\/p>\n<\/li>\n<li data-start=\"469\" data-end=\"505\">\n<p data-start=\"471\" data-end=\"505\">Sast\u0101vs: 82% neilons, 18% likra.<\/p>\n<\/li>\n<li data-start=\"506\" data-end=\"538\">\n<p data-start=\"508\" data-end=\"538\">Made in Sheffield, Great Britain.<\/p>\n<\/li>\n<\/ul>","protected":false},"featured_media":5650,"template":"","meta":[],"product_brand":[],"product_cat":[72,71],"product_tag":[],"giftcard-category":[],"class_list":{"0":"post-5631","1":"product","2":"type-product","3":"status-publish","4":"has-post-thumbnail","6":"product_cat-aspire","7":"product_cat-sorti","10":"instock","11":"shipping-taxable","12":"purchasable","13":"product-type-variable","14":"product-grid-view"},"yoast_head":"<!-- This site is optimized with the Yoast SEO plugin v27.4 - https:\/\/yoast.com\/product\/yoast-seo-wordpress\/ -->\n<title>ASPIRE TRENINU \u0160ORTI V\u012aRIE\u0160IEM - SBD Apparel LV<\/title>\n<meta name=\"robots\" content=\"index, follow, max-snippet:-1, max-image-preview:large, max-video-preview:-1\" \/>\n<link rel=\"canonical\" href=\"https:\/\/sbdapparel.lv\/en\/product\/aspire-sorti-viriesiem\/\" \/>\n<meta property=\"og:locale\" content=\"en_US\" \/>\n<meta property=\"og:type\" content=\"article\" \/>\n<meta property=\"og:title\" content=\"ASPIRE TRENINU \u0160ORTI V\u012aRIE\u0160IEM - SBD Apparel LV\" \/>\n<meta property=\"og:description\" content=\"Rad\u012bti augstai veiktsp\u0113jai \u2013 ar 5 collu iek\u0161\u0113jo v\u012bli un \u010detrvirzienu elast\u012bbu, lai nodro\u0161in\u0101tu neierobe\u017eotu kust\u012bbu br\u012bv\u012bbu. Izgatavoti no augstv\u0113rt\u012bga neilona un likras mais\u012bjuma ar kokvilnai l\u012bdz\u012bgu saj\u016btu. Audumam piem\u012bt \u0137erme\u0146a siltuma regul\u0113\u0161anas un mitruma izvad\u012b\u0161anas \u012bpa\u0161\u012bbas, lai treni\u0146a laik\u0101 saglab\u0101tu v\u0113sumu un sausumu.     \u010cetrvirzienu elast\u012bba.    5 collu iek\u0161\u0113j\u0101 v\u012ble.    Iek\u0161\u0113j\u0101 aukli\u0146a.    Iesl\u012bpas kabatas.    Sast\u0101vs: 82% neilons, 18% likra.    Ra\u017eots \u0160ef\u012bld\u0101, Lielbrit\u0101nij\u0101.\" \/>\n<meta property=\"og:url\" content=\"https:\/\/sbdapparel.lv\/en\/product\/aspire-sorti-viriesiem\/\" \/>\n<meta property=\"og:site_name\" content=\"SBD Apparel LV\" \/>\n<meta property=\"article:modified_time\" content=\"2025-11-09T15:47:46+00:00\" \/>\n<meta property=\"og:image\" content=\"https:\/\/sbdapparel.lv\/wp-content\/uploads\/2025\/05\/Training-Shorts-Mens-Fit-02-1024x1024.jpg\" \/>\n\t<meta property=\"og:image:width\" content=\"1024\" \/>\n\t<meta property=\"og:image:height\" content=\"1024\" \/>\n\t<meta property=\"og:image:type\" content=\"image\/jpeg\" \/>\n<meta name=\"twitter:card\" content=\"summary_large_image\" \/>\n<script type=\"application\/ld+json\" class=\"yoast-schema-graph\">{\"@context\":\"https:\\\/\\\/schema.org\",\"@graph\":[{\"@type\":\"WebPage\",\"@id\":\"https:\\\/\\\/sbdapparel.lv\\\/product\\\/aspire-sorti-viriesiem\\\/\",\"url\":\"https:\\\/\\\/sbdapparel.lv\\\/product\\\/aspire-sorti-viriesiem\\\/\",\"name\":\"ASPIRE TRENINU \u0160ORTI V\u012aRIE\u0160IEM - SBD Apparel LV\",\"isPartOf\":{\"@id\":\"https:\\\/\\\/sbdapparel.lv\\\/#website\"},\"primaryImageOfPage\":{\"@id\":\"https:\\\/\\\/sbdapparel.lv\\\/product\\\/aspire-sorti-viriesiem\\\/#primaryimage\"},\"image\":{\"@id\":\"https:\\\/\\\/sbdapparel.lv\\\/product\\\/aspire-sorti-viriesiem\\\/#primaryimage\"},\"thumbnailUrl\":\"https:\\\/\\\/sbdapparel.lv\\\/wp-content\\\/uploads\\\/2025\\\/05\\\/Training-Shorts-Mens-Fit-02.jpg\",\"datePublished\":\"2025-05-28T11:12:16+00:00\",\"dateModified\":\"2025-11-09T15:47:46+00:00\",\"breadcrumb\":{\"@id\":\"https:\\\/\\\/sbdapparel.lv\\\/product\\\/aspire-sorti-viriesiem\\\/#breadcrumb\"},\"inLanguage\":\"en-US\",\"potentialAction\":[{\"@type\":\"ReadAction\",\"target\":[\"https:\\\/\\\/sbdapparel.lv\\\/product\\\/aspire-sorti-viriesiem\\\/\"]}]},{\"@type\":\"ImageObject\",\"inLanguage\":\"en-US\",\"@id\":\"https:\\\/\\\/sbdapparel.lv\\\/product\\\/aspire-sorti-viriesiem\\\/#primaryimage\",\"url\":\"https:\\\/\\\/sbdapparel.lv\\\/wp-content\\\/uploads\\\/2025\\\/05\\\/Training-Shorts-Mens-Fit-02.jpg\",\"contentUrl\":\"https:\\\/\\\/sbdapparel.lv\\\/wp-content\\\/uploads\\\/2025\\\/05\\\/Training-Shorts-Mens-Fit-02.jpg\",\"width\":2048,\"height\":2048},{\"@type\":\"BreadcrumbList\",\"@id\":\"https:\\\/\\\/sbdapparel.lv\\\/product\\\/aspire-sorti-viriesiem\\\/#breadcrumb\",\"itemListElement\":[{\"@type\":\"ListItem\",\"position\":1,\"name\":\"Home\",\"item\":\"https:\\\/\\\/sbdapparel.lv\\\/\"},{\"@type\":\"ListItem\",\"position\":2,\"name\":\"Produktai\",\"item\":\"https:\\\/\\\/sbdapparel.lv\\\/shop\\\/\"},{\"@type\":\"ListItem\",\"position\":3,\"name\":\"ASPIRE TRENINU \u0160ORTI V\u012aRIE\u0160IEM\"}]},{\"@type\":\"WebSite\",\"@id\":\"https:\\\/\\\/sbdapparel.lv\\\/#website\",\"url\":\"https:\\\/\\\/sbdapparel.lv\\\/\",\"name\":\"sbdapparel.lv\",\"description\":\"Latvija\",\"publisher\":{\"@id\":\"https:\\\/\\\/sbdapparel.lv\\\/#organization\"},\"potentialAction\":[{\"@type\":\"SearchAction\",\"target\":{\"@type\":\"EntryPoint\",\"urlTemplate\":\"https:\\\/\\\/sbdapparel.lv\\\/?s={search_term_string}\"},\"query-input\":{\"@type\":\"PropertyValueSpecification\",\"valueRequired\":true,\"valueName\":\"search_term_string\"}}],\"inLanguage\":\"en-US\"},{\"@type\":\"Organization\",\"@id\":\"https:\\\/\\\/sbdapparel.lv\\\/#organization\",\"name\":\"SBD Apparel LV\",\"url\":\"https:\\\/\\\/sbdapparel.lv\\\/\",\"logo\":{\"@type\":\"ImageObject\",\"inLanguage\":\"en-US\",\"@id\":\"https:\\\/\\\/sbdapparel.lv\\\/#\\\/schema\\\/logo\\\/image\\\/\",\"url\":\"https:\\\/\\\/sbdapparel.lv\\\/wp-content\\\/uploads\\\/2023\\\/07\\\/cropped-SBD_Identity_OnDark_RGB.png\",\"contentUrl\":\"https:\\\/\\\/sbdapparel.lv\\\/wp-content\\\/uploads\\\/2023\\\/07\\\/cropped-SBD_Identity_OnDark_RGB.png\",\"width\":1182,\"height\":515,\"caption\":\"SBD Apparel LV\"},\"image\":{\"@id\":\"https:\\\/\\\/sbdapparel.lv\\\/#\\\/schema\\\/logo\\\/image\\\/\"}}]}<\/script>\n<!-- \/ Yoast SEO plugin. -->","yoast_head_json":{"title":"ASPIRE TRENINU \u0160ORTI V\u012aRIE\u0160IEM - SBD Apparel LV","robots":{"index":"index","follow":"follow","max-snippet":"max-snippet:-1","max-image-preview":"max-image-preview:large","max-video-preview":"max-video-preview:-1"},"canonical":"https:\/\/sbdapparel.lv\/en\/product\/aspire-sorti-viriesiem\/","og_locale":"en_US","og_type":"article","og_title":"ASPIRE TRENINU \u0160ORTI V\u012aRIE\u0160IEM - SBD Apparel LV","og_description":"Rad\u012bti augstai veiktsp\u0113jai \u2013 ar 5 collu iek\u0161\u0113jo v\u012bli un \u010detrvirzienu elast\u012bbu, lai nodro\u0161in\u0101tu neierobe\u017eotu kust\u012bbu br\u012bv\u012bbu. Izgatavoti no augstv\u0113rt\u012bga neilona un likras mais\u012bjuma ar kokvilnai l\u012bdz\u012bgu saj\u016btu. Audumam piem\u012bt \u0137erme\u0146a siltuma regul\u0113\u0161anas un mitruma izvad\u012b\u0161anas \u012bpa\u0161\u012bbas, lai treni\u0146a laik\u0101 saglab\u0101tu v\u0113sumu un sausumu.     \u010cetrvirzienu elast\u012bba.    5 collu iek\u0161\u0113j\u0101 v\u012ble.    Iek\u0161\u0113j\u0101 aukli\u0146a.    Iesl\u012bpas kabatas.    Sast\u0101vs: 82% neilons, 18% likra.    Ra\u017eots \u0160ef\u012bld\u0101, Lielbrit\u0101nij\u0101.","og_url":"https:\/\/sbdapparel.lv\/en\/product\/aspire-sorti-viriesiem\/","og_site_name":"SBD Apparel LV","article_modified_time":"2025-11-09T15:47:46+00:00","og_image":[{"width":1024,"height":1024,"url":"https:\/\/sbdapparel.lv\/wp-content\/uploads\/2025\/05\/Training-Shorts-Mens-Fit-02-1024x1024.jpg","type":"image\/jpeg"}],"twitter_card":"summary_large_image","schema":{"@context":"https:\/\/schema.org","@graph":[{"@type":"WebPage","@id":"https:\/\/sbdapparel.lv\/product\/aspire-sorti-viriesiem\/","url":"https:\/\/sbdapparel.lv\/product\/aspire-sorti-viriesiem\/","name":"ASPIRE TRENINU \u0160ORTI V\u012aRIE\u0160IEM - SBD Apparel LV","isPartOf":{"@id":"https:\/\/sbdapparel.lv\/#website"},"primaryImageOfPage":{"@id":"https:\/\/sbdapparel.lv\/product\/aspire-sorti-viriesiem\/#primaryimage"},"image":{"@id":"https:\/\/sbdapparel.lv\/product\/aspire-sorti-viriesiem\/#primaryimage"},"thumbnailUrl":"https:\/\/sbdapparel.lv\/wp-content\/uploads\/2025\/05\/Training-Shorts-Mens-Fit-02.jpg","datePublished":"2025-05-28T11:12:16+00:00","dateModified":"2025-11-09T15:47:46+00:00","breadcrumb":{"@id":"https:\/\/sbdapparel.lv\/product\/aspire-sorti-viriesiem\/#breadcrumb"},"inLanguage":"en-US","potentialAction":[{"@type":"ReadAction","target":["https:\/\/sbdapparel.lv\/product\/aspire-sorti-viriesiem\/"]}]},{"@type":"ImageObject","inLanguage":"en-US","@id":"https:\/\/sbdapparel.lv\/product\/aspire-sorti-viriesiem\/#primaryimage","url":"https:\/\/sbdapparel.lv\/wp-content\/uploads\/2025\/05\/Training-Shorts-Mens-Fit-02.jpg","contentUrl":"https:\/\/sbdapparel.lv\/wp-content\/uploads\/2025\/05\/Training-Shorts-Mens-Fit-02.jpg","width":2048,"height":2048},{"@type":"BreadcrumbList","@id":"https:\/\/sbdapparel.lv\/product\/aspire-sorti-viriesiem\/#breadcrumb","itemListElement":[{"@type":"ListItem","position":1,"name":"Home","item":"https:\/\/sbdapparel.lv\/"},{"@type":"ListItem","position":2,"name":"Produktai","item":"https:\/\/sbdapparel.lv\/shop\/"},{"@type":"ListItem","position":3,"name":"ASPIRE TRENINU \u0160ORTI V\u012aRIE\u0160IEM"}]},{"@type":"WebSite","@id":"https:\/\/sbdapparel.lv\/#website","url":"https:\/\/sbdapparel.lv\/","name":"sbdapparel.lv","description":"Latvija","publisher":{"@id":"https:\/\/sbdapparel.lv\/#organization"},"potentialAction":[{"@type":"SearchAction","target":{"@type":"EntryPoint","urlTemplate":"https:\/\/sbdapparel.lv\/?s={search_term_string}"},"query-input":{"@type":"PropertyValueSpecification","valueRequired":true,"valueName":"search_term_string"}}],"inLanguage":"en-US"},{"@type":"Organization","@id":"https:\/\/sbdapparel.lv\/#organization","name":"SBD Apparel LV","url":"https:\/\/sbdapparel.lv\/","logo":{"@type":"ImageObject","inLanguage":"en-US","@id":"https:\/\/sbdapparel.lv\/#\/schema\/logo\/image\/","url":"https:\/\/sbdapparel.lv\/wp-content\/uploads\/2023\/07\/cropped-SBD_Identity_OnDark_RGB.png","contentUrl":"https:\/\/sbdapparel.lv\/wp-content\/uploads\/2023\/07\/cropped-SBD_Identity_OnDark_RGB.png","width":1182,"height":515,"caption":"SBD Apparel LV"},"image":{"@id":"https:\/\/sbdapparel.lv\/#\/schema\/logo\/image\/"}}]}},"_links":{"self":[{"href":"https:\/\/sbdapparel.lv\/en\/wp-json\/wp\/v2\/product\/5631","targetHints":{"allow":["GET"]}}],"collection":[{"href":"https:\/\/sbdapparel.lv\/en\/wp-json\/wp\/v2\/product"}],"about":[{"href":"https:\/\/sbdapparel.lv\/en\/wp-json\/wp\/v2\/types\/product"}],"version-history":[{"count":6,"href":"https:\/\/sbdapparel.lv\/en\/wp-json\/wp\/v2\/product\/5631\/revisions"}],"predecessor-version":[{"id":6295,"href":"https:\/\/sbdapparel.lv\/en\/wp-json\/wp\/v2\/product\/5631\/revisions\/6295"}],"wp:featuredmedia":[{"embeddable":true,"href":"https:\/\/sbdapparel.lv\/en\/wp-json\/wp\/v2\/media\/5650"}],"wp:attachment":[{"href":"https:\/\/sbdapparel.lv\/en\/wp-json\/wp\/v2\/media?parent=5631"}],"wp:term":[{"taxonomy":"product_brand","embeddable":true,"href":"https:\/\/sbdapparel.lv\/en\/wp-json\/wp\/v2\/product_brand?post=5631"},{"taxonomy":"product_cat","embeddable":true,"href":"https:\/\/sbdapparel.lv\/en\/wp-json\/wp\/v2\/product_cat?post=5631"},{"taxonomy":"product_tag","embeddable":true,"href":"https:\/\/sbdapparel.lv\/en\/wp-json\/wp\/v2\/product_tag?post=5631"},{"taxonomy":"giftcard-category","embeddable":true,"href":"https:\/\/sbdapparel.lv\/en\/wp-json\/wp\/v2\/giftcard-category?post=5631"}],"curies":[{"name":"wp","href":"https:\/\/api.w.org\/{rel}","templated":true}]}}