{"id":5325,"date":"2025-02-19T15:44:10","date_gmt":"2025-02-19T15:44:10","guid":{"rendered":"https:\/\/sbdapparel.lv\/?post_type=product&#038;p=5325"},"modified":"2026-04-21T13:39:08","modified_gmt":"2026-04-21T11:39:08","slug":"powerlifting-celu-ortozes-7mm","status":"publish","type":"product","link":"https:\/\/sbdapparel.lv\/en\/product\/powerlifting-celu-ortozes-7mm\/","title":{"rendered":"POWERLIFTING CE\u013bU ORTOZES 7mm"},"content":{"rendered":"","protected":false},"excerpt":{"rendered":"<p>SBD pauerliftinga ce\u013cgalu piedurknes ir paredz\u0113tas konkur\u0113tsp\u0113j\u012bgiem sp\u0113ka pac\u0113l\u0101jiem, kuri mekl\u0113 maksim\u0101lu atbalstu no sav\u0101m piedurkn\u0113m.<\/p>\n<p>Tie nodro\u0161ina iev\u0113rojami liel\u0101ku saspie\u0161anu vis\u0101 ce\u013cgala saliek\u0161anas laik\u0101, lai maksim\u0101li palielin\u0101tu atbalstu un p\u0101rliec\u012bbu maksim\u0101lo m\u0113\u0123in\u0101jumu laik\u0101, palielinot augst\u0101k\u0101 l\u012bme\u0146a veiktsp\u0113ju.<\/p>\n<p>Sold as a pair.<br \/>\nIPF apstiprin\u0101ts un IWF sader\u012bgs ar maksim\u0101lo pie\u013caujamo 30 cm garumu.<br \/>\nAugstas kvalit\u0101tes, augsta bl\u012bvuma 7 mm neopr\u0113ns nodro\u0161ina maksim\u0101lu saspie\u0161anu un virsmas saskares laukumu vis\u0101 ce\u013ca saliek\u0161anas laik\u0101.<br \/>\nUzlabot\u0101 \u010detrvirzienu stiep\u0161ana \u013cauj neopr\u0113nam izstiepties pielaiko\u0161anas laik\u0101 un saglab\u0101t saspie\u0161anu ap ce\u013ca loc\u012btavu vis\u0101 pacel\u0161anas laik\u0101 bez atstarp\u0113m.<br \/>\nSmagas oderes, apmales un \u0161uves, kas izstr\u0101d\u0101tas, lai notur\u0113tu pat agres\u012bv\u0101ko piegriezumu.<br \/>\nAntimicrobial treatment minimizes the build-up of bacteria and reduces odor.<br \/>\nPatented design.<br \/>\nMade in Sheffield, Great Britain.<\/p>","protected":false},"featured_media":5326,"template":"","meta":[],"product_brand":[],"product_cat":[43,56],"product_tag":[],"giftcard-category":[],"class_list":{"0":"post-5325","1":"product","2":"type-product","3":"status-publish","4":"has-post-thumbnail","6":"product_cat-keliuitvarai","7":"product_cat-klasikine","10":"instock","11":"shipping-taxable","12":"purchasable","13":"product-type-variable","14":"product-grid-view"},"yoast_head":"<!-- This site is optimized with the Yoast SEO plugin v27.4 - https:\/\/yoast.com\/product\/yoast-seo-wordpress\/ -->\n<title>POWERLIFTING CE\u013bU ORTOZES 7mm - SBD Apparel LV<\/title>\n<meta name=\"robots\" content=\"index, follow, max-snippet:-1, max-image-preview:large, max-video-preview:-1\" \/>\n<link rel=\"canonical\" href=\"https:\/\/sbdapparel.lv\/en\/product\/powerlifting-celu-ortozes-7mm\/\" \/>\n<meta property=\"og:locale\" content=\"en_US\" \/>\n<meta property=\"og:type\" content=\"article\" \/>\n<meta property=\"og:title\" content=\"POWERLIFTING CE\u013bU ORTOZES 7mm - SBD Apparel LV\" \/>\n<meta property=\"og:description\" content=\"SBD pauerliftinga ce\u013cgalu piedurknes ir paredz\u0113tas konkur\u0113tsp\u0113j\u012bgiem sp\u0113ka pac\u0113l\u0101jiem, kuri mekl\u0113 maksim\u0101lu atbalstu no sav\u0101m piedurkn\u0113m.  Tie nodro\u0161ina iev\u0113rojami liel\u0101ku saspie\u0161anu vis\u0101 ce\u013cgala saliek\u0161anas laik\u0101, lai maksim\u0101li palielin\u0101tu atbalstu un p\u0101rliec\u012bbu maksim\u0101lo m\u0113\u0123in\u0101jumu laik\u0101, palielinot augst\u0101k\u0101 l\u012bme\u0146a veiktsp\u0113ju.  P\u0101rdots k\u0101 p\u0101ris. IPF apstiprin\u0101ts un IWF sader\u012bgs ar maksim\u0101lo pie\u013caujamo 30 cm garumu. Augstas kvalit\u0101tes, augsta bl\u012bvuma 7 mm neopr\u0113ns nodro\u0161ina maksim\u0101lu saspie\u0161anu un virsmas saskares laukumu vis\u0101 ce\u013ca saliek\u0161anas laik\u0101. Uzlabot\u0101 \u010detrvirzienu stiep\u0161ana \u013cauj neopr\u0113nam izstiepties pielaiko\u0161anas laik\u0101 un saglab\u0101t saspie\u0161anu ap ce\u013ca loc\u012btavu vis\u0101 pacel\u0161anas laik\u0101 bez atstarp\u0113m. Smagas oderes, apmales un \u0161uves, kas izstr\u0101d\u0101tas, lai notur\u0113tu pat agres\u012bv\u0101ko piegriezumu. Antimikrobi\u0101l\u0101 apstr\u0101de samazina bakt\u0113riju uzkr\u0101\u0161anos un samazina smaku. Patent\u0113ts dizains. Ra\u017eots Lielbrit\u0101nij\u0101.\" \/>\n<meta property=\"og:url\" content=\"https:\/\/sbdapparel.lv\/en\/product\/powerlifting-celu-ortozes-7mm\/\" \/>\n<meta property=\"og:site_name\" content=\"SBD Apparel LV\" \/>\n<meta property=\"article:modified_time\" content=\"2026-04-21T11:39:08+00:00\" \/>\n<meta property=\"og:image\" content=\"http:\/\/sbdapparel.lv\/wp-content\/uploads\/2025\/02\/7mm-Powerlifting-Knee-Sleeves-01.jpg.webp\" \/>\n\t<meta property=\"og:image:width\" content=\"1800\" \/>\n\t<meta property=\"og:image:height\" content=\"1800\" \/>\n\t<meta property=\"og:image:type\" content=\"image\/webp\" \/>\n<meta name=\"twitter:card\" content=\"summary_large_image\" \/>\n<meta name=\"twitter:label1\" content=\"Est. reading time\" \/>\n\t<meta name=\"twitter:data1\" content=\"1 minute\" \/>\n<script type=\"application\/ld+json\" class=\"yoast-schema-graph\">{\"@context\":\"https:\\\/\\\/schema.org\",\"@graph\":[{\"@type\":\"WebPage\",\"@id\":\"https:\\\/\\\/sbdapparel.lv\\\/product\\\/powerlifting-celu-ortozes-7mm\\\/\",\"url\":\"https:\\\/\\\/sbdapparel.lv\\\/product\\\/powerlifting-celu-ortozes-7mm\\\/\",\"name\":\"POWERLIFTING CE\u013bU ORTOZES 7mm - SBD Apparel LV\",\"isPartOf\":{\"@id\":\"https:\\\/\\\/sbdapparel.lv\\\/#website\"},\"primaryImageOfPage\":{\"@id\":\"https:\\\/\\\/sbdapparel.lv\\\/product\\\/powerlifting-celu-ortozes-7mm\\\/#primaryimage\"},\"image\":{\"@id\":\"https:\\\/\\\/sbdapparel.lv\\\/product\\\/powerlifting-celu-ortozes-7mm\\\/#primaryimage\"},\"thumbnailUrl\":\"https:\\\/\\\/sbdapparel.lv\\\/wp-content\\\/uploads\\\/2025\\\/02\\\/7mm-Powerlifting-Knee-Sleeves-01.jpg.webp\",\"datePublished\":\"2025-02-19T15:44:10+00:00\",\"dateModified\":\"2026-04-21T11:39:08+00:00\",\"breadcrumb\":{\"@id\":\"https:\\\/\\\/sbdapparel.lv\\\/product\\\/powerlifting-celu-ortozes-7mm\\\/#breadcrumb\"},\"inLanguage\":\"en-US\",\"potentialAction\":[{\"@type\":\"ReadAction\",\"target\":[\"https:\\\/\\\/sbdapparel.lv\\\/product\\\/powerlifting-celu-ortozes-7mm\\\/\"]}]},{\"@type\":\"ImageObject\",\"inLanguage\":\"en-US\",\"@id\":\"https:\\\/\\\/sbdapparel.lv\\\/product\\\/powerlifting-celu-ortozes-7mm\\\/#primaryimage\",\"url\":\"https:\\\/\\\/sbdapparel.lv\\\/wp-content\\\/uploads\\\/2025\\\/02\\\/7mm-Powerlifting-Knee-Sleeves-01.jpg.webp\",\"contentUrl\":\"https:\\\/\\\/sbdapparel.lv\\\/wp-content\\\/uploads\\\/2025\\\/02\\\/7mm-Powerlifting-Knee-Sleeves-01.jpg.webp\",\"width\":1800,\"height\":1800},{\"@type\":\"BreadcrumbList\",\"@id\":\"https:\\\/\\\/sbdapparel.lv\\\/product\\\/powerlifting-celu-ortozes-7mm\\\/#breadcrumb\",\"itemListElement\":[{\"@type\":\"ListItem\",\"position\":1,\"name\":\"Home\",\"item\":\"https:\\\/\\\/sbdapparel.lv\\\/\"},{\"@type\":\"ListItem\",\"position\":2,\"name\":\"Produktai\",\"item\":\"https:\\\/\\\/sbdapparel.lv\\\/shop\\\/\"},{\"@type\":\"ListItem\",\"position\":3,\"name\":\"POWERLIFTING CE\u013bU ORTOZES 7mm\"}]},{\"@type\":\"WebSite\",\"@id\":\"https:\\\/\\\/sbdapparel.lv\\\/#website\",\"url\":\"https:\\\/\\\/sbdapparel.lv\\\/\",\"name\":\"sbdapparel.lv\",\"description\":\"Latvija\",\"publisher\":{\"@id\":\"https:\\\/\\\/sbdapparel.lv\\\/#organization\"},\"potentialAction\":[{\"@type\":\"SearchAction\",\"target\":{\"@type\":\"EntryPoint\",\"urlTemplate\":\"https:\\\/\\\/sbdapparel.lv\\\/?s={search_term_string}\"},\"query-input\":{\"@type\":\"PropertyValueSpecification\",\"valueRequired\":true,\"valueName\":\"search_term_string\"}}],\"inLanguage\":\"en-US\"},{\"@type\":\"Organization\",\"@id\":\"https:\\\/\\\/sbdapparel.lv\\\/#organization\",\"name\":\"SBD Apparel LV\",\"url\":\"https:\\\/\\\/sbdapparel.lv\\\/\",\"logo\":{\"@type\":\"ImageObject\",\"inLanguage\":\"en-US\",\"@id\":\"https:\\\/\\\/sbdapparel.lv\\\/#\\\/schema\\\/logo\\\/image\\\/\",\"url\":\"https:\\\/\\\/sbdapparel.lv\\\/wp-content\\\/uploads\\\/2023\\\/07\\\/cropped-SBD_Identity_OnDark_RGB.png\",\"contentUrl\":\"https:\\\/\\\/sbdapparel.lv\\\/wp-content\\\/uploads\\\/2023\\\/07\\\/cropped-SBD_Identity_OnDark_RGB.png\",\"width\":1182,\"height\":515,\"caption\":\"SBD Apparel LV\"},\"image\":{\"@id\":\"https:\\\/\\\/sbdapparel.lv\\\/#\\\/schema\\\/logo\\\/image\\\/\"}}]}<\/script>\n<!-- \/ Yoast SEO plugin. -->","yoast_head_json":{"title":"POWERLIFTING CE\u013bU ORTOZES 7mm - SBD Apparel LV","robots":{"index":"index","follow":"follow","max-snippet":"max-snippet:-1","max-image-preview":"max-image-preview:large","max-video-preview":"max-video-preview:-1"},"canonical":"https:\/\/sbdapparel.lv\/en\/product\/powerlifting-celu-ortozes-7mm\/","og_locale":"en_US","og_type":"article","og_title":"POWERLIFTING CE\u013bU ORTOZES 7mm - SBD Apparel LV","og_description":"SBD pauerliftinga ce\u013cgalu piedurknes ir paredz\u0113tas konkur\u0113tsp\u0113j\u012bgiem sp\u0113ka pac\u0113l\u0101jiem, kuri mekl\u0113 maksim\u0101lu atbalstu no sav\u0101m piedurkn\u0113m.  Tie nodro\u0161ina iev\u0113rojami liel\u0101ku saspie\u0161anu vis\u0101 ce\u013cgala saliek\u0161anas laik\u0101, lai maksim\u0101li palielin\u0101tu atbalstu un p\u0101rliec\u012bbu maksim\u0101lo m\u0113\u0123in\u0101jumu laik\u0101, palielinot augst\u0101k\u0101 l\u012bme\u0146a veiktsp\u0113ju.  P\u0101rdots k\u0101 p\u0101ris. IPF apstiprin\u0101ts un IWF sader\u012bgs ar maksim\u0101lo pie\u013caujamo 30 cm garumu. Augstas kvalit\u0101tes, augsta bl\u012bvuma 7 mm neopr\u0113ns nodro\u0161ina maksim\u0101lu saspie\u0161anu un virsmas saskares laukumu vis\u0101 ce\u013ca saliek\u0161anas laik\u0101. Uzlabot\u0101 \u010detrvirzienu stiep\u0161ana \u013cauj neopr\u0113nam izstiepties pielaiko\u0161anas laik\u0101 un saglab\u0101t saspie\u0161anu ap ce\u013ca loc\u012btavu vis\u0101 pacel\u0161anas laik\u0101 bez atstarp\u0113m. Smagas oderes, apmales un \u0161uves, kas izstr\u0101d\u0101tas, lai notur\u0113tu pat agres\u012bv\u0101ko piegriezumu. Antimikrobi\u0101l\u0101 apstr\u0101de samazina bakt\u0113riju uzkr\u0101\u0161anos un samazina smaku. Patent\u0113ts dizains. Ra\u017eots Lielbrit\u0101nij\u0101.","og_url":"https:\/\/sbdapparel.lv\/en\/product\/powerlifting-celu-ortozes-7mm\/","og_site_name":"SBD Apparel LV","article_modified_time":"2026-04-21T11:39:08+00:00","og_image":[{"width":1800,"height":1800,"url":"http:\/\/sbdapparel.lv\/wp-content\/uploads\/2025\/02\/7mm-Powerlifting-Knee-Sleeves-01.jpg.webp","type":"image\/webp"}],"twitter_card":"summary_large_image","twitter_misc":{"Est. reading time":"1 minute"},"schema":{"@context":"https:\/\/schema.org","@graph":[{"@type":"WebPage","@id":"https:\/\/sbdapparel.lv\/product\/powerlifting-celu-ortozes-7mm\/","url":"https:\/\/sbdapparel.lv\/product\/powerlifting-celu-ortozes-7mm\/","name":"POWERLIFTING CE\u013bU ORTOZES 7mm - SBD Apparel LV","isPartOf":{"@id":"https:\/\/sbdapparel.lv\/#website"},"primaryImageOfPage":{"@id":"https:\/\/sbdapparel.lv\/product\/powerlifting-celu-ortozes-7mm\/#primaryimage"},"image":{"@id":"https:\/\/sbdapparel.lv\/product\/powerlifting-celu-ortozes-7mm\/#primaryimage"},"thumbnailUrl":"https:\/\/sbdapparel.lv\/wp-content\/uploads\/2025\/02\/7mm-Powerlifting-Knee-Sleeves-01.jpg.webp","datePublished":"2025-02-19T15:44:10+00:00","dateModified":"2026-04-21T11:39:08+00:00","breadcrumb":{"@id":"https:\/\/sbdapparel.lv\/product\/powerlifting-celu-ortozes-7mm\/#breadcrumb"},"inLanguage":"en-US","potentialAction":[{"@type":"ReadAction","target":["https:\/\/sbdapparel.lv\/product\/powerlifting-celu-ortozes-7mm\/"]}]},{"@type":"ImageObject","inLanguage":"en-US","@id":"https:\/\/sbdapparel.lv\/product\/powerlifting-celu-ortozes-7mm\/#primaryimage","url":"https:\/\/sbdapparel.lv\/wp-content\/uploads\/2025\/02\/7mm-Powerlifting-Knee-Sleeves-01.jpg.webp","contentUrl":"https:\/\/sbdapparel.lv\/wp-content\/uploads\/2025\/02\/7mm-Powerlifting-Knee-Sleeves-01.jpg.webp","width":1800,"height":1800},{"@type":"BreadcrumbList","@id":"https:\/\/sbdapparel.lv\/product\/powerlifting-celu-ortozes-7mm\/#breadcrumb","itemListElement":[{"@type":"ListItem","position":1,"name":"Home","item":"https:\/\/sbdapparel.lv\/"},{"@type":"ListItem","position":2,"name":"Produktai","item":"https:\/\/sbdapparel.lv\/shop\/"},{"@type":"ListItem","position":3,"name":"POWERLIFTING CE\u013bU ORTOZES 7mm"}]},{"@type":"WebSite","@id":"https:\/\/sbdapparel.lv\/#website","url":"https:\/\/sbdapparel.lv\/","name":"sbdapparel.lv","description":"Latvija","publisher":{"@id":"https:\/\/sbdapparel.lv\/#organization"},"potentialAction":[{"@type":"SearchAction","target":{"@type":"EntryPoint","urlTemplate":"https:\/\/sbdapparel.lv\/?s={search_term_string}"},"query-input":{"@type":"PropertyValueSpecification","valueRequired":true,"valueName":"search_term_string"}}],"inLanguage":"en-US"},{"@type":"Organization","@id":"https:\/\/sbdapparel.lv\/#organization","name":"SBD Apparel LV","url":"https:\/\/sbdapparel.lv\/","logo":{"@type":"ImageObject","inLanguage":"en-US","@id":"https:\/\/sbdapparel.lv\/#\/schema\/logo\/image\/","url":"https:\/\/sbdapparel.lv\/wp-content\/uploads\/2023\/07\/cropped-SBD_Identity_OnDark_RGB.png","contentUrl":"https:\/\/sbdapparel.lv\/wp-content\/uploads\/2023\/07\/cropped-SBD_Identity_OnDark_RGB.png","width":1182,"height":515,"caption":"SBD Apparel LV"},"image":{"@id":"https:\/\/sbdapparel.lv\/#\/schema\/logo\/image\/"}}]}},"_links":{"self":[{"href":"https:\/\/sbdapparel.lv\/en\/wp-json\/wp\/v2\/product\/5325","targetHints":{"allow":["GET"]}}],"collection":[{"href":"https:\/\/sbdapparel.lv\/en\/wp-json\/wp\/v2\/product"}],"about":[{"href":"https:\/\/sbdapparel.lv\/en\/wp-json\/wp\/v2\/types\/product"}],"version-history":[{"count":4,"href":"https:\/\/sbdapparel.lv\/en\/wp-json\/wp\/v2\/product\/5325\/revisions"}],"predecessor-version":[{"id":5514,"href":"https:\/\/sbdapparel.lv\/en\/wp-json\/wp\/v2\/product\/5325\/revisions\/5514"}],"wp:featuredmedia":[{"embeddable":true,"href":"https:\/\/sbdapparel.lv\/en\/wp-json\/wp\/v2\/media\/5326"}],"wp:attachment":[{"href":"https:\/\/sbdapparel.lv\/en\/wp-json\/wp\/v2\/media?parent=5325"}],"wp:term":[{"taxonomy":"product_brand","embeddable":true,"href":"https:\/\/sbdapparel.lv\/en\/wp-json\/wp\/v2\/product_brand?post=5325"},{"taxonomy":"product_cat","embeddable":true,"href":"https:\/\/sbdapparel.lv\/en\/wp-json\/wp\/v2\/product_cat?post=5325"},{"taxonomy":"product_tag","embeddable":true,"href":"https:\/\/sbdapparel.lv\/en\/wp-json\/wp\/v2\/product_tag?post=5325"},{"taxonomy":"giftcard-category","embeddable":true,"href":"https:\/\/sbdapparel.lv\/en\/wp-json\/wp\/v2\/giftcard-category?post=5325"}],"curies":[{"name":"wp","href":"https:\/\/api.w.org\/{rel}","templated":true}]}}