{"id":5136,"date":"2025-01-18T16:28:42","date_gmt":"2025-01-18T16:28:42","guid":{"rendered":"https:\/\/sbdapparel.lv\/?post_type=product&#038;p=5136"},"modified":"2025-11-18T11:05:39","modified_gmt":"2025-11-18T09:05:39","slug":"sheffield-competition-2025-t-krekls","status":"publish","type":"product","link":"https:\/\/sbdapparel.lv\/en\/product\/sheffield-competition-2025-t-krekls\/","title":{"rendered":"SHEFFIELD COMPETITION 2025 T-KREKLS"},"content":{"rendered":"","protected":false},"excerpt":{"rendered":"<p>Crafted by our team in Great Britain, our t-shirts are proudly made with the same attention to detail and to the same high standards as the equipment relied upon by the athletes competing at the Sheffield Powerlifting Championships.<\/p>\n<p>The official 2025 Sheffield Powerlifting Championships competition t-shirt.<br \/>\nComfortable and durable, designed to endure years of use in training<br \/>\nMade in Sheffield, Great Britain.<\/p>","protected":false},"featured_media":5155,"template":"","meta":[],"product_brand":[],"product_cat":[49],"product_tag":[],"giftcard-category":[],"class_list":{"0":"post-5136","1":"product","2":"type-product","3":"status-publish","4":"has-post-thumbnail","6":"product_cat-marskineliai","9":"instock","10":"shipping-taxable","11":"purchasable","12":"product-type-variable","13":"product-grid-view"},"yoast_head":"<!-- This site is optimized with the Yoast SEO plugin v27.4 - https:\/\/yoast.com\/product\/yoast-seo-wordpress\/ -->\n<title>SHEFFIELD COMPETITION 2025 T-KREKLS - SBD Apparel LV<\/title>\n<meta name=\"robots\" content=\"index, follow, max-snippet:-1, max-image-preview:large, max-video-preview:-1\" \/>\n<link rel=\"canonical\" href=\"https:\/\/sbdapparel.lv\/en\/product\/sheffield-competition-2025-t-krekls\/\" \/>\n<meta property=\"og:locale\" content=\"en_US\" \/>\n<meta property=\"og:type\" content=\"article\" \/>\n<meta property=\"og:title\" content=\"SHEFFIELD COMPETITION 2025 T-KREKLS - SBD Apparel LV\" \/>\n<meta property=\"og:description\" content=\"M\u016bsu t-krekli, ko izstr\u0101d\u0101jusi m\u016bsu komanda Lielbrit\u0101nij\u0101, ir lepni izgatavoti ar t\u0101du pa\u0161u uzman\u012bbu deta\u013c\u0101m un t\u0101diem pa\u0161iem augstiem standartiem k\u0101 apr\u012bkojums, uz kuru pa\u013caujas sportisti, kas piedal\u0101s \u0160ef\u012bldas pauerliftinga \u010dempion\u0101t\u0101.  Ofici\u0101lais 2025.\u00a0gada \u0160ef\u012bldas pauerliftinga \u010dempion\u0101ta sacens\u012bbu t-krekls. \u0112rts un iztur\u012bgs, izstr\u0101d\u0101ts, lai iztur\u0113tu gadiem ilgu lieto\u0161anu treni\u0146os Ra\u017eots \u0160ef\u012bld\u0101, Lielbrit\u0101nij\u0101.\" \/>\n<meta property=\"og:url\" content=\"https:\/\/sbdapparel.lv\/en\/product\/sheffield-competition-2025-t-krekls\/\" \/>\n<meta property=\"og:site_name\" content=\"SBD Apparel LV\" \/>\n<meta property=\"article:modified_time\" content=\"2025-11-18T09:05:39+00:00\" \/>\n<meta property=\"og:image\" content=\"https:\/\/sbdapparel.lv\/wp-content\/uploads\/2025\/01\/Sheffield-25-T-shirt-01.webp\" \/>\n\t<meta property=\"og:image:width\" content=\"1800\" \/>\n\t<meta property=\"og:image:height\" content=\"1800\" \/>\n\t<meta property=\"og:image:type\" content=\"image\/webp\" \/>\n<meta name=\"twitter:card\" content=\"summary_large_image\" \/>\n<script type=\"application\/ld+json\" class=\"yoast-schema-graph\">{\"@context\":\"https:\\\/\\\/schema.org\",\"@graph\":[{\"@type\":\"WebPage\",\"@id\":\"https:\\\/\\\/sbdapparel.lv\\\/product\\\/sheffield-competition-2025-t-krekls\\\/\",\"url\":\"https:\\\/\\\/sbdapparel.lv\\\/product\\\/sheffield-competition-2025-t-krekls\\\/\",\"name\":\"SHEFFIELD COMPETITION 2025 T-KREKLS - SBD Apparel LV\",\"isPartOf\":{\"@id\":\"https:\\\/\\\/sbdapparel.lv\\\/#website\"},\"primaryImageOfPage\":{\"@id\":\"https:\\\/\\\/sbdapparel.lv\\\/product\\\/sheffield-competition-2025-t-krekls\\\/#primaryimage\"},\"image\":{\"@id\":\"https:\\\/\\\/sbdapparel.lv\\\/product\\\/sheffield-competition-2025-t-krekls\\\/#primaryimage\"},\"thumbnailUrl\":\"https:\\\/\\\/sbdapparel.lv\\\/wp-content\\\/uploads\\\/2025\\\/01\\\/Sheffield-25-T-shirt-01.webp\",\"datePublished\":\"2025-01-18T16:28:42+00:00\",\"dateModified\":\"2025-11-18T09:05:39+00:00\",\"breadcrumb\":{\"@id\":\"https:\\\/\\\/sbdapparel.lv\\\/product\\\/sheffield-competition-2025-t-krekls\\\/#breadcrumb\"},\"inLanguage\":\"en-US\",\"potentialAction\":[{\"@type\":\"ReadAction\",\"target\":[\"https:\\\/\\\/sbdapparel.lv\\\/product\\\/sheffield-competition-2025-t-krekls\\\/\"]}]},{\"@type\":\"ImageObject\",\"inLanguage\":\"en-US\",\"@id\":\"https:\\\/\\\/sbdapparel.lv\\\/product\\\/sheffield-competition-2025-t-krekls\\\/#primaryimage\",\"url\":\"https:\\\/\\\/sbdapparel.lv\\\/wp-content\\\/uploads\\\/2025\\\/01\\\/Sheffield-25-T-shirt-01.webp\",\"contentUrl\":\"https:\\\/\\\/sbdapparel.lv\\\/wp-content\\\/uploads\\\/2025\\\/01\\\/Sheffield-25-T-shirt-01.webp\",\"width\":1800,\"height\":1800},{\"@type\":\"BreadcrumbList\",\"@id\":\"https:\\\/\\\/sbdapparel.lv\\\/product\\\/sheffield-competition-2025-t-krekls\\\/#breadcrumb\",\"itemListElement\":[{\"@type\":\"ListItem\",\"position\":1,\"name\":\"Home\",\"item\":\"https:\\\/\\\/sbdapparel.lv\\\/\"},{\"@type\":\"ListItem\",\"position\":2,\"name\":\"Produktai\",\"item\":\"https:\\\/\\\/sbdapparel.lv\\\/shop\\\/\"},{\"@type\":\"ListItem\",\"position\":3,\"name\":\"SHEFFIELD COMPETITION 2025 T-KREKLS\"}]},{\"@type\":\"WebSite\",\"@id\":\"https:\\\/\\\/sbdapparel.lv\\\/#website\",\"url\":\"https:\\\/\\\/sbdapparel.lv\\\/\",\"name\":\"sbdapparel.lv\",\"description\":\"Latvija\",\"publisher\":{\"@id\":\"https:\\\/\\\/sbdapparel.lv\\\/#organization\"},\"potentialAction\":[{\"@type\":\"SearchAction\",\"target\":{\"@type\":\"EntryPoint\",\"urlTemplate\":\"https:\\\/\\\/sbdapparel.lv\\\/?s={search_term_string}\"},\"query-input\":{\"@type\":\"PropertyValueSpecification\",\"valueRequired\":true,\"valueName\":\"search_term_string\"}}],\"inLanguage\":\"en-US\"},{\"@type\":\"Organization\",\"@id\":\"https:\\\/\\\/sbdapparel.lv\\\/#organization\",\"name\":\"SBD Apparel LV\",\"url\":\"https:\\\/\\\/sbdapparel.lv\\\/\",\"logo\":{\"@type\":\"ImageObject\",\"inLanguage\":\"en-US\",\"@id\":\"https:\\\/\\\/sbdapparel.lv\\\/#\\\/schema\\\/logo\\\/image\\\/\",\"url\":\"https:\\\/\\\/sbdapparel.lv\\\/wp-content\\\/uploads\\\/2023\\\/07\\\/cropped-SBD_Identity_OnDark_RGB.png\",\"contentUrl\":\"https:\\\/\\\/sbdapparel.lv\\\/wp-content\\\/uploads\\\/2023\\\/07\\\/cropped-SBD_Identity_OnDark_RGB.png\",\"width\":1182,\"height\":515,\"caption\":\"SBD Apparel LV\"},\"image\":{\"@id\":\"https:\\\/\\\/sbdapparel.lv\\\/#\\\/schema\\\/logo\\\/image\\\/\"}}]}<\/script>\n<!-- \/ Yoast SEO plugin. -->","yoast_head_json":{"title":"SHEFFIELD COMPETITION 2025 T-KREKLS - SBD Apparel LV","robots":{"index":"index","follow":"follow","max-snippet":"max-snippet:-1","max-image-preview":"max-image-preview:large","max-video-preview":"max-video-preview:-1"},"canonical":"https:\/\/sbdapparel.lv\/en\/product\/sheffield-competition-2025-t-krekls\/","og_locale":"en_US","og_type":"article","og_title":"SHEFFIELD COMPETITION 2025 T-KREKLS - SBD Apparel LV","og_description":"M\u016bsu t-krekli, ko izstr\u0101d\u0101jusi m\u016bsu komanda Lielbrit\u0101nij\u0101, ir lepni izgatavoti ar t\u0101du pa\u0161u uzman\u012bbu deta\u013c\u0101m un t\u0101diem pa\u0161iem augstiem standartiem k\u0101 apr\u012bkojums, uz kuru pa\u013caujas sportisti, kas piedal\u0101s \u0160ef\u012bldas pauerliftinga \u010dempion\u0101t\u0101.  Ofici\u0101lais 2025.\u00a0gada \u0160ef\u012bldas pauerliftinga \u010dempion\u0101ta sacens\u012bbu t-krekls. \u0112rts un iztur\u012bgs, izstr\u0101d\u0101ts, lai iztur\u0113tu gadiem ilgu lieto\u0161anu treni\u0146os Ra\u017eots \u0160ef\u012bld\u0101, Lielbrit\u0101nij\u0101.","og_url":"https:\/\/sbdapparel.lv\/en\/product\/sheffield-competition-2025-t-krekls\/","og_site_name":"SBD Apparel LV","article_modified_time":"2025-11-18T09:05:39+00:00","og_image":[{"width":1800,"height":1800,"url":"https:\/\/sbdapparel.lv\/wp-content\/uploads\/2025\/01\/Sheffield-25-T-shirt-01.webp","type":"image\/webp"}],"twitter_card":"summary_large_image","schema":{"@context":"https:\/\/schema.org","@graph":[{"@type":"WebPage","@id":"https:\/\/sbdapparel.lv\/product\/sheffield-competition-2025-t-krekls\/","url":"https:\/\/sbdapparel.lv\/product\/sheffield-competition-2025-t-krekls\/","name":"SHEFFIELD COMPETITION 2025 T-KREKLS - SBD Apparel LV","isPartOf":{"@id":"https:\/\/sbdapparel.lv\/#website"},"primaryImageOfPage":{"@id":"https:\/\/sbdapparel.lv\/product\/sheffield-competition-2025-t-krekls\/#primaryimage"},"image":{"@id":"https:\/\/sbdapparel.lv\/product\/sheffield-competition-2025-t-krekls\/#primaryimage"},"thumbnailUrl":"https:\/\/sbdapparel.lv\/wp-content\/uploads\/2025\/01\/Sheffield-25-T-shirt-01.webp","datePublished":"2025-01-18T16:28:42+00:00","dateModified":"2025-11-18T09:05:39+00:00","breadcrumb":{"@id":"https:\/\/sbdapparel.lv\/product\/sheffield-competition-2025-t-krekls\/#breadcrumb"},"inLanguage":"en-US","potentialAction":[{"@type":"ReadAction","target":["https:\/\/sbdapparel.lv\/product\/sheffield-competition-2025-t-krekls\/"]}]},{"@type":"ImageObject","inLanguage":"en-US","@id":"https:\/\/sbdapparel.lv\/product\/sheffield-competition-2025-t-krekls\/#primaryimage","url":"https:\/\/sbdapparel.lv\/wp-content\/uploads\/2025\/01\/Sheffield-25-T-shirt-01.webp","contentUrl":"https:\/\/sbdapparel.lv\/wp-content\/uploads\/2025\/01\/Sheffield-25-T-shirt-01.webp","width":1800,"height":1800},{"@type":"BreadcrumbList","@id":"https:\/\/sbdapparel.lv\/product\/sheffield-competition-2025-t-krekls\/#breadcrumb","itemListElement":[{"@type":"ListItem","position":1,"name":"Home","item":"https:\/\/sbdapparel.lv\/"},{"@type":"ListItem","position":2,"name":"Produktai","item":"https:\/\/sbdapparel.lv\/shop\/"},{"@type":"ListItem","position":3,"name":"SHEFFIELD COMPETITION 2025 T-KREKLS"}]},{"@type":"WebSite","@id":"https:\/\/sbdapparel.lv\/#website","url":"https:\/\/sbdapparel.lv\/","name":"sbdapparel.lv","description":"Latvija","publisher":{"@id":"https:\/\/sbdapparel.lv\/#organization"},"potentialAction":[{"@type":"SearchAction","target":{"@type":"EntryPoint","urlTemplate":"https:\/\/sbdapparel.lv\/?s={search_term_string}"},"query-input":{"@type":"PropertyValueSpecification","valueRequired":true,"valueName":"search_term_string"}}],"inLanguage":"en-US"},{"@type":"Organization","@id":"https:\/\/sbdapparel.lv\/#organization","name":"SBD Apparel LV","url":"https:\/\/sbdapparel.lv\/","logo":{"@type":"ImageObject","inLanguage":"en-US","@id":"https:\/\/sbdapparel.lv\/#\/schema\/logo\/image\/","url":"https:\/\/sbdapparel.lv\/wp-content\/uploads\/2023\/07\/cropped-SBD_Identity_OnDark_RGB.png","contentUrl":"https:\/\/sbdapparel.lv\/wp-content\/uploads\/2023\/07\/cropped-SBD_Identity_OnDark_RGB.png","width":1182,"height":515,"caption":"SBD Apparel LV"},"image":{"@id":"https:\/\/sbdapparel.lv\/#\/schema\/logo\/image\/"}}]}},"_links":{"self":[{"href":"https:\/\/sbdapparel.lv\/en\/wp-json\/wp\/v2\/product\/5136","targetHints":{"allow":["GET"]}}],"collection":[{"href":"https:\/\/sbdapparel.lv\/en\/wp-json\/wp\/v2\/product"}],"about":[{"href":"https:\/\/sbdapparel.lv\/en\/wp-json\/wp\/v2\/types\/product"}],"version-history":[{"count":4,"href":"https:\/\/sbdapparel.lv\/en\/wp-json\/wp\/v2\/product\/5136\/revisions"}],"predecessor-version":[{"id":5392,"href":"https:\/\/sbdapparel.lv\/en\/wp-json\/wp\/v2\/product\/5136\/revisions\/5392"}],"wp:featuredmedia":[{"embeddable":true,"href":"https:\/\/sbdapparel.lv\/en\/wp-json\/wp\/v2\/media\/5155"}],"wp:attachment":[{"href":"https:\/\/sbdapparel.lv\/en\/wp-json\/wp\/v2\/media?parent=5136"}],"wp:term":[{"taxonomy":"product_brand","embeddable":true,"href":"https:\/\/sbdapparel.lv\/en\/wp-json\/wp\/v2\/product_brand?post=5136"},{"taxonomy":"product_cat","embeddable":true,"href":"https:\/\/sbdapparel.lv\/en\/wp-json\/wp\/v2\/product_cat?post=5136"},{"taxonomy":"product_tag","embeddable":true,"href":"https:\/\/sbdapparel.lv\/en\/wp-json\/wp\/v2\/product_tag?post=5136"},{"taxonomy":"giftcard-category","embeddable":true,"href":"https:\/\/sbdapparel.lv\/en\/wp-json\/wp\/v2\/giftcard-category?post=5136"}],"curies":[{"name":"wp","href":"https:\/\/api.w.org\/{rel}","templated":true}]}}