{"id":4020,"date":"2024-12-05T15:15:25","date_gmt":"2024-12-05T15:15:25","guid":{"rendered":"https:\/\/sbdapparel.lv\/?post_type=product&#038;p=4020"},"modified":"2026-02-13T04:35:46","modified_gmt":"2026-02-13T02:35:46","slug":"forge-peleka-josta-10mm","status":"publish","type":"product","link":"https:\/\/sbdapparel.lv\/en\/product\/forge-peleka-josta-10mm\/","title":{"rendered":"Forge Gray 10mm Lever Belt"},"content":{"rendered":"","protected":false},"excerpt":{"rendered":"<p>Featuring a patented gliding lever, providing the adjustability of a prong belt with the ease and tightness of a lever belt. Ideal for sizing up or down whenever you need during training sessions and competitions.<\/p>\n<p>The 10mm lever belt is constructed using two different cuts of hide to allow the belt to retain support while moulding to your waist. Featuring a low profile buckle - along with rounded edges and corners - to minimise any obstruction or discomfort from contact between the legs and the belt.<\/p>\n<p>Designed through collaboration with world-class athletes, coaches, and health professionals.<\/p>\n<p>Forge is a limited edition collection, offering the same performance and manufactured to the same high standards as our classic product line.Forge is a limited edition collection, offering the same performance and manufactured to the same high standards as our classic product line.<\/p>\n<p>10mm thickness and 10cm in width.<br \/>\nGrey oiled leather finish with an orange suede interior.<br \/>\nIPF approved.<br \/>\nMade exclusively from British cowhide.<br \/>\nMade in Sheffield, Great Britain.<\/p>","protected":false},"featured_media":4030,"template":"","meta":[],"product_brand":[],"product_cat":[67,42],"product_tag":[],"giftcard-category":[],"class_list":{"0":"post-4020","1":"product","2":"type-product","3":"status-publish","4":"has-post-thumbnail","6":"product_cat-forge","7":"product_cat-dirzai","10":"instock","11":"shipping-taxable","12":"purchasable","13":"product-type-variable","14":"product-grid-view"},"yoast_head":"<!-- This site is optimized with the Yoast SEO plugin v27.4 - https:\/\/yoast.com\/product\/yoast-seo-wordpress\/ -->\n<title>FORGE PEL\u0112KA JOSTA 10mm - SBD Apparel LV<\/title>\n<meta name=\"robots\" content=\"index, follow, max-snippet:-1, max-image-preview:large, max-video-preview:-1\" \/>\n<link rel=\"canonical\" href=\"https:\/\/sbdapparel.lv\/en\/product\/forge-peleka-josta-10mm\/\" \/>\n<meta property=\"og:locale\" content=\"en_US\" \/>\n<meta property=\"og:type\" content=\"article\" \/>\n<meta property=\"og:title\" content=\"FORGE PEL\u0112KA JOSTA 10mm - SBD Apparel LV\" \/>\n<meta property=\"og:description\" content=\"Patent\u0113ta sv\u0113rta jostas spr\u0101dze, kas \u013cauj \u0113rti un dro\u0161i regul\u0113t jostu. Ide\u0101li piem\u0113rots izm\u0113ra palielin\u0101\u0161anai vai samazin\u0101\u0161anai, kad vien nepiecie\u0161ams treni\u0146u un sacens\u012bbu laik\u0101.  10\u00a0mm josta ar sviras spr\u0101dzi ir izgatavota, izmantojot divus da\u017e\u0101dus \u0101das sl\u0101\u0146us, lai nodro\u0161in\u0101tu, ka josta saglab\u0101 atbalstu, kad t\u0101 piegu\u013c viduklim. Zem\u0101 profila spr\u0101dze kop\u0101 ar noapa\u013cot\u0101m mal\u0101m un st\u016briem samazina \u0161\u0137\u0113r\u0161\u013cus vai diskomfortu, kas rodas saskar\u0113 starp k\u0101j\u0101m un jostu.  Izstr\u0101d\u0101ts sadarb\u012bb\u0101 ar pasaules l\u012bme\u0146a sportistiem, treneriem un vesel\u012bbas speci\u0101listiem.  Forge ir ierobe\u017eota izdevuma kolekcija, kurai ir t\u0101das pa\u0161as funkcijas un kas ir izgatavota saska\u0146\u0101 ar t\u0101diem pa\u0161iem augstiem standartiem k\u0101 m\u016bsu klasisk\u0101 produktu l\u012bnija.  10 mm biezs un 10 cm plats. Pel\u0113ka e\u013c\u013cotas \u0101das apdare ar melnu zam\u0161\u0101das iek\u0161pusi. IPF apstiprin\u0101ts. Izgatavots tikai no britu govs \u0101das. Ra\u017eots \u0160ef\u012bld\u0101, Lielbrit\u0101nij\u0101.\" \/>\n<meta property=\"og:url\" content=\"https:\/\/sbdapparel.lv\/en\/product\/forge-peleka-josta-10mm\/\" \/>\n<meta property=\"og:site_name\" content=\"SBD Apparel LV\" \/>\n<meta property=\"article:modified_time\" content=\"2026-02-13T02:35:46+00:00\" \/>\n<meta property=\"og:image\" content=\"https:\/\/sbdapparel.lv\/wp-content\/uploads\/2024\/12\/10MM-BELT-BLACK-01.webp\" \/>\n\t<meta property=\"og:image:width\" content=\"1800\" \/>\n\t<meta property=\"og:image:height\" content=\"1800\" \/>\n\t<meta property=\"og:image:type\" content=\"image\/webp\" \/>\n<meta name=\"twitter:card\" content=\"summary_large_image\" \/>\n<script type=\"application\/ld+json\" class=\"yoast-schema-graph\">{\"@context\":\"https:\\\/\\\/schema.org\",\"@graph\":[{\"@type\":\"WebPage\",\"@id\":\"https:\\\/\\\/sbdapparel.lv\\\/product\\\/forge-peleka-josta-10mm\\\/\",\"url\":\"https:\\\/\\\/sbdapparel.lv\\\/product\\\/forge-peleka-josta-10mm\\\/\",\"name\":\"FORGE PEL\u0112KA JOSTA 10mm - SBD Apparel LV\",\"isPartOf\":{\"@id\":\"https:\\\/\\\/sbdapparel.lv\\\/#website\"},\"primaryImageOfPage\":{\"@id\":\"https:\\\/\\\/sbdapparel.lv\\\/product\\\/forge-peleka-josta-10mm\\\/#primaryimage\"},\"image\":{\"@id\":\"https:\\\/\\\/sbdapparel.lv\\\/product\\\/forge-peleka-josta-10mm\\\/#primaryimage\"},\"thumbnailUrl\":\"https:\\\/\\\/sbdapparel.lv\\\/wp-content\\\/uploads\\\/2024\\\/12\\\/10MM-BELT-BLACK-01.webp\",\"datePublished\":\"2024-12-05T15:15:25+00:00\",\"dateModified\":\"2026-02-13T02:35:46+00:00\",\"breadcrumb\":{\"@id\":\"https:\\\/\\\/sbdapparel.lv\\\/product\\\/forge-peleka-josta-10mm\\\/#breadcrumb\"},\"inLanguage\":\"en-US\",\"potentialAction\":[{\"@type\":\"ReadAction\",\"target\":[\"https:\\\/\\\/sbdapparel.lv\\\/product\\\/forge-peleka-josta-10mm\\\/\"]}]},{\"@type\":\"ImageObject\",\"inLanguage\":\"en-US\",\"@id\":\"https:\\\/\\\/sbdapparel.lv\\\/product\\\/forge-peleka-josta-10mm\\\/#primaryimage\",\"url\":\"https:\\\/\\\/sbdapparel.lv\\\/wp-content\\\/uploads\\\/2024\\\/12\\\/10MM-BELT-BLACK-01.webp\",\"contentUrl\":\"https:\\\/\\\/sbdapparel.lv\\\/wp-content\\\/uploads\\\/2024\\\/12\\\/10MM-BELT-BLACK-01.webp\",\"width\":1800,\"height\":1800},{\"@type\":\"BreadcrumbList\",\"@id\":\"https:\\\/\\\/sbdapparel.lv\\\/product\\\/forge-peleka-josta-10mm\\\/#breadcrumb\",\"itemListElement\":[{\"@type\":\"ListItem\",\"position\":1,\"name\":\"Home\",\"item\":\"https:\\\/\\\/sbdapparel.lv\\\/\"},{\"@type\":\"ListItem\",\"position\":2,\"name\":\"Produktai\",\"item\":\"https:\\\/\\\/sbdapparel.lv\\\/shop\\\/\"},{\"@type\":\"ListItem\",\"position\":3,\"name\":\"FORGE PEL\u0112KA JOSTA 10mm\"}]},{\"@type\":\"WebSite\",\"@id\":\"https:\\\/\\\/sbdapparel.lv\\\/#website\",\"url\":\"https:\\\/\\\/sbdapparel.lv\\\/\",\"name\":\"sbdapparel.lv\",\"description\":\"Latvija\",\"publisher\":{\"@id\":\"https:\\\/\\\/sbdapparel.lv\\\/#organization\"},\"potentialAction\":[{\"@type\":\"SearchAction\",\"target\":{\"@type\":\"EntryPoint\",\"urlTemplate\":\"https:\\\/\\\/sbdapparel.lv\\\/?s={search_term_string}\"},\"query-input\":{\"@type\":\"PropertyValueSpecification\",\"valueRequired\":true,\"valueName\":\"search_term_string\"}}],\"inLanguage\":\"en-US\"},{\"@type\":\"Organization\",\"@id\":\"https:\\\/\\\/sbdapparel.lv\\\/#organization\",\"name\":\"SBD Apparel LV\",\"url\":\"https:\\\/\\\/sbdapparel.lv\\\/\",\"logo\":{\"@type\":\"ImageObject\",\"inLanguage\":\"en-US\",\"@id\":\"https:\\\/\\\/sbdapparel.lv\\\/#\\\/schema\\\/logo\\\/image\\\/\",\"url\":\"https:\\\/\\\/sbdapparel.lv\\\/wp-content\\\/uploads\\\/2023\\\/07\\\/cropped-SBD_Identity_OnDark_RGB.png\",\"contentUrl\":\"https:\\\/\\\/sbdapparel.lv\\\/wp-content\\\/uploads\\\/2023\\\/07\\\/cropped-SBD_Identity_OnDark_RGB.png\",\"width\":1182,\"height\":515,\"caption\":\"SBD Apparel LV\"},\"image\":{\"@id\":\"https:\\\/\\\/sbdapparel.lv\\\/#\\\/schema\\\/logo\\\/image\\\/\"}}]}<\/script>\n<!-- \/ Yoast SEO plugin. -->","yoast_head_json":{"title":"FORGE PEL\u0112KA JOSTA 10mm - SBD Apparel LV","robots":{"index":"index","follow":"follow","max-snippet":"max-snippet:-1","max-image-preview":"max-image-preview:large","max-video-preview":"max-video-preview:-1"},"canonical":"https:\/\/sbdapparel.lv\/en\/product\/forge-peleka-josta-10mm\/","og_locale":"en_US","og_type":"article","og_title":"FORGE PEL\u0112KA JOSTA 10mm - SBD Apparel LV","og_description":"Patent\u0113ta sv\u0113rta jostas spr\u0101dze, kas \u013cauj \u0113rti un dro\u0161i regul\u0113t jostu. Ide\u0101li piem\u0113rots izm\u0113ra palielin\u0101\u0161anai vai samazin\u0101\u0161anai, kad vien nepiecie\u0161ams treni\u0146u un sacens\u012bbu laik\u0101.  10\u00a0mm josta ar sviras spr\u0101dzi ir izgatavota, izmantojot divus da\u017e\u0101dus \u0101das sl\u0101\u0146us, lai nodro\u0161in\u0101tu, ka josta saglab\u0101 atbalstu, kad t\u0101 piegu\u013c viduklim. Zem\u0101 profila spr\u0101dze kop\u0101 ar noapa\u013cot\u0101m mal\u0101m un st\u016briem samazina \u0161\u0137\u0113r\u0161\u013cus vai diskomfortu, kas rodas saskar\u0113 starp k\u0101j\u0101m un jostu.  Izstr\u0101d\u0101ts sadarb\u012bb\u0101 ar pasaules l\u012bme\u0146a sportistiem, treneriem un vesel\u012bbas speci\u0101listiem.  Forge ir ierobe\u017eota izdevuma kolekcija, kurai ir t\u0101das pa\u0161as funkcijas un kas ir izgatavota saska\u0146\u0101 ar t\u0101diem pa\u0161iem augstiem standartiem k\u0101 m\u016bsu klasisk\u0101 produktu l\u012bnija.  10 mm biezs un 10 cm plats. Pel\u0113ka e\u013c\u013cotas \u0101das apdare ar melnu zam\u0161\u0101das iek\u0161pusi. IPF apstiprin\u0101ts. Izgatavots tikai no britu govs \u0101das. Ra\u017eots \u0160ef\u012bld\u0101, Lielbrit\u0101nij\u0101.","og_url":"https:\/\/sbdapparel.lv\/en\/product\/forge-peleka-josta-10mm\/","og_site_name":"SBD Apparel LV","article_modified_time":"2026-02-13T02:35:46+00:00","og_image":[{"width":1800,"height":1800,"url":"https:\/\/sbdapparel.lv\/wp-content\/uploads\/2024\/12\/10MM-BELT-BLACK-01.webp","type":"image\/webp"}],"twitter_card":"summary_large_image","schema":{"@context":"https:\/\/schema.org","@graph":[{"@type":"WebPage","@id":"https:\/\/sbdapparel.lv\/product\/forge-peleka-josta-10mm\/","url":"https:\/\/sbdapparel.lv\/product\/forge-peleka-josta-10mm\/","name":"FORGE PEL\u0112KA JOSTA 10mm - SBD Apparel LV","isPartOf":{"@id":"https:\/\/sbdapparel.lv\/#website"},"primaryImageOfPage":{"@id":"https:\/\/sbdapparel.lv\/product\/forge-peleka-josta-10mm\/#primaryimage"},"image":{"@id":"https:\/\/sbdapparel.lv\/product\/forge-peleka-josta-10mm\/#primaryimage"},"thumbnailUrl":"https:\/\/sbdapparel.lv\/wp-content\/uploads\/2024\/12\/10MM-BELT-BLACK-01.webp","datePublished":"2024-12-05T15:15:25+00:00","dateModified":"2026-02-13T02:35:46+00:00","breadcrumb":{"@id":"https:\/\/sbdapparel.lv\/product\/forge-peleka-josta-10mm\/#breadcrumb"},"inLanguage":"en-US","potentialAction":[{"@type":"ReadAction","target":["https:\/\/sbdapparel.lv\/product\/forge-peleka-josta-10mm\/"]}]},{"@type":"ImageObject","inLanguage":"en-US","@id":"https:\/\/sbdapparel.lv\/product\/forge-peleka-josta-10mm\/#primaryimage","url":"https:\/\/sbdapparel.lv\/wp-content\/uploads\/2024\/12\/10MM-BELT-BLACK-01.webp","contentUrl":"https:\/\/sbdapparel.lv\/wp-content\/uploads\/2024\/12\/10MM-BELT-BLACK-01.webp","width":1800,"height":1800},{"@type":"BreadcrumbList","@id":"https:\/\/sbdapparel.lv\/product\/forge-peleka-josta-10mm\/#breadcrumb","itemListElement":[{"@type":"ListItem","position":1,"name":"Home","item":"https:\/\/sbdapparel.lv\/"},{"@type":"ListItem","position":2,"name":"Produktai","item":"https:\/\/sbdapparel.lv\/shop\/"},{"@type":"ListItem","position":3,"name":"FORGE PEL\u0112KA JOSTA 10mm"}]},{"@type":"WebSite","@id":"https:\/\/sbdapparel.lv\/#website","url":"https:\/\/sbdapparel.lv\/","name":"sbdapparel.lv","description":"Latvija","publisher":{"@id":"https:\/\/sbdapparel.lv\/#organization"},"potentialAction":[{"@type":"SearchAction","target":{"@type":"EntryPoint","urlTemplate":"https:\/\/sbdapparel.lv\/?s={search_term_string}"},"query-input":{"@type":"PropertyValueSpecification","valueRequired":true,"valueName":"search_term_string"}}],"inLanguage":"en-US"},{"@type":"Organization","@id":"https:\/\/sbdapparel.lv\/#organization","name":"SBD Apparel LV","url":"https:\/\/sbdapparel.lv\/","logo":{"@type":"ImageObject","inLanguage":"en-US","@id":"https:\/\/sbdapparel.lv\/#\/schema\/logo\/image\/","url":"https:\/\/sbdapparel.lv\/wp-content\/uploads\/2023\/07\/cropped-SBD_Identity_OnDark_RGB.png","contentUrl":"https:\/\/sbdapparel.lv\/wp-content\/uploads\/2023\/07\/cropped-SBD_Identity_OnDark_RGB.png","width":1182,"height":515,"caption":"SBD Apparel LV"},"image":{"@id":"https:\/\/sbdapparel.lv\/#\/schema\/logo\/image\/"}}]}},"_links":{"self":[{"href":"https:\/\/sbdapparel.lv\/en\/wp-json\/wp\/v2\/product\/4020","targetHints":{"allow":["GET"]}}],"collection":[{"href":"https:\/\/sbdapparel.lv\/en\/wp-json\/wp\/v2\/product"}],"about":[{"href":"https:\/\/sbdapparel.lv\/en\/wp-json\/wp\/v2\/types\/product"}],"version-history":[{"count":6,"href":"https:\/\/sbdapparel.lv\/en\/wp-json\/wp\/v2\/product\/4020\/revisions"}],"predecessor-version":[{"id":4491,"href":"https:\/\/sbdapparel.lv\/en\/wp-json\/wp\/v2\/product\/4020\/revisions\/4491"}],"wp:featuredmedia":[{"embeddable":true,"href":"https:\/\/sbdapparel.lv\/en\/wp-json\/wp\/v2\/media\/4030"}],"wp:attachment":[{"href":"https:\/\/sbdapparel.lv\/en\/wp-json\/wp\/v2\/media?parent=4020"}],"wp:term":[{"taxonomy":"product_brand","embeddable":true,"href":"https:\/\/sbdapparel.lv\/en\/wp-json\/wp\/v2\/product_brand?post=4020"},{"taxonomy":"product_cat","embeddable":true,"href":"https:\/\/sbdapparel.lv\/en\/wp-json\/wp\/v2\/product_cat?post=4020"},{"taxonomy":"product_tag","embeddable":true,"href":"https:\/\/sbdapparel.lv\/en\/wp-json\/wp\/v2\/product_tag?post=4020"},{"taxonomy":"giftcard-category","embeddable":true,"href":"https:\/\/sbdapparel.lv\/en\/wp-json\/wp\/v2\/giftcard-category?post=4020"}],"curies":[{"name":"wp","href":"https:\/\/api.w.org\/{rel}","templated":true}]}}