{"id":3997,"date":"2024-12-05T15:06:58","date_gmt":"2024-12-05T15:06:58","guid":{"rendered":"https:\/\/sbdapparel.lv\/?post_type=product&#038;p=3997"},"modified":"2026-04-16T14:00:39","modified_gmt":"2026-04-16T12:00:39","slug":"forge-figure-8-celsanas-saites","status":"publish","type":"product","link":"https:\/\/sbdapparel.lv\/en\/product\/forge-figure-8-celsanas-saites\/","title":{"rendered":"FORGE FIGURE 8 CEL\u0160ANAS SAITES"},"content":{"rendered":"","protected":false},"excerpt":{"rendered":"<p>Designed to sit flat against the base of the hand and to tighten on the wrist as the weight loads on the straps, attaching you securely to the bar throughout the lift.<\/p>\n<p>Featuring our patent-pending webbing construction, which weaves filament aramid fibre within spun fibres. The figure 8 lifting straps offer greater strength than a nylon wrap, whilst providing the comfort of a cotton wrap.<\/p>\n<p>Designed through collaboration with world-class athletes to eliminate grip as a limiting factor when lifting for maximal weight or extra repetitions.<\/p>\n<p>Patent-pending figure 8 design to lock onto the wrist<br \/>\nPatent-pending webbing construction<br \/>\nMade in Sheffield, Great Britain.<br \/>\nMaterials: Kevlar\u00ae fiber, polyester<\/p>\n<p>DuPont\u2122 and Kevlar\u00ae are trademarks or registered trademarks of affiliates of DuPont de Nemours, Inc.<\/p>","protected":false},"featured_media":3998,"template":"","meta":[],"product_brand":[],"product_cat":[48,67],"product_tag":[],"giftcard-category":[],"class_list":{"0":"post-3997","1":"product","2":"type-product","3":"status-publish","4":"has-post-thumbnail","6":"product_cat-kelikmodirzai","7":"product_cat-forge","10":"instock","11":"shipping-taxable","12":"purchasable","13":"product-type-variable","14":"product-grid-view"},"yoast_head":"<!-- This site is optimized with the Yoast SEO plugin v27.4 - https:\/\/yoast.com\/product\/yoast-seo-wordpress\/ -->\n<title>FORGE FIGURE 8 CEL\u0160ANAS SAITES - SBD Apparel LV<\/title>\n<meta name=\"robots\" content=\"index, follow, max-snippet:-1, max-image-preview:large, max-video-preview:-1\" \/>\n<link rel=\"canonical\" href=\"https:\/\/sbdapparel.lv\/en\/product\/forge-figure-8-celsanas-saites\/\" \/>\n<meta property=\"og:locale\" content=\"en_US\" \/>\n<meta property=\"og:type\" content=\"article\" \/>\n<meta property=\"og:title\" content=\"FORGE FIGURE 8 CEL\u0160ANAS SAITES - SBD Apparel LV\" \/>\n<meta property=\"og:description\" content=\"Izstr\u0101d\u0101ts, lai uzlabotu stie\u0146a satv\u0113rienu maksim\u0101lo pac\u0113lumu vai atk\u0101rtojumu laik\u0101.  Pateicoties m\u016bsu patent\u0113tajai siksnas konstrukcijai, kur\u0101 tiek austas kv\u0113ldiega aram\u012bda \u0161\u0137iedras, asto\u0146as fig\u016bras pacel\u0161anas siksnas ir stipr\u0101kas nek\u0101 neilona apvalki, vienlaikus nodro\u0161inot \u0113rtu plaukstu loc\u012btavu apt\u012b\u0161anu.  Izstr\u0101d\u0101ts sadarb\u012bb\u0101 ar pasaules klases sportistiem, lai palielin\u0101tu sa\u0137eri, pace\u013cot maksim\u0101lo svaru vai veicot papildu atk\u0101rtojumus.  Patent\u0113ts fig\u016bras-8 dizains fiks\u0113\u0161anai uz plaukstas loc\u012btavas. Patent\u0113ts jostas dizains Ra\u017eots Lielbrit\u0101nij\u0101 Materi\u0101li: Kevlar\u00ae \u0161\u0137iedra, poliesters  DuPont\u2122 un Kevlar\u00ae ir DuPont de Nemours, Inc. pre\u010du z\u012bmes. fili\u0101\u013cu pre\u010du z\u012bmes vai re\u0123istr\u0113tas pre\u010du z\u012bmes.\" \/>\n<meta property=\"og:url\" content=\"https:\/\/sbdapparel.lv\/en\/product\/forge-figure-8-celsanas-saites\/\" \/>\n<meta property=\"og:site_name\" content=\"SBD Apparel LV\" \/>\n<meta property=\"article:modified_time\" content=\"2026-04-16T12:00:39+00:00\" \/>\n<meta property=\"og:image\" content=\"http:\/\/sbdapparel.lv\/wp-content\/uploads\/2024\/12\/Figure-8Lifting-Straps-01.webp\" \/>\n\t<meta property=\"og:image:width\" content=\"1800\" \/>\n\t<meta property=\"og:image:height\" content=\"1800\" \/>\n\t<meta property=\"og:image:type\" content=\"image\/webp\" \/>\n<meta name=\"twitter:card\" content=\"summary_large_image\" \/>\n<meta name=\"twitter:label1\" content=\"Est. reading time\" \/>\n\t<meta name=\"twitter:data1\" content=\"1 minute\" \/>\n<script type=\"application\/ld+json\" class=\"yoast-schema-graph\">{\"@context\":\"https:\\\/\\\/schema.org\",\"@graph\":[{\"@type\":\"WebPage\",\"@id\":\"https:\\\/\\\/sbdapparel.lv\\\/product\\\/forge-figure-8-celsanas-saites\\\/\",\"url\":\"https:\\\/\\\/sbdapparel.lv\\\/product\\\/forge-figure-8-celsanas-saites\\\/\",\"name\":\"FORGE FIGURE 8 CEL\u0160ANAS SAITES - SBD Apparel LV\",\"isPartOf\":{\"@id\":\"https:\\\/\\\/sbdapparel.lv\\\/#website\"},\"primaryImageOfPage\":{\"@id\":\"https:\\\/\\\/sbdapparel.lv\\\/product\\\/forge-figure-8-celsanas-saites\\\/#primaryimage\"},\"image\":{\"@id\":\"https:\\\/\\\/sbdapparel.lv\\\/product\\\/forge-figure-8-celsanas-saites\\\/#primaryimage\"},\"thumbnailUrl\":\"https:\\\/\\\/sbdapparel.lv\\\/wp-content\\\/uploads\\\/2024\\\/12\\\/Figure-8Lifting-Straps-01.webp\",\"datePublished\":\"2024-12-05T15:06:58+00:00\",\"dateModified\":\"2026-04-16T12:00:39+00:00\",\"breadcrumb\":{\"@id\":\"https:\\\/\\\/sbdapparel.lv\\\/product\\\/forge-figure-8-celsanas-saites\\\/#breadcrumb\"},\"inLanguage\":\"en-US\",\"potentialAction\":[{\"@type\":\"ReadAction\",\"target\":[\"https:\\\/\\\/sbdapparel.lv\\\/product\\\/forge-figure-8-celsanas-saites\\\/\"]}]},{\"@type\":\"ImageObject\",\"inLanguage\":\"en-US\",\"@id\":\"https:\\\/\\\/sbdapparel.lv\\\/product\\\/forge-figure-8-celsanas-saites\\\/#primaryimage\",\"url\":\"https:\\\/\\\/sbdapparel.lv\\\/wp-content\\\/uploads\\\/2024\\\/12\\\/Figure-8Lifting-Straps-01.webp\",\"contentUrl\":\"https:\\\/\\\/sbdapparel.lv\\\/wp-content\\\/uploads\\\/2024\\\/12\\\/Figure-8Lifting-Straps-01.webp\",\"width\":1800,\"height\":1800},{\"@type\":\"BreadcrumbList\",\"@id\":\"https:\\\/\\\/sbdapparel.lv\\\/product\\\/forge-figure-8-celsanas-saites\\\/#breadcrumb\",\"itemListElement\":[{\"@type\":\"ListItem\",\"position\":1,\"name\":\"Home\",\"item\":\"https:\\\/\\\/sbdapparel.lv\\\/\"},{\"@type\":\"ListItem\",\"position\":2,\"name\":\"Produktai\",\"item\":\"https:\\\/\\\/sbdapparel.lv\\\/shop\\\/\"},{\"@type\":\"ListItem\",\"position\":3,\"name\":\"FORGE FIGURE 8 CEL\u0160ANAS SAITES\"}]},{\"@type\":\"WebSite\",\"@id\":\"https:\\\/\\\/sbdapparel.lv\\\/#website\",\"url\":\"https:\\\/\\\/sbdapparel.lv\\\/\",\"name\":\"sbdapparel.lv\",\"description\":\"Latvija\",\"publisher\":{\"@id\":\"https:\\\/\\\/sbdapparel.lv\\\/#organization\"},\"potentialAction\":[{\"@type\":\"SearchAction\",\"target\":{\"@type\":\"EntryPoint\",\"urlTemplate\":\"https:\\\/\\\/sbdapparel.lv\\\/?s={search_term_string}\"},\"query-input\":{\"@type\":\"PropertyValueSpecification\",\"valueRequired\":true,\"valueName\":\"search_term_string\"}}],\"inLanguage\":\"en-US\"},{\"@type\":\"Organization\",\"@id\":\"https:\\\/\\\/sbdapparel.lv\\\/#organization\",\"name\":\"SBD Apparel LV\",\"url\":\"https:\\\/\\\/sbdapparel.lv\\\/\",\"logo\":{\"@type\":\"ImageObject\",\"inLanguage\":\"en-US\",\"@id\":\"https:\\\/\\\/sbdapparel.lv\\\/#\\\/schema\\\/logo\\\/image\\\/\",\"url\":\"https:\\\/\\\/sbdapparel.lv\\\/wp-content\\\/uploads\\\/2023\\\/07\\\/cropped-SBD_Identity_OnDark_RGB.png\",\"contentUrl\":\"https:\\\/\\\/sbdapparel.lv\\\/wp-content\\\/uploads\\\/2023\\\/07\\\/cropped-SBD_Identity_OnDark_RGB.png\",\"width\":1182,\"height\":515,\"caption\":\"SBD Apparel LV\"},\"image\":{\"@id\":\"https:\\\/\\\/sbdapparel.lv\\\/#\\\/schema\\\/logo\\\/image\\\/\"}}]}<\/script>\n<!-- \/ Yoast SEO plugin. -->","yoast_head_json":{"title":"FORGE FIGURE 8 CEL\u0160ANAS SAITES - SBD Apparel LV","robots":{"index":"index","follow":"follow","max-snippet":"max-snippet:-1","max-image-preview":"max-image-preview:large","max-video-preview":"max-video-preview:-1"},"canonical":"https:\/\/sbdapparel.lv\/en\/product\/forge-figure-8-celsanas-saites\/","og_locale":"en_US","og_type":"article","og_title":"FORGE FIGURE 8 CEL\u0160ANAS SAITES - SBD Apparel LV","og_description":"Izstr\u0101d\u0101ts, lai uzlabotu stie\u0146a satv\u0113rienu maksim\u0101lo pac\u0113lumu vai atk\u0101rtojumu laik\u0101.  Pateicoties m\u016bsu patent\u0113tajai siksnas konstrukcijai, kur\u0101 tiek austas kv\u0113ldiega aram\u012bda \u0161\u0137iedras, asto\u0146as fig\u016bras pacel\u0161anas siksnas ir stipr\u0101kas nek\u0101 neilona apvalki, vienlaikus nodro\u0161inot \u0113rtu plaukstu loc\u012btavu apt\u012b\u0161anu.  Izstr\u0101d\u0101ts sadarb\u012bb\u0101 ar pasaules klases sportistiem, lai palielin\u0101tu sa\u0137eri, pace\u013cot maksim\u0101lo svaru vai veicot papildu atk\u0101rtojumus.  Patent\u0113ts fig\u016bras-8 dizains fiks\u0113\u0161anai uz plaukstas loc\u012btavas. Patent\u0113ts jostas dizains Ra\u017eots Lielbrit\u0101nij\u0101 Materi\u0101li: Kevlar\u00ae \u0161\u0137iedra, poliesters  DuPont\u2122 un Kevlar\u00ae ir DuPont de Nemours, Inc. pre\u010du z\u012bmes. fili\u0101\u013cu pre\u010du z\u012bmes vai re\u0123istr\u0113tas pre\u010du z\u012bmes.","og_url":"https:\/\/sbdapparel.lv\/en\/product\/forge-figure-8-celsanas-saites\/","og_site_name":"SBD Apparel LV","article_modified_time":"2026-04-16T12:00:39+00:00","og_image":[{"width":1800,"height":1800,"url":"http:\/\/sbdapparel.lv\/wp-content\/uploads\/2024\/12\/Figure-8Lifting-Straps-01.webp","type":"image\/webp"}],"twitter_card":"summary_large_image","twitter_misc":{"Est. reading time":"1 minute"},"schema":{"@context":"https:\/\/schema.org","@graph":[{"@type":"WebPage","@id":"https:\/\/sbdapparel.lv\/product\/forge-figure-8-celsanas-saites\/","url":"https:\/\/sbdapparel.lv\/product\/forge-figure-8-celsanas-saites\/","name":"FORGE FIGURE 8 CEL\u0160ANAS SAITES - SBD Apparel LV","isPartOf":{"@id":"https:\/\/sbdapparel.lv\/#website"},"primaryImageOfPage":{"@id":"https:\/\/sbdapparel.lv\/product\/forge-figure-8-celsanas-saites\/#primaryimage"},"image":{"@id":"https:\/\/sbdapparel.lv\/product\/forge-figure-8-celsanas-saites\/#primaryimage"},"thumbnailUrl":"https:\/\/sbdapparel.lv\/wp-content\/uploads\/2024\/12\/Figure-8Lifting-Straps-01.webp","datePublished":"2024-12-05T15:06:58+00:00","dateModified":"2026-04-16T12:00:39+00:00","breadcrumb":{"@id":"https:\/\/sbdapparel.lv\/product\/forge-figure-8-celsanas-saites\/#breadcrumb"},"inLanguage":"en-US","potentialAction":[{"@type":"ReadAction","target":["https:\/\/sbdapparel.lv\/product\/forge-figure-8-celsanas-saites\/"]}]},{"@type":"ImageObject","inLanguage":"en-US","@id":"https:\/\/sbdapparel.lv\/product\/forge-figure-8-celsanas-saites\/#primaryimage","url":"https:\/\/sbdapparel.lv\/wp-content\/uploads\/2024\/12\/Figure-8Lifting-Straps-01.webp","contentUrl":"https:\/\/sbdapparel.lv\/wp-content\/uploads\/2024\/12\/Figure-8Lifting-Straps-01.webp","width":1800,"height":1800},{"@type":"BreadcrumbList","@id":"https:\/\/sbdapparel.lv\/product\/forge-figure-8-celsanas-saites\/#breadcrumb","itemListElement":[{"@type":"ListItem","position":1,"name":"Home","item":"https:\/\/sbdapparel.lv\/"},{"@type":"ListItem","position":2,"name":"Produktai","item":"https:\/\/sbdapparel.lv\/shop\/"},{"@type":"ListItem","position":3,"name":"FORGE FIGURE 8 CEL\u0160ANAS SAITES"}]},{"@type":"WebSite","@id":"https:\/\/sbdapparel.lv\/#website","url":"https:\/\/sbdapparel.lv\/","name":"sbdapparel.lv","description":"Latvija","publisher":{"@id":"https:\/\/sbdapparel.lv\/#organization"},"potentialAction":[{"@type":"SearchAction","target":{"@type":"EntryPoint","urlTemplate":"https:\/\/sbdapparel.lv\/?s={search_term_string}"},"query-input":{"@type":"PropertyValueSpecification","valueRequired":true,"valueName":"search_term_string"}}],"inLanguage":"en-US"},{"@type":"Organization","@id":"https:\/\/sbdapparel.lv\/#organization","name":"SBD Apparel LV","url":"https:\/\/sbdapparel.lv\/","logo":{"@type":"ImageObject","inLanguage":"en-US","@id":"https:\/\/sbdapparel.lv\/#\/schema\/logo\/image\/","url":"https:\/\/sbdapparel.lv\/wp-content\/uploads\/2023\/07\/cropped-SBD_Identity_OnDark_RGB.png","contentUrl":"https:\/\/sbdapparel.lv\/wp-content\/uploads\/2023\/07\/cropped-SBD_Identity_OnDark_RGB.png","width":1182,"height":515,"caption":"SBD Apparel LV"},"image":{"@id":"https:\/\/sbdapparel.lv\/#\/schema\/logo\/image\/"}}]}},"_links":{"self":[{"href":"https:\/\/sbdapparel.lv\/en\/wp-json\/wp\/v2\/product\/3997","targetHints":{"allow":["GET"]}}],"collection":[{"href":"https:\/\/sbdapparel.lv\/en\/wp-json\/wp\/v2\/product"}],"about":[{"href":"https:\/\/sbdapparel.lv\/en\/wp-json\/wp\/v2\/types\/product"}],"version-history":[{"count":11,"href":"https:\/\/sbdapparel.lv\/en\/wp-json\/wp\/v2\/product\/3997\/revisions"}],"predecessor-version":[{"id":5424,"href":"https:\/\/sbdapparel.lv\/en\/wp-json\/wp\/v2\/product\/3997\/revisions\/5424"}],"wp:featuredmedia":[{"embeddable":true,"href":"https:\/\/sbdapparel.lv\/en\/wp-json\/wp\/v2\/media\/3998"}],"wp:attachment":[{"href":"https:\/\/sbdapparel.lv\/en\/wp-json\/wp\/v2\/media?parent=3997"}],"wp:term":[{"taxonomy":"product_brand","embeddable":true,"href":"https:\/\/sbdapparel.lv\/en\/wp-json\/wp\/v2\/product_brand?post=3997"},{"taxonomy":"product_cat","embeddable":true,"href":"https:\/\/sbdapparel.lv\/en\/wp-json\/wp\/v2\/product_cat?post=3997"},{"taxonomy":"product_tag","embeddable":true,"href":"https:\/\/sbdapparel.lv\/en\/wp-json\/wp\/v2\/product_tag?post=3997"},{"taxonomy":"giftcard-category","embeddable":true,"href":"https:\/\/sbdapparel.lv\/en\/wp-json\/wp\/v2\/giftcard-category?post=3997"}],"curies":[{"name":"wp","href":"https:\/\/api.w.org\/{rel}","templated":true}]}}