{"id":3896,"date":"2024-12-05T14:39:53","date_gmt":"2024-12-05T14:39:53","guid":{"rendered":"https:\/\/sbdapparel.lv\/?post_type=product&#038;p=3896"},"modified":"2026-03-13T21:30:57","modified_gmt":"2026-03-13T19:30:57","slug":"forge-deadlift-zekes-oranza-krasa","status":"publish","type":"product","link":"https:\/\/sbdapparel.lv\/en\/product\/forge-deadlift-zekes-oranza-krasa\/","title":{"rendered":"Forge Orange Deadlift Socks"},"content":{"rendered":"","protected":false},"excerpt":{"rendered":"<p>Premium long socks to cover the shin during pulling movements, designed to cover the shin without a turnover. The tight-knit fabric minimises drag and the double-knitted front panel protects the shin during pulling movements.<\/p>\n<p>Knitted in Great Britain, each of our socks is a bespoke product designed with strength training in mind, from form to function.<\/p>\n<p>Forge is a limited edition collection, offering the same performance and manufactured to the same high standards as our classic product line.<\/p>\n<p>Increased lateral stretch in the calf.<br \/>\nTight-knit fabric to minimise catching on the bar.<br \/>\nRibbed sole for traction within the shoe.<br \/>\nSold as a pair.<br \/>\nMade in Sheffield, Great Britain.<br \/>\nSocks can not be returned or exchanged.<\/p>","protected":false},"featured_media":3915,"template":"","meta":[],"product_brand":[],"product_cat":[67,51],"product_tag":[],"giftcard-category":[],"class_list":{"0":"post-3896","1":"product","2":"type-product","3":"status-publish","4":"has-post-thumbnail","6":"product_cat-forge","7":"product_cat-kojines","10":"instock","11":"shipping-taxable","12":"purchasable","13":"product-type-variable","14":"product-grid-view"},"yoast_head":"<!-- This site is optimized with the Yoast SEO plugin v27.4 - https:\/\/yoast.com\/product\/yoast-seo-wordpress\/ -->\n<title>FORGE DEADLIFT ZE\u0136ES ORAN\u017d\u0100 KR\u0100S\u0100 - SBD Apparel LV<\/title>\n<meta name=\"robots\" content=\"index, follow, max-snippet:-1, max-image-preview:large, max-video-preview:-1\" \/>\n<link rel=\"canonical\" href=\"https:\/\/sbdapparel.lv\/en\/product\/forge-deadlift-zekes-oranza-krasa\/\" \/>\n<meta property=\"og:locale\" content=\"en_US\" \/>\n<meta property=\"og:type\" content=\"article\" \/>\n<meta property=\"og:title\" content=\"FORGE DEADLIFT ZE\u0136ES ORAN\u017d\u0100 KR\u0100S\u0100 - SBD Apparel LV\" \/>\n<meta property=\"og:description\" content=\"Augst\u0101k\u0101s klases gar\u0101s k\u0101ju ze\u0137es, kas paredz\u0113tas ikru noseg\u0161anai stiep\u0161an\u0101s kust\u012bbu laik\u0101, paredz\u0113tas ikru noseg\u0161anai un ikru aizsardz\u012bbai. Elast\u012bgs audums samazina pretest\u012bbu, un dubult\u0101 ad\u012btais priek\u0161\u0113jais panelis aizsarg\u0101 j\u016bsu ikrus, stie\u0146a vilk\u0161anas laik\u0101.  Visas m\u016bsu Lielbrit\u0101nij\u0101 ad\u012bt\u0101s ze\u0137es ir p\u0113c pas\u016bt\u012bjuma izgatavots izstr\u0101d\u0101jums, kas izstr\u0101d\u0101ts, \u0146emot v\u0113r\u0101 sp\u0113ka treni\u0146u no formas l\u012bdz funkcijai.  Forge ir ierobe\u017eota izdevuma kolekcija, kurai ir t\u0101das pa\u0161as funkcijas un kas tiek ra\u017eota saska\u0146\u0101 ar t\u0101diem pa\u0161iem augstiem standartiem k\u0101 m\u016bsu klasisk\u0101 produktu l\u012bnija.  Palielin\u0101ta s\u0101nu ikru stiep\u0161ana. Cie\u0161i ad\u012bts audums, lai samazin\u0101tu stie\u0146a aiz\u0137er\u0161anos. Rievota zole sa\u0137erei apavu iek\u0161pus\u0113. P\u0101rdots k\u0101 p\u0101ris. Ra\u017eots Lielbrit\u0101nij\u0101. Ze\u0137es nevar atgriezt vai apmain\u012bt.\" \/>\n<meta property=\"og:url\" content=\"https:\/\/sbdapparel.lv\/en\/product\/forge-deadlift-zekes-oranza-krasa\/\" \/>\n<meta property=\"og:site_name\" content=\"SBD Apparel LV\" \/>\n<meta property=\"article:modified_time\" content=\"2026-03-13T19:30:57+00:00\" \/>\n<meta property=\"og:image\" content=\"https:\/\/sbdapparel.lv\/wp-content\/uploads\/2024\/12\/Deadlift-Socks-Orange-01.webp\" \/>\n\t<meta property=\"og:image:width\" content=\"1080\" \/>\n\t<meta property=\"og:image:height\" content=\"1080\" \/>\n\t<meta property=\"og:image:type\" content=\"image\/webp\" \/>\n<meta name=\"twitter:card\" content=\"summary_large_image\" \/>\n<script type=\"application\/ld+json\" class=\"yoast-schema-graph\">{\"@context\":\"https:\\\/\\\/schema.org\",\"@graph\":[{\"@type\":\"WebPage\",\"@id\":\"https:\\\/\\\/sbdapparel.lv\\\/product\\\/forge-deadlift-zekes-oranza-krasa\\\/\",\"url\":\"https:\\\/\\\/sbdapparel.lv\\\/product\\\/forge-deadlift-zekes-oranza-krasa\\\/\",\"name\":\"FORGE DEADLIFT ZE\u0136ES ORAN\u017d\u0100 KR\u0100S\u0100 - SBD Apparel LV\",\"isPartOf\":{\"@id\":\"https:\\\/\\\/sbdapparel.lv\\\/#website\"},\"primaryImageOfPage\":{\"@id\":\"https:\\\/\\\/sbdapparel.lv\\\/product\\\/forge-deadlift-zekes-oranza-krasa\\\/#primaryimage\"},\"image\":{\"@id\":\"https:\\\/\\\/sbdapparel.lv\\\/product\\\/forge-deadlift-zekes-oranza-krasa\\\/#primaryimage\"},\"thumbnailUrl\":\"https:\\\/\\\/sbdapparel.lv\\\/wp-content\\\/uploads\\\/2024\\\/12\\\/Deadlift-Socks-Orange-01.webp\",\"datePublished\":\"2024-12-05T14:39:53+00:00\",\"dateModified\":\"2026-03-13T19:30:57+00:00\",\"breadcrumb\":{\"@id\":\"https:\\\/\\\/sbdapparel.lv\\\/product\\\/forge-deadlift-zekes-oranza-krasa\\\/#breadcrumb\"},\"inLanguage\":\"en-US\",\"potentialAction\":[{\"@type\":\"ReadAction\",\"target\":[\"https:\\\/\\\/sbdapparel.lv\\\/product\\\/forge-deadlift-zekes-oranza-krasa\\\/\"]}]},{\"@type\":\"ImageObject\",\"inLanguage\":\"en-US\",\"@id\":\"https:\\\/\\\/sbdapparel.lv\\\/product\\\/forge-deadlift-zekes-oranza-krasa\\\/#primaryimage\",\"url\":\"https:\\\/\\\/sbdapparel.lv\\\/wp-content\\\/uploads\\\/2024\\\/12\\\/Deadlift-Socks-Orange-01.webp\",\"contentUrl\":\"https:\\\/\\\/sbdapparel.lv\\\/wp-content\\\/uploads\\\/2024\\\/12\\\/Deadlift-Socks-Orange-01.webp\",\"width\":1080,\"height\":1080},{\"@type\":\"BreadcrumbList\",\"@id\":\"https:\\\/\\\/sbdapparel.lv\\\/product\\\/forge-deadlift-zekes-oranza-krasa\\\/#breadcrumb\",\"itemListElement\":[{\"@type\":\"ListItem\",\"position\":1,\"name\":\"Home\",\"item\":\"https:\\\/\\\/sbdapparel.lv\\\/\"},{\"@type\":\"ListItem\",\"position\":2,\"name\":\"Produktai\",\"item\":\"https:\\\/\\\/sbdapparel.lv\\\/shop\\\/\"},{\"@type\":\"ListItem\",\"position\":3,\"name\":\"FORGE DEADLIFT ZE\u0136ES ORAN\u017d\u0100 KR\u0100S\u0100\"}]},{\"@type\":\"WebSite\",\"@id\":\"https:\\\/\\\/sbdapparel.lv\\\/#website\",\"url\":\"https:\\\/\\\/sbdapparel.lv\\\/\",\"name\":\"sbdapparel.lv\",\"description\":\"Latvija\",\"publisher\":{\"@id\":\"https:\\\/\\\/sbdapparel.lv\\\/#organization\"},\"potentialAction\":[{\"@type\":\"SearchAction\",\"target\":{\"@type\":\"EntryPoint\",\"urlTemplate\":\"https:\\\/\\\/sbdapparel.lv\\\/?s={search_term_string}\"},\"query-input\":{\"@type\":\"PropertyValueSpecification\",\"valueRequired\":true,\"valueName\":\"search_term_string\"}}],\"inLanguage\":\"en-US\"},{\"@type\":\"Organization\",\"@id\":\"https:\\\/\\\/sbdapparel.lv\\\/#organization\",\"name\":\"SBD Apparel LV\",\"url\":\"https:\\\/\\\/sbdapparel.lv\\\/\",\"logo\":{\"@type\":\"ImageObject\",\"inLanguage\":\"en-US\",\"@id\":\"https:\\\/\\\/sbdapparel.lv\\\/#\\\/schema\\\/logo\\\/image\\\/\",\"url\":\"https:\\\/\\\/sbdapparel.lv\\\/wp-content\\\/uploads\\\/2023\\\/07\\\/cropped-SBD_Identity_OnDark_RGB.png\",\"contentUrl\":\"https:\\\/\\\/sbdapparel.lv\\\/wp-content\\\/uploads\\\/2023\\\/07\\\/cropped-SBD_Identity_OnDark_RGB.png\",\"width\":1182,\"height\":515,\"caption\":\"SBD Apparel LV\"},\"image\":{\"@id\":\"https:\\\/\\\/sbdapparel.lv\\\/#\\\/schema\\\/logo\\\/image\\\/\"}}]}<\/script>\n<!-- \/ Yoast SEO plugin. -->","yoast_head_json":{"title":"FORGE DEADLIFT ZE\u0136ES ORAN\u017d\u0100 KR\u0100S\u0100 - SBD Apparel LV","robots":{"index":"index","follow":"follow","max-snippet":"max-snippet:-1","max-image-preview":"max-image-preview:large","max-video-preview":"max-video-preview:-1"},"canonical":"https:\/\/sbdapparel.lv\/en\/product\/forge-deadlift-zekes-oranza-krasa\/","og_locale":"en_US","og_type":"article","og_title":"FORGE DEADLIFT ZE\u0136ES ORAN\u017d\u0100 KR\u0100S\u0100 - SBD Apparel LV","og_description":"Augst\u0101k\u0101s klases gar\u0101s k\u0101ju ze\u0137es, kas paredz\u0113tas ikru noseg\u0161anai stiep\u0161an\u0101s kust\u012bbu laik\u0101, paredz\u0113tas ikru noseg\u0161anai un ikru aizsardz\u012bbai. Elast\u012bgs audums samazina pretest\u012bbu, un dubult\u0101 ad\u012btais priek\u0161\u0113jais panelis aizsarg\u0101 j\u016bsu ikrus, stie\u0146a vilk\u0161anas laik\u0101.  Visas m\u016bsu Lielbrit\u0101nij\u0101 ad\u012bt\u0101s ze\u0137es ir p\u0113c pas\u016bt\u012bjuma izgatavots izstr\u0101d\u0101jums, kas izstr\u0101d\u0101ts, \u0146emot v\u0113r\u0101 sp\u0113ka treni\u0146u no formas l\u012bdz funkcijai.  Forge ir ierobe\u017eota izdevuma kolekcija, kurai ir t\u0101das pa\u0161as funkcijas un kas tiek ra\u017eota saska\u0146\u0101 ar t\u0101diem pa\u0161iem augstiem standartiem k\u0101 m\u016bsu klasisk\u0101 produktu l\u012bnija.  Palielin\u0101ta s\u0101nu ikru stiep\u0161ana. Cie\u0161i ad\u012bts audums, lai samazin\u0101tu stie\u0146a aiz\u0137er\u0161anos. Rievota zole sa\u0137erei apavu iek\u0161pus\u0113. P\u0101rdots k\u0101 p\u0101ris. Ra\u017eots Lielbrit\u0101nij\u0101. Ze\u0137es nevar atgriezt vai apmain\u012bt.","og_url":"https:\/\/sbdapparel.lv\/en\/product\/forge-deadlift-zekes-oranza-krasa\/","og_site_name":"SBD Apparel LV","article_modified_time":"2026-03-13T19:30:57+00:00","og_image":[{"width":1080,"height":1080,"url":"https:\/\/sbdapparel.lv\/wp-content\/uploads\/2024\/12\/Deadlift-Socks-Orange-01.webp","type":"image\/webp"}],"twitter_card":"summary_large_image","schema":{"@context":"https:\/\/schema.org","@graph":[{"@type":"WebPage","@id":"https:\/\/sbdapparel.lv\/product\/forge-deadlift-zekes-oranza-krasa\/","url":"https:\/\/sbdapparel.lv\/product\/forge-deadlift-zekes-oranza-krasa\/","name":"FORGE DEADLIFT ZE\u0136ES ORAN\u017d\u0100 KR\u0100S\u0100 - SBD Apparel LV","isPartOf":{"@id":"https:\/\/sbdapparel.lv\/#website"},"primaryImageOfPage":{"@id":"https:\/\/sbdapparel.lv\/product\/forge-deadlift-zekes-oranza-krasa\/#primaryimage"},"image":{"@id":"https:\/\/sbdapparel.lv\/product\/forge-deadlift-zekes-oranza-krasa\/#primaryimage"},"thumbnailUrl":"https:\/\/sbdapparel.lv\/wp-content\/uploads\/2024\/12\/Deadlift-Socks-Orange-01.webp","datePublished":"2024-12-05T14:39:53+00:00","dateModified":"2026-03-13T19:30:57+00:00","breadcrumb":{"@id":"https:\/\/sbdapparel.lv\/product\/forge-deadlift-zekes-oranza-krasa\/#breadcrumb"},"inLanguage":"en-US","potentialAction":[{"@type":"ReadAction","target":["https:\/\/sbdapparel.lv\/product\/forge-deadlift-zekes-oranza-krasa\/"]}]},{"@type":"ImageObject","inLanguage":"en-US","@id":"https:\/\/sbdapparel.lv\/product\/forge-deadlift-zekes-oranza-krasa\/#primaryimage","url":"https:\/\/sbdapparel.lv\/wp-content\/uploads\/2024\/12\/Deadlift-Socks-Orange-01.webp","contentUrl":"https:\/\/sbdapparel.lv\/wp-content\/uploads\/2024\/12\/Deadlift-Socks-Orange-01.webp","width":1080,"height":1080},{"@type":"BreadcrumbList","@id":"https:\/\/sbdapparel.lv\/product\/forge-deadlift-zekes-oranza-krasa\/#breadcrumb","itemListElement":[{"@type":"ListItem","position":1,"name":"Home","item":"https:\/\/sbdapparel.lv\/"},{"@type":"ListItem","position":2,"name":"Produktai","item":"https:\/\/sbdapparel.lv\/shop\/"},{"@type":"ListItem","position":3,"name":"FORGE DEADLIFT ZE\u0136ES ORAN\u017d\u0100 KR\u0100S\u0100"}]},{"@type":"WebSite","@id":"https:\/\/sbdapparel.lv\/#website","url":"https:\/\/sbdapparel.lv\/","name":"sbdapparel.lv","description":"Latvija","publisher":{"@id":"https:\/\/sbdapparel.lv\/#organization"},"potentialAction":[{"@type":"SearchAction","target":{"@type":"EntryPoint","urlTemplate":"https:\/\/sbdapparel.lv\/?s={search_term_string}"},"query-input":{"@type":"PropertyValueSpecification","valueRequired":true,"valueName":"search_term_string"}}],"inLanguage":"en-US"},{"@type":"Organization","@id":"https:\/\/sbdapparel.lv\/#organization","name":"SBD Apparel LV","url":"https:\/\/sbdapparel.lv\/","logo":{"@type":"ImageObject","inLanguage":"en-US","@id":"https:\/\/sbdapparel.lv\/#\/schema\/logo\/image\/","url":"https:\/\/sbdapparel.lv\/wp-content\/uploads\/2023\/07\/cropped-SBD_Identity_OnDark_RGB.png","contentUrl":"https:\/\/sbdapparel.lv\/wp-content\/uploads\/2023\/07\/cropped-SBD_Identity_OnDark_RGB.png","width":1182,"height":515,"caption":"SBD Apparel LV"},"image":{"@id":"https:\/\/sbdapparel.lv\/#\/schema\/logo\/image\/"}}]}},"_links":{"self":[{"href":"https:\/\/sbdapparel.lv\/en\/wp-json\/wp\/v2\/product\/3896","targetHints":{"allow":["GET"]}}],"collection":[{"href":"https:\/\/sbdapparel.lv\/en\/wp-json\/wp\/v2\/product"}],"about":[{"href":"https:\/\/sbdapparel.lv\/en\/wp-json\/wp\/v2\/types\/product"}],"version-history":[{"count":6,"href":"https:\/\/sbdapparel.lv\/en\/wp-json\/wp\/v2\/product\/3896\/revisions"}],"predecessor-version":[{"id":5087,"href":"https:\/\/sbdapparel.lv\/en\/wp-json\/wp\/v2\/product\/3896\/revisions\/5087"}],"wp:featuredmedia":[{"embeddable":true,"href":"https:\/\/sbdapparel.lv\/en\/wp-json\/wp\/v2\/media\/3915"}],"wp:attachment":[{"href":"https:\/\/sbdapparel.lv\/en\/wp-json\/wp\/v2\/media?parent=3896"}],"wp:term":[{"taxonomy":"product_brand","embeddable":true,"href":"https:\/\/sbdapparel.lv\/en\/wp-json\/wp\/v2\/product_brand?post=3896"},{"taxonomy":"product_cat","embeddable":true,"href":"https:\/\/sbdapparel.lv\/en\/wp-json\/wp\/v2\/product_cat?post=3896"},{"taxonomy":"product_tag","embeddable":true,"href":"https:\/\/sbdapparel.lv\/en\/wp-json\/wp\/v2\/product_tag?post=3896"},{"taxonomy":"giftcard-category","embeddable":true,"href":"https:\/\/sbdapparel.lv\/en\/wp-json\/wp\/v2\/giftcard-category?post=3896"}],"curies":[{"name":"wp","href":"https:\/\/api.w.org\/{rel}","templated":true}]}}