{"id":3817,"date":"2024-12-05T14:19:38","date_gmt":"2024-12-05T14:19:38","guid":{"rendered":"https:\/\/sbdapparel.lv\/?post_type=product&#038;p=3817"},"modified":"2025-02-27T22:05:51","modified_gmt":"2025-02-27T22:05:51","slug":"forge-oranzi-sorti","status":"publish","type":"product","link":"https:\/\/sbdapparel.lv\/en\/product\/forge-oranzi-sorti\/","title":{"rendered":"Forge Orange Shorts"},"content":{"rendered":"","protected":false},"excerpt":{"rendered":"<p>The SBD Shorts have been designed in collaboration with strength athletes to offer a comfortable fit and endure the toughest training. Manufactured fully at our headquarters in Sheffield, Great Britain, trace each step of your garment\u2019s journey through our manufacturing facility.<\/p>\n<p>Forge is a limited edition collection, offering the same performance and manufactured to the same high standards as our classic product line.Forge is a limited edition collection, offering the same performance and manufactured to the same high standards as our classic product line.<\/p>\n<p>Heavyweight loop-backed Good Earth Cotton\u00ae, knitted in Great Britain.<br \/>\nEmbroidered logo and branded draw cord cap-ends.<br \/>\nMen\u2019s fit with a 15.8cm inseam and concealed zip pocket.<br \/>\nWomen's fit with a 8.5cm inseam, curved hem and high waist.<br \/>\nSBD Traceability.<br \/>\nMade in Sheffield, Great Britain.<\/p>","protected":false},"featured_media":3846,"template":"","meta":[],"product_brand":[],"product_cat":[67,71],"product_tag":[],"giftcard-category":[],"class_list":{"0":"post-3817","1":"product","2":"type-product","3":"status-publish","4":"has-post-thumbnail","6":"product_cat-forge","7":"product_cat-sorti","10":"instock","11":"shipping-taxable","12":"purchasable","13":"product-type-variable","14":"product-grid-view"},"yoast_head":"<!-- This site is optimized with the Yoast SEO plugin v27.4 - https:\/\/yoast.com\/product\/yoast-seo-wordpress\/ -->\n<title>FORGE ORAN\u017dI \u0160ORTI - SBD Apparel LV<\/title>\n<meta name=\"robots\" content=\"index, follow, max-snippet:-1, max-image-preview:large, max-video-preview:-1\" \/>\n<link rel=\"canonical\" href=\"https:\/\/sbdapparel.lv\/en\/product\/forge-oranzi-sorti\/\" \/>\n<meta property=\"og:locale\" content=\"en_US\" \/>\n<meta property=\"og:type\" content=\"article\" \/>\n<meta property=\"og:title\" content=\"FORGE ORAN\u017dI \u0160ORTI - SBD Apparel LV\" \/>\n<meta property=\"og:description\" content=\"SBD \u0161orti tika izstr\u0101d\u0101ti sadarb\u012bb\u0101 ar sp\u0113ka sportistiem, lai tie b\u016btu \u0113rti un iztur\u0113tu vissmag\u0101kos treni\u0146us. Piln\u012bb\u0101 ra\u017eots m\u016bsu galvenaj\u0101 m\u012btn\u0113 \u0160ef\u012bld\u0101, Apvienotaj\u0101 Karalist\u0113, izsekojiet katram sava ap\u0123\u0113rba ce\u013ca solim, izmantojot m\u016bsu ra\u017eotni.  Forge ir ierobe\u017eota izdevuma kolekcija, kurai ir t\u0101das pa\u0161as funkcijas un kas ir izgatavota saska\u0146\u0101 ar t\u0101diem pa\u0161iem augstiem standartiem k\u0101 m\u016bsu klasisk\u0101 produktu l\u012bnija.  Heavyweight Good Earth Cotton\u00ae frot\u0113, ad\u012bts Lielbrit\u0101nij\u0101. Iz\u0161\u016bts logotips un firmas savilk\u0161anas auklu gali. V\u012brie\u0161u ap\u0123\u0113rbs ar 15,8 cm iek\u0161\u0161uvi un sl\u0113ptu r\u0101v\u0113jsl\u0113dz\u0113ja kabatu. Sievi\u0161\u0137\u012bgas 8,5 cm iek\u0161v\u012bles, izliekta apak\u0161mala un augsts viduklis. SBD izsekojam\u012bba. Ra\u017eots \u0160ef\u012bld\u0101, Lielbrit\u0101nij\u0101.\" \/>\n<meta property=\"og:url\" content=\"https:\/\/sbdapparel.lv\/en\/product\/forge-oranzi-sorti\/\" \/>\n<meta property=\"og:site_name\" content=\"SBD Apparel LV\" \/>\n<meta property=\"article:modified_time\" content=\"2025-02-27T22:05:51+00:00\" \/>\n<meta property=\"og:image\" content=\"https:\/\/sbdapparel.lv\/wp-content\/uploads\/2024\/12\/SHORTS-MEN-ORANGE-01.jpg\" \/>\n\t<meta property=\"og:image:width\" content=\"1800\" \/>\n\t<meta property=\"og:image:height\" content=\"1800\" \/>\n\t<meta property=\"og:image:type\" content=\"image\/jpeg\" \/>\n<meta name=\"twitter:card\" content=\"summary_large_image\" \/>\n<script type=\"application\/ld+json\" class=\"yoast-schema-graph\">{\"@context\":\"https:\\\/\\\/schema.org\",\"@graph\":[{\"@type\":\"WebPage\",\"@id\":\"https:\\\/\\\/sbdapparel.lv\\\/product\\\/forge-oranzi-sorti\\\/\",\"url\":\"https:\\\/\\\/sbdapparel.lv\\\/product\\\/forge-oranzi-sorti\\\/\",\"name\":\"FORGE ORAN\u017dI \u0160ORTI - SBD Apparel LV\",\"isPartOf\":{\"@id\":\"https:\\\/\\\/sbdapparel.lv\\\/#website\"},\"primaryImageOfPage\":{\"@id\":\"https:\\\/\\\/sbdapparel.lv\\\/product\\\/forge-oranzi-sorti\\\/#primaryimage\"},\"image\":{\"@id\":\"https:\\\/\\\/sbdapparel.lv\\\/product\\\/forge-oranzi-sorti\\\/#primaryimage\"},\"thumbnailUrl\":\"https:\\\/\\\/sbdapparel.lv\\\/wp-content\\\/uploads\\\/2024\\\/12\\\/SHORTS-MEN-ORANGE-01.jpg\",\"datePublished\":\"2024-12-05T14:19:38+00:00\",\"dateModified\":\"2025-02-27T22:05:51+00:00\",\"breadcrumb\":{\"@id\":\"https:\\\/\\\/sbdapparel.lv\\\/product\\\/forge-oranzi-sorti\\\/#breadcrumb\"},\"inLanguage\":\"en-US\",\"potentialAction\":[{\"@type\":\"ReadAction\",\"target\":[\"https:\\\/\\\/sbdapparel.lv\\\/product\\\/forge-oranzi-sorti\\\/\"]}]},{\"@type\":\"ImageObject\",\"inLanguage\":\"en-US\",\"@id\":\"https:\\\/\\\/sbdapparel.lv\\\/product\\\/forge-oranzi-sorti\\\/#primaryimage\",\"url\":\"https:\\\/\\\/sbdapparel.lv\\\/wp-content\\\/uploads\\\/2024\\\/12\\\/SHORTS-MEN-ORANGE-01.jpg\",\"contentUrl\":\"https:\\\/\\\/sbdapparel.lv\\\/wp-content\\\/uploads\\\/2024\\\/12\\\/SHORTS-MEN-ORANGE-01.jpg\",\"width\":1800,\"height\":1800},{\"@type\":\"BreadcrumbList\",\"@id\":\"https:\\\/\\\/sbdapparel.lv\\\/product\\\/forge-oranzi-sorti\\\/#breadcrumb\",\"itemListElement\":[{\"@type\":\"ListItem\",\"position\":1,\"name\":\"Home\",\"item\":\"https:\\\/\\\/sbdapparel.lv\\\/\"},{\"@type\":\"ListItem\",\"position\":2,\"name\":\"Produktai\",\"item\":\"https:\\\/\\\/sbdapparel.lv\\\/shop\\\/\"},{\"@type\":\"ListItem\",\"position\":3,\"name\":\"FORGE ORAN\u017dI \u0160ORTI\"}]},{\"@type\":\"WebSite\",\"@id\":\"https:\\\/\\\/sbdapparel.lv\\\/#website\",\"url\":\"https:\\\/\\\/sbdapparel.lv\\\/\",\"name\":\"sbdapparel.lv\",\"description\":\"Latvija\",\"publisher\":{\"@id\":\"https:\\\/\\\/sbdapparel.lv\\\/#organization\"},\"potentialAction\":[{\"@type\":\"SearchAction\",\"target\":{\"@type\":\"EntryPoint\",\"urlTemplate\":\"https:\\\/\\\/sbdapparel.lv\\\/?s={search_term_string}\"},\"query-input\":{\"@type\":\"PropertyValueSpecification\",\"valueRequired\":true,\"valueName\":\"search_term_string\"}}],\"inLanguage\":\"en-US\"},{\"@type\":\"Organization\",\"@id\":\"https:\\\/\\\/sbdapparel.lv\\\/#organization\",\"name\":\"SBD Apparel LV\",\"url\":\"https:\\\/\\\/sbdapparel.lv\\\/\",\"logo\":{\"@type\":\"ImageObject\",\"inLanguage\":\"en-US\",\"@id\":\"https:\\\/\\\/sbdapparel.lv\\\/#\\\/schema\\\/logo\\\/image\\\/\",\"url\":\"https:\\\/\\\/sbdapparel.lv\\\/wp-content\\\/uploads\\\/2023\\\/07\\\/cropped-SBD_Identity_OnDark_RGB.png\",\"contentUrl\":\"https:\\\/\\\/sbdapparel.lv\\\/wp-content\\\/uploads\\\/2023\\\/07\\\/cropped-SBD_Identity_OnDark_RGB.png\",\"width\":1182,\"height\":515,\"caption\":\"SBD Apparel LV\"},\"image\":{\"@id\":\"https:\\\/\\\/sbdapparel.lv\\\/#\\\/schema\\\/logo\\\/image\\\/\"}}]}<\/script>\n<!-- \/ Yoast SEO plugin. -->","yoast_head_json":{"title":"FORGE ORAN\u017dI \u0160ORTI - SBD Apparel LV","robots":{"index":"index","follow":"follow","max-snippet":"max-snippet:-1","max-image-preview":"max-image-preview:large","max-video-preview":"max-video-preview:-1"},"canonical":"https:\/\/sbdapparel.lv\/en\/product\/forge-oranzi-sorti\/","og_locale":"en_US","og_type":"article","og_title":"FORGE ORAN\u017dI \u0160ORTI - SBD Apparel LV","og_description":"SBD \u0161orti tika izstr\u0101d\u0101ti sadarb\u012bb\u0101 ar sp\u0113ka sportistiem, lai tie b\u016btu \u0113rti un iztur\u0113tu vissmag\u0101kos treni\u0146us. Piln\u012bb\u0101 ra\u017eots m\u016bsu galvenaj\u0101 m\u012btn\u0113 \u0160ef\u012bld\u0101, Apvienotaj\u0101 Karalist\u0113, izsekojiet katram sava ap\u0123\u0113rba ce\u013ca solim, izmantojot m\u016bsu ra\u017eotni.  Forge ir ierobe\u017eota izdevuma kolekcija, kurai ir t\u0101das pa\u0161as funkcijas un kas ir izgatavota saska\u0146\u0101 ar t\u0101diem pa\u0161iem augstiem standartiem k\u0101 m\u016bsu klasisk\u0101 produktu l\u012bnija.  Heavyweight Good Earth Cotton\u00ae frot\u0113, ad\u012bts Lielbrit\u0101nij\u0101. Iz\u0161\u016bts logotips un firmas savilk\u0161anas auklu gali. V\u012brie\u0161u ap\u0123\u0113rbs ar 15,8 cm iek\u0161\u0161uvi un sl\u0113ptu r\u0101v\u0113jsl\u0113dz\u0113ja kabatu. Sievi\u0161\u0137\u012bgas 8,5 cm iek\u0161v\u012bles, izliekta apak\u0161mala un augsts viduklis. SBD izsekojam\u012bba. Ra\u017eots \u0160ef\u012bld\u0101, Lielbrit\u0101nij\u0101.","og_url":"https:\/\/sbdapparel.lv\/en\/product\/forge-oranzi-sorti\/","og_site_name":"SBD Apparel LV","article_modified_time":"2025-02-27T22:05:51+00:00","og_image":[{"width":1800,"height":1800,"url":"https:\/\/sbdapparel.lv\/wp-content\/uploads\/2024\/12\/SHORTS-MEN-ORANGE-01.jpg","type":"image\/jpeg"}],"twitter_card":"summary_large_image","schema":{"@context":"https:\/\/schema.org","@graph":[{"@type":"WebPage","@id":"https:\/\/sbdapparel.lv\/product\/forge-oranzi-sorti\/","url":"https:\/\/sbdapparel.lv\/product\/forge-oranzi-sorti\/","name":"FORGE ORAN\u017dI \u0160ORTI - SBD Apparel LV","isPartOf":{"@id":"https:\/\/sbdapparel.lv\/#website"},"primaryImageOfPage":{"@id":"https:\/\/sbdapparel.lv\/product\/forge-oranzi-sorti\/#primaryimage"},"image":{"@id":"https:\/\/sbdapparel.lv\/product\/forge-oranzi-sorti\/#primaryimage"},"thumbnailUrl":"https:\/\/sbdapparel.lv\/wp-content\/uploads\/2024\/12\/SHORTS-MEN-ORANGE-01.jpg","datePublished":"2024-12-05T14:19:38+00:00","dateModified":"2025-02-27T22:05:51+00:00","breadcrumb":{"@id":"https:\/\/sbdapparel.lv\/product\/forge-oranzi-sorti\/#breadcrumb"},"inLanguage":"en-US","potentialAction":[{"@type":"ReadAction","target":["https:\/\/sbdapparel.lv\/product\/forge-oranzi-sorti\/"]}]},{"@type":"ImageObject","inLanguage":"en-US","@id":"https:\/\/sbdapparel.lv\/product\/forge-oranzi-sorti\/#primaryimage","url":"https:\/\/sbdapparel.lv\/wp-content\/uploads\/2024\/12\/SHORTS-MEN-ORANGE-01.jpg","contentUrl":"https:\/\/sbdapparel.lv\/wp-content\/uploads\/2024\/12\/SHORTS-MEN-ORANGE-01.jpg","width":1800,"height":1800},{"@type":"BreadcrumbList","@id":"https:\/\/sbdapparel.lv\/product\/forge-oranzi-sorti\/#breadcrumb","itemListElement":[{"@type":"ListItem","position":1,"name":"Home","item":"https:\/\/sbdapparel.lv\/"},{"@type":"ListItem","position":2,"name":"Produktai","item":"https:\/\/sbdapparel.lv\/shop\/"},{"@type":"ListItem","position":3,"name":"FORGE ORAN\u017dI \u0160ORTI"}]},{"@type":"WebSite","@id":"https:\/\/sbdapparel.lv\/#website","url":"https:\/\/sbdapparel.lv\/","name":"sbdapparel.lv","description":"Latvija","publisher":{"@id":"https:\/\/sbdapparel.lv\/#organization"},"potentialAction":[{"@type":"SearchAction","target":{"@type":"EntryPoint","urlTemplate":"https:\/\/sbdapparel.lv\/?s={search_term_string}"},"query-input":{"@type":"PropertyValueSpecification","valueRequired":true,"valueName":"search_term_string"}}],"inLanguage":"en-US"},{"@type":"Organization","@id":"https:\/\/sbdapparel.lv\/#organization","name":"SBD Apparel LV","url":"https:\/\/sbdapparel.lv\/","logo":{"@type":"ImageObject","inLanguage":"en-US","@id":"https:\/\/sbdapparel.lv\/#\/schema\/logo\/image\/","url":"https:\/\/sbdapparel.lv\/wp-content\/uploads\/2023\/07\/cropped-SBD_Identity_OnDark_RGB.png","contentUrl":"https:\/\/sbdapparel.lv\/wp-content\/uploads\/2023\/07\/cropped-SBD_Identity_OnDark_RGB.png","width":1182,"height":515,"caption":"SBD Apparel LV"},"image":{"@id":"https:\/\/sbdapparel.lv\/#\/schema\/logo\/image\/"}}]}},"_links":{"self":[{"href":"https:\/\/sbdapparel.lv\/en\/wp-json\/wp\/v2\/product\/3817","targetHints":{"allow":["GET"]}}],"collection":[{"href":"https:\/\/sbdapparel.lv\/en\/wp-json\/wp\/v2\/product"}],"about":[{"href":"https:\/\/sbdapparel.lv\/en\/wp-json\/wp\/v2\/types\/product"}],"version-history":[{"count":6,"href":"https:\/\/sbdapparel.lv\/en\/wp-json\/wp\/v2\/product\/3817\/revisions"}],"predecessor-version":[{"id":5284,"href":"https:\/\/sbdapparel.lv\/en\/wp-json\/wp\/v2\/product\/3817\/revisions\/5284"}],"wp:featuredmedia":[{"embeddable":true,"href":"https:\/\/sbdapparel.lv\/en\/wp-json\/wp\/v2\/media\/3846"}],"wp:attachment":[{"href":"https:\/\/sbdapparel.lv\/en\/wp-json\/wp\/v2\/media?parent=3817"}],"wp:term":[{"taxonomy":"product_brand","embeddable":true,"href":"https:\/\/sbdapparel.lv\/en\/wp-json\/wp\/v2\/product_brand?post=3817"},{"taxonomy":"product_cat","embeddable":true,"href":"https:\/\/sbdapparel.lv\/en\/wp-json\/wp\/v2\/product_cat?post=3817"},{"taxonomy":"product_tag","embeddable":true,"href":"https:\/\/sbdapparel.lv\/en\/wp-json\/wp\/v2\/product_tag?post=3817"},{"taxonomy":"giftcard-category","embeddable":true,"href":"https:\/\/sbdapparel.lv\/en\/wp-json\/wp\/v2\/giftcard-category?post=3817"}],"curies":[{"name":"wp","href":"https:\/\/api.w.org\/{rel}","templated":true}]}}