{"id":3686,"date":"2024-12-05T13:51:42","date_gmt":"2024-12-05T13:51:42","guid":{"rendered":"https:\/\/sbdapparel.lv\/?post_type=product&#038;p=3686"},"modified":"2026-02-23T21:48:11","modified_gmt":"2026-02-23T19:48:11","slug":"forge-peleks-sacencibu-t-krekls","status":"publish","type":"product","link":"https:\/\/sbdapparel.lv\/en\/product\/forge-peleks-sacencibu-t-krekls\/","title":{"rendered":"FORGE SACENC\u012aBU T-KREKLS"},"content":{"rendered":"","protected":false},"excerpt":{"rendered":"<p>Manufactured fully in the UK from cotton to sewing, the SBD shirt can endure the toughest training. Developed in conjunction with athlete feedback.<\/p>\n<p>Forge is a limited edition collection, offering the same performance and manufactured to the same high standards as our classic product line.Forge is a limited edition collection, offering the same performance and manufactured to the same high standards as our classic product line.<\/p>\n<p>Featuring an SBD logo print on the chest.<br \/>\nComfortable and durable, designed to endure years of use in training.<br \/>\nVeidots no 100% Good Earth Cotton\u00ae.<br \/>\nMade in Sheffield, Great Britain.<\/p>","protected":false},"featured_media":3706,"template":"","meta":[],"product_brand":[],"product_cat":[67,49],"product_tag":[],"giftcard-category":[],"class_list":{"0":"post-3686","1":"product","2":"type-product","3":"status-publish","4":"has-post-thumbnail","6":"product_cat-forge","7":"product_cat-marskineliai","10":"instock","11":"shipping-taxable","12":"purchasable","13":"product-type-variable","14":"product-grid-view"},"yoast_head":"<!-- This site is optimized with the Yoast SEO plugin v27.4 - https:\/\/yoast.com\/product\/yoast-seo-wordpress\/ -->\n<title>FORGE SACENC\u012aBU T-KREKLS - SBD Apparel LV<\/title>\n<meta name=\"robots\" content=\"index, follow, max-snippet:-1, max-image-preview:large, max-video-preview:-1\" \/>\n<link rel=\"canonical\" href=\"https:\/\/sbdapparel.lv\/en\/product\/forge-peleks-sacencibu-t-krekls\/\" \/>\n<meta property=\"og:locale\" content=\"en_US\" \/>\n<meta property=\"og:type\" content=\"article\" \/>\n<meta property=\"og:title\" content=\"FORGE SACENC\u012aBU T-KREKLS - SBD Apparel LV\" \/>\n<meta property=\"og:description\" content=\"SBD T-krekls, kas piln\u012bb\u0101 izgatavots Apvienotaj\u0101 Karalist\u0113, s\u0101kot no kokvilnas l\u012bdz \u0161\u016b\u0161anai, var iztur\u0113t vissmag\u0101kos treni\u0146us. Izveidots, pamatojoties uz sportistu atsauksm\u0113m.  Forge ir ierobe\u017eota izdevuma kolekcija, kurai ir t\u0101das pa\u0161as funkcijas un kas ir izgatavota saska\u0146\u0101 ar t\u0101diem pa\u0161iem augstiem standartiem k\u0101 m\u016bsu klasisk\u0101 produktu l\u012bnija.  Uz kr\u016bt\u012bm ir SBD logotipa apdruka. \u0112rts un iztur\u012bgs, izstr\u0101d\u0101ts t\u0101, lai iztur\u0113tu gadiem ilgu treni\u0146u izmanto\u0161anu. Veidots no 100% Good Earth Cotton\u00ae. Ra\u017eots \u0160ef\u012bld\u0101, Lielbrit\u0101nij\u0101.\" \/>\n<meta property=\"og:url\" content=\"https:\/\/sbdapparel.lv\/en\/product\/forge-peleks-sacencibu-t-krekls\/\" \/>\n<meta property=\"og:site_name\" content=\"SBD Apparel LV\" \/>\n<meta property=\"article:modified_time\" content=\"2026-02-23T19:48:11+00:00\" \/>\n<meta property=\"og:image\" content=\"https:\/\/sbdapparel.lv\/wp-content\/uploads\/2024\/12\/COMPETITION-T-SHIRT-04_de60ed9c-e8c8-45de-b82a-bee8b12886e1.webp\" \/>\n\t<meta property=\"og:image:width\" content=\"1800\" \/>\n\t<meta property=\"og:image:height\" content=\"1800\" \/>\n\t<meta property=\"og:image:type\" content=\"image\/webp\" \/>\n<meta name=\"twitter:card\" content=\"summary_large_image\" \/>\n<script type=\"application\/ld+json\" class=\"yoast-schema-graph\">{\"@context\":\"https:\\\/\\\/schema.org\",\"@graph\":[{\"@type\":\"WebPage\",\"@id\":\"https:\\\/\\\/sbdapparel.lv\\\/product\\\/forge-peleks-sacencibu-t-krekls\\\/\",\"url\":\"https:\\\/\\\/sbdapparel.lv\\\/product\\\/forge-peleks-sacencibu-t-krekls\\\/\",\"name\":\"FORGE SACENC\u012aBU T-KREKLS - SBD Apparel LV\",\"isPartOf\":{\"@id\":\"https:\\\/\\\/sbdapparel.lv\\\/#website\"},\"primaryImageOfPage\":{\"@id\":\"https:\\\/\\\/sbdapparel.lv\\\/product\\\/forge-peleks-sacencibu-t-krekls\\\/#primaryimage\"},\"image\":{\"@id\":\"https:\\\/\\\/sbdapparel.lv\\\/product\\\/forge-peleks-sacencibu-t-krekls\\\/#primaryimage\"},\"thumbnailUrl\":\"https:\\\/\\\/sbdapparel.lv\\\/wp-content\\\/uploads\\\/2024\\\/12\\\/COMPETITION-T-SHIRT-04_de60ed9c-e8c8-45de-b82a-bee8b12886e1.webp\",\"datePublished\":\"2024-12-05T13:51:42+00:00\",\"dateModified\":\"2026-02-23T19:48:11+00:00\",\"breadcrumb\":{\"@id\":\"https:\\\/\\\/sbdapparel.lv\\\/product\\\/forge-peleks-sacencibu-t-krekls\\\/#breadcrumb\"},\"inLanguage\":\"en-US\",\"potentialAction\":[{\"@type\":\"ReadAction\",\"target\":[\"https:\\\/\\\/sbdapparel.lv\\\/product\\\/forge-peleks-sacencibu-t-krekls\\\/\"]}]},{\"@type\":\"ImageObject\",\"inLanguage\":\"en-US\",\"@id\":\"https:\\\/\\\/sbdapparel.lv\\\/product\\\/forge-peleks-sacencibu-t-krekls\\\/#primaryimage\",\"url\":\"https:\\\/\\\/sbdapparel.lv\\\/wp-content\\\/uploads\\\/2024\\\/12\\\/COMPETITION-T-SHIRT-04_de60ed9c-e8c8-45de-b82a-bee8b12886e1.webp\",\"contentUrl\":\"https:\\\/\\\/sbdapparel.lv\\\/wp-content\\\/uploads\\\/2024\\\/12\\\/COMPETITION-T-SHIRT-04_de60ed9c-e8c8-45de-b82a-bee8b12886e1.webp\",\"width\":1800,\"height\":1800},{\"@type\":\"BreadcrumbList\",\"@id\":\"https:\\\/\\\/sbdapparel.lv\\\/product\\\/forge-peleks-sacencibu-t-krekls\\\/#breadcrumb\",\"itemListElement\":[{\"@type\":\"ListItem\",\"position\":1,\"name\":\"Home\",\"item\":\"https:\\\/\\\/sbdapparel.lv\\\/\"},{\"@type\":\"ListItem\",\"position\":2,\"name\":\"Produktai\",\"item\":\"https:\\\/\\\/sbdapparel.lv\\\/shop\\\/\"},{\"@type\":\"ListItem\",\"position\":3,\"name\":\"FORGE SACENC\u012aBU T-KREKLS\"}]},{\"@type\":\"WebSite\",\"@id\":\"https:\\\/\\\/sbdapparel.lv\\\/#website\",\"url\":\"https:\\\/\\\/sbdapparel.lv\\\/\",\"name\":\"sbdapparel.lv\",\"description\":\"Latvija\",\"publisher\":{\"@id\":\"https:\\\/\\\/sbdapparel.lv\\\/#organization\"},\"potentialAction\":[{\"@type\":\"SearchAction\",\"target\":{\"@type\":\"EntryPoint\",\"urlTemplate\":\"https:\\\/\\\/sbdapparel.lv\\\/?s={search_term_string}\"},\"query-input\":{\"@type\":\"PropertyValueSpecification\",\"valueRequired\":true,\"valueName\":\"search_term_string\"}}],\"inLanguage\":\"en-US\"},{\"@type\":\"Organization\",\"@id\":\"https:\\\/\\\/sbdapparel.lv\\\/#organization\",\"name\":\"SBD Apparel LV\",\"url\":\"https:\\\/\\\/sbdapparel.lv\\\/\",\"logo\":{\"@type\":\"ImageObject\",\"inLanguage\":\"en-US\",\"@id\":\"https:\\\/\\\/sbdapparel.lv\\\/#\\\/schema\\\/logo\\\/image\\\/\",\"url\":\"https:\\\/\\\/sbdapparel.lv\\\/wp-content\\\/uploads\\\/2023\\\/07\\\/cropped-SBD_Identity_OnDark_RGB.png\",\"contentUrl\":\"https:\\\/\\\/sbdapparel.lv\\\/wp-content\\\/uploads\\\/2023\\\/07\\\/cropped-SBD_Identity_OnDark_RGB.png\",\"width\":1182,\"height\":515,\"caption\":\"SBD Apparel LV\"},\"image\":{\"@id\":\"https:\\\/\\\/sbdapparel.lv\\\/#\\\/schema\\\/logo\\\/image\\\/\"}}]}<\/script>\n<!-- \/ Yoast SEO plugin. -->","yoast_head_json":{"title":"FORGE SACENC\u012aBU T-KREKLS - SBD Apparel LV","robots":{"index":"index","follow":"follow","max-snippet":"max-snippet:-1","max-image-preview":"max-image-preview:large","max-video-preview":"max-video-preview:-1"},"canonical":"https:\/\/sbdapparel.lv\/en\/product\/forge-peleks-sacencibu-t-krekls\/","og_locale":"en_US","og_type":"article","og_title":"FORGE SACENC\u012aBU T-KREKLS - SBD Apparel LV","og_description":"SBD T-krekls, kas piln\u012bb\u0101 izgatavots Apvienotaj\u0101 Karalist\u0113, s\u0101kot no kokvilnas l\u012bdz \u0161\u016b\u0161anai, var iztur\u0113t vissmag\u0101kos treni\u0146us. Izveidots, pamatojoties uz sportistu atsauksm\u0113m.  Forge ir ierobe\u017eota izdevuma kolekcija, kurai ir t\u0101das pa\u0161as funkcijas un kas ir izgatavota saska\u0146\u0101 ar t\u0101diem pa\u0161iem augstiem standartiem k\u0101 m\u016bsu klasisk\u0101 produktu l\u012bnija.  Uz kr\u016bt\u012bm ir SBD logotipa apdruka. \u0112rts un iztur\u012bgs, izstr\u0101d\u0101ts t\u0101, lai iztur\u0113tu gadiem ilgu treni\u0146u izmanto\u0161anu. Veidots no 100% Good Earth Cotton\u00ae. Ra\u017eots \u0160ef\u012bld\u0101, Lielbrit\u0101nij\u0101.","og_url":"https:\/\/sbdapparel.lv\/en\/product\/forge-peleks-sacencibu-t-krekls\/","og_site_name":"SBD Apparel LV","article_modified_time":"2026-02-23T19:48:11+00:00","og_image":[{"width":1800,"height":1800,"url":"https:\/\/sbdapparel.lv\/wp-content\/uploads\/2024\/12\/COMPETITION-T-SHIRT-04_de60ed9c-e8c8-45de-b82a-bee8b12886e1.webp","type":"image\/webp"}],"twitter_card":"summary_large_image","schema":{"@context":"https:\/\/schema.org","@graph":[{"@type":"WebPage","@id":"https:\/\/sbdapparel.lv\/product\/forge-peleks-sacencibu-t-krekls\/","url":"https:\/\/sbdapparel.lv\/product\/forge-peleks-sacencibu-t-krekls\/","name":"FORGE SACENC\u012aBU T-KREKLS - SBD Apparel LV","isPartOf":{"@id":"https:\/\/sbdapparel.lv\/#website"},"primaryImageOfPage":{"@id":"https:\/\/sbdapparel.lv\/product\/forge-peleks-sacencibu-t-krekls\/#primaryimage"},"image":{"@id":"https:\/\/sbdapparel.lv\/product\/forge-peleks-sacencibu-t-krekls\/#primaryimage"},"thumbnailUrl":"https:\/\/sbdapparel.lv\/wp-content\/uploads\/2024\/12\/COMPETITION-T-SHIRT-04_de60ed9c-e8c8-45de-b82a-bee8b12886e1.webp","datePublished":"2024-12-05T13:51:42+00:00","dateModified":"2026-02-23T19:48:11+00:00","breadcrumb":{"@id":"https:\/\/sbdapparel.lv\/product\/forge-peleks-sacencibu-t-krekls\/#breadcrumb"},"inLanguage":"en-US","potentialAction":[{"@type":"ReadAction","target":["https:\/\/sbdapparel.lv\/product\/forge-peleks-sacencibu-t-krekls\/"]}]},{"@type":"ImageObject","inLanguage":"en-US","@id":"https:\/\/sbdapparel.lv\/product\/forge-peleks-sacencibu-t-krekls\/#primaryimage","url":"https:\/\/sbdapparel.lv\/wp-content\/uploads\/2024\/12\/COMPETITION-T-SHIRT-04_de60ed9c-e8c8-45de-b82a-bee8b12886e1.webp","contentUrl":"https:\/\/sbdapparel.lv\/wp-content\/uploads\/2024\/12\/COMPETITION-T-SHIRT-04_de60ed9c-e8c8-45de-b82a-bee8b12886e1.webp","width":1800,"height":1800},{"@type":"BreadcrumbList","@id":"https:\/\/sbdapparel.lv\/product\/forge-peleks-sacencibu-t-krekls\/#breadcrumb","itemListElement":[{"@type":"ListItem","position":1,"name":"Home","item":"https:\/\/sbdapparel.lv\/"},{"@type":"ListItem","position":2,"name":"Produktai","item":"https:\/\/sbdapparel.lv\/shop\/"},{"@type":"ListItem","position":3,"name":"FORGE SACENC\u012aBU T-KREKLS"}]},{"@type":"WebSite","@id":"https:\/\/sbdapparel.lv\/#website","url":"https:\/\/sbdapparel.lv\/","name":"sbdapparel.lv","description":"Latvija","publisher":{"@id":"https:\/\/sbdapparel.lv\/#organization"},"potentialAction":[{"@type":"SearchAction","target":{"@type":"EntryPoint","urlTemplate":"https:\/\/sbdapparel.lv\/?s={search_term_string}"},"query-input":{"@type":"PropertyValueSpecification","valueRequired":true,"valueName":"search_term_string"}}],"inLanguage":"en-US"},{"@type":"Organization","@id":"https:\/\/sbdapparel.lv\/#organization","name":"SBD Apparel LV","url":"https:\/\/sbdapparel.lv\/","logo":{"@type":"ImageObject","inLanguage":"en-US","@id":"https:\/\/sbdapparel.lv\/#\/schema\/logo\/image\/","url":"https:\/\/sbdapparel.lv\/wp-content\/uploads\/2023\/07\/cropped-SBD_Identity_OnDark_RGB.png","contentUrl":"https:\/\/sbdapparel.lv\/wp-content\/uploads\/2023\/07\/cropped-SBD_Identity_OnDark_RGB.png","width":1182,"height":515,"caption":"SBD Apparel LV"},"image":{"@id":"https:\/\/sbdapparel.lv\/#\/schema\/logo\/image\/"}}]}},"_links":{"self":[{"href":"https:\/\/sbdapparel.lv\/en\/wp-json\/wp\/v2\/product\/3686","targetHints":{"allow":["GET"]}}],"collection":[{"href":"https:\/\/sbdapparel.lv\/en\/wp-json\/wp\/v2\/product"}],"about":[{"href":"https:\/\/sbdapparel.lv\/en\/wp-json\/wp\/v2\/types\/product"}],"version-history":[{"count":11,"href":"https:\/\/sbdapparel.lv\/en\/wp-json\/wp\/v2\/product\/3686\/revisions"}],"predecessor-version":[{"id":5771,"href":"https:\/\/sbdapparel.lv\/en\/wp-json\/wp\/v2\/product\/3686\/revisions\/5771"}],"wp:featuredmedia":[{"embeddable":true,"href":"https:\/\/sbdapparel.lv\/en\/wp-json\/wp\/v2\/media\/3706"}],"wp:attachment":[{"href":"https:\/\/sbdapparel.lv\/en\/wp-json\/wp\/v2\/media?parent=3686"}],"wp:term":[{"taxonomy":"product_brand","embeddable":true,"href":"https:\/\/sbdapparel.lv\/en\/wp-json\/wp\/v2\/product_brand?post=3686"},{"taxonomy":"product_cat","embeddable":true,"href":"https:\/\/sbdapparel.lv\/en\/wp-json\/wp\/v2\/product_cat?post=3686"},{"taxonomy":"product_tag","embeddable":true,"href":"https:\/\/sbdapparel.lv\/en\/wp-json\/wp\/v2\/product_tag?post=3686"},{"taxonomy":"giftcard-category","embeddable":true,"href":"https:\/\/sbdapparel.lv\/en\/wp-json\/wp\/v2\/giftcard-category?post=3686"}],"curies":[{"name":"wp","href":"https:\/\/api.w.org\/{rel}","templated":true}]}}