{"id":3473,"date":"2024-12-05T12:54:16","date_gmt":"2024-12-05T12:54:16","guid":{"rendered":"https:\/\/sbdapparel.lv\/?post_type=product&#038;p=3473"},"modified":"2026-01-24T23:00:02","modified_gmt":"2026-01-24T21:00:02","slug":"forge-powerlifting-pelekas-celu-ortozes-7-mm","status":"publish","type":"product","link":"https:\/\/sbdapparel.lv\/en\/product\/forge-powerlifting-pelekas-celu-ortozes-7-mm\/","title":{"rendered":"FORGE POWERLIFTING PEL\u0112KAS CE\u013bU ORTOZES 7 mm"},"content":{"rendered":"","protected":false},"excerpt":{"rendered":"<p>The SBD Powerlifting Knee Sleeves are designed for competitive powerlifters looking for the maximum support from their sleeves.<\/p>\n<p>They allow for significantly greater compression throughout knee flexion to maximize support and confidence during maximal attempts, increasing top end performance.<\/p>\n<p>Forge is a limited edition collection, offering the same performance and manufactured to the same high standards as our classic product line.Forge is a limited edition collection, offering the same performance and manufactured to the same high standards as our classic product line.<\/p>\n<p>Sold as a pair.<br \/>\nIPF approved and USAPL and IWF compliant with the maximum allowable 30cm length.<br \/>\nHigh grade, high density 7mm neoprene offers maximal compression and surface contact area throughout knee flexion.<br \/>\nEnhanced four-way stretch allows the neoprene to stretch during fitting and maintain compression all around the knee joint throughout the lift with no gapping.<br \/>\nHeavyweight linings, edging and seams designed to hold up to even the most aggressive fitting.<br \/>\nAntimicrobial treatment minimizes the build up in bacteria and reduces odor.<br \/>\nPatented design.<br \/>\nMade in Sheffield, Great Britain.<\/p>","protected":false},"featured_media":3485,"template":"","meta":[],"product_brand":[],"product_cat":[43,67],"product_tag":[],"giftcard-category":[],"class_list":{"0":"post-3473","1":"product","2":"type-product","3":"status-publish","4":"has-post-thumbnail","6":"product_cat-keliuitvarai","7":"product_cat-forge","10":"instock","11":"shipping-taxable","12":"purchasable","13":"product-type-variable","14":"product-grid-view"},"yoast_head":"<!-- This site is optimized with the Yoast SEO plugin v27.4 - https:\/\/yoast.com\/product\/yoast-seo-wordpress\/ -->\n<title>FORGE POWERLIFTING PEL\u0112KAS CE\u013bU ORTOZES 7 mm - SBD Apparel LV<\/title>\n<meta name=\"robots\" content=\"index, follow, max-snippet:-1, max-image-preview:large, max-video-preview:-1\" \/>\n<link rel=\"canonical\" href=\"https:\/\/sbdapparel.lv\/en\/product\/forge-powerlifting-pelekas-celu-ortozes-7-mm\/\" \/>\n<meta property=\"og:locale\" content=\"en_US\" \/>\n<meta property=\"og:type\" content=\"article\" \/>\n<meta property=\"og:title\" content=\"FORGE POWERLIFTING PEL\u0112KAS CE\u013bU ORTOZES 7 mm - SBD Apparel LV\" \/>\n<meta property=\"og:description\" content=\"FORGE pauerliftinga 7\u00a0mm ce\u013cgalu stiprin\u0101jums ir paredz\u0113ts konkur\u0113tsp\u0113j\u012bgiem pauerliftinga sportistiem, kuri mekl\u0113 maksim\u0101lu atbalstu no saviem ce\u013cgalu lenc\u0113m.  Tie nodro\u0161ina iev\u0113rojami liel\u0101ku saspie\u0161anu vis\u0101 ce\u013ca saliekum\u0101, lai maksim\u0101li palielin\u0101tu atbalstu un saspie\u0161anu maksim\u0101lo m\u0113\u0123in\u0101jumu laik\u0101, palielinot veiktsp\u0113ju un ce\u013ca loc\u012btavas aizsardz\u012bbu.  Forge ir ierobe\u017eota izdevuma kolekcija, kurai ir t\u0101das pa\u0161as funkcijas un kas ir izgatavota saska\u0146\u0101 ar t\u0101diem pa\u0161iem augstiem standartiem k\u0101 m\u016bsu klasisk\u0101 produktu l\u012bnija.  P\u0101rdots k\u0101 p\u0101ris. IPF apstiprin\u0101ts un IWF sader\u012bgs ar maksim\u0101lo pie\u013caujamo garumu 30 cm. Augstas kvalit\u0101tes, augsta bl\u012bvuma 7 mm neopr\u0113ns nodro\u0161ina maksim\u0101lu kompresiju un pilnu ce\u013ca virsmas saskares laukumu cel\u0161anas laik\u0101. Uzlabot\u0101 \u010detrvirzienu stiep\u0161ana \u013cauj neopr\u0113nam izstiepties piem\u0113rot\u012bbas laik\u0101 un saglab\u0101t kompresiju ap ce\u013ca loc\u012btavu vis\u0101 pacel\u0161anas laik\u0101 bez atstarp\u0113m. Iztur\u012bgas oderes, apmales un \u0161uves ir izstr\u0101d\u0101tas t\u0101, lai t\u0101s iztur\u0113tu pat visagres\u012bv\u0101k\u0101s formas. Antimikrobi\u0101l\u0101 virsma samazina bakt\u0113riju uzkr\u0101\u0161anos un samazina smaku. Patent\u0113ts dizains. Ra\u017eots \u0160ef\u012bld\u0101, Lielbrit\u0101nij\u0101.\" \/>\n<meta property=\"og:url\" content=\"https:\/\/sbdapparel.lv\/en\/product\/forge-powerlifting-pelekas-celu-ortozes-7-mm\/\" \/>\n<meta property=\"og:site_name\" content=\"SBD Apparel LV\" \/>\n<meta property=\"article:modified_time\" content=\"2026-01-24T21:00:02+00:00\" \/>\n<meta property=\"og:image\" content=\"https:\/\/sbdapparel.lv\/wp-content\/uploads\/2024\/12\/POWERLIFTING-KNEE-SLEEVES-GREY-01.webp\" \/>\n\t<meta property=\"og:image:width\" content=\"1800\" \/>\n\t<meta property=\"og:image:height\" content=\"1800\" \/>\n\t<meta property=\"og:image:type\" content=\"image\/webp\" \/>\n<meta name=\"twitter:card\" content=\"summary_large_image\" \/>\n<script type=\"application\/ld+json\" class=\"yoast-schema-graph\">{\"@context\":\"https:\\\/\\\/schema.org\",\"@graph\":[{\"@type\":\"WebPage\",\"@id\":\"https:\\\/\\\/sbdapparel.lv\\\/product\\\/forge-powerlifting-pelekas-celu-ortozes-7-mm\\\/\",\"url\":\"https:\\\/\\\/sbdapparel.lv\\\/product\\\/forge-powerlifting-pelekas-celu-ortozes-7-mm\\\/\",\"name\":\"FORGE POWERLIFTING PEL\u0112KAS CE\u013bU ORTOZES 7 mm - SBD Apparel LV\",\"isPartOf\":{\"@id\":\"https:\\\/\\\/sbdapparel.lv\\\/#website\"},\"primaryImageOfPage\":{\"@id\":\"https:\\\/\\\/sbdapparel.lv\\\/product\\\/forge-powerlifting-pelekas-celu-ortozes-7-mm\\\/#primaryimage\"},\"image\":{\"@id\":\"https:\\\/\\\/sbdapparel.lv\\\/product\\\/forge-powerlifting-pelekas-celu-ortozes-7-mm\\\/#primaryimage\"},\"thumbnailUrl\":\"https:\\\/\\\/sbdapparel.lv\\\/wp-content\\\/uploads\\\/2024\\\/12\\\/POWERLIFTING-KNEE-SLEEVES-GREY-01.webp\",\"datePublished\":\"2024-12-05T12:54:16+00:00\",\"dateModified\":\"2026-01-24T21:00:02+00:00\",\"breadcrumb\":{\"@id\":\"https:\\\/\\\/sbdapparel.lv\\\/product\\\/forge-powerlifting-pelekas-celu-ortozes-7-mm\\\/#breadcrumb\"},\"inLanguage\":\"en-US\",\"potentialAction\":[{\"@type\":\"ReadAction\",\"target\":[\"https:\\\/\\\/sbdapparel.lv\\\/product\\\/forge-powerlifting-pelekas-celu-ortozes-7-mm\\\/\"]}]},{\"@type\":\"ImageObject\",\"inLanguage\":\"en-US\",\"@id\":\"https:\\\/\\\/sbdapparel.lv\\\/product\\\/forge-powerlifting-pelekas-celu-ortozes-7-mm\\\/#primaryimage\",\"url\":\"https:\\\/\\\/sbdapparel.lv\\\/wp-content\\\/uploads\\\/2024\\\/12\\\/POWERLIFTING-KNEE-SLEEVES-GREY-01.webp\",\"contentUrl\":\"https:\\\/\\\/sbdapparel.lv\\\/wp-content\\\/uploads\\\/2024\\\/12\\\/POWERLIFTING-KNEE-SLEEVES-GREY-01.webp\",\"width\":1800,\"height\":1800},{\"@type\":\"BreadcrumbList\",\"@id\":\"https:\\\/\\\/sbdapparel.lv\\\/product\\\/forge-powerlifting-pelekas-celu-ortozes-7-mm\\\/#breadcrumb\",\"itemListElement\":[{\"@type\":\"ListItem\",\"position\":1,\"name\":\"Home\",\"item\":\"https:\\\/\\\/sbdapparel.lv\\\/\"},{\"@type\":\"ListItem\",\"position\":2,\"name\":\"Produktai\",\"item\":\"https:\\\/\\\/sbdapparel.lv\\\/shop\\\/\"},{\"@type\":\"ListItem\",\"position\":3,\"name\":\"FORGE POWERLIFTING PEL\u0112KAS CE\u013bU ORTOZES 7 mm\"}]},{\"@type\":\"WebSite\",\"@id\":\"https:\\\/\\\/sbdapparel.lv\\\/#website\",\"url\":\"https:\\\/\\\/sbdapparel.lv\\\/\",\"name\":\"sbdapparel.lv\",\"description\":\"Latvija\",\"publisher\":{\"@id\":\"https:\\\/\\\/sbdapparel.lv\\\/#organization\"},\"potentialAction\":[{\"@type\":\"SearchAction\",\"target\":{\"@type\":\"EntryPoint\",\"urlTemplate\":\"https:\\\/\\\/sbdapparel.lv\\\/?s={search_term_string}\"},\"query-input\":{\"@type\":\"PropertyValueSpecification\",\"valueRequired\":true,\"valueName\":\"search_term_string\"}}],\"inLanguage\":\"en-US\"},{\"@type\":\"Organization\",\"@id\":\"https:\\\/\\\/sbdapparel.lv\\\/#organization\",\"name\":\"SBD Apparel LV\",\"url\":\"https:\\\/\\\/sbdapparel.lv\\\/\",\"logo\":{\"@type\":\"ImageObject\",\"inLanguage\":\"en-US\",\"@id\":\"https:\\\/\\\/sbdapparel.lv\\\/#\\\/schema\\\/logo\\\/image\\\/\",\"url\":\"https:\\\/\\\/sbdapparel.lv\\\/wp-content\\\/uploads\\\/2023\\\/07\\\/cropped-SBD_Identity_OnDark_RGB.png\",\"contentUrl\":\"https:\\\/\\\/sbdapparel.lv\\\/wp-content\\\/uploads\\\/2023\\\/07\\\/cropped-SBD_Identity_OnDark_RGB.png\",\"width\":1182,\"height\":515,\"caption\":\"SBD Apparel LV\"},\"image\":{\"@id\":\"https:\\\/\\\/sbdapparel.lv\\\/#\\\/schema\\\/logo\\\/image\\\/\"}}]}<\/script>\n<!-- \/ Yoast SEO plugin. -->","yoast_head_json":{"title":"FORGE POWERLIFTING PEL\u0112KAS CE\u013bU ORTOZES 7 mm - SBD Apparel LV","robots":{"index":"index","follow":"follow","max-snippet":"max-snippet:-1","max-image-preview":"max-image-preview:large","max-video-preview":"max-video-preview:-1"},"canonical":"https:\/\/sbdapparel.lv\/en\/product\/forge-powerlifting-pelekas-celu-ortozes-7-mm\/","og_locale":"en_US","og_type":"article","og_title":"FORGE POWERLIFTING PEL\u0112KAS CE\u013bU ORTOZES 7 mm - SBD Apparel LV","og_description":"FORGE pauerliftinga 7\u00a0mm ce\u013cgalu stiprin\u0101jums ir paredz\u0113ts konkur\u0113tsp\u0113j\u012bgiem pauerliftinga sportistiem, kuri mekl\u0113 maksim\u0101lu atbalstu no saviem ce\u013cgalu lenc\u0113m.  Tie nodro\u0161ina iev\u0113rojami liel\u0101ku saspie\u0161anu vis\u0101 ce\u013ca saliekum\u0101, lai maksim\u0101li palielin\u0101tu atbalstu un saspie\u0161anu maksim\u0101lo m\u0113\u0123in\u0101jumu laik\u0101, palielinot veiktsp\u0113ju un ce\u013ca loc\u012btavas aizsardz\u012bbu.  Forge ir ierobe\u017eota izdevuma kolekcija, kurai ir t\u0101das pa\u0161as funkcijas un kas ir izgatavota saska\u0146\u0101 ar t\u0101diem pa\u0161iem augstiem standartiem k\u0101 m\u016bsu klasisk\u0101 produktu l\u012bnija.  P\u0101rdots k\u0101 p\u0101ris. IPF apstiprin\u0101ts un IWF sader\u012bgs ar maksim\u0101lo pie\u013caujamo garumu 30 cm. Augstas kvalit\u0101tes, augsta bl\u012bvuma 7 mm neopr\u0113ns nodro\u0161ina maksim\u0101lu kompresiju un pilnu ce\u013ca virsmas saskares laukumu cel\u0161anas laik\u0101. Uzlabot\u0101 \u010detrvirzienu stiep\u0161ana \u013cauj neopr\u0113nam izstiepties piem\u0113rot\u012bbas laik\u0101 un saglab\u0101t kompresiju ap ce\u013ca loc\u012btavu vis\u0101 pacel\u0161anas laik\u0101 bez atstarp\u0113m. Iztur\u012bgas oderes, apmales un \u0161uves ir izstr\u0101d\u0101tas t\u0101, lai t\u0101s iztur\u0113tu pat visagres\u012bv\u0101k\u0101s formas. Antimikrobi\u0101l\u0101 virsma samazina bakt\u0113riju uzkr\u0101\u0161anos un samazina smaku. Patent\u0113ts dizains. Ra\u017eots \u0160ef\u012bld\u0101, Lielbrit\u0101nij\u0101.","og_url":"https:\/\/sbdapparel.lv\/en\/product\/forge-powerlifting-pelekas-celu-ortozes-7-mm\/","og_site_name":"SBD Apparel LV","article_modified_time":"2026-01-24T21:00:02+00:00","og_image":[{"width":1800,"height":1800,"url":"https:\/\/sbdapparel.lv\/wp-content\/uploads\/2024\/12\/POWERLIFTING-KNEE-SLEEVES-GREY-01.webp","type":"image\/webp"}],"twitter_card":"summary_large_image","schema":{"@context":"https:\/\/schema.org","@graph":[{"@type":"WebPage","@id":"https:\/\/sbdapparel.lv\/product\/forge-powerlifting-pelekas-celu-ortozes-7-mm\/","url":"https:\/\/sbdapparel.lv\/product\/forge-powerlifting-pelekas-celu-ortozes-7-mm\/","name":"FORGE POWERLIFTING PEL\u0112KAS CE\u013bU ORTOZES 7 mm - SBD Apparel LV","isPartOf":{"@id":"https:\/\/sbdapparel.lv\/#website"},"primaryImageOfPage":{"@id":"https:\/\/sbdapparel.lv\/product\/forge-powerlifting-pelekas-celu-ortozes-7-mm\/#primaryimage"},"image":{"@id":"https:\/\/sbdapparel.lv\/product\/forge-powerlifting-pelekas-celu-ortozes-7-mm\/#primaryimage"},"thumbnailUrl":"https:\/\/sbdapparel.lv\/wp-content\/uploads\/2024\/12\/POWERLIFTING-KNEE-SLEEVES-GREY-01.webp","datePublished":"2024-12-05T12:54:16+00:00","dateModified":"2026-01-24T21:00:02+00:00","breadcrumb":{"@id":"https:\/\/sbdapparel.lv\/product\/forge-powerlifting-pelekas-celu-ortozes-7-mm\/#breadcrumb"},"inLanguage":"en-US","potentialAction":[{"@type":"ReadAction","target":["https:\/\/sbdapparel.lv\/product\/forge-powerlifting-pelekas-celu-ortozes-7-mm\/"]}]},{"@type":"ImageObject","inLanguage":"en-US","@id":"https:\/\/sbdapparel.lv\/product\/forge-powerlifting-pelekas-celu-ortozes-7-mm\/#primaryimage","url":"https:\/\/sbdapparel.lv\/wp-content\/uploads\/2024\/12\/POWERLIFTING-KNEE-SLEEVES-GREY-01.webp","contentUrl":"https:\/\/sbdapparel.lv\/wp-content\/uploads\/2024\/12\/POWERLIFTING-KNEE-SLEEVES-GREY-01.webp","width":1800,"height":1800},{"@type":"BreadcrumbList","@id":"https:\/\/sbdapparel.lv\/product\/forge-powerlifting-pelekas-celu-ortozes-7-mm\/#breadcrumb","itemListElement":[{"@type":"ListItem","position":1,"name":"Home","item":"https:\/\/sbdapparel.lv\/"},{"@type":"ListItem","position":2,"name":"Produktai","item":"https:\/\/sbdapparel.lv\/shop\/"},{"@type":"ListItem","position":3,"name":"FORGE POWERLIFTING PEL\u0112KAS CE\u013bU ORTOZES 7 mm"}]},{"@type":"WebSite","@id":"https:\/\/sbdapparel.lv\/#website","url":"https:\/\/sbdapparel.lv\/","name":"sbdapparel.lv","description":"Latvija","publisher":{"@id":"https:\/\/sbdapparel.lv\/#organization"},"potentialAction":[{"@type":"SearchAction","target":{"@type":"EntryPoint","urlTemplate":"https:\/\/sbdapparel.lv\/?s={search_term_string}"},"query-input":{"@type":"PropertyValueSpecification","valueRequired":true,"valueName":"search_term_string"}}],"inLanguage":"en-US"},{"@type":"Organization","@id":"https:\/\/sbdapparel.lv\/#organization","name":"SBD Apparel LV","url":"https:\/\/sbdapparel.lv\/","logo":{"@type":"ImageObject","inLanguage":"en-US","@id":"https:\/\/sbdapparel.lv\/#\/schema\/logo\/image\/","url":"https:\/\/sbdapparel.lv\/wp-content\/uploads\/2023\/07\/cropped-SBD_Identity_OnDark_RGB.png","contentUrl":"https:\/\/sbdapparel.lv\/wp-content\/uploads\/2023\/07\/cropped-SBD_Identity_OnDark_RGB.png","width":1182,"height":515,"caption":"SBD Apparel LV"},"image":{"@id":"https:\/\/sbdapparel.lv\/#\/schema\/logo\/image\/"}}]}},"_links":{"self":[{"href":"https:\/\/sbdapparel.lv\/en\/wp-json\/wp\/v2\/product\/3473","targetHints":{"allow":["GET"]}}],"collection":[{"href":"https:\/\/sbdapparel.lv\/en\/wp-json\/wp\/v2\/product"}],"about":[{"href":"https:\/\/sbdapparel.lv\/en\/wp-json\/wp\/v2\/types\/product"}],"version-history":[{"count":7,"href":"https:\/\/sbdapparel.lv\/en\/wp-json\/wp\/v2\/product\/3473\/revisions"}],"predecessor-version":[{"id":5387,"href":"https:\/\/sbdapparel.lv\/en\/wp-json\/wp\/v2\/product\/3473\/revisions\/5387"}],"wp:featuredmedia":[{"embeddable":true,"href":"https:\/\/sbdapparel.lv\/en\/wp-json\/wp\/v2\/media\/3485"}],"wp:attachment":[{"href":"https:\/\/sbdapparel.lv\/en\/wp-json\/wp\/v2\/media?parent=3473"}],"wp:term":[{"taxonomy":"product_brand","embeddable":true,"href":"https:\/\/sbdapparel.lv\/en\/wp-json\/wp\/v2\/product_brand?post=3473"},{"taxonomy":"product_cat","embeddable":true,"href":"https:\/\/sbdapparel.lv\/en\/wp-json\/wp\/v2\/product_cat?post=3473"},{"taxonomy":"product_tag","embeddable":true,"href":"https:\/\/sbdapparel.lv\/en\/wp-json\/wp\/v2\/product_tag?post=3473"},{"taxonomy":"giftcard-category","embeddable":true,"href":"https:\/\/sbdapparel.lv\/en\/wp-json\/wp\/v2\/giftcard-category?post=3473"}],"curies":[{"name":"wp","href":"https:\/\/api.w.org\/{rel}","templated":true}]}}