{"id":3407,"date":"2024-12-05T11:59:47","date_gmt":"2024-12-05T11:59:47","guid":{"rendered":"https:\/\/sbdapparel.lv\/?post_type=product&#038;p=3407"},"modified":"2026-02-07T11:37:58","modified_gmt":"2026-02-07T09:37:58","slug":"forge-oranza-josta-13mm","status":"publish","type":"product","link":"https:\/\/sbdapparel.lv\/en\/product\/forge-oranza-josta-13mm\/","title":{"rendered":"Forge Orange 13mm Lever Belt"},"content":{"rendered":"","protected":false},"excerpt":{"rendered":"<p>Featuring a patented gliding lever, providing the adjustability of a prong belt with the ease and tightness of a lever belt. Ideal for sizing up or down whenever you need during training sessions and competitions.<\/p>\n<p>The 13mm lever belt offers the maximum specifications allowed in competitive powerlifting, with four layers of British leather and suede, combined with our patented lever, allowing for the utmost tightness and support.<\/p>\n<p>Designed through collaboration with world-class athletes, coaches, and health professionals.<\/p>\n<p>Forge is a limited edition collection, offering the same performance and manufactured to the same high standards as our classic product line.Forge is a limited edition collection, offering the same performance and manufactured to the same high standards as our classic product line.<\/p>\n<p>13mm thickness and 10cm in width.<br \/>\nGrey oiled leather finish with an orange suede interior.<br \/>\nIPF approved.<br \/>\nMade exclusively from British cowhide.<br \/>\nMade in Sheffield, Great Britain.<\/p>","protected":false},"featured_media":3408,"template":"","meta":[],"product_brand":[],"product_cat":[67,42],"product_tag":[],"giftcard-category":[],"class_list":{"0":"post-3407","1":"product","2":"type-product","3":"status-publish","4":"has-post-thumbnail","6":"product_cat-forge","7":"product_cat-dirzai","10":"instock","11":"shipping-taxable","12":"purchasable","13":"product-type-variable","14":"product-grid-view"},"yoast_head":"<!-- This site is optimized with the Yoast SEO plugin v27.4 - https:\/\/yoast.com\/product\/yoast-seo-wordpress\/ -->\n<title>FORGE ORAN\u017dA JOSTA 13mm - SBD Apparel LV<\/title>\n<meta name=\"robots\" content=\"index, follow, max-snippet:-1, max-image-preview:large, max-video-preview:-1\" \/>\n<link rel=\"canonical\" href=\"https:\/\/sbdapparel.lv\/en\/product\/forge-oranza-josta-13mm\/\" \/>\n<meta property=\"og:locale\" content=\"en_US\" \/>\n<meta property=\"og:type\" content=\"article\" \/>\n<meta property=\"og:title\" content=\"FORGE ORAN\u017dA JOSTA 13mm - SBD Apparel LV\" \/>\n<meta property=\"og:description\" content=\"Patent\u0113ta sviras jostas spr\u0101dze, kas \u013cauj viegli un dro\u0161i regul\u0113t sviras jostu. Ide\u0101li piem\u0113rots izm\u0113ra palielin\u0101\u0161anai vai samazin\u0101\u0161anai, kad vien nepiecie\u0161ams treni\u0146u un sacens\u012bbu laik\u0101.  13\u00a0mm sviras josta pied\u0101v\u0101 maksim\u0101l\u0101s specifik\u0101cijas, kas at\u013cautas konkur\u0113jo\u0161\u0101 pauerlifting\u0101, ar \u010detriem britu \u0101das un zam\u0161\u0101das sl\u0101\u0146iem, k\u0101 ar\u012b m\u016bsu patent\u0113to sviras spr\u0101dzi, kas nodro\u0161ina maksim\u0101lu stingr\u012bbu un atbalstu.  Izstr\u0101d\u0101ts sadarb\u012bb\u0101 ar pasaules l\u012bme\u0146a sportistiem, treneriem un vesel\u012bbas speci\u0101listiem.  Forge ir ierobe\u017eota izdevuma kolekcija, kurai ir t\u0101das pa\u0161as funkcijas un kas ir izgatavota saska\u0146\u0101 ar t\u0101diem pa\u0161iem augstiem standartiem k\u0101 m\u016bsu klasisk\u0101 produktu l\u012bnija.  13 mm biezs un 10 cm plats. Pel\u0113ka e\u013c\u013cotas \u0101das apdare ar oran\u017eu zam\u0161\u0101das iek\u0161pusi. IPF apstiprin\u0101ts. Izgatavots tikai no britu govs \u0101das. Ra\u017eots Lielbrit\u0101nij\u0101.\" \/>\n<meta property=\"og:url\" content=\"https:\/\/sbdapparel.lv\/en\/product\/forge-oranza-josta-13mm\/\" \/>\n<meta property=\"og:site_name\" content=\"SBD Apparel LV\" \/>\n<meta property=\"article:modified_time\" content=\"2026-02-07T09:37:58+00:00\" \/>\n<meta property=\"og:image\" content=\"https:\/\/sbdapparel.lv\/wp-content\/uploads\/2024\/12\/13MM-BELT-ORANGE-03.webp\" \/>\n\t<meta property=\"og:image:width\" content=\"1800\" \/>\n\t<meta property=\"og:image:height\" content=\"1800\" \/>\n\t<meta property=\"og:image:type\" content=\"image\/webp\" \/>\n<meta name=\"twitter:card\" content=\"summary_large_image\" \/>\n<script type=\"application\/ld+json\" class=\"yoast-schema-graph\">{\"@context\":\"https:\\\/\\\/schema.org\",\"@graph\":[{\"@type\":\"WebPage\",\"@id\":\"https:\\\/\\\/sbdapparel.lv\\\/product\\\/forge-oranza-josta-13mm\\\/\",\"url\":\"https:\\\/\\\/sbdapparel.lv\\\/product\\\/forge-oranza-josta-13mm\\\/\",\"name\":\"FORGE ORAN\u017dA JOSTA 13mm - SBD Apparel LV\",\"isPartOf\":{\"@id\":\"https:\\\/\\\/sbdapparel.lv\\\/#website\"},\"primaryImageOfPage\":{\"@id\":\"https:\\\/\\\/sbdapparel.lv\\\/product\\\/forge-oranza-josta-13mm\\\/#primaryimage\"},\"image\":{\"@id\":\"https:\\\/\\\/sbdapparel.lv\\\/product\\\/forge-oranza-josta-13mm\\\/#primaryimage\"},\"thumbnailUrl\":\"https:\\\/\\\/sbdapparel.lv\\\/wp-content\\\/uploads\\\/2024\\\/12\\\/13MM-BELT-ORANGE-03.webp\",\"datePublished\":\"2024-12-05T11:59:47+00:00\",\"dateModified\":\"2026-02-07T09:37:58+00:00\",\"breadcrumb\":{\"@id\":\"https:\\\/\\\/sbdapparel.lv\\\/product\\\/forge-oranza-josta-13mm\\\/#breadcrumb\"},\"inLanguage\":\"en-US\",\"potentialAction\":[{\"@type\":\"ReadAction\",\"target\":[\"https:\\\/\\\/sbdapparel.lv\\\/product\\\/forge-oranza-josta-13mm\\\/\"]}]},{\"@type\":\"ImageObject\",\"inLanguage\":\"en-US\",\"@id\":\"https:\\\/\\\/sbdapparel.lv\\\/product\\\/forge-oranza-josta-13mm\\\/#primaryimage\",\"url\":\"https:\\\/\\\/sbdapparel.lv\\\/wp-content\\\/uploads\\\/2024\\\/12\\\/13MM-BELT-ORANGE-03.webp\",\"contentUrl\":\"https:\\\/\\\/sbdapparel.lv\\\/wp-content\\\/uploads\\\/2024\\\/12\\\/13MM-BELT-ORANGE-03.webp\",\"width\":1800,\"height\":1800},{\"@type\":\"BreadcrumbList\",\"@id\":\"https:\\\/\\\/sbdapparel.lv\\\/product\\\/forge-oranza-josta-13mm\\\/#breadcrumb\",\"itemListElement\":[{\"@type\":\"ListItem\",\"position\":1,\"name\":\"Home\",\"item\":\"https:\\\/\\\/sbdapparel.lv\\\/\"},{\"@type\":\"ListItem\",\"position\":2,\"name\":\"Produktai\",\"item\":\"https:\\\/\\\/sbdapparel.lv\\\/shop\\\/\"},{\"@type\":\"ListItem\",\"position\":3,\"name\":\"FORGE ORAN\u017dA JOSTA 13mm\"}]},{\"@type\":\"WebSite\",\"@id\":\"https:\\\/\\\/sbdapparel.lv\\\/#website\",\"url\":\"https:\\\/\\\/sbdapparel.lv\\\/\",\"name\":\"sbdapparel.lv\",\"description\":\"Latvija\",\"publisher\":{\"@id\":\"https:\\\/\\\/sbdapparel.lv\\\/#organization\"},\"potentialAction\":[{\"@type\":\"SearchAction\",\"target\":{\"@type\":\"EntryPoint\",\"urlTemplate\":\"https:\\\/\\\/sbdapparel.lv\\\/?s={search_term_string}\"},\"query-input\":{\"@type\":\"PropertyValueSpecification\",\"valueRequired\":true,\"valueName\":\"search_term_string\"}}],\"inLanguage\":\"en-US\"},{\"@type\":\"Organization\",\"@id\":\"https:\\\/\\\/sbdapparel.lv\\\/#organization\",\"name\":\"SBD Apparel LV\",\"url\":\"https:\\\/\\\/sbdapparel.lv\\\/\",\"logo\":{\"@type\":\"ImageObject\",\"inLanguage\":\"en-US\",\"@id\":\"https:\\\/\\\/sbdapparel.lv\\\/#\\\/schema\\\/logo\\\/image\\\/\",\"url\":\"https:\\\/\\\/sbdapparel.lv\\\/wp-content\\\/uploads\\\/2023\\\/07\\\/cropped-SBD_Identity_OnDark_RGB.png\",\"contentUrl\":\"https:\\\/\\\/sbdapparel.lv\\\/wp-content\\\/uploads\\\/2023\\\/07\\\/cropped-SBD_Identity_OnDark_RGB.png\",\"width\":1182,\"height\":515,\"caption\":\"SBD Apparel LV\"},\"image\":{\"@id\":\"https:\\\/\\\/sbdapparel.lv\\\/#\\\/schema\\\/logo\\\/image\\\/\"}}]}<\/script>\n<!-- \/ Yoast SEO plugin. -->","yoast_head_json":{"title":"FORGE ORAN\u017dA JOSTA 13mm - SBD Apparel LV","robots":{"index":"index","follow":"follow","max-snippet":"max-snippet:-1","max-image-preview":"max-image-preview:large","max-video-preview":"max-video-preview:-1"},"canonical":"https:\/\/sbdapparel.lv\/en\/product\/forge-oranza-josta-13mm\/","og_locale":"en_US","og_type":"article","og_title":"FORGE ORAN\u017dA JOSTA 13mm - SBD Apparel LV","og_description":"Patent\u0113ta sviras jostas spr\u0101dze, kas \u013cauj viegli un dro\u0161i regul\u0113t sviras jostu. Ide\u0101li piem\u0113rots izm\u0113ra palielin\u0101\u0161anai vai samazin\u0101\u0161anai, kad vien nepiecie\u0161ams treni\u0146u un sacens\u012bbu laik\u0101.  13\u00a0mm sviras josta pied\u0101v\u0101 maksim\u0101l\u0101s specifik\u0101cijas, kas at\u013cautas konkur\u0113jo\u0161\u0101 pauerlifting\u0101, ar \u010detriem britu \u0101das un zam\u0161\u0101das sl\u0101\u0146iem, k\u0101 ar\u012b m\u016bsu patent\u0113to sviras spr\u0101dzi, kas nodro\u0161ina maksim\u0101lu stingr\u012bbu un atbalstu.  Izstr\u0101d\u0101ts sadarb\u012bb\u0101 ar pasaules l\u012bme\u0146a sportistiem, treneriem un vesel\u012bbas speci\u0101listiem.  Forge ir ierobe\u017eota izdevuma kolekcija, kurai ir t\u0101das pa\u0161as funkcijas un kas ir izgatavota saska\u0146\u0101 ar t\u0101diem pa\u0161iem augstiem standartiem k\u0101 m\u016bsu klasisk\u0101 produktu l\u012bnija.  13 mm biezs un 10 cm plats. Pel\u0113ka e\u013c\u013cotas \u0101das apdare ar oran\u017eu zam\u0161\u0101das iek\u0161pusi. IPF apstiprin\u0101ts. Izgatavots tikai no britu govs \u0101das. Ra\u017eots Lielbrit\u0101nij\u0101.","og_url":"https:\/\/sbdapparel.lv\/en\/product\/forge-oranza-josta-13mm\/","og_site_name":"SBD Apparel LV","article_modified_time":"2026-02-07T09:37:58+00:00","og_image":[{"width":1800,"height":1800,"url":"https:\/\/sbdapparel.lv\/wp-content\/uploads\/2024\/12\/13MM-BELT-ORANGE-03.webp","type":"image\/webp"}],"twitter_card":"summary_large_image","schema":{"@context":"https:\/\/schema.org","@graph":[{"@type":"WebPage","@id":"https:\/\/sbdapparel.lv\/product\/forge-oranza-josta-13mm\/","url":"https:\/\/sbdapparel.lv\/product\/forge-oranza-josta-13mm\/","name":"FORGE ORAN\u017dA JOSTA 13mm - SBD Apparel LV","isPartOf":{"@id":"https:\/\/sbdapparel.lv\/#website"},"primaryImageOfPage":{"@id":"https:\/\/sbdapparel.lv\/product\/forge-oranza-josta-13mm\/#primaryimage"},"image":{"@id":"https:\/\/sbdapparel.lv\/product\/forge-oranza-josta-13mm\/#primaryimage"},"thumbnailUrl":"https:\/\/sbdapparel.lv\/wp-content\/uploads\/2024\/12\/13MM-BELT-ORANGE-03.webp","datePublished":"2024-12-05T11:59:47+00:00","dateModified":"2026-02-07T09:37:58+00:00","breadcrumb":{"@id":"https:\/\/sbdapparel.lv\/product\/forge-oranza-josta-13mm\/#breadcrumb"},"inLanguage":"en-US","potentialAction":[{"@type":"ReadAction","target":["https:\/\/sbdapparel.lv\/product\/forge-oranza-josta-13mm\/"]}]},{"@type":"ImageObject","inLanguage":"en-US","@id":"https:\/\/sbdapparel.lv\/product\/forge-oranza-josta-13mm\/#primaryimage","url":"https:\/\/sbdapparel.lv\/wp-content\/uploads\/2024\/12\/13MM-BELT-ORANGE-03.webp","contentUrl":"https:\/\/sbdapparel.lv\/wp-content\/uploads\/2024\/12\/13MM-BELT-ORANGE-03.webp","width":1800,"height":1800},{"@type":"BreadcrumbList","@id":"https:\/\/sbdapparel.lv\/product\/forge-oranza-josta-13mm\/#breadcrumb","itemListElement":[{"@type":"ListItem","position":1,"name":"Home","item":"https:\/\/sbdapparel.lv\/"},{"@type":"ListItem","position":2,"name":"Produktai","item":"https:\/\/sbdapparel.lv\/shop\/"},{"@type":"ListItem","position":3,"name":"FORGE ORAN\u017dA JOSTA 13mm"}]},{"@type":"WebSite","@id":"https:\/\/sbdapparel.lv\/#website","url":"https:\/\/sbdapparel.lv\/","name":"sbdapparel.lv","description":"Latvija","publisher":{"@id":"https:\/\/sbdapparel.lv\/#organization"},"potentialAction":[{"@type":"SearchAction","target":{"@type":"EntryPoint","urlTemplate":"https:\/\/sbdapparel.lv\/?s={search_term_string}"},"query-input":{"@type":"PropertyValueSpecification","valueRequired":true,"valueName":"search_term_string"}}],"inLanguage":"en-US"},{"@type":"Organization","@id":"https:\/\/sbdapparel.lv\/#organization","name":"SBD Apparel LV","url":"https:\/\/sbdapparel.lv\/","logo":{"@type":"ImageObject","inLanguage":"en-US","@id":"https:\/\/sbdapparel.lv\/#\/schema\/logo\/image\/","url":"https:\/\/sbdapparel.lv\/wp-content\/uploads\/2023\/07\/cropped-SBD_Identity_OnDark_RGB.png","contentUrl":"https:\/\/sbdapparel.lv\/wp-content\/uploads\/2023\/07\/cropped-SBD_Identity_OnDark_RGB.png","width":1182,"height":515,"caption":"SBD Apparel LV"},"image":{"@id":"https:\/\/sbdapparel.lv\/#\/schema\/logo\/image\/"}}]}},"_links":{"self":[{"href":"https:\/\/sbdapparel.lv\/en\/wp-json\/wp\/v2\/product\/3407","targetHints":{"allow":["GET"]}}],"collection":[{"href":"https:\/\/sbdapparel.lv\/en\/wp-json\/wp\/v2\/product"}],"about":[{"href":"https:\/\/sbdapparel.lv\/en\/wp-json\/wp\/v2\/types\/product"}],"version-history":[{"count":6,"href":"https:\/\/sbdapparel.lv\/en\/wp-json\/wp\/v2\/product\/3407\/revisions"}],"predecessor-version":[{"id":5586,"href":"https:\/\/sbdapparel.lv\/en\/wp-json\/wp\/v2\/product\/3407\/revisions\/5586"}],"wp:featuredmedia":[{"embeddable":true,"href":"https:\/\/sbdapparel.lv\/en\/wp-json\/wp\/v2\/media\/3408"}],"wp:attachment":[{"href":"https:\/\/sbdapparel.lv\/en\/wp-json\/wp\/v2\/media?parent=3407"}],"wp:term":[{"taxonomy":"product_brand","embeddable":true,"href":"https:\/\/sbdapparel.lv\/en\/wp-json\/wp\/v2\/product_brand?post=3407"},{"taxonomy":"product_cat","embeddable":true,"href":"https:\/\/sbdapparel.lv\/en\/wp-json\/wp\/v2\/product_cat?post=3407"},{"taxonomy":"product_tag","embeddable":true,"href":"https:\/\/sbdapparel.lv\/en\/wp-json\/wp\/v2\/product_tag?post=3407"},{"taxonomy":"giftcard-category","embeddable":true,"href":"https:\/\/sbdapparel.lv\/en\/wp-json\/wp\/v2\/giftcard-category?post=3407"}],"curies":[{"name":"wp","href":"https:\/\/api.w.org\/{rel}","templated":true}]}}