{"id":3249,"date":"2024-11-10T21:48:33","date_gmt":"2024-11-10T21:48:33","guid":{"rendered":"https:\/\/sbdapparel.lv\/?post_type=product&#038;p=3249"},"modified":"2025-10-17T01:14:23","modified_gmt":"2025-10-16T23:14:23","slug":"phantom-bezpiedurknu-tops","status":"publish","type":"product","link":"https:\/\/sbdapparel.lv\/en\/product\/phantom-bezpiedurknu-tops\/","title":{"rendered":"Phantom Tank"},"content":{"rendered":"","protected":false},"excerpt":{"rendered":"<p>Manufactured fully in the UK from cotton to sewing, the SBD tank can endure the toughest training. Developed in conjunction with athlete feedback.<\/p>\n<p>Featuring an SBD logo print on the chest.<br \/>\nComfortable and durable, designed to endure years of use in training.<br \/>\nIzgatavots no 100% augst\u0101k\u0101s kvalit\u0101tes Supima kokvilnas.<br \/>\nMade in Sheffield, Great Britain.<br \/>\nSievietes un v\u012brie\u0161i<\/p>","protected":false},"featured_media":3259,"template":"","meta":[],"product_brand":[],"product_cat":[58,68],"product_tag":[],"giftcard-category":[],"class_list":{"0":"post-3249","1":"product","2":"type-product","3":"status-publish","4":"has-post-thumbnail","6":"product_cat-phantom","7":"product_cat-tank-topi","10":"instock","11":"shipping-taxable","12":"purchasable","13":"product-type-variable","14":"product-grid-view"},"yoast_head":"<!-- This site is optimized with the Yoast SEO plugin v27.4 - https:\/\/yoast.com\/product\/yoast-seo-wordpress\/ -->\n<title>PHANTOM BEZPIEDURK\u0145U TOPS - SBD Apparel LV<\/title>\n<meta name=\"robots\" content=\"index, follow, max-snippet:-1, max-image-preview:large, max-video-preview:-1\" \/>\n<link rel=\"canonical\" href=\"https:\/\/sbdapparel.lv\/en\/product\/phantom-bezpiedurknu-tops\/\" \/>\n<meta property=\"og:locale\" content=\"en_US\" \/>\n<meta property=\"og:type\" content=\"article\" \/>\n<meta property=\"og:title\" content=\"PHANTOM BEZPIEDURK\u0145U TOPS - SBD Apparel LV\" \/>\n<meta property=\"og:description\" content=\"Izgatavota Apvienotaj\u0101 Karalist\u0113 no kokvilnas l\u012bdz \u0161\u016b\u0161anai, SBD tvertne var iztur\u0113t vissmag\u0101kos treni\u0146us. Izstr\u0101d\u0101ts, \u0146emot v\u0113r\u0101 sportistu atsauksmes.  SBD logotipa apdruka uz kr\u016bt\u012bm. \u0112rts un iztur\u012bgs, veidots t\u0101, lai iztur\u0113tu gadiem ilgu treni\u0146u izmanto\u0161anu. Izgatavots no 100% augst\u0101k\u0101s kvalit\u0101tes Supima kokvilnas. Ra\u017eots Lielbrit\u0101nij\u0101 Sievietes un v\u012brie\u0161i\" \/>\n<meta property=\"og:url\" content=\"https:\/\/sbdapparel.lv\/en\/product\/phantom-bezpiedurknu-tops\/\" \/>\n<meta property=\"og:site_name\" content=\"SBD Apparel LV\" \/>\n<meta property=\"article:modified_time\" content=\"2025-10-16T23:14:23+00:00\" \/>\n<meta property=\"og:image\" content=\"https:\/\/sbdapparel.lv\/wp-content\/uploads\/2024\/11\/2022-09-14-SBD-PHANTOM-DAY1-SHOT-3-1712.jpg\" \/>\n\t<meta property=\"og:image:width\" content=\"1667\" \/>\n\t<meta property=\"og:image:height\" content=\"2500\" \/>\n\t<meta property=\"og:image:type\" content=\"image\/jpeg\" \/>\n<meta name=\"twitter:card\" content=\"summary_large_image\" \/>\n<script type=\"application\/ld+json\" class=\"yoast-schema-graph\">{\"@context\":\"https:\\\/\\\/schema.org\",\"@graph\":[{\"@type\":\"WebPage\",\"@id\":\"https:\\\/\\\/sbdapparel.lv\\\/product\\\/phantom-bezpiedurknu-tops\\\/\",\"url\":\"https:\\\/\\\/sbdapparel.lv\\\/product\\\/phantom-bezpiedurknu-tops\\\/\",\"name\":\"PHANTOM BEZPIEDURK\u0145U TOPS - SBD Apparel LV\",\"isPartOf\":{\"@id\":\"https:\\\/\\\/sbdapparel.lv\\\/#website\"},\"primaryImageOfPage\":{\"@id\":\"https:\\\/\\\/sbdapparel.lv\\\/product\\\/phantom-bezpiedurknu-tops\\\/#primaryimage\"},\"image\":{\"@id\":\"https:\\\/\\\/sbdapparel.lv\\\/product\\\/phantom-bezpiedurknu-tops\\\/#primaryimage\"},\"thumbnailUrl\":\"https:\\\/\\\/sbdapparel.lv\\\/wp-content\\\/uploads\\\/2024\\\/11\\\/2022-09-14-SBD-PHANTOM-DAY1-SHOT-3-1712.jpg\",\"datePublished\":\"2024-11-10T21:48:33+00:00\",\"dateModified\":\"2025-10-16T23:14:23+00:00\",\"breadcrumb\":{\"@id\":\"https:\\\/\\\/sbdapparel.lv\\\/product\\\/phantom-bezpiedurknu-tops\\\/#breadcrumb\"},\"inLanguage\":\"en-US\",\"potentialAction\":[{\"@type\":\"ReadAction\",\"target\":[\"https:\\\/\\\/sbdapparel.lv\\\/product\\\/phantom-bezpiedurknu-tops\\\/\"]}]},{\"@type\":\"ImageObject\",\"inLanguage\":\"en-US\",\"@id\":\"https:\\\/\\\/sbdapparel.lv\\\/product\\\/phantom-bezpiedurknu-tops\\\/#primaryimage\",\"url\":\"https:\\\/\\\/sbdapparel.lv\\\/wp-content\\\/uploads\\\/2024\\\/11\\\/2022-09-14-SBD-PHANTOM-DAY1-SHOT-3-1712.jpg\",\"contentUrl\":\"https:\\\/\\\/sbdapparel.lv\\\/wp-content\\\/uploads\\\/2024\\\/11\\\/2022-09-14-SBD-PHANTOM-DAY1-SHOT-3-1712.jpg\",\"width\":1667,\"height\":2500},{\"@type\":\"BreadcrumbList\",\"@id\":\"https:\\\/\\\/sbdapparel.lv\\\/product\\\/phantom-bezpiedurknu-tops\\\/#breadcrumb\",\"itemListElement\":[{\"@type\":\"ListItem\",\"position\":1,\"name\":\"Home\",\"item\":\"https:\\\/\\\/sbdapparel.lv\\\/\"},{\"@type\":\"ListItem\",\"position\":2,\"name\":\"Produktai\",\"item\":\"https:\\\/\\\/sbdapparel.lv\\\/shop\\\/\"},{\"@type\":\"ListItem\",\"position\":3,\"name\":\"PHANTOM BEZPIEDURK\u0145U TOPS\"}]},{\"@type\":\"WebSite\",\"@id\":\"https:\\\/\\\/sbdapparel.lv\\\/#website\",\"url\":\"https:\\\/\\\/sbdapparel.lv\\\/\",\"name\":\"sbdapparel.lv\",\"description\":\"Latvija\",\"publisher\":{\"@id\":\"https:\\\/\\\/sbdapparel.lv\\\/#organization\"},\"potentialAction\":[{\"@type\":\"SearchAction\",\"target\":{\"@type\":\"EntryPoint\",\"urlTemplate\":\"https:\\\/\\\/sbdapparel.lv\\\/?s={search_term_string}\"},\"query-input\":{\"@type\":\"PropertyValueSpecification\",\"valueRequired\":true,\"valueName\":\"search_term_string\"}}],\"inLanguage\":\"en-US\"},{\"@type\":\"Organization\",\"@id\":\"https:\\\/\\\/sbdapparel.lv\\\/#organization\",\"name\":\"SBD Apparel LV\",\"url\":\"https:\\\/\\\/sbdapparel.lv\\\/\",\"logo\":{\"@type\":\"ImageObject\",\"inLanguage\":\"en-US\",\"@id\":\"https:\\\/\\\/sbdapparel.lv\\\/#\\\/schema\\\/logo\\\/image\\\/\",\"url\":\"https:\\\/\\\/sbdapparel.lv\\\/wp-content\\\/uploads\\\/2023\\\/07\\\/cropped-SBD_Identity_OnDark_RGB.png\",\"contentUrl\":\"https:\\\/\\\/sbdapparel.lv\\\/wp-content\\\/uploads\\\/2023\\\/07\\\/cropped-SBD_Identity_OnDark_RGB.png\",\"width\":1182,\"height\":515,\"caption\":\"SBD Apparel LV\"},\"image\":{\"@id\":\"https:\\\/\\\/sbdapparel.lv\\\/#\\\/schema\\\/logo\\\/image\\\/\"}}]}<\/script>\n<!-- \/ Yoast SEO plugin. -->","yoast_head_json":{"title":"PHANTOM BEZPIEDURK\u0145U TOPS - SBD Apparel LV","robots":{"index":"index","follow":"follow","max-snippet":"max-snippet:-1","max-image-preview":"max-image-preview:large","max-video-preview":"max-video-preview:-1"},"canonical":"https:\/\/sbdapparel.lv\/en\/product\/phantom-bezpiedurknu-tops\/","og_locale":"en_US","og_type":"article","og_title":"PHANTOM BEZPIEDURK\u0145U TOPS - SBD Apparel LV","og_description":"Izgatavota Apvienotaj\u0101 Karalist\u0113 no kokvilnas l\u012bdz \u0161\u016b\u0161anai, SBD tvertne var iztur\u0113t vissmag\u0101kos treni\u0146us. Izstr\u0101d\u0101ts, \u0146emot v\u0113r\u0101 sportistu atsauksmes.  SBD logotipa apdruka uz kr\u016bt\u012bm. \u0112rts un iztur\u012bgs, veidots t\u0101, lai iztur\u0113tu gadiem ilgu treni\u0146u izmanto\u0161anu. Izgatavots no 100% augst\u0101k\u0101s kvalit\u0101tes Supima kokvilnas. Ra\u017eots Lielbrit\u0101nij\u0101 Sievietes un v\u012brie\u0161i","og_url":"https:\/\/sbdapparel.lv\/en\/product\/phantom-bezpiedurknu-tops\/","og_site_name":"SBD Apparel LV","article_modified_time":"2025-10-16T23:14:23+00:00","og_image":[{"width":1667,"height":2500,"url":"https:\/\/sbdapparel.lv\/wp-content\/uploads\/2024\/11\/2022-09-14-SBD-PHANTOM-DAY1-SHOT-3-1712.jpg","type":"image\/jpeg"}],"twitter_card":"summary_large_image","schema":{"@context":"https:\/\/schema.org","@graph":[{"@type":"WebPage","@id":"https:\/\/sbdapparel.lv\/product\/phantom-bezpiedurknu-tops\/","url":"https:\/\/sbdapparel.lv\/product\/phantom-bezpiedurknu-tops\/","name":"PHANTOM BEZPIEDURK\u0145U TOPS - SBD Apparel LV","isPartOf":{"@id":"https:\/\/sbdapparel.lv\/#website"},"primaryImageOfPage":{"@id":"https:\/\/sbdapparel.lv\/product\/phantom-bezpiedurknu-tops\/#primaryimage"},"image":{"@id":"https:\/\/sbdapparel.lv\/product\/phantom-bezpiedurknu-tops\/#primaryimage"},"thumbnailUrl":"https:\/\/sbdapparel.lv\/wp-content\/uploads\/2024\/11\/2022-09-14-SBD-PHANTOM-DAY1-SHOT-3-1712.jpg","datePublished":"2024-11-10T21:48:33+00:00","dateModified":"2025-10-16T23:14:23+00:00","breadcrumb":{"@id":"https:\/\/sbdapparel.lv\/product\/phantom-bezpiedurknu-tops\/#breadcrumb"},"inLanguage":"en-US","potentialAction":[{"@type":"ReadAction","target":["https:\/\/sbdapparel.lv\/product\/phantom-bezpiedurknu-tops\/"]}]},{"@type":"ImageObject","inLanguage":"en-US","@id":"https:\/\/sbdapparel.lv\/product\/phantom-bezpiedurknu-tops\/#primaryimage","url":"https:\/\/sbdapparel.lv\/wp-content\/uploads\/2024\/11\/2022-09-14-SBD-PHANTOM-DAY1-SHOT-3-1712.jpg","contentUrl":"https:\/\/sbdapparel.lv\/wp-content\/uploads\/2024\/11\/2022-09-14-SBD-PHANTOM-DAY1-SHOT-3-1712.jpg","width":1667,"height":2500},{"@type":"BreadcrumbList","@id":"https:\/\/sbdapparel.lv\/product\/phantom-bezpiedurknu-tops\/#breadcrumb","itemListElement":[{"@type":"ListItem","position":1,"name":"Home","item":"https:\/\/sbdapparel.lv\/"},{"@type":"ListItem","position":2,"name":"Produktai","item":"https:\/\/sbdapparel.lv\/shop\/"},{"@type":"ListItem","position":3,"name":"PHANTOM BEZPIEDURK\u0145U TOPS"}]},{"@type":"WebSite","@id":"https:\/\/sbdapparel.lv\/#website","url":"https:\/\/sbdapparel.lv\/","name":"sbdapparel.lv","description":"Latvija","publisher":{"@id":"https:\/\/sbdapparel.lv\/#organization"},"potentialAction":[{"@type":"SearchAction","target":{"@type":"EntryPoint","urlTemplate":"https:\/\/sbdapparel.lv\/?s={search_term_string}"},"query-input":{"@type":"PropertyValueSpecification","valueRequired":true,"valueName":"search_term_string"}}],"inLanguage":"en-US"},{"@type":"Organization","@id":"https:\/\/sbdapparel.lv\/#organization","name":"SBD Apparel LV","url":"https:\/\/sbdapparel.lv\/","logo":{"@type":"ImageObject","inLanguage":"en-US","@id":"https:\/\/sbdapparel.lv\/#\/schema\/logo\/image\/","url":"https:\/\/sbdapparel.lv\/wp-content\/uploads\/2023\/07\/cropped-SBD_Identity_OnDark_RGB.png","contentUrl":"https:\/\/sbdapparel.lv\/wp-content\/uploads\/2023\/07\/cropped-SBD_Identity_OnDark_RGB.png","width":1182,"height":515,"caption":"SBD Apparel LV"},"image":{"@id":"https:\/\/sbdapparel.lv\/#\/schema\/logo\/image\/"}}]}},"_links":{"self":[{"href":"https:\/\/sbdapparel.lv\/en\/wp-json\/wp\/v2\/product\/3249","targetHints":{"allow":["GET"]}}],"collection":[{"href":"https:\/\/sbdapparel.lv\/en\/wp-json\/wp\/v2\/product"}],"about":[{"href":"https:\/\/sbdapparel.lv\/en\/wp-json\/wp\/v2\/types\/product"}],"version-history":[{"count":3,"href":"https:\/\/sbdapparel.lv\/en\/wp-json\/wp\/v2\/product\/3249\/revisions"}],"predecessor-version":[{"id":5187,"href":"https:\/\/sbdapparel.lv\/en\/wp-json\/wp\/v2\/product\/3249\/revisions\/5187"}],"wp:featuredmedia":[{"embeddable":true,"href":"https:\/\/sbdapparel.lv\/en\/wp-json\/wp\/v2\/media\/3259"}],"wp:attachment":[{"href":"https:\/\/sbdapparel.lv\/en\/wp-json\/wp\/v2\/media?parent=3249"}],"wp:term":[{"taxonomy":"product_brand","embeddable":true,"href":"https:\/\/sbdapparel.lv\/en\/wp-json\/wp\/v2\/product_brand?post=3249"},{"taxonomy":"product_cat","embeddable":true,"href":"https:\/\/sbdapparel.lv\/en\/wp-json\/wp\/v2\/product_cat?post=3249"},{"taxonomy":"product_tag","embeddable":true,"href":"https:\/\/sbdapparel.lv\/en\/wp-json\/wp\/v2\/product_tag?post=3249"},{"taxonomy":"giftcard-category","embeddable":true,"href":"https:\/\/sbdapparel.lv\/en\/wp-json\/wp\/v2\/giftcard-category?post=3249"}],"curies":[{"name":"wp","href":"https:\/\/api.w.org\/{rel}","templated":true}]}}