{"id":3154,"date":"2024-11-10T21:32:43","date_gmt":"2024-11-10T21:32:43","guid":{"rendered":"https:\/\/sbdapparel.lv\/?post_type=product&#038;p=3154"},"modified":"2025-02-27T22:13:53","modified_gmt":"2025-02-27T22:13:53","slug":"wsm-t-krekls-dzeltens-2021","status":"publish","type":"product","link":"https:\/\/sbdapparel.lv\/en\/product\/wsm-t-krekls-dzeltens-2021\/","title":{"rendered":"WSM T-KREKLS DZELTENS 2021"},"content":{"rendered":"","protected":false},"excerpt":{"rendered":"<p>Crafted by our team in Great Britain, our t-shirts are proudly made with the same attention to detail and to the same high standards as the equipment relied upon by the world\u2019s strongest athletes since our founding, as they compete to become the World\u2019s Strongest Man.<\/p>\n<p>The official 2021 SBD World\u2019s Strongest Man t-shirt.<br \/>\nComfortable and durable, designed to endure years of use in training.<br \/>\nIzgatavots no 100% augst\u0101k\u0101s kvalit\u0101tes Supima kokvilnas.<br \/>\nMade in Sheffield, Great Britain.<\/p>","protected":false},"featured_media":3166,"template":"","meta":[],"product_brand":[],"product_cat":[49],"product_tag":[],"giftcard-category":[],"class_list":{"0":"post-3154","1":"product","2":"type-product","3":"status-publish","4":"has-post-thumbnail","6":"product_cat-marskineliai","9":"instock","10":"shipping-taxable","11":"purchasable","12":"product-type-variable","13":"product-grid-view"},"yoast_head":"<!-- This site is optimized with the Yoast SEO plugin v27.4 - https:\/\/yoast.com\/product\/yoast-seo-wordpress\/ -->\n<title>WSM T-KREKLS DZELTENS 2021 - SBD Apparel LV<\/title>\n<meta name=\"robots\" content=\"index, follow, max-snippet:-1, max-image-preview:large, max-video-preview:-1\" \/>\n<link rel=\"canonical\" href=\"https:\/\/sbdapparel.lv\/en\/product\/wsm-t-krekls-dzeltens-2021\/\" \/>\n<meta property=\"og:locale\" content=\"en_US\" \/>\n<meta property=\"og:type\" content=\"article\" \/>\n<meta property=\"og:title\" content=\"WSM T-KREKLS DZELTENS 2021 - SBD Apparel LV\" \/>\n<meta property=\"og:description\" content=\"M\u016bsu komandas Lielbrit\u0101nij\u0101 izstr\u0101d\u0101tie krekli\u0146i ir izgatavoti ar t\u0101du pa\u0161u uzman\u012bbu deta\u013c\u0101m un t\u0101diem pa\u0161iem augstiem standartiem k\u0101 apr\u012bkojums, kam pasaules sp\u0113c\u012bg\u0101kie sportisti ir uztic\u0113ju\u0161ies kop\u0161 m\u016bsu dibin\u0101\u0161anas, sacen\u0161oties par Pasaules sp\u0113c\u012bg\u0101ko cilv\u0113ku. .  Ofici\u0101lais 2021.\u00a0gads SBD Pasaules sp\u0113c\u012bg\u0101k\u0101 v\u012brie\u0161a T-krekls. \u0112rts un iztur\u012bgs, veidots t\u0101, lai iztur\u0113tu gadiem ilgu treni\u0146u izmanto\u0161anu. Izgatavots no 100% augst\u0101k\u0101s kvalit\u0101tes Supima kokvilnas. Ra\u017eots Lielbrit\u0101nij\u0101.\" \/>\n<meta property=\"og:url\" content=\"https:\/\/sbdapparel.lv\/en\/product\/wsm-t-krekls-dzeltens-2021\/\" \/>\n<meta property=\"og:site_name\" content=\"SBD Apparel LV\" \/>\n<meta property=\"article:modified_time\" content=\"2025-02-27T22:13:53+00:00\" \/>\n<meta property=\"og:image\" content=\"https:\/\/sbdapparel.lv\/wp-content\/uploads\/2024\/11\/WSM-T-SHIRT-2021-01-1.jpg\" \/>\n\t<meta property=\"og:image:width\" content=\"600\" \/>\n\t<meta property=\"og:image:height\" content=\"600\" \/>\n\t<meta property=\"og:image:type\" content=\"image\/jpeg\" \/>\n<meta name=\"twitter:card\" content=\"summary_large_image\" \/>\n<script type=\"application\/ld+json\" class=\"yoast-schema-graph\">{\"@context\":\"https:\\\/\\\/schema.org\",\"@graph\":[{\"@type\":\"WebPage\",\"@id\":\"https:\\\/\\\/sbdapparel.lv\\\/product\\\/wsm-t-krekls-dzeltens-2021\\\/\",\"url\":\"https:\\\/\\\/sbdapparel.lv\\\/product\\\/wsm-t-krekls-dzeltens-2021\\\/\",\"name\":\"WSM T-KREKLS DZELTENS 2021 - SBD Apparel LV\",\"isPartOf\":{\"@id\":\"https:\\\/\\\/sbdapparel.lv\\\/#website\"},\"primaryImageOfPage\":{\"@id\":\"https:\\\/\\\/sbdapparel.lv\\\/product\\\/wsm-t-krekls-dzeltens-2021\\\/#primaryimage\"},\"image\":{\"@id\":\"https:\\\/\\\/sbdapparel.lv\\\/product\\\/wsm-t-krekls-dzeltens-2021\\\/#primaryimage\"},\"thumbnailUrl\":\"https:\\\/\\\/sbdapparel.lv\\\/wp-content\\\/uploads\\\/2024\\\/11\\\/WSM-T-SHIRT-2021-01-1.jpg\",\"datePublished\":\"2024-11-10T21:32:43+00:00\",\"dateModified\":\"2025-02-27T22:13:53+00:00\",\"breadcrumb\":{\"@id\":\"https:\\\/\\\/sbdapparel.lv\\\/product\\\/wsm-t-krekls-dzeltens-2021\\\/#breadcrumb\"},\"inLanguage\":\"en-US\",\"potentialAction\":[{\"@type\":\"ReadAction\",\"target\":[\"https:\\\/\\\/sbdapparel.lv\\\/product\\\/wsm-t-krekls-dzeltens-2021\\\/\"]}]},{\"@type\":\"ImageObject\",\"inLanguage\":\"en-US\",\"@id\":\"https:\\\/\\\/sbdapparel.lv\\\/product\\\/wsm-t-krekls-dzeltens-2021\\\/#primaryimage\",\"url\":\"https:\\\/\\\/sbdapparel.lv\\\/wp-content\\\/uploads\\\/2024\\\/11\\\/WSM-T-SHIRT-2021-01-1.jpg\",\"contentUrl\":\"https:\\\/\\\/sbdapparel.lv\\\/wp-content\\\/uploads\\\/2024\\\/11\\\/WSM-T-SHIRT-2021-01-1.jpg\",\"width\":600,\"height\":600},{\"@type\":\"BreadcrumbList\",\"@id\":\"https:\\\/\\\/sbdapparel.lv\\\/product\\\/wsm-t-krekls-dzeltens-2021\\\/#breadcrumb\",\"itemListElement\":[{\"@type\":\"ListItem\",\"position\":1,\"name\":\"Home\",\"item\":\"https:\\\/\\\/sbdapparel.lv\\\/\"},{\"@type\":\"ListItem\",\"position\":2,\"name\":\"Produktai\",\"item\":\"https:\\\/\\\/sbdapparel.lv\\\/shop\\\/\"},{\"@type\":\"ListItem\",\"position\":3,\"name\":\"WSM T-KREKLS DZELTENS 2021\"}]},{\"@type\":\"WebSite\",\"@id\":\"https:\\\/\\\/sbdapparel.lv\\\/#website\",\"url\":\"https:\\\/\\\/sbdapparel.lv\\\/\",\"name\":\"sbdapparel.lv\",\"description\":\"Latvija\",\"publisher\":{\"@id\":\"https:\\\/\\\/sbdapparel.lv\\\/#organization\"},\"potentialAction\":[{\"@type\":\"SearchAction\",\"target\":{\"@type\":\"EntryPoint\",\"urlTemplate\":\"https:\\\/\\\/sbdapparel.lv\\\/?s={search_term_string}\"},\"query-input\":{\"@type\":\"PropertyValueSpecification\",\"valueRequired\":true,\"valueName\":\"search_term_string\"}}],\"inLanguage\":\"en-US\"},{\"@type\":\"Organization\",\"@id\":\"https:\\\/\\\/sbdapparel.lv\\\/#organization\",\"name\":\"SBD Apparel LV\",\"url\":\"https:\\\/\\\/sbdapparel.lv\\\/\",\"logo\":{\"@type\":\"ImageObject\",\"inLanguage\":\"en-US\",\"@id\":\"https:\\\/\\\/sbdapparel.lv\\\/#\\\/schema\\\/logo\\\/image\\\/\",\"url\":\"https:\\\/\\\/sbdapparel.lv\\\/wp-content\\\/uploads\\\/2023\\\/07\\\/cropped-SBD_Identity_OnDark_RGB.png\",\"contentUrl\":\"https:\\\/\\\/sbdapparel.lv\\\/wp-content\\\/uploads\\\/2023\\\/07\\\/cropped-SBD_Identity_OnDark_RGB.png\",\"width\":1182,\"height\":515,\"caption\":\"SBD Apparel LV\"},\"image\":{\"@id\":\"https:\\\/\\\/sbdapparel.lv\\\/#\\\/schema\\\/logo\\\/image\\\/\"}}]}<\/script>\n<!-- \/ Yoast SEO plugin. -->","yoast_head_json":{"title":"WSM T-KREKLS DZELTENS 2021 - SBD Apparel LV","robots":{"index":"index","follow":"follow","max-snippet":"max-snippet:-1","max-image-preview":"max-image-preview:large","max-video-preview":"max-video-preview:-1"},"canonical":"https:\/\/sbdapparel.lv\/en\/product\/wsm-t-krekls-dzeltens-2021\/","og_locale":"en_US","og_type":"article","og_title":"WSM T-KREKLS DZELTENS 2021 - SBD Apparel LV","og_description":"M\u016bsu komandas Lielbrit\u0101nij\u0101 izstr\u0101d\u0101tie krekli\u0146i ir izgatavoti ar t\u0101du pa\u0161u uzman\u012bbu deta\u013c\u0101m un t\u0101diem pa\u0161iem augstiem standartiem k\u0101 apr\u012bkojums, kam pasaules sp\u0113c\u012bg\u0101kie sportisti ir uztic\u0113ju\u0161ies kop\u0161 m\u016bsu dibin\u0101\u0161anas, sacen\u0161oties par Pasaules sp\u0113c\u012bg\u0101ko cilv\u0113ku. .  Ofici\u0101lais 2021.\u00a0gads SBD Pasaules sp\u0113c\u012bg\u0101k\u0101 v\u012brie\u0161a T-krekls. \u0112rts un iztur\u012bgs, veidots t\u0101, lai iztur\u0113tu gadiem ilgu treni\u0146u izmanto\u0161anu. Izgatavots no 100% augst\u0101k\u0101s kvalit\u0101tes Supima kokvilnas. Ra\u017eots Lielbrit\u0101nij\u0101.","og_url":"https:\/\/sbdapparel.lv\/en\/product\/wsm-t-krekls-dzeltens-2021\/","og_site_name":"SBD Apparel LV","article_modified_time":"2025-02-27T22:13:53+00:00","og_image":[{"width":600,"height":600,"url":"https:\/\/sbdapparel.lv\/wp-content\/uploads\/2024\/11\/WSM-T-SHIRT-2021-01-1.jpg","type":"image\/jpeg"}],"twitter_card":"summary_large_image","schema":{"@context":"https:\/\/schema.org","@graph":[{"@type":"WebPage","@id":"https:\/\/sbdapparel.lv\/product\/wsm-t-krekls-dzeltens-2021\/","url":"https:\/\/sbdapparel.lv\/product\/wsm-t-krekls-dzeltens-2021\/","name":"WSM T-KREKLS DZELTENS 2021 - SBD Apparel LV","isPartOf":{"@id":"https:\/\/sbdapparel.lv\/#website"},"primaryImageOfPage":{"@id":"https:\/\/sbdapparel.lv\/product\/wsm-t-krekls-dzeltens-2021\/#primaryimage"},"image":{"@id":"https:\/\/sbdapparel.lv\/product\/wsm-t-krekls-dzeltens-2021\/#primaryimage"},"thumbnailUrl":"https:\/\/sbdapparel.lv\/wp-content\/uploads\/2024\/11\/WSM-T-SHIRT-2021-01-1.jpg","datePublished":"2024-11-10T21:32:43+00:00","dateModified":"2025-02-27T22:13:53+00:00","breadcrumb":{"@id":"https:\/\/sbdapparel.lv\/product\/wsm-t-krekls-dzeltens-2021\/#breadcrumb"},"inLanguage":"en-US","potentialAction":[{"@type":"ReadAction","target":["https:\/\/sbdapparel.lv\/product\/wsm-t-krekls-dzeltens-2021\/"]}]},{"@type":"ImageObject","inLanguage":"en-US","@id":"https:\/\/sbdapparel.lv\/product\/wsm-t-krekls-dzeltens-2021\/#primaryimage","url":"https:\/\/sbdapparel.lv\/wp-content\/uploads\/2024\/11\/WSM-T-SHIRT-2021-01-1.jpg","contentUrl":"https:\/\/sbdapparel.lv\/wp-content\/uploads\/2024\/11\/WSM-T-SHIRT-2021-01-1.jpg","width":600,"height":600},{"@type":"BreadcrumbList","@id":"https:\/\/sbdapparel.lv\/product\/wsm-t-krekls-dzeltens-2021\/#breadcrumb","itemListElement":[{"@type":"ListItem","position":1,"name":"Home","item":"https:\/\/sbdapparel.lv\/"},{"@type":"ListItem","position":2,"name":"Produktai","item":"https:\/\/sbdapparel.lv\/shop\/"},{"@type":"ListItem","position":3,"name":"WSM T-KREKLS DZELTENS 2021"}]},{"@type":"WebSite","@id":"https:\/\/sbdapparel.lv\/#website","url":"https:\/\/sbdapparel.lv\/","name":"sbdapparel.lv","description":"Latvija","publisher":{"@id":"https:\/\/sbdapparel.lv\/#organization"},"potentialAction":[{"@type":"SearchAction","target":{"@type":"EntryPoint","urlTemplate":"https:\/\/sbdapparel.lv\/?s={search_term_string}"},"query-input":{"@type":"PropertyValueSpecification","valueRequired":true,"valueName":"search_term_string"}}],"inLanguage":"en-US"},{"@type":"Organization","@id":"https:\/\/sbdapparel.lv\/#organization","name":"SBD Apparel LV","url":"https:\/\/sbdapparel.lv\/","logo":{"@type":"ImageObject","inLanguage":"en-US","@id":"https:\/\/sbdapparel.lv\/#\/schema\/logo\/image\/","url":"https:\/\/sbdapparel.lv\/wp-content\/uploads\/2023\/07\/cropped-SBD_Identity_OnDark_RGB.png","contentUrl":"https:\/\/sbdapparel.lv\/wp-content\/uploads\/2023\/07\/cropped-SBD_Identity_OnDark_RGB.png","width":1182,"height":515,"caption":"SBD Apparel LV"},"image":{"@id":"https:\/\/sbdapparel.lv\/#\/schema\/logo\/image\/"}}]}},"_links":{"self":[{"href":"https:\/\/sbdapparel.lv\/en\/wp-json\/wp\/v2\/product\/3154","targetHints":{"allow":["GET"]}}],"collection":[{"href":"https:\/\/sbdapparel.lv\/en\/wp-json\/wp\/v2\/product"}],"about":[{"href":"https:\/\/sbdapparel.lv\/en\/wp-json\/wp\/v2\/types\/product"}],"version-history":[{"count":5,"href":"https:\/\/sbdapparel.lv\/en\/wp-json\/wp\/v2\/product\/3154\/revisions"}],"predecessor-version":[{"id":5398,"href":"https:\/\/sbdapparel.lv\/en\/wp-json\/wp\/v2\/product\/3154\/revisions\/5398"}],"wp:featuredmedia":[{"embeddable":true,"href":"https:\/\/sbdapparel.lv\/en\/wp-json\/wp\/v2\/media\/3166"}],"wp:attachment":[{"href":"https:\/\/sbdapparel.lv\/en\/wp-json\/wp\/v2\/media?parent=3154"}],"wp:term":[{"taxonomy":"product_brand","embeddable":true,"href":"https:\/\/sbdapparel.lv\/en\/wp-json\/wp\/v2\/product_brand?post=3154"},{"taxonomy":"product_cat","embeddable":true,"href":"https:\/\/sbdapparel.lv\/en\/wp-json\/wp\/v2\/product_cat?post=3154"},{"taxonomy":"product_tag","embeddable":true,"href":"https:\/\/sbdapparel.lv\/en\/wp-json\/wp\/v2\/product_tag?post=3154"},{"taxonomy":"giftcard-category","embeddable":true,"href":"https:\/\/sbdapparel.lv\/en\/wp-json\/wp\/v2\/giftcard-category?post=3154"}],"curies":[{"name":"wp","href":"https:\/\/api.w.org\/{rel}","templated":true}]}}