{"id":2731,"date":"2024-11-10T20:40:07","date_gmt":"2024-11-10T20:40:07","guid":{"rendered":"https:\/\/sbdapparel.lv\/?post_type=product&#038;p=2731"},"modified":"2025-03-10T21:42:14","modified_gmt":"2025-03-10T19:42:14","slug":"2023-worlds-strongest-man-t-krekls","status":"publish","type":"product","link":"https:\/\/sbdapparel.lv\/en\/product\/2023-worlds-strongest-man-t-krekls\/","title":{"rendered":"2023 WORLD&#8217;S STRONGEST MAN T-KREKLS"},"content":{"rendered":"","protected":false},"excerpt":{"rendered":"<p>Crafted by our team in Great Britain, our t-shirts are proudly made with the same attention to detail and to the same high standards as the equipment relied upon by the world\u2019s strongest athletes since our founding, as they compete to become the World\u2019s Strongest Man.<\/p>\n<p>The official 2023 SBD World\u2019s Strongest Man t-shirt.<br \/>\nComfortable and durable, designed to endure years of use in training.<br \/>\nIzgatavots no 100% augst\u0101k\u0101s kvalit\u0101tes Supima kokvilnas.<br \/>\nMade in Sheffield, Great Britain.<\/p>","protected":false},"featured_media":2755,"template":"","meta":[],"product_brand":[],"product_cat":[49],"product_tag":[],"giftcard-category":[],"class_list":{"0":"post-2731","1":"product","2":"type-product","3":"status-publish","4":"has-post-thumbnail","6":"product_cat-marskineliai","9":"instock","10":"shipping-taxable","11":"purchasable","12":"product-type-variable","13":"product-grid-view"},"yoast_head":"<!-- This site is optimized with the Yoast SEO plugin v27.4 - https:\/\/yoast.com\/product\/yoast-seo-wordpress\/ -->\n<title>2023 WORLD&#039;S STRONGEST MAN T-KREKLS - SBD Apparel LV<\/title>\n<meta name=\"robots\" content=\"index, follow, max-snippet:-1, max-image-preview:large, max-video-preview:-1\" \/>\n<link rel=\"canonical\" href=\"https:\/\/sbdapparel.lv\/en\/product\/2023-worlds-strongest-man-t-krekls\/\" \/>\n<meta property=\"og:locale\" content=\"en_US\" \/>\n<meta property=\"og:type\" content=\"article\" \/>\n<meta property=\"og:title\" content=\"2023 WORLD&#039;S STRONGEST MAN T-KREKLS - SBD Apparel LV\" \/>\n<meta property=\"og:description\" content=\"M\u016bsu komandas Lielbrit\u0101nij\u0101 izstr\u0101d\u0101tie krekli ir izgatavoti ar t\u0101du pa\u0161u uzman\u012bbu deta\u013c\u0101m un augstiem standartiem k\u0101 apr\u012bkojums, kam kop\u0161 m\u016bsu pirms\u0101kumiem uztic\u0113ju\u0161ies pasaules sp\u0113c\u012bg\u0101kie v\u012brie\u0161i, sacen\u0161oties par Pasaules sp\u0113c\u012bg\u0101k\u0101 cilv\u0113ka titulu.  Ofici\u0101lie 2023.\u00a0gada datumi SBD World&#039;s Strongest Man Tournament T-krekls. \u0112rts un iztur\u012bgs, izstr\u0101d\u0101ts t\u0101, lai iztur\u0113tu gadiem ilgu treni\u0146u izmanto\u0161anu. Izgatavots no 100% augst\u0101k\u0101s kvalit\u0101tes Supima kokvilnas. Ra\u017eots Lielbrit\u0101nij\u0101.\" \/>\n<meta property=\"og:url\" content=\"https:\/\/sbdapparel.lv\/en\/product\/2023-worlds-strongest-man-t-krekls\/\" \/>\n<meta property=\"og:site_name\" content=\"SBD Apparel LV\" \/>\n<meta property=\"article:modified_time\" content=\"2025-03-10T19:42:14+00:00\" \/>\n<meta property=\"og:image\" content=\"https:\/\/sbdapparel.lv\/wp-content\/uploads\/2024\/11\/wsmblack.jpg\" \/>\n\t<meta property=\"og:image:width\" content=\"905\" \/>\n\t<meta property=\"og:image:height\" content=\"859\" \/>\n\t<meta property=\"og:image:type\" content=\"image\/jpeg\" \/>\n<meta name=\"twitter:card\" content=\"summary_large_image\" \/>\n<script type=\"application\/ld+json\" class=\"yoast-schema-graph\">{\"@context\":\"https:\\\/\\\/schema.org\",\"@graph\":[{\"@type\":\"WebPage\",\"@id\":\"https:\\\/\\\/sbdapparel.lv\\\/product\\\/2023-worlds-strongest-man-t-krekls\\\/\",\"url\":\"https:\\\/\\\/sbdapparel.lv\\\/product\\\/2023-worlds-strongest-man-t-krekls\\\/\",\"name\":\"2023 WORLD'S STRONGEST MAN T-KREKLS - SBD Apparel LV\",\"isPartOf\":{\"@id\":\"https:\\\/\\\/sbdapparel.lv\\\/#website\"},\"primaryImageOfPage\":{\"@id\":\"https:\\\/\\\/sbdapparel.lv\\\/product\\\/2023-worlds-strongest-man-t-krekls\\\/#primaryimage\"},\"image\":{\"@id\":\"https:\\\/\\\/sbdapparel.lv\\\/product\\\/2023-worlds-strongest-man-t-krekls\\\/#primaryimage\"},\"thumbnailUrl\":\"https:\\\/\\\/sbdapparel.lv\\\/wp-content\\\/uploads\\\/2024\\\/11\\\/wsmblack.jpg\",\"datePublished\":\"2024-11-10T20:40:07+00:00\",\"dateModified\":\"2025-03-10T19:42:14+00:00\",\"breadcrumb\":{\"@id\":\"https:\\\/\\\/sbdapparel.lv\\\/product\\\/2023-worlds-strongest-man-t-krekls\\\/#breadcrumb\"},\"inLanguage\":\"en-US\",\"potentialAction\":[{\"@type\":\"ReadAction\",\"target\":[\"https:\\\/\\\/sbdapparel.lv\\\/product\\\/2023-worlds-strongest-man-t-krekls\\\/\"]}]},{\"@type\":\"ImageObject\",\"inLanguage\":\"en-US\",\"@id\":\"https:\\\/\\\/sbdapparel.lv\\\/product\\\/2023-worlds-strongest-man-t-krekls\\\/#primaryimage\",\"url\":\"https:\\\/\\\/sbdapparel.lv\\\/wp-content\\\/uploads\\\/2024\\\/11\\\/wsmblack.jpg\",\"contentUrl\":\"https:\\\/\\\/sbdapparel.lv\\\/wp-content\\\/uploads\\\/2024\\\/11\\\/wsmblack.jpg\",\"width\":905,\"height\":859},{\"@type\":\"BreadcrumbList\",\"@id\":\"https:\\\/\\\/sbdapparel.lv\\\/product\\\/2023-worlds-strongest-man-t-krekls\\\/#breadcrumb\",\"itemListElement\":[{\"@type\":\"ListItem\",\"position\":1,\"name\":\"Home\",\"item\":\"https:\\\/\\\/sbdapparel.lv\\\/\"},{\"@type\":\"ListItem\",\"position\":2,\"name\":\"Produktai\",\"item\":\"https:\\\/\\\/sbdapparel.lv\\\/shop\\\/\"},{\"@type\":\"ListItem\",\"position\":3,\"name\":\"2023 WORLD&#8217;S STRONGEST MAN T-KREKLS\"}]},{\"@type\":\"WebSite\",\"@id\":\"https:\\\/\\\/sbdapparel.lv\\\/#website\",\"url\":\"https:\\\/\\\/sbdapparel.lv\\\/\",\"name\":\"sbdapparel.lv\",\"description\":\"Latvija\",\"publisher\":{\"@id\":\"https:\\\/\\\/sbdapparel.lv\\\/#organization\"},\"potentialAction\":[{\"@type\":\"SearchAction\",\"target\":{\"@type\":\"EntryPoint\",\"urlTemplate\":\"https:\\\/\\\/sbdapparel.lv\\\/?s={search_term_string}\"},\"query-input\":{\"@type\":\"PropertyValueSpecification\",\"valueRequired\":true,\"valueName\":\"search_term_string\"}}],\"inLanguage\":\"en-US\"},{\"@type\":\"Organization\",\"@id\":\"https:\\\/\\\/sbdapparel.lv\\\/#organization\",\"name\":\"SBD Apparel LV\",\"url\":\"https:\\\/\\\/sbdapparel.lv\\\/\",\"logo\":{\"@type\":\"ImageObject\",\"inLanguage\":\"en-US\",\"@id\":\"https:\\\/\\\/sbdapparel.lv\\\/#\\\/schema\\\/logo\\\/image\\\/\",\"url\":\"https:\\\/\\\/sbdapparel.lv\\\/wp-content\\\/uploads\\\/2023\\\/07\\\/cropped-SBD_Identity_OnDark_RGB.png\",\"contentUrl\":\"https:\\\/\\\/sbdapparel.lv\\\/wp-content\\\/uploads\\\/2023\\\/07\\\/cropped-SBD_Identity_OnDark_RGB.png\",\"width\":1182,\"height\":515,\"caption\":\"SBD Apparel LV\"},\"image\":{\"@id\":\"https:\\\/\\\/sbdapparel.lv\\\/#\\\/schema\\\/logo\\\/image\\\/\"}}]}<\/script>\n<!-- \/ Yoast SEO plugin. -->","yoast_head_json":{"title":"2023 WORLD'S STRONGEST MAN T-KREKLS - SBD Apparel LV","robots":{"index":"index","follow":"follow","max-snippet":"max-snippet:-1","max-image-preview":"max-image-preview:large","max-video-preview":"max-video-preview:-1"},"canonical":"https:\/\/sbdapparel.lv\/en\/product\/2023-worlds-strongest-man-t-krekls\/","og_locale":"en_US","og_type":"article","og_title":"2023 WORLD'S STRONGEST MAN T-KREKLS - SBD Apparel LV","og_description":"M\u016bsu komandas Lielbrit\u0101nij\u0101 izstr\u0101d\u0101tie krekli ir izgatavoti ar t\u0101du pa\u0161u uzman\u012bbu deta\u013c\u0101m un augstiem standartiem k\u0101 apr\u012bkojums, kam kop\u0161 m\u016bsu pirms\u0101kumiem uztic\u0113ju\u0161ies pasaules sp\u0113c\u012bg\u0101kie v\u012brie\u0161i, sacen\u0161oties par Pasaules sp\u0113c\u012bg\u0101k\u0101 cilv\u0113ka titulu.  Ofici\u0101lie 2023.\u00a0gada datumi SBD World's Strongest Man Tournament T-krekls. \u0112rts un iztur\u012bgs, izstr\u0101d\u0101ts t\u0101, lai iztur\u0113tu gadiem ilgu treni\u0146u izmanto\u0161anu. Izgatavots no 100% augst\u0101k\u0101s kvalit\u0101tes Supima kokvilnas. Ra\u017eots Lielbrit\u0101nij\u0101.","og_url":"https:\/\/sbdapparel.lv\/en\/product\/2023-worlds-strongest-man-t-krekls\/","og_site_name":"SBD Apparel LV","article_modified_time":"2025-03-10T19:42:14+00:00","og_image":[{"width":905,"height":859,"url":"https:\/\/sbdapparel.lv\/wp-content\/uploads\/2024\/11\/wsmblack.jpg","type":"image\/jpeg"}],"twitter_card":"summary_large_image","schema":{"@context":"https:\/\/schema.org","@graph":[{"@type":"WebPage","@id":"https:\/\/sbdapparel.lv\/product\/2023-worlds-strongest-man-t-krekls\/","url":"https:\/\/sbdapparel.lv\/product\/2023-worlds-strongest-man-t-krekls\/","name":"2023 WORLD'S STRONGEST MAN T-KREKLS - SBD Apparel LV","isPartOf":{"@id":"https:\/\/sbdapparel.lv\/#website"},"primaryImageOfPage":{"@id":"https:\/\/sbdapparel.lv\/product\/2023-worlds-strongest-man-t-krekls\/#primaryimage"},"image":{"@id":"https:\/\/sbdapparel.lv\/product\/2023-worlds-strongest-man-t-krekls\/#primaryimage"},"thumbnailUrl":"https:\/\/sbdapparel.lv\/wp-content\/uploads\/2024\/11\/wsmblack.jpg","datePublished":"2024-11-10T20:40:07+00:00","dateModified":"2025-03-10T19:42:14+00:00","breadcrumb":{"@id":"https:\/\/sbdapparel.lv\/product\/2023-worlds-strongest-man-t-krekls\/#breadcrumb"},"inLanguage":"en-US","potentialAction":[{"@type":"ReadAction","target":["https:\/\/sbdapparel.lv\/product\/2023-worlds-strongest-man-t-krekls\/"]}]},{"@type":"ImageObject","inLanguage":"en-US","@id":"https:\/\/sbdapparel.lv\/product\/2023-worlds-strongest-man-t-krekls\/#primaryimage","url":"https:\/\/sbdapparel.lv\/wp-content\/uploads\/2024\/11\/wsmblack.jpg","contentUrl":"https:\/\/sbdapparel.lv\/wp-content\/uploads\/2024\/11\/wsmblack.jpg","width":905,"height":859},{"@type":"BreadcrumbList","@id":"https:\/\/sbdapparel.lv\/product\/2023-worlds-strongest-man-t-krekls\/#breadcrumb","itemListElement":[{"@type":"ListItem","position":1,"name":"Home","item":"https:\/\/sbdapparel.lv\/"},{"@type":"ListItem","position":2,"name":"Produktai","item":"https:\/\/sbdapparel.lv\/shop\/"},{"@type":"ListItem","position":3,"name":"2023 WORLD&#8217;S STRONGEST MAN T-KREKLS"}]},{"@type":"WebSite","@id":"https:\/\/sbdapparel.lv\/#website","url":"https:\/\/sbdapparel.lv\/","name":"sbdapparel.lv","description":"Latvija","publisher":{"@id":"https:\/\/sbdapparel.lv\/#organization"},"potentialAction":[{"@type":"SearchAction","target":{"@type":"EntryPoint","urlTemplate":"https:\/\/sbdapparel.lv\/?s={search_term_string}"},"query-input":{"@type":"PropertyValueSpecification","valueRequired":true,"valueName":"search_term_string"}}],"inLanguage":"en-US"},{"@type":"Organization","@id":"https:\/\/sbdapparel.lv\/#organization","name":"SBD Apparel LV","url":"https:\/\/sbdapparel.lv\/","logo":{"@type":"ImageObject","inLanguage":"en-US","@id":"https:\/\/sbdapparel.lv\/#\/schema\/logo\/image\/","url":"https:\/\/sbdapparel.lv\/wp-content\/uploads\/2023\/07\/cropped-SBD_Identity_OnDark_RGB.png","contentUrl":"https:\/\/sbdapparel.lv\/wp-content\/uploads\/2023\/07\/cropped-SBD_Identity_OnDark_RGB.png","width":1182,"height":515,"caption":"SBD Apparel LV"},"image":{"@id":"https:\/\/sbdapparel.lv\/#\/schema\/logo\/image\/"}}]}},"_links":{"self":[{"href":"https:\/\/sbdapparel.lv\/en\/wp-json\/wp\/v2\/product\/2731","targetHints":{"allow":["GET"]}}],"collection":[{"href":"https:\/\/sbdapparel.lv\/en\/wp-json\/wp\/v2\/product"}],"about":[{"href":"https:\/\/sbdapparel.lv\/en\/wp-json\/wp\/v2\/types\/product"}],"version-history":[{"count":7,"href":"https:\/\/sbdapparel.lv\/en\/wp-json\/wp\/v2\/product\/2731\/revisions"}],"predecessor-version":[{"id":5417,"href":"https:\/\/sbdapparel.lv\/en\/wp-json\/wp\/v2\/product\/2731\/revisions\/5417"}],"wp:featuredmedia":[{"embeddable":true,"href":"https:\/\/sbdapparel.lv\/en\/wp-json\/wp\/v2\/media\/2755"}],"wp:attachment":[{"href":"https:\/\/sbdapparel.lv\/en\/wp-json\/wp\/v2\/media?parent=2731"}],"wp:term":[{"taxonomy":"product_brand","embeddable":true,"href":"https:\/\/sbdapparel.lv\/en\/wp-json\/wp\/v2\/product_brand?post=2731"},{"taxonomy":"product_cat","embeddable":true,"href":"https:\/\/sbdapparel.lv\/en\/wp-json\/wp\/v2\/product_cat?post=2731"},{"taxonomy":"product_tag","embeddable":true,"href":"https:\/\/sbdapparel.lv\/en\/wp-json\/wp\/v2\/product_tag?post=2731"},{"taxonomy":"giftcard-category","embeddable":true,"href":"https:\/\/sbdapparel.lv\/en\/wp-json\/wp\/v2\/giftcard-category?post=2731"}],"curies":[{"name":"wp","href":"https:\/\/api.w.org\/{rel}","templated":true}]}}