{"id":2498,"date":"2024-11-10T19:51:25","date_gmt":"2024-11-10T19:51:25","guid":{"rendered":"https:\/\/sbdapparel.lv\/?post_type=product&#038;p=2498"},"modified":"2026-04-28T22:54:34","modified_gmt":"2026-04-28T20:54:34","slug":"sbd-dzemperis","status":"publish","type":"product","link":"https:\/\/sbdapparel.lv\/en\/product\/sbd-dzemperis\/","title":{"rendered":"SBD Hoodie"},"content":{"rendered":"","protected":false},"excerpt":{"rendered":"<p>The SBD Hoodie has been designed in collaboration with strength athletes to offer a comfortable fit and endure the toughest training. Manufactured fully at our headquarters in Sheffield, trace each step of your garment\u2019s journey through our manufacturing facility.<\/p>\n<p>Heavyweight loop-backed cotton, knitted in Great Britain.<br \/>\nEmbroidered logo and branded draw cord cap-ends.<br \/>\nRelaxed unisex fit, with a kangaroo pocket.<br \/>\nSBD Traceability.<br \/>\nMade in Sheffield.<\/p>","protected":false},"featured_media":2510,"template":"","meta":[],"product_brand":[],"product_cat":[69,56],"product_tag":[],"giftcard-category":[],"class_list":{"0":"post-2498","1":"product","2":"type-product","3":"status-publish","4":"has-post-thumbnail","6":"product_cat-dzemperi","7":"product_cat-klasikine","10":"instock","11":"shipping-taxable","12":"purchasable","13":"product-type-variable","14":"product-grid-view"},"yoast_head":"<!-- This site is optimized with the Yoast SEO plugin v27.4 - https:\/\/yoast.com\/product\/yoast-seo-wordpress\/ -->\n<title>SBD D\u017dEMPERIS - SBD Apparel LV<\/title>\n<meta name=\"robots\" content=\"index, follow, max-snippet:-1, max-image-preview:large, max-video-preview:-1\" \/>\n<link rel=\"canonical\" href=\"https:\/\/sbdapparel.lv\/en\/product\/sbd-dzemperis\/\" \/>\n<meta property=\"og:locale\" content=\"en_US\" \/>\n<meta property=\"og:type\" content=\"article\" \/>\n<meta property=\"og:title\" content=\"SBD D\u017dEMPERIS - SBD Apparel LV\" \/>\n<meta property=\"og:description\" content=\"SBD Hoodie tika izstr\u0101d\u0101ta sadarb\u012bb\u0101 ar sp\u0113ka sportistiem, lai b\u016btu \u0113rti un iztur\u0113tu vissmag\u0101kos treni\u0146us. Piln\u012bb\u0101 izgatavots m\u016bsu galvenaj\u0101 m\u012btn\u0113 \u0160ef\u012bld\u0101, izsekojiet katram sava ap\u0123\u0113rba ce\u013ca solim cauri m\u016bsu ra\u017eotnei.  Smaga kokvilna ar cilpu, ad\u012bta Lielbrit\u0101nij\u0101 Iz\u0161\u016bts logotips un firmas savilk\u0161anas auklu gali Relaks\u0113ts unisex modelis, ar \u0137engurkabatu SBD izsekojam\u012bba Ra\u017eots \u0160ef\u012bld\u0101\" \/>\n<meta property=\"og:url\" content=\"https:\/\/sbdapparel.lv\/en\/product\/sbd-dzemperis\/\" \/>\n<meta property=\"og:site_name\" content=\"SBD Apparel LV\" \/>\n<meta property=\"article:modified_time\" content=\"2026-04-28T20:54:34+00:00\" \/>\n<meta property=\"og:image\" content=\"https:\/\/sbdapparel.lv\/wp-content\/uploads\/2024\/11\/Sportswear-Hoody-Lifestyle-03-1024x1024.jpg\" \/>\n\t<meta property=\"og:image:width\" content=\"1024\" \/>\n\t<meta property=\"og:image:height\" content=\"1024\" \/>\n\t<meta property=\"og:image:type\" content=\"image\/jpeg\" \/>\n<meta name=\"twitter:card\" content=\"summary_large_image\" \/>\n<script type=\"application\/ld+json\" class=\"yoast-schema-graph\">{\"@context\":\"https:\\\/\\\/schema.org\",\"@graph\":[{\"@type\":\"WebPage\",\"@id\":\"https:\\\/\\\/sbdapparel.lv\\\/product\\\/sbd-dzemperis\\\/\",\"url\":\"https:\\\/\\\/sbdapparel.lv\\\/product\\\/sbd-dzemperis\\\/\",\"name\":\"SBD D\u017dEMPERIS - SBD Apparel LV\",\"isPartOf\":{\"@id\":\"https:\\\/\\\/sbdapparel.lv\\\/#website\"},\"primaryImageOfPage\":{\"@id\":\"https:\\\/\\\/sbdapparel.lv\\\/product\\\/sbd-dzemperis\\\/#primaryimage\"},\"image\":{\"@id\":\"https:\\\/\\\/sbdapparel.lv\\\/product\\\/sbd-dzemperis\\\/#primaryimage\"},\"thumbnailUrl\":\"https:\\\/\\\/sbdapparel.lv\\\/wp-content\\\/uploads\\\/2024\\\/11\\\/Sportswear-Hoody-Lifestyle-03.jpg\",\"datePublished\":\"2024-11-10T19:51:25+00:00\",\"dateModified\":\"2026-04-28T20:54:34+00:00\",\"breadcrumb\":{\"@id\":\"https:\\\/\\\/sbdapparel.lv\\\/product\\\/sbd-dzemperis\\\/#breadcrumb\"},\"inLanguage\":\"en-US\",\"potentialAction\":[{\"@type\":\"ReadAction\",\"target\":[\"https:\\\/\\\/sbdapparel.lv\\\/product\\\/sbd-dzemperis\\\/\"]}]},{\"@type\":\"ImageObject\",\"inLanguage\":\"en-US\",\"@id\":\"https:\\\/\\\/sbdapparel.lv\\\/product\\\/sbd-dzemperis\\\/#primaryimage\",\"url\":\"https:\\\/\\\/sbdapparel.lv\\\/wp-content\\\/uploads\\\/2024\\\/11\\\/Sportswear-Hoody-Lifestyle-03.jpg\",\"contentUrl\":\"https:\\\/\\\/sbdapparel.lv\\\/wp-content\\\/uploads\\\/2024\\\/11\\\/Sportswear-Hoody-Lifestyle-03.jpg\",\"width\":2048,\"height\":2048},{\"@type\":\"BreadcrumbList\",\"@id\":\"https:\\\/\\\/sbdapparel.lv\\\/product\\\/sbd-dzemperis\\\/#breadcrumb\",\"itemListElement\":[{\"@type\":\"ListItem\",\"position\":1,\"name\":\"Home\",\"item\":\"https:\\\/\\\/sbdapparel.lv\\\/\"},{\"@type\":\"ListItem\",\"position\":2,\"name\":\"Produktai\",\"item\":\"https:\\\/\\\/sbdapparel.lv\\\/shop\\\/\"},{\"@type\":\"ListItem\",\"position\":3,\"name\":\"SBD D\u017dEMPERIS\"}]},{\"@type\":\"WebSite\",\"@id\":\"https:\\\/\\\/sbdapparel.lv\\\/#website\",\"url\":\"https:\\\/\\\/sbdapparel.lv\\\/\",\"name\":\"sbdapparel.lv\",\"description\":\"Latvija\",\"publisher\":{\"@id\":\"https:\\\/\\\/sbdapparel.lv\\\/#organization\"},\"potentialAction\":[{\"@type\":\"SearchAction\",\"target\":{\"@type\":\"EntryPoint\",\"urlTemplate\":\"https:\\\/\\\/sbdapparel.lv\\\/?s={search_term_string}\"},\"query-input\":{\"@type\":\"PropertyValueSpecification\",\"valueRequired\":true,\"valueName\":\"search_term_string\"}}],\"inLanguage\":\"en-US\"},{\"@type\":\"Organization\",\"@id\":\"https:\\\/\\\/sbdapparel.lv\\\/#organization\",\"name\":\"SBD Apparel LV\",\"url\":\"https:\\\/\\\/sbdapparel.lv\\\/\",\"logo\":{\"@type\":\"ImageObject\",\"inLanguage\":\"en-US\",\"@id\":\"https:\\\/\\\/sbdapparel.lv\\\/#\\\/schema\\\/logo\\\/image\\\/\",\"url\":\"https:\\\/\\\/sbdapparel.lv\\\/wp-content\\\/uploads\\\/2023\\\/07\\\/cropped-SBD_Identity_OnDark_RGB.png\",\"contentUrl\":\"https:\\\/\\\/sbdapparel.lv\\\/wp-content\\\/uploads\\\/2023\\\/07\\\/cropped-SBD_Identity_OnDark_RGB.png\",\"width\":1182,\"height\":515,\"caption\":\"SBD Apparel LV\"},\"image\":{\"@id\":\"https:\\\/\\\/sbdapparel.lv\\\/#\\\/schema\\\/logo\\\/image\\\/\"}}]}<\/script>\n<!-- \/ Yoast SEO plugin. -->","yoast_head_json":{"title":"SBD D\u017dEMPERIS - SBD Apparel LV","robots":{"index":"index","follow":"follow","max-snippet":"max-snippet:-1","max-image-preview":"max-image-preview:large","max-video-preview":"max-video-preview:-1"},"canonical":"https:\/\/sbdapparel.lv\/en\/product\/sbd-dzemperis\/","og_locale":"en_US","og_type":"article","og_title":"SBD D\u017dEMPERIS - SBD Apparel LV","og_description":"SBD Hoodie tika izstr\u0101d\u0101ta sadarb\u012bb\u0101 ar sp\u0113ka sportistiem, lai b\u016btu \u0113rti un iztur\u0113tu vissmag\u0101kos treni\u0146us. Piln\u012bb\u0101 izgatavots m\u016bsu galvenaj\u0101 m\u012btn\u0113 \u0160ef\u012bld\u0101, izsekojiet katram sava ap\u0123\u0113rba ce\u013ca solim cauri m\u016bsu ra\u017eotnei.  Smaga kokvilna ar cilpu, ad\u012bta Lielbrit\u0101nij\u0101 Iz\u0161\u016bts logotips un firmas savilk\u0161anas auklu gali Relaks\u0113ts unisex modelis, ar \u0137engurkabatu SBD izsekojam\u012bba Ra\u017eots \u0160ef\u012bld\u0101","og_url":"https:\/\/sbdapparel.lv\/en\/product\/sbd-dzemperis\/","og_site_name":"SBD Apparel LV","article_modified_time":"2026-04-28T20:54:34+00:00","og_image":[{"width":1024,"height":1024,"url":"https:\/\/sbdapparel.lv\/wp-content\/uploads\/2024\/11\/Sportswear-Hoody-Lifestyle-03-1024x1024.jpg","type":"image\/jpeg"}],"twitter_card":"summary_large_image","schema":{"@context":"https:\/\/schema.org","@graph":[{"@type":"WebPage","@id":"https:\/\/sbdapparel.lv\/product\/sbd-dzemperis\/","url":"https:\/\/sbdapparel.lv\/product\/sbd-dzemperis\/","name":"SBD D\u017dEMPERIS - SBD Apparel LV","isPartOf":{"@id":"https:\/\/sbdapparel.lv\/#website"},"primaryImageOfPage":{"@id":"https:\/\/sbdapparel.lv\/product\/sbd-dzemperis\/#primaryimage"},"image":{"@id":"https:\/\/sbdapparel.lv\/product\/sbd-dzemperis\/#primaryimage"},"thumbnailUrl":"https:\/\/sbdapparel.lv\/wp-content\/uploads\/2024\/11\/Sportswear-Hoody-Lifestyle-03.jpg","datePublished":"2024-11-10T19:51:25+00:00","dateModified":"2026-04-28T20:54:34+00:00","breadcrumb":{"@id":"https:\/\/sbdapparel.lv\/product\/sbd-dzemperis\/#breadcrumb"},"inLanguage":"en-US","potentialAction":[{"@type":"ReadAction","target":["https:\/\/sbdapparel.lv\/product\/sbd-dzemperis\/"]}]},{"@type":"ImageObject","inLanguage":"en-US","@id":"https:\/\/sbdapparel.lv\/product\/sbd-dzemperis\/#primaryimage","url":"https:\/\/sbdapparel.lv\/wp-content\/uploads\/2024\/11\/Sportswear-Hoody-Lifestyle-03.jpg","contentUrl":"https:\/\/sbdapparel.lv\/wp-content\/uploads\/2024\/11\/Sportswear-Hoody-Lifestyle-03.jpg","width":2048,"height":2048},{"@type":"BreadcrumbList","@id":"https:\/\/sbdapparel.lv\/product\/sbd-dzemperis\/#breadcrumb","itemListElement":[{"@type":"ListItem","position":1,"name":"Home","item":"https:\/\/sbdapparel.lv\/"},{"@type":"ListItem","position":2,"name":"Produktai","item":"https:\/\/sbdapparel.lv\/shop\/"},{"@type":"ListItem","position":3,"name":"SBD D\u017dEMPERIS"}]},{"@type":"WebSite","@id":"https:\/\/sbdapparel.lv\/#website","url":"https:\/\/sbdapparel.lv\/","name":"sbdapparel.lv","description":"Latvija","publisher":{"@id":"https:\/\/sbdapparel.lv\/#organization"},"potentialAction":[{"@type":"SearchAction","target":{"@type":"EntryPoint","urlTemplate":"https:\/\/sbdapparel.lv\/?s={search_term_string}"},"query-input":{"@type":"PropertyValueSpecification","valueRequired":true,"valueName":"search_term_string"}}],"inLanguage":"en-US"},{"@type":"Organization","@id":"https:\/\/sbdapparel.lv\/#organization","name":"SBD Apparel LV","url":"https:\/\/sbdapparel.lv\/","logo":{"@type":"ImageObject","inLanguage":"en-US","@id":"https:\/\/sbdapparel.lv\/#\/schema\/logo\/image\/","url":"https:\/\/sbdapparel.lv\/wp-content\/uploads\/2023\/07\/cropped-SBD_Identity_OnDark_RGB.png","contentUrl":"https:\/\/sbdapparel.lv\/wp-content\/uploads\/2023\/07\/cropped-SBD_Identity_OnDark_RGB.png","width":1182,"height":515,"caption":"SBD Apparel LV"},"image":{"@id":"https:\/\/sbdapparel.lv\/#\/schema\/logo\/image\/"}}]}},"_links":{"self":[{"href":"https:\/\/sbdapparel.lv\/en\/wp-json\/wp\/v2\/product\/2498","targetHints":{"allow":["GET"]}}],"collection":[{"href":"https:\/\/sbdapparel.lv\/en\/wp-json\/wp\/v2\/product"}],"about":[{"href":"https:\/\/sbdapparel.lv\/en\/wp-json\/wp\/v2\/types\/product"}],"version-history":[{"count":4,"href":"https:\/\/sbdapparel.lv\/en\/wp-json\/wp\/v2\/product\/2498\/revisions"}],"predecessor-version":[{"id":5212,"href":"https:\/\/sbdapparel.lv\/en\/wp-json\/wp\/v2\/product\/2498\/revisions\/5212"}],"wp:featuredmedia":[{"embeddable":true,"href":"https:\/\/sbdapparel.lv\/en\/wp-json\/wp\/v2\/media\/2510"}],"wp:attachment":[{"href":"https:\/\/sbdapparel.lv\/en\/wp-json\/wp\/v2\/media?parent=2498"}],"wp:term":[{"taxonomy":"product_brand","embeddable":true,"href":"https:\/\/sbdapparel.lv\/en\/wp-json\/wp\/v2\/product_brand?post=2498"},{"taxonomy":"product_cat","embeddable":true,"href":"https:\/\/sbdapparel.lv\/en\/wp-json\/wp\/v2\/product_cat?post=2498"},{"taxonomy":"product_tag","embeddable":true,"href":"https:\/\/sbdapparel.lv\/en\/wp-json\/wp\/v2\/product_tag?post=2498"},{"taxonomy":"giftcard-category","embeddable":true,"href":"https:\/\/sbdapparel.lv\/en\/wp-json\/wp\/v2\/giftcard-category?post=2498"}],"curies":[{"name":"wp","href":"https:\/\/api.w.org\/{rel}","templated":true}]}}