{"id":2383,"date":"2024-11-10T19:26:40","date_gmt":"2024-11-10T19:26:40","guid":{"rendered":"https:\/\/sbdapparel.lv\/?post_type=product&#038;p=2383"},"modified":"2026-03-15T22:05:42","modified_gmt":"2026-03-15T20:05:42","slug":"defy-sporta-zekes","status":"publish","type":"product","link":"https:\/\/sbdapparel.lv\/en\/product\/defy-sporta-zekes\/","title":{"rendered":"SBD DEFY Sport Socks"},"content":{"rendered":"","protected":false},"excerpt":{"rendered":"<p>Premium sports socks for general training.<\/p>\n<p>Knitted in Great Britain, each of our socks is a bespoke product designed with strength training in mind, from form to function.<\/p>\n<p>Defy is a limited edition collection, offering the same performance and manufactured to the same high standards as our classic product line.<\/p>\n<p>Fully elasticated construction and basket-weave fabric for comfort.<br \/>\nRibbed sole for traction within the shoe.<br \/>\nIncreased lateral stretch in the calf.<br \/>\nSold as a pair.<br \/>\nMade in Sheffield, Great Britain.<br \/>\nSocks can not be returned or exchanged.<\/p>\n<p>Knitted in Great Britain, each of our socks is a bespoke product designed with strength training in mind, from form to function.<\/p>\n<p>Defy is a limited edition collection, offering the same performance and manufactured to the same high standards as our classic product line.<\/p>\n<p>Increased lateral stretch in the calf.<br \/>\nTight-knit fabric to minimise catching on the bar.<br \/>\nRibbed sole for traction within the shoe.<br \/>\nSold as a pair.<br \/>\nMade in Sheffield, Great Britain.<\/p>","protected":false},"featured_media":2389,"template":"","meta":[],"product_brand":[],"product_cat":[59,51],"product_tag":[],"giftcard-category":[],"class_list":{"0":"post-2383","1":"product","2":"type-product","3":"status-publish","4":"has-post-thumbnail","6":"product_cat-defy","7":"product_cat-kojines","10":"instock","11":"shipping-taxable","12":"purchasable","13":"product-type-variable","14":"product-grid-view"},"yoast_head":"<!-- This site is optimized with the Yoast SEO plugin v27.4 - https:\/\/yoast.com\/product\/yoast-seo-wordpress\/ -->\n<title>SBD DEFY Sport Socks - SBD Apparel LV<\/title>\n<meta name=\"robots\" content=\"index, follow, max-snippet:-1, max-image-preview:large, max-video-preview:-1\" \/>\n<link rel=\"canonical\" href=\"https:\/\/sbdapparel.lv\/en\/product\/defy-sporta-zekes\/\" \/>\n<meta property=\"og:locale\" content=\"en_US\" \/>\n<meta property=\"og:type\" content=\"article\" \/>\n<meta property=\"og:title\" content=\"SBD DEFY Sport Socks - SBD Apparel LV\" \/>\n<meta property=\"og:description\" content=\"Premium kvalit\u0101tes gar\u0101s ze\u0137es, kas paredz\u0113tas ikru noseg\u0161anai stiep\u0161an\u0101s kust\u012bbu laik\u0101, paredz\u0113tas ikru noseg\u0161anai bez \u0161\u0146or\u0113\u0161anas. Elast\u012bgais audums samazina pretest\u012bbu, un dubult\u0101 ad\u012btais priek\u0161\u0113jais panelis aizsarg\u0101 Premium kvalit\u0101tes sporta ze\u0137es, kas piem\u0113rotas treni\u0146iem, sacens\u012bb\u0101m un ikdienas valk\u0101\u0161anai.  Visas m\u016bsu Lielbrit\u0101nij\u0101 ad\u012bt\u0101s ze\u0137es ir izgatavotas p\u0113c pas\u016bt\u012bjuma, \u0146emot v\u0113r\u0101 sp\u0113ka treni\u0146u no formas l\u012bdz funkcijai.  Defy ir ierobe\u017eota izdevuma kolekcija, kurai ir t\u0101da pati veiktsp\u0113ja un kas ir veidota atbilsto\u0161i t\u0101diem pa\u0161iem augstiem standartiem k\u0101 m\u016bsu klasisk\u0101 produktu l\u012bnija.  Piln\u012bb\u0101 elast\u012bga konstrukcija un grozu pinuma audums komfortam. Rievota zole satver\u0161anai apavu iek\u0161pus\u0113. Palielin\u0101ta s\u0101nu ikru stiep\u0161ana. P\u0101rdots k\u0101 p\u0101ris. Ra\u017eots Lielbrit\u0101nij\u0101. Ze\u0137es nevar atgriezt vai apmain\u012bt.  Visas m\u016bsu Lielbrit\u0101nij\u0101 ad\u012bt\u0101s ze\u0137es ir izgatavotas p\u0113c pas\u016bt\u012bjuma, \u0146emot v\u0113r\u0101 sp\u0113ka treni\u0146u no formas l\u012bdz funkcijai.  Defy ir ierobe\u017eota izdevuma kolekcija, kurai ir t\u0101da pati veiktsp\u0113ja un kas ir veidota atbilsto\u0161i t\u0101diem pa\u0161iem augstiem standartiem k\u0101 m\u016bsu klasisk\u0101 produktu l\u012bnija.  Palielin\u0101ta s\u0101nu ikru stiep\u0161ana. Cie\u0161i ad\u012bts audums, lai samazin\u0101tu stie\u0146a aiz\u0137er\u0161anos. Rievota zole satver\u0161anai apavu iek\u0161pus\u0113. P\u0101rdots k\u0101 p\u0101ris. Ra\u017eots Lielbrit\u0101nij\u0101.\" \/>\n<meta property=\"og:url\" content=\"https:\/\/sbdapparel.lv\/en\/product\/defy-sporta-zekes\/\" \/>\n<meta property=\"og:site_name\" content=\"SBD Apparel LV\" \/>\n<meta property=\"article:modified_time\" content=\"2026-03-15T20:05:42+00:00\" \/>\n<meta property=\"og:image\" content=\"https:\/\/sbdapparel.lv\/wp-content\/uploads\/2024\/11\/Screenshot_20220908-194202_Google-1.jpg\" \/>\n\t<meta property=\"og:image:width\" content=\"1080\" \/>\n\t<meta property=\"og:image:height\" content=\"816\" \/>\n\t<meta property=\"og:image:type\" content=\"image\/jpeg\" \/>\n<meta name=\"twitter:card\" content=\"summary_large_image\" \/>\n<script type=\"application\/ld+json\" class=\"yoast-schema-graph\">{\"@context\":\"https:\\\/\\\/schema.org\",\"@graph\":[{\"@type\":\"WebPage\",\"@id\":\"https:\\\/\\\/sbdapparel.lv\\\/product\\\/defy-sporta-zekes\\\/\",\"url\":\"https:\\\/\\\/sbdapparel.lv\\\/product\\\/defy-sporta-zekes\\\/\",\"name\":\"SBD DEFY Sport Socks - SBD Apparel LV\",\"isPartOf\":{\"@id\":\"https:\\\/\\\/sbdapparel.lv\\\/#website\"},\"primaryImageOfPage\":{\"@id\":\"https:\\\/\\\/sbdapparel.lv\\\/product\\\/defy-sporta-zekes\\\/#primaryimage\"},\"image\":{\"@id\":\"https:\\\/\\\/sbdapparel.lv\\\/product\\\/defy-sporta-zekes\\\/#primaryimage\"},\"thumbnailUrl\":\"https:\\\/\\\/sbdapparel.lv\\\/wp-content\\\/uploads\\\/2024\\\/11\\\/Screenshot_20220908-194202_Google-1.jpg\",\"datePublished\":\"2024-11-10T19:26:40+00:00\",\"dateModified\":\"2026-03-15T20:05:42+00:00\",\"breadcrumb\":{\"@id\":\"https:\\\/\\\/sbdapparel.lv\\\/product\\\/defy-sporta-zekes\\\/#breadcrumb\"},\"inLanguage\":\"en-US\",\"potentialAction\":[{\"@type\":\"ReadAction\",\"target\":[\"https:\\\/\\\/sbdapparel.lv\\\/product\\\/defy-sporta-zekes\\\/\"]}]},{\"@type\":\"ImageObject\",\"inLanguage\":\"en-US\",\"@id\":\"https:\\\/\\\/sbdapparel.lv\\\/product\\\/defy-sporta-zekes\\\/#primaryimage\",\"url\":\"https:\\\/\\\/sbdapparel.lv\\\/wp-content\\\/uploads\\\/2024\\\/11\\\/Screenshot_20220908-194202_Google-1.jpg\",\"contentUrl\":\"https:\\\/\\\/sbdapparel.lv\\\/wp-content\\\/uploads\\\/2024\\\/11\\\/Screenshot_20220908-194202_Google-1.jpg\",\"width\":1080,\"height\":816},{\"@type\":\"BreadcrumbList\",\"@id\":\"https:\\\/\\\/sbdapparel.lv\\\/product\\\/defy-sporta-zekes\\\/#breadcrumb\",\"itemListElement\":[{\"@type\":\"ListItem\",\"position\":1,\"name\":\"Home\",\"item\":\"https:\\\/\\\/sbdapparel.lv\\\/\"},{\"@type\":\"ListItem\",\"position\":2,\"name\":\"Produktai\",\"item\":\"https:\\\/\\\/sbdapparel.lv\\\/shop\\\/\"},{\"@type\":\"ListItem\",\"position\":3,\"name\":\"SBD DEFY Sport Socks\"}]},{\"@type\":\"WebSite\",\"@id\":\"https:\\\/\\\/sbdapparel.lv\\\/#website\",\"url\":\"https:\\\/\\\/sbdapparel.lv\\\/\",\"name\":\"sbdapparel.lv\",\"description\":\"Latvija\",\"publisher\":{\"@id\":\"https:\\\/\\\/sbdapparel.lv\\\/#organization\"},\"potentialAction\":[{\"@type\":\"SearchAction\",\"target\":{\"@type\":\"EntryPoint\",\"urlTemplate\":\"https:\\\/\\\/sbdapparel.lv\\\/?s={search_term_string}\"},\"query-input\":{\"@type\":\"PropertyValueSpecification\",\"valueRequired\":true,\"valueName\":\"search_term_string\"}}],\"inLanguage\":\"en-US\"},{\"@type\":\"Organization\",\"@id\":\"https:\\\/\\\/sbdapparel.lv\\\/#organization\",\"name\":\"SBD Apparel LV\",\"url\":\"https:\\\/\\\/sbdapparel.lv\\\/\",\"logo\":{\"@type\":\"ImageObject\",\"inLanguage\":\"en-US\",\"@id\":\"https:\\\/\\\/sbdapparel.lv\\\/#\\\/schema\\\/logo\\\/image\\\/\",\"url\":\"https:\\\/\\\/sbdapparel.lv\\\/wp-content\\\/uploads\\\/2023\\\/07\\\/cropped-SBD_Identity_OnDark_RGB.png\",\"contentUrl\":\"https:\\\/\\\/sbdapparel.lv\\\/wp-content\\\/uploads\\\/2023\\\/07\\\/cropped-SBD_Identity_OnDark_RGB.png\",\"width\":1182,\"height\":515,\"caption\":\"SBD Apparel LV\"},\"image\":{\"@id\":\"https:\\\/\\\/sbdapparel.lv\\\/#\\\/schema\\\/logo\\\/image\\\/\"}}]}<\/script>\n<!-- \/ Yoast SEO plugin. -->","yoast_head_json":{"title":"SBD DEFY Sport Socks - SBD Apparel LV","robots":{"index":"index","follow":"follow","max-snippet":"max-snippet:-1","max-image-preview":"max-image-preview:large","max-video-preview":"max-video-preview:-1"},"canonical":"https:\/\/sbdapparel.lv\/en\/product\/defy-sporta-zekes\/","og_locale":"en_US","og_type":"article","og_title":"SBD DEFY Sport Socks - SBD Apparel LV","og_description":"Premium kvalit\u0101tes gar\u0101s ze\u0137es, kas paredz\u0113tas ikru noseg\u0161anai stiep\u0161an\u0101s kust\u012bbu laik\u0101, paredz\u0113tas ikru noseg\u0161anai bez \u0161\u0146or\u0113\u0161anas. Elast\u012bgais audums samazina pretest\u012bbu, un dubult\u0101 ad\u012btais priek\u0161\u0113jais panelis aizsarg\u0101 Premium kvalit\u0101tes sporta ze\u0137es, kas piem\u0113rotas treni\u0146iem, sacens\u012bb\u0101m un ikdienas valk\u0101\u0161anai.  Visas m\u016bsu Lielbrit\u0101nij\u0101 ad\u012bt\u0101s ze\u0137es ir izgatavotas p\u0113c pas\u016bt\u012bjuma, \u0146emot v\u0113r\u0101 sp\u0113ka treni\u0146u no formas l\u012bdz funkcijai.  Defy ir ierobe\u017eota izdevuma kolekcija, kurai ir t\u0101da pati veiktsp\u0113ja un kas ir veidota atbilsto\u0161i t\u0101diem pa\u0161iem augstiem standartiem k\u0101 m\u016bsu klasisk\u0101 produktu l\u012bnija.  Piln\u012bb\u0101 elast\u012bga konstrukcija un grozu pinuma audums komfortam. Rievota zole satver\u0161anai apavu iek\u0161pus\u0113. Palielin\u0101ta s\u0101nu ikru stiep\u0161ana. P\u0101rdots k\u0101 p\u0101ris. Ra\u017eots Lielbrit\u0101nij\u0101. Ze\u0137es nevar atgriezt vai apmain\u012bt.  Visas m\u016bsu Lielbrit\u0101nij\u0101 ad\u012bt\u0101s ze\u0137es ir izgatavotas p\u0113c pas\u016bt\u012bjuma, \u0146emot v\u0113r\u0101 sp\u0113ka treni\u0146u no formas l\u012bdz funkcijai.  Defy ir ierobe\u017eota izdevuma kolekcija, kurai ir t\u0101da pati veiktsp\u0113ja un kas ir veidota atbilsto\u0161i t\u0101diem pa\u0161iem augstiem standartiem k\u0101 m\u016bsu klasisk\u0101 produktu l\u012bnija.  Palielin\u0101ta s\u0101nu ikru stiep\u0161ana. Cie\u0161i ad\u012bts audums, lai samazin\u0101tu stie\u0146a aiz\u0137er\u0161anos. Rievota zole satver\u0161anai apavu iek\u0161pus\u0113. P\u0101rdots k\u0101 p\u0101ris. Ra\u017eots Lielbrit\u0101nij\u0101.","og_url":"https:\/\/sbdapparel.lv\/en\/product\/defy-sporta-zekes\/","og_site_name":"SBD Apparel LV","article_modified_time":"2026-03-15T20:05:42+00:00","og_image":[{"width":1080,"height":816,"url":"https:\/\/sbdapparel.lv\/wp-content\/uploads\/2024\/11\/Screenshot_20220908-194202_Google-1.jpg","type":"image\/jpeg"}],"twitter_card":"summary_large_image","schema":{"@context":"https:\/\/schema.org","@graph":[{"@type":"WebPage","@id":"https:\/\/sbdapparel.lv\/product\/defy-sporta-zekes\/","url":"https:\/\/sbdapparel.lv\/product\/defy-sporta-zekes\/","name":"SBD DEFY Sport Socks - SBD Apparel LV","isPartOf":{"@id":"https:\/\/sbdapparel.lv\/#website"},"primaryImageOfPage":{"@id":"https:\/\/sbdapparel.lv\/product\/defy-sporta-zekes\/#primaryimage"},"image":{"@id":"https:\/\/sbdapparel.lv\/product\/defy-sporta-zekes\/#primaryimage"},"thumbnailUrl":"https:\/\/sbdapparel.lv\/wp-content\/uploads\/2024\/11\/Screenshot_20220908-194202_Google-1.jpg","datePublished":"2024-11-10T19:26:40+00:00","dateModified":"2026-03-15T20:05:42+00:00","breadcrumb":{"@id":"https:\/\/sbdapparel.lv\/product\/defy-sporta-zekes\/#breadcrumb"},"inLanguage":"en-US","potentialAction":[{"@type":"ReadAction","target":["https:\/\/sbdapparel.lv\/product\/defy-sporta-zekes\/"]}]},{"@type":"ImageObject","inLanguage":"en-US","@id":"https:\/\/sbdapparel.lv\/product\/defy-sporta-zekes\/#primaryimage","url":"https:\/\/sbdapparel.lv\/wp-content\/uploads\/2024\/11\/Screenshot_20220908-194202_Google-1.jpg","contentUrl":"https:\/\/sbdapparel.lv\/wp-content\/uploads\/2024\/11\/Screenshot_20220908-194202_Google-1.jpg","width":1080,"height":816},{"@type":"BreadcrumbList","@id":"https:\/\/sbdapparel.lv\/product\/defy-sporta-zekes\/#breadcrumb","itemListElement":[{"@type":"ListItem","position":1,"name":"Home","item":"https:\/\/sbdapparel.lv\/"},{"@type":"ListItem","position":2,"name":"Produktai","item":"https:\/\/sbdapparel.lv\/shop\/"},{"@type":"ListItem","position":3,"name":"SBD DEFY Sport Socks"}]},{"@type":"WebSite","@id":"https:\/\/sbdapparel.lv\/#website","url":"https:\/\/sbdapparel.lv\/","name":"sbdapparel.lv","description":"Latvija","publisher":{"@id":"https:\/\/sbdapparel.lv\/#organization"},"potentialAction":[{"@type":"SearchAction","target":{"@type":"EntryPoint","urlTemplate":"https:\/\/sbdapparel.lv\/?s={search_term_string}"},"query-input":{"@type":"PropertyValueSpecification","valueRequired":true,"valueName":"search_term_string"}}],"inLanguage":"en-US"},{"@type":"Organization","@id":"https:\/\/sbdapparel.lv\/#organization","name":"SBD Apparel LV","url":"https:\/\/sbdapparel.lv\/","logo":{"@type":"ImageObject","inLanguage":"en-US","@id":"https:\/\/sbdapparel.lv\/#\/schema\/logo\/image\/","url":"https:\/\/sbdapparel.lv\/wp-content\/uploads\/2023\/07\/cropped-SBD_Identity_OnDark_RGB.png","contentUrl":"https:\/\/sbdapparel.lv\/wp-content\/uploads\/2023\/07\/cropped-SBD_Identity_OnDark_RGB.png","width":1182,"height":515,"caption":"SBD Apparel LV"},"image":{"@id":"https:\/\/sbdapparel.lv\/#\/schema\/logo\/image\/"}}]}},"_links":{"self":[{"href":"https:\/\/sbdapparel.lv\/en\/wp-json\/wp\/v2\/product\/2383","targetHints":{"allow":["GET"]}}],"collection":[{"href":"https:\/\/sbdapparel.lv\/en\/wp-json\/wp\/v2\/product"}],"about":[{"href":"https:\/\/sbdapparel.lv\/en\/wp-json\/wp\/v2\/types\/product"}],"version-history":[{"count":4,"href":"https:\/\/sbdapparel.lv\/en\/wp-json\/wp\/v2\/product\/2383\/revisions"}],"predecessor-version":[{"id":5570,"href":"https:\/\/sbdapparel.lv\/en\/wp-json\/wp\/v2\/product\/2383\/revisions\/5570"}],"wp:featuredmedia":[{"embeddable":true,"href":"https:\/\/sbdapparel.lv\/en\/wp-json\/wp\/v2\/media\/2389"}],"wp:attachment":[{"href":"https:\/\/sbdapparel.lv\/en\/wp-json\/wp\/v2\/media?parent=2383"}],"wp:term":[{"taxonomy":"product_brand","embeddable":true,"href":"https:\/\/sbdapparel.lv\/en\/wp-json\/wp\/v2\/product_brand?post=2383"},{"taxonomy":"product_cat","embeddable":true,"href":"https:\/\/sbdapparel.lv\/en\/wp-json\/wp\/v2\/product_cat?post=2383"},{"taxonomy":"product_tag","embeddable":true,"href":"https:\/\/sbdapparel.lv\/en\/wp-json\/wp\/v2\/product_tag?post=2383"},{"taxonomy":"giftcard-category","embeddable":true,"href":"https:\/\/sbdapparel.lv\/en\/wp-json\/wp\/v2\/giftcard-category?post=2383"}],"curies":[{"name":"wp","href":"https:\/\/api.w.org\/{rel}","templated":true}]}}