{"id":2345,"date":"2024-11-10T18:42:50","date_gmt":"2024-11-10T18:42:50","guid":{"rendered":"https:\/\/sbdapparel.lv\/?post_type=product&#038;p=2345"},"modified":"2026-03-13T21:38:04","modified_gmt":"2026-03-13T19:38:04","slug":"reflect-deadlift-zekes","status":"publish","type":"product","link":"https:\/\/sbdapparel.lv\/en\/product\/reflect-deadlift-zekes\/","title":{"rendered":"REFLECT DEADLIFT SOCKS"},"content":{"rendered":"","protected":false},"excerpt":{"rendered":"<p>Premium trainer socks for training and day-to-day wear. Features the SBD logo on the back of the ankle.<\/p>\n<p>Made in Sheffield, Great Britain.<br \/>\nPremium long socks to cover the shin during pulling movements, designed to cover the shin without a turnover. The tight-knit fabric minimizes drag and the double-knitted front panel protects the shin during pulling movements.<\/p>\n<p>Knitted in Great Britain, each of our socks is a bespoke product designed with strength training in mind, from form to function.<\/p>\n<p>Reflect is a limited edition collection, offering the same performance and manufactured to the same high standards as our classic product line.<\/p>\n<p>Increased lateral stretch in the calf.<\/p>\n<p>Tight-knit fabric to minimise catching on the bar.<\/p>\n<p>Ribbed sole for traction within the shoe.<\/p>\n<p>Sold as a pair.<\/p>\n<p>Made in Sheffield, Great Britain.<\/p>\n<p>Socks can not be returned or exchanged.<\/p>\n<p>Phoenix is a limited edition collection, offering the same performance and manufactured to the same high standards as our classic product line.<\/p>\n<p>Fully-elasticated construction.<br \/>\nRibbed sole for traction within the shoe.<br \/>\nMade in Sheffield, Great Britain.<br \/>\nSocks can not be returned or exchanged.<\/p>","protected":false},"featured_media":2351,"template":"","meta":[],"product_brand":[],"product_cat":[63,51],"product_tag":[],"giftcard-category":[],"class_list":{"0":"post-2345","1":"product","2":"type-product","3":"status-publish","4":"has-post-thumbnail","6":"product_cat-reflect","7":"product_cat-kojines","10":"instock","11":"shipping-taxable","12":"purchasable","13":"product-type-variable","14":"product-grid-view"},"yoast_head":"<!-- This site is optimized with the Yoast SEO plugin v27.4 - https:\/\/yoast.com\/product\/yoast-seo-wordpress\/ -->\n<title>REFLECT DEADLIFT ZE\u0136ES - SBD Apparel LV<\/title>\n<meta name=\"robots\" content=\"index, follow, max-snippet:-1, max-image-preview:large, max-video-preview:-1\" \/>\n<link rel=\"canonical\" href=\"https:\/\/sbdapparel.lv\/en\/product\/reflect-deadlift-zekes\/\" \/>\n<meta property=\"og:locale\" content=\"en_US\" \/>\n<meta property=\"og:type\" content=\"article\" \/>\n<meta property=\"og:title\" content=\"REFLECT DEADLIFT ZE\u0136ES - SBD Apparel LV\" \/>\n<meta property=\"og:description\" content=\"Augst\u0101k\u0101s kvalit\u0101tes treni\u0146u ze\u0137es treni\u0146iem un ikdienas valk\u0101\u0161anai. Pot\u012btes aizmugur\u0113 ir SBD logotips.  Visas m\u016bsu Lielbrit\u0101nij\u0101 ad\u012bt\u0101s ze\u0137es ir izgatavotas p\u0113c pas\u016bt\u012bjuma, izstr\u0101d\u0101tas un ra\u017eotas Lielbrit\u0101nij\u0101. Premium kvalit\u0101tes gar\u0101s ze\u0137es, kas paredz\u0113tas ikru noseg\u0161anai stiep\u0161an\u0101s kust\u012bbu laik\u0101, paredz\u0113tas ikru noseg\u0161anai bez \u0161\u0146or\u0113\u0161anas.  Iztur\u012bgais trikot\u0101\u017eas audums samazina pretest\u012bbu, un dubult\u0101 ad\u012btais priek\u0161\u0113jais panelis aizsarg\u0101 apak\u0161stilbus vilk\u0161anas kust\u012bbu laik\u0101. Katra no m\u016bsu Lielbrit\u0101nij\u0101 ad\u012btaj\u0101m ze\u0137\u0113m ir \u012bpa\u0161i izstr\u0101d\u0101ta prece, kas izstr\u0101d\u0101ta, \u0146emot v\u0113r\u0101 sp\u0113ka treni\u0146u no formas l\u012bdz funkcijai.  \u25cfReflect ir ierobe\u017eota izdevuma kolekcija, kurai ir t\u0101da pati veiktsp\u0113ja un kas ir izgatavota saska\u0146\u0101 ar t\u0101diem pa\u0161iem augstiem standartiem k\u0101 m\u016bsu klasisk\u0101 produktu l\u012bnija.  \u25cfPalielin\u0101ta s\u0101nu ikru stiep\u0161ana.  \u25cfSp\u0113c\u012bgs trikot\u0101\u017eas audums, lai samazin\u0101tu stie\u0146a aiz\u0137er\u0161anos.  \u25cfRievota zole sa\u0137erei apavu iek\u0161pus\u0113.  \u25cfP\u0101rdodas k\u0101 p\u0101ris.  \u25cfRa\u017eots Lielbrit\u0101nij\u0101.  \u25cfZe\u0137es nevar atgriezt vai apmain\u012bt.s \u0146emot v\u0113r\u0101 sp\u0113ka treni\u0146u, no formas l\u012bdz funkcijai.  Phoenix ir ierobe\u017eota izdevuma kolekcija, kurai ir t\u0101das pa\u0161as funkcijas un kas ir izgatavota saska\u0146\u0101 ar t\u0101diem pa\u0161iem augstiem standartiem k\u0101 m\u016bsu klasisk\u0101 produktu l\u012bnija.  Piln\u012bb\u0101 elast\u012bga konstrukcija. Rievota zole satver\u0161anai apavu iek\u0161pus\u0113. Ra\u017eots Lielbrit\u0101nij\u0101. Ze\u0137es nevar atgriezt vai apmain\u012bt.\" \/>\n<meta property=\"og:url\" content=\"https:\/\/sbdapparel.lv\/en\/product\/reflect-deadlift-zekes\/\" \/>\n<meta property=\"og:site_name\" content=\"SBD Apparel LV\" \/>\n<meta property=\"article:modified_time\" content=\"2026-03-13T19:38:04+00:00\" \/>\n<meta property=\"og:image\" content=\"https:\/\/sbdapparel.lv\/wp-content\/uploads\/2024\/11\/Reflect-Deadlift-Socks-02-1024x1024.jpg\" \/>\n\t<meta property=\"og:image:width\" content=\"1024\" \/>\n\t<meta property=\"og:image:height\" content=\"1024\" \/>\n\t<meta property=\"og:image:type\" content=\"image\/jpeg\" \/>\n<meta name=\"twitter:card\" content=\"summary_large_image\" \/>\n<script type=\"application\/ld+json\" class=\"yoast-schema-graph\">{\"@context\":\"https:\\\/\\\/schema.org\",\"@graph\":[{\"@type\":\"WebPage\",\"@id\":\"https:\\\/\\\/sbdapparel.lv\\\/product\\\/reflect-deadlift-zekes\\\/\",\"url\":\"https:\\\/\\\/sbdapparel.lv\\\/product\\\/reflect-deadlift-zekes\\\/\",\"name\":\"REFLECT DEADLIFT ZE\u0136ES - SBD Apparel LV\",\"isPartOf\":{\"@id\":\"https:\\\/\\\/sbdapparel.lv\\\/#website\"},\"primaryImageOfPage\":{\"@id\":\"https:\\\/\\\/sbdapparel.lv\\\/product\\\/reflect-deadlift-zekes\\\/#primaryimage\"},\"image\":{\"@id\":\"https:\\\/\\\/sbdapparel.lv\\\/product\\\/reflect-deadlift-zekes\\\/#primaryimage\"},\"thumbnailUrl\":\"https:\\\/\\\/sbdapparel.lv\\\/wp-content\\\/uploads\\\/2024\\\/11\\\/Reflect-Deadlift-Socks-02.jpg\",\"datePublished\":\"2024-11-10T18:42:50+00:00\",\"dateModified\":\"2026-03-13T19:38:04+00:00\",\"breadcrumb\":{\"@id\":\"https:\\\/\\\/sbdapparel.lv\\\/product\\\/reflect-deadlift-zekes\\\/#breadcrumb\"},\"inLanguage\":\"en-US\",\"potentialAction\":[{\"@type\":\"ReadAction\",\"target\":[\"https:\\\/\\\/sbdapparel.lv\\\/product\\\/reflect-deadlift-zekes\\\/\"]}]},{\"@type\":\"ImageObject\",\"inLanguage\":\"en-US\",\"@id\":\"https:\\\/\\\/sbdapparel.lv\\\/product\\\/reflect-deadlift-zekes\\\/#primaryimage\",\"url\":\"https:\\\/\\\/sbdapparel.lv\\\/wp-content\\\/uploads\\\/2024\\\/11\\\/Reflect-Deadlift-Socks-02.jpg\",\"contentUrl\":\"https:\\\/\\\/sbdapparel.lv\\\/wp-content\\\/uploads\\\/2024\\\/11\\\/Reflect-Deadlift-Socks-02.jpg\",\"width\":2048,\"height\":2048},{\"@type\":\"BreadcrumbList\",\"@id\":\"https:\\\/\\\/sbdapparel.lv\\\/product\\\/reflect-deadlift-zekes\\\/#breadcrumb\",\"itemListElement\":[{\"@type\":\"ListItem\",\"position\":1,\"name\":\"Home\",\"item\":\"https:\\\/\\\/sbdapparel.lv\\\/\"},{\"@type\":\"ListItem\",\"position\":2,\"name\":\"Produktai\",\"item\":\"https:\\\/\\\/sbdapparel.lv\\\/shop\\\/\"},{\"@type\":\"ListItem\",\"position\":3,\"name\":\"REFLECT DEADLIFT ZE\u0136ES\"}]},{\"@type\":\"WebSite\",\"@id\":\"https:\\\/\\\/sbdapparel.lv\\\/#website\",\"url\":\"https:\\\/\\\/sbdapparel.lv\\\/\",\"name\":\"sbdapparel.lv\",\"description\":\"Latvija\",\"publisher\":{\"@id\":\"https:\\\/\\\/sbdapparel.lv\\\/#organization\"},\"potentialAction\":[{\"@type\":\"SearchAction\",\"target\":{\"@type\":\"EntryPoint\",\"urlTemplate\":\"https:\\\/\\\/sbdapparel.lv\\\/?s={search_term_string}\"},\"query-input\":{\"@type\":\"PropertyValueSpecification\",\"valueRequired\":true,\"valueName\":\"search_term_string\"}}],\"inLanguage\":\"en-US\"},{\"@type\":\"Organization\",\"@id\":\"https:\\\/\\\/sbdapparel.lv\\\/#organization\",\"name\":\"SBD Apparel LV\",\"url\":\"https:\\\/\\\/sbdapparel.lv\\\/\",\"logo\":{\"@type\":\"ImageObject\",\"inLanguage\":\"en-US\",\"@id\":\"https:\\\/\\\/sbdapparel.lv\\\/#\\\/schema\\\/logo\\\/image\\\/\",\"url\":\"https:\\\/\\\/sbdapparel.lv\\\/wp-content\\\/uploads\\\/2023\\\/07\\\/cropped-SBD_Identity_OnDark_RGB.png\",\"contentUrl\":\"https:\\\/\\\/sbdapparel.lv\\\/wp-content\\\/uploads\\\/2023\\\/07\\\/cropped-SBD_Identity_OnDark_RGB.png\",\"width\":1182,\"height\":515,\"caption\":\"SBD Apparel LV\"},\"image\":{\"@id\":\"https:\\\/\\\/sbdapparel.lv\\\/#\\\/schema\\\/logo\\\/image\\\/\"}}]}<\/script>\n<!-- \/ Yoast SEO plugin. -->","yoast_head_json":{"title":"REFLECT DEADLIFT ZE\u0136ES - SBD Apparel LV","robots":{"index":"index","follow":"follow","max-snippet":"max-snippet:-1","max-image-preview":"max-image-preview:large","max-video-preview":"max-video-preview:-1"},"canonical":"https:\/\/sbdapparel.lv\/en\/product\/reflect-deadlift-zekes\/","og_locale":"en_US","og_type":"article","og_title":"REFLECT DEADLIFT ZE\u0136ES - SBD Apparel LV","og_description":"Augst\u0101k\u0101s kvalit\u0101tes treni\u0146u ze\u0137es treni\u0146iem un ikdienas valk\u0101\u0161anai. Pot\u012btes aizmugur\u0113 ir SBD logotips.  Visas m\u016bsu Lielbrit\u0101nij\u0101 ad\u012bt\u0101s ze\u0137es ir izgatavotas p\u0113c pas\u016bt\u012bjuma, izstr\u0101d\u0101tas un ra\u017eotas Lielbrit\u0101nij\u0101. Premium kvalit\u0101tes gar\u0101s ze\u0137es, kas paredz\u0113tas ikru noseg\u0161anai stiep\u0161an\u0101s kust\u012bbu laik\u0101, paredz\u0113tas ikru noseg\u0161anai bez \u0161\u0146or\u0113\u0161anas.  Iztur\u012bgais trikot\u0101\u017eas audums samazina pretest\u012bbu, un dubult\u0101 ad\u012btais priek\u0161\u0113jais panelis aizsarg\u0101 apak\u0161stilbus vilk\u0161anas kust\u012bbu laik\u0101. Katra no m\u016bsu Lielbrit\u0101nij\u0101 ad\u012btaj\u0101m ze\u0137\u0113m ir \u012bpa\u0161i izstr\u0101d\u0101ta prece, kas izstr\u0101d\u0101ta, \u0146emot v\u0113r\u0101 sp\u0113ka treni\u0146u no formas l\u012bdz funkcijai.  \u25cfReflect ir ierobe\u017eota izdevuma kolekcija, kurai ir t\u0101da pati veiktsp\u0113ja un kas ir izgatavota saska\u0146\u0101 ar t\u0101diem pa\u0161iem augstiem standartiem k\u0101 m\u016bsu klasisk\u0101 produktu l\u012bnija.  \u25cfPalielin\u0101ta s\u0101nu ikru stiep\u0161ana.  \u25cfSp\u0113c\u012bgs trikot\u0101\u017eas audums, lai samazin\u0101tu stie\u0146a aiz\u0137er\u0161anos.  \u25cfRievota zole sa\u0137erei apavu iek\u0161pus\u0113.  \u25cfP\u0101rdodas k\u0101 p\u0101ris.  \u25cfRa\u017eots Lielbrit\u0101nij\u0101.  \u25cfZe\u0137es nevar atgriezt vai apmain\u012bt.s \u0146emot v\u0113r\u0101 sp\u0113ka treni\u0146u, no formas l\u012bdz funkcijai.  Phoenix ir ierobe\u017eota izdevuma kolekcija, kurai ir t\u0101das pa\u0161as funkcijas un kas ir izgatavota saska\u0146\u0101 ar t\u0101diem pa\u0161iem augstiem standartiem k\u0101 m\u016bsu klasisk\u0101 produktu l\u012bnija.  Piln\u012bb\u0101 elast\u012bga konstrukcija. Rievota zole satver\u0161anai apavu iek\u0161pus\u0113. Ra\u017eots Lielbrit\u0101nij\u0101. Ze\u0137es nevar atgriezt vai apmain\u012bt.","og_url":"https:\/\/sbdapparel.lv\/en\/product\/reflect-deadlift-zekes\/","og_site_name":"SBD Apparel LV","article_modified_time":"2026-03-13T19:38:04+00:00","og_image":[{"width":1024,"height":1024,"url":"https:\/\/sbdapparel.lv\/wp-content\/uploads\/2024\/11\/Reflect-Deadlift-Socks-02-1024x1024.jpg","type":"image\/jpeg"}],"twitter_card":"summary_large_image","schema":{"@context":"https:\/\/schema.org","@graph":[{"@type":"WebPage","@id":"https:\/\/sbdapparel.lv\/product\/reflect-deadlift-zekes\/","url":"https:\/\/sbdapparel.lv\/product\/reflect-deadlift-zekes\/","name":"REFLECT DEADLIFT ZE\u0136ES - SBD Apparel LV","isPartOf":{"@id":"https:\/\/sbdapparel.lv\/#website"},"primaryImageOfPage":{"@id":"https:\/\/sbdapparel.lv\/product\/reflect-deadlift-zekes\/#primaryimage"},"image":{"@id":"https:\/\/sbdapparel.lv\/product\/reflect-deadlift-zekes\/#primaryimage"},"thumbnailUrl":"https:\/\/sbdapparel.lv\/wp-content\/uploads\/2024\/11\/Reflect-Deadlift-Socks-02.jpg","datePublished":"2024-11-10T18:42:50+00:00","dateModified":"2026-03-13T19:38:04+00:00","breadcrumb":{"@id":"https:\/\/sbdapparel.lv\/product\/reflect-deadlift-zekes\/#breadcrumb"},"inLanguage":"en-US","potentialAction":[{"@type":"ReadAction","target":["https:\/\/sbdapparel.lv\/product\/reflect-deadlift-zekes\/"]}]},{"@type":"ImageObject","inLanguage":"en-US","@id":"https:\/\/sbdapparel.lv\/product\/reflect-deadlift-zekes\/#primaryimage","url":"https:\/\/sbdapparel.lv\/wp-content\/uploads\/2024\/11\/Reflect-Deadlift-Socks-02.jpg","contentUrl":"https:\/\/sbdapparel.lv\/wp-content\/uploads\/2024\/11\/Reflect-Deadlift-Socks-02.jpg","width":2048,"height":2048},{"@type":"BreadcrumbList","@id":"https:\/\/sbdapparel.lv\/product\/reflect-deadlift-zekes\/#breadcrumb","itemListElement":[{"@type":"ListItem","position":1,"name":"Home","item":"https:\/\/sbdapparel.lv\/"},{"@type":"ListItem","position":2,"name":"Produktai","item":"https:\/\/sbdapparel.lv\/shop\/"},{"@type":"ListItem","position":3,"name":"REFLECT DEADLIFT ZE\u0136ES"}]},{"@type":"WebSite","@id":"https:\/\/sbdapparel.lv\/#website","url":"https:\/\/sbdapparel.lv\/","name":"sbdapparel.lv","description":"Latvija","publisher":{"@id":"https:\/\/sbdapparel.lv\/#organization"},"potentialAction":[{"@type":"SearchAction","target":{"@type":"EntryPoint","urlTemplate":"https:\/\/sbdapparel.lv\/?s={search_term_string}"},"query-input":{"@type":"PropertyValueSpecification","valueRequired":true,"valueName":"search_term_string"}}],"inLanguage":"en-US"},{"@type":"Organization","@id":"https:\/\/sbdapparel.lv\/#organization","name":"SBD Apparel LV","url":"https:\/\/sbdapparel.lv\/","logo":{"@type":"ImageObject","inLanguage":"en-US","@id":"https:\/\/sbdapparel.lv\/#\/schema\/logo\/image\/","url":"https:\/\/sbdapparel.lv\/wp-content\/uploads\/2023\/07\/cropped-SBD_Identity_OnDark_RGB.png","contentUrl":"https:\/\/sbdapparel.lv\/wp-content\/uploads\/2023\/07\/cropped-SBD_Identity_OnDark_RGB.png","width":1182,"height":515,"caption":"SBD Apparel LV"},"image":{"@id":"https:\/\/sbdapparel.lv\/#\/schema\/logo\/image\/"}}]}},"_links":{"self":[{"href":"https:\/\/sbdapparel.lv\/en\/wp-json\/wp\/v2\/product\/2345","targetHints":{"allow":["GET"]}}],"collection":[{"href":"https:\/\/sbdapparel.lv\/en\/wp-json\/wp\/v2\/product"}],"about":[{"href":"https:\/\/sbdapparel.lv\/en\/wp-json\/wp\/v2\/types\/product"}],"version-history":[{"count":3,"href":"https:\/\/sbdapparel.lv\/en\/wp-json\/wp\/v2\/product\/2345\/revisions"}],"predecessor-version":[{"id":5122,"href":"https:\/\/sbdapparel.lv\/en\/wp-json\/wp\/v2\/product\/2345\/revisions\/5122"}],"wp:featuredmedia":[{"embeddable":true,"href":"https:\/\/sbdapparel.lv\/en\/wp-json\/wp\/v2\/media\/2351"}],"wp:attachment":[{"href":"https:\/\/sbdapparel.lv\/en\/wp-json\/wp\/v2\/media?parent=2345"}],"wp:term":[{"taxonomy":"product_brand","embeddable":true,"href":"https:\/\/sbdapparel.lv\/en\/wp-json\/wp\/v2\/product_brand?post=2345"},{"taxonomy":"product_cat","embeddable":true,"href":"https:\/\/sbdapparel.lv\/en\/wp-json\/wp\/v2\/product_cat?post=2345"},{"taxonomy":"product_tag","embeddable":true,"href":"https:\/\/sbdapparel.lv\/en\/wp-json\/wp\/v2\/product_tag?post=2345"},{"taxonomy":"giftcard-category","embeddable":true,"href":"https:\/\/sbdapparel.lv\/en\/wp-json\/wp\/v2\/giftcard-category?post=2345"}],"curies":[{"name":"wp","href":"https:\/\/api.w.org\/{rel}","templated":true}]}}