{"id":2306,"date":"2024-11-10T18:30:48","date_gmt":"2024-11-10T18:30:48","guid":{"rendered":"https:\/\/sbdapparel.lv\/?post_type=product&#038;p=2306"},"modified":"2026-01-16T21:54:40","modified_gmt":"2026-01-16T19:54:40","slug":"sbd-deadlift-zekes-2020","status":"publish","type":"product","link":"https:\/\/sbdapparel.lv\/en\/product\/sbd-deadlift-zekes-2020\/","title":{"rendered":"Official SBD Deadlift Socks 2020"},"content":{"rendered":"","protected":false},"excerpt":{"rendered":"<p>Premium long socks to cover the shin for pulling movements.<br \/>\nManufactured with a tight knit from a durable synthetic fibre, to protect the shins and minimise any catching on the bar.<br \/>\nBreathable construction with venting in the foot.<br \/>\nSuitable for training and competition use.<br \/>\nMade in Sheffield, Great Britain.<\/p>","protected":false},"featured_media":2313,"template":"","meta":[],"product_brand":[],"product_cat":[56,51],"product_tag":[],"giftcard-category":[],"class_list":{"0":"post-2306","1":"product","2":"type-product","3":"status-publish","4":"has-post-thumbnail","6":"product_cat-klasikine","7":"product_cat-kojines","10":"instock","11":"shipping-taxable","12":"purchasable","13":"product-type-variable","14":"product-grid-view"},"yoast_head":"<!-- This site is optimized with the Yoast SEO plugin v27.4 - https:\/\/yoast.com\/product\/yoast-seo-wordpress\/ -->\n<title>Official SBD Deadlift Socks 2020 - SBD Apparel LV<\/title>\n<meta name=\"robots\" content=\"index, follow, max-snippet:-1, max-image-preview:large, max-video-preview:-1\" \/>\n<link rel=\"canonical\" href=\"https:\/\/sbdapparel.lv\/en\/product\/sbd-deadlift-zekes-2020\/\" \/>\n<meta property=\"og:locale\" content=\"en_US\" \/>\n<meta property=\"og:type\" content=\"article\" \/>\n<meta property=\"og:title\" content=\"Official SBD Deadlift Socks 2020 - SBD Apparel LV\" \/>\n<meta property=\"og:description\" content=\"Augst\u0101k\u0101s kvalit\u0101tes gar\u0101s ze\u0137es, kas paredz\u0113tas ikru noseg\u0161anai vilk\u0161anas kust\u012bb\u0101m. Izgatavots no sp\u0113c\u012bgas ad\u012btas un iztur\u012bgas sint\u0113tisk\u0101s \u0161\u0137iedras, lai aizsarg\u0101tu j\u016bsu te\u013cus un samazin\u0101tu stie\u0146a iespr\u016b\u0161anu. Elpojo\u0161a konstrukcija ar ventil\u0101ciju p\u0113d\u0101. Piem\u0113rots treni\u0146iem un sacens\u012bb\u0101m. Ra\u017eots Lielbrit\u0101nij\u0101.\" \/>\n<meta property=\"og:url\" content=\"https:\/\/sbdapparel.lv\/en\/product\/sbd-deadlift-zekes-2020\/\" \/>\n<meta property=\"og:site_name\" content=\"SBD Apparel LV\" \/>\n<meta property=\"article:modified_time\" content=\"2026-01-16T19:54:40+00:00\" \/>\n<meta property=\"og:image\" content=\"https:\/\/sbdapparel.lv\/wp-content\/uploads\/2024\/11\/Socks-Trio-Technical-01.png\" \/>\n\t<meta property=\"og:image:width\" content=\"600\" \/>\n\t<meta property=\"og:image:height\" content=\"600\" \/>\n\t<meta property=\"og:image:type\" content=\"image\/png\" \/>\n<meta name=\"twitter:card\" content=\"summary_large_image\" \/>\n<script type=\"application\/ld+json\" class=\"yoast-schema-graph\">{\"@context\":\"https:\\\/\\\/schema.org\",\"@graph\":[{\"@type\":\"WebPage\",\"@id\":\"https:\\\/\\\/sbdapparel.lv\\\/product\\\/sbd-deadlift-zekes-2020\\\/\",\"url\":\"https:\\\/\\\/sbdapparel.lv\\\/product\\\/sbd-deadlift-zekes-2020\\\/\",\"name\":\"Official SBD Deadlift Socks 2020 - SBD Apparel LV\",\"isPartOf\":{\"@id\":\"https:\\\/\\\/sbdapparel.lv\\\/#website\"},\"primaryImageOfPage\":{\"@id\":\"https:\\\/\\\/sbdapparel.lv\\\/product\\\/sbd-deadlift-zekes-2020\\\/#primaryimage\"},\"image\":{\"@id\":\"https:\\\/\\\/sbdapparel.lv\\\/product\\\/sbd-deadlift-zekes-2020\\\/#primaryimage\"},\"thumbnailUrl\":\"https:\\\/\\\/sbdapparel.lv\\\/wp-content\\\/uploads\\\/2024\\\/11\\\/Socks-Trio-Technical-01.png\",\"datePublished\":\"2024-11-10T18:30:48+00:00\",\"dateModified\":\"2026-01-16T19:54:40+00:00\",\"breadcrumb\":{\"@id\":\"https:\\\/\\\/sbdapparel.lv\\\/product\\\/sbd-deadlift-zekes-2020\\\/#breadcrumb\"},\"inLanguage\":\"en-US\",\"potentialAction\":[{\"@type\":\"ReadAction\",\"target\":[\"https:\\\/\\\/sbdapparel.lv\\\/product\\\/sbd-deadlift-zekes-2020\\\/\"]}]},{\"@type\":\"ImageObject\",\"inLanguage\":\"en-US\",\"@id\":\"https:\\\/\\\/sbdapparel.lv\\\/product\\\/sbd-deadlift-zekes-2020\\\/#primaryimage\",\"url\":\"https:\\\/\\\/sbdapparel.lv\\\/wp-content\\\/uploads\\\/2024\\\/11\\\/Socks-Trio-Technical-01.png\",\"contentUrl\":\"https:\\\/\\\/sbdapparel.lv\\\/wp-content\\\/uploads\\\/2024\\\/11\\\/Socks-Trio-Technical-01.png\",\"width\":600,\"height\":600},{\"@type\":\"BreadcrumbList\",\"@id\":\"https:\\\/\\\/sbdapparel.lv\\\/product\\\/sbd-deadlift-zekes-2020\\\/#breadcrumb\",\"itemListElement\":[{\"@type\":\"ListItem\",\"position\":1,\"name\":\"Home\",\"item\":\"https:\\\/\\\/sbdapparel.lv\\\/\"},{\"@type\":\"ListItem\",\"position\":2,\"name\":\"Produktai\",\"item\":\"https:\\\/\\\/sbdapparel.lv\\\/shop\\\/\"},{\"@type\":\"ListItem\",\"position\":3,\"name\":\"Official SBD Deadlift Socks 2020\"}]},{\"@type\":\"WebSite\",\"@id\":\"https:\\\/\\\/sbdapparel.lv\\\/#website\",\"url\":\"https:\\\/\\\/sbdapparel.lv\\\/\",\"name\":\"sbdapparel.lv\",\"description\":\"Latvija\",\"publisher\":{\"@id\":\"https:\\\/\\\/sbdapparel.lv\\\/#organization\"},\"potentialAction\":[{\"@type\":\"SearchAction\",\"target\":{\"@type\":\"EntryPoint\",\"urlTemplate\":\"https:\\\/\\\/sbdapparel.lv\\\/?s={search_term_string}\"},\"query-input\":{\"@type\":\"PropertyValueSpecification\",\"valueRequired\":true,\"valueName\":\"search_term_string\"}}],\"inLanguage\":\"en-US\"},{\"@type\":\"Organization\",\"@id\":\"https:\\\/\\\/sbdapparel.lv\\\/#organization\",\"name\":\"SBD Apparel LV\",\"url\":\"https:\\\/\\\/sbdapparel.lv\\\/\",\"logo\":{\"@type\":\"ImageObject\",\"inLanguage\":\"en-US\",\"@id\":\"https:\\\/\\\/sbdapparel.lv\\\/#\\\/schema\\\/logo\\\/image\\\/\",\"url\":\"https:\\\/\\\/sbdapparel.lv\\\/wp-content\\\/uploads\\\/2023\\\/07\\\/cropped-SBD_Identity_OnDark_RGB.png\",\"contentUrl\":\"https:\\\/\\\/sbdapparel.lv\\\/wp-content\\\/uploads\\\/2023\\\/07\\\/cropped-SBD_Identity_OnDark_RGB.png\",\"width\":1182,\"height\":515,\"caption\":\"SBD Apparel LV\"},\"image\":{\"@id\":\"https:\\\/\\\/sbdapparel.lv\\\/#\\\/schema\\\/logo\\\/image\\\/\"}}]}<\/script>\n<!-- \/ Yoast SEO plugin. -->","yoast_head_json":{"title":"Official SBD Deadlift Socks 2020 - SBD Apparel LV","robots":{"index":"index","follow":"follow","max-snippet":"max-snippet:-1","max-image-preview":"max-image-preview:large","max-video-preview":"max-video-preview:-1"},"canonical":"https:\/\/sbdapparel.lv\/en\/product\/sbd-deadlift-zekes-2020\/","og_locale":"en_US","og_type":"article","og_title":"Official SBD Deadlift Socks 2020 - SBD Apparel LV","og_description":"Augst\u0101k\u0101s kvalit\u0101tes gar\u0101s ze\u0137es, kas paredz\u0113tas ikru noseg\u0161anai vilk\u0161anas kust\u012bb\u0101m. Izgatavots no sp\u0113c\u012bgas ad\u012btas un iztur\u012bgas sint\u0113tisk\u0101s \u0161\u0137iedras, lai aizsarg\u0101tu j\u016bsu te\u013cus un samazin\u0101tu stie\u0146a iespr\u016b\u0161anu. Elpojo\u0161a konstrukcija ar ventil\u0101ciju p\u0113d\u0101. Piem\u0113rots treni\u0146iem un sacens\u012bb\u0101m. Ra\u017eots Lielbrit\u0101nij\u0101.","og_url":"https:\/\/sbdapparel.lv\/en\/product\/sbd-deadlift-zekes-2020\/","og_site_name":"SBD Apparel LV","article_modified_time":"2026-01-16T19:54:40+00:00","og_image":[{"width":600,"height":600,"url":"https:\/\/sbdapparel.lv\/wp-content\/uploads\/2024\/11\/Socks-Trio-Technical-01.png","type":"image\/png"}],"twitter_card":"summary_large_image","schema":{"@context":"https:\/\/schema.org","@graph":[{"@type":"WebPage","@id":"https:\/\/sbdapparel.lv\/product\/sbd-deadlift-zekes-2020\/","url":"https:\/\/sbdapparel.lv\/product\/sbd-deadlift-zekes-2020\/","name":"Official SBD Deadlift Socks 2020 - SBD Apparel LV","isPartOf":{"@id":"https:\/\/sbdapparel.lv\/#website"},"primaryImageOfPage":{"@id":"https:\/\/sbdapparel.lv\/product\/sbd-deadlift-zekes-2020\/#primaryimage"},"image":{"@id":"https:\/\/sbdapparel.lv\/product\/sbd-deadlift-zekes-2020\/#primaryimage"},"thumbnailUrl":"https:\/\/sbdapparel.lv\/wp-content\/uploads\/2024\/11\/Socks-Trio-Technical-01.png","datePublished":"2024-11-10T18:30:48+00:00","dateModified":"2026-01-16T19:54:40+00:00","breadcrumb":{"@id":"https:\/\/sbdapparel.lv\/product\/sbd-deadlift-zekes-2020\/#breadcrumb"},"inLanguage":"en-US","potentialAction":[{"@type":"ReadAction","target":["https:\/\/sbdapparel.lv\/product\/sbd-deadlift-zekes-2020\/"]}]},{"@type":"ImageObject","inLanguage":"en-US","@id":"https:\/\/sbdapparel.lv\/product\/sbd-deadlift-zekes-2020\/#primaryimage","url":"https:\/\/sbdapparel.lv\/wp-content\/uploads\/2024\/11\/Socks-Trio-Technical-01.png","contentUrl":"https:\/\/sbdapparel.lv\/wp-content\/uploads\/2024\/11\/Socks-Trio-Technical-01.png","width":600,"height":600},{"@type":"BreadcrumbList","@id":"https:\/\/sbdapparel.lv\/product\/sbd-deadlift-zekes-2020\/#breadcrumb","itemListElement":[{"@type":"ListItem","position":1,"name":"Home","item":"https:\/\/sbdapparel.lv\/"},{"@type":"ListItem","position":2,"name":"Produktai","item":"https:\/\/sbdapparel.lv\/shop\/"},{"@type":"ListItem","position":3,"name":"Official SBD Deadlift Socks 2020"}]},{"@type":"WebSite","@id":"https:\/\/sbdapparel.lv\/#website","url":"https:\/\/sbdapparel.lv\/","name":"sbdapparel.lv","description":"Latvija","publisher":{"@id":"https:\/\/sbdapparel.lv\/#organization"},"potentialAction":[{"@type":"SearchAction","target":{"@type":"EntryPoint","urlTemplate":"https:\/\/sbdapparel.lv\/?s={search_term_string}"},"query-input":{"@type":"PropertyValueSpecification","valueRequired":true,"valueName":"search_term_string"}}],"inLanguage":"en-US"},{"@type":"Organization","@id":"https:\/\/sbdapparel.lv\/#organization","name":"SBD Apparel LV","url":"https:\/\/sbdapparel.lv\/","logo":{"@type":"ImageObject","inLanguage":"en-US","@id":"https:\/\/sbdapparel.lv\/#\/schema\/logo\/image\/","url":"https:\/\/sbdapparel.lv\/wp-content\/uploads\/2023\/07\/cropped-SBD_Identity_OnDark_RGB.png","contentUrl":"https:\/\/sbdapparel.lv\/wp-content\/uploads\/2023\/07\/cropped-SBD_Identity_OnDark_RGB.png","width":1182,"height":515,"caption":"SBD Apparel LV"},"image":{"@id":"https:\/\/sbdapparel.lv\/#\/schema\/logo\/image\/"}}]}},"_links":{"self":[{"href":"https:\/\/sbdapparel.lv\/en\/wp-json\/wp\/v2\/product\/2306","targetHints":{"allow":["GET"]}}],"collection":[{"href":"https:\/\/sbdapparel.lv\/en\/wp-json\/wp\/v2\/product"}],"about":[{"href":"https:\/\/sbdapparel.lv\/en\/wp-json\/wp\/v2\/types\/product"}],"version-history":[{"count":6,"href":"https:\/\/sbdapparel.lv\/en\/wp-json\/wp\/v2\/product\/2306\/revisions"}],"predecessor-version":[{"id":5553,"href":"https:\/\/sbdapparel.lv\/en\/wp-json\/wp\/v2\/product\/2306\/revisions\/5553"}],"wp:featuredmedia":[{"embeddable":true,"href":"https:\/\/sbdapparel.lv\/en\/wp-json\/wp\/v2\/media\/2313"}],"wp:attachment":[{"href":"https:\/\/sbdapparel.lv\/en\/wp-json\/wp\/v2\/media?parent=2306"}],"wp:term":[{"taxonomy":"product_brand","embeddable":true,"href":"https:\/\/sbdapparel.lv\/en\/wp-json\/wp\/v2\/product_brand?post=2306"},{"taxonomy":"product_cat","embeddable":true,"href":"https:\/\/sbdapparel.lv\/en\/wp-json\/wp\/v2\/product_cat?post=2306"},{"taxonomy":"product_tag","embeddable":true,"href":"https:\/\/sbdapparel.lv\/en\/wp-json\/wp\/v2\/product_tag?post=2306"},{"taxonomy":"giftcard-category","embeddable":true,"href":"https:\/\/sbdapparel.lv\/en\/wp-json\/wp\/v2\/giftcard-category?post=2306"}],"curies":[{"name":"wp","href":"https:\/\/api.w.org\/{rel}","templated":true}]}}