{"id":2251,"date":"2024-11-10T16:11:31","date_gmt":"2024-11-10T16:11:31","guid":{"rendered":"https:\/\/sbdapparel.lv\/?post_type=product&#038;p=2251"},"modified":"2026-04-11T18:05:34","modified_gmt":"2026-04-11T16:05:34","slug":"reflect-powerlifting-singlets","status":"publish","type":"product","link":"https:\/\/sbdapparel.lv\/en\/product\/reflect-powerlifting-singlets\/","title":{"rendered":"REFLECT POWERLIFTING SINGLETS"},"content":{"rendered":"<p>Sunkus juodas liemens audinys, pagamintas i\u0161 Meryl\u00ae &amp; Lycra\u00ae pluo\u0161t\u0173, kad i\u0161likt\u0173 mink\u0161tas ir pralaidus orui, kartu u\u017etikrint\u0173 patvarum\u0105 ir suspaudim\u0105<\/p>\n<p>\u0160viesesnis raudonas apdailos audinys i\u0161 nailono ir likros\u00ae, kad suma\u017eint\u0173 apribojimus ir pagerint\u0173 komfort\u0105<\/p>\n<p>Elastin\u0117s koj\u0173 juostos saugiai priglunda prie koj\u0173<\/p>\n<p>Guminis apvadas \u0161variai, profesionaliai apdailina juosteles<\/p>\n<p>Patvirtinta IPF ir atitinka IWF<\/p>\n<p>Pagaminta i\u0161skirtinai Did\u017eiojoje Britanijoje<\/p>","protected":false},"excerpt":{"rendered":"<p>A tailored fit for both men and women, developed through collaboration with world class athletes. Built with a heavyweight, durable, and breathable fabric developed in Great Britain. Reflect is a limited edition collection, offering the same performance and manufactured to the same high standards as our classic product line.<\/p>\n<p>Constructed from heavyweight 350gm double jersey fabric.<\/p>\n<p>Manufactured with Meryl\u00ae and Lycra\u00ae fibres to stay soft and breathable, while providing durability and compression.<\/p>\n<p>IPF approved and IWF compliant. Manufactured in Great Britain.<\/p>","protected":false},"featured_media":2263,"template":"","meta":[],"product_brand":[],"product_cat":[63,47],"product_tag":[],"giftcard-category":[],"class_list":{"0":"post-2251","1":"product","2":"type-product","3":"status-publish","4":"has-post-thumbnail","6":"product_cat-reflect","7":"product_cat-singletai","10":"instock","11":"shipping-taxable","12":"purchasable","13":"product-type-variable","14":"product-grid-view"},"yoast_head":"<!-- This site is optimized with the Yoast SEO plugin v27.4 - https:\/\/yoast.com\/product\/yoast-seo-wordpress\/ -->\n<title>REFLECT POWERLIFTING SINGLETS - SBD Apparel LV<\/title>\n<meta name=\"robots\" content=\"index, follow, max-snippet:-1, max-image-preview:large, max-video-preview:-1\" \/>\n<link rel=\"canonical\" href=\"https:\/\/sbdapparel.lv\/en\/product\/reflect-powerlifting-singlets\/\" \/>\n<meta property=\"og:locale\" content=\"en_US\" \/>\n<meta property=\"og:type\" content=\"article\" \/>\n<meta property=\"og:title\" content=\"REFLECT POWERLIFTING SINGLETS - SBD Apparel LV\" \/>\n<meta property=\"og:description\" content=\"Reflect singls ir pieejams gan sievie\u0161u, gan v\u012brie\u0161u mode\u013cos, kas izstr\u0101d\u0101ti sadarb\u012bb\u0101 ar pasaules l\u012bme\u0146a sportistiem. Izgatavots no stipra, iztur\u012bga un elpojo\u0161a auduma, izstr\u0101d\u0101ts Lielbrit\u0101nij\u0101. Reflect ir ierobe\u017eota izdevuma kolekcija, kurai ir t\u0101das pa\u0161as funkcijas un kas ir izgatavota saska\u0146\u0101 ar t\u0101diem pa\u0161iem augstiem standartiem k\u0101 m\u016bsu klasisk\u0101 produktu l\u012bnija.  \u25cfIzgatavots no iztur\u012bga 350gsm dubult\u0101 d\u017eersija auduma.  \u25cfIzgatavots no Meryl\u00ae un Lycra\u00ae \u0161\u0137iedr\u0101m, lai paliktu m\u012bksts un elpojo\u0161s, vienlaikus nodro\u0161inot iztur\u012bbu un kompresiju.  \u25cfIPF apstiprin\u0101ts un sader\u012bgs ar IWF. Ra\u017eots Lielbrit\u0101nij\u0101.\" \/>\n<meta property=\"og:url\" content=\"https:\/\/sbdapparel.lv\/en\/product\/reflect-powerlifting-singlets\/\" \/>\n<meta property=\"og:site_name\" content=\"SBD Apparel LV\" \/>\n<meta property=\"article:modified_time\" content=\"2026-04-11T16:05:34+00:00\" \/>\n<meta property=\"og:image\" content=\"https:\/\/sbdapparel.lv\/wp-content\/uploads\/2024\/11\/Reflect-Singlet-04-1024x1024.jpg\" \/>\n\t<meta property=\"og:image:width\" content=\"1024\" \/>\n\t<meta property=\"og:image:height\" content=\"1024\" \/>\n\t<meta property=\"og:image:type\" content=\"image\/jpeg\" \/>\n<meta name=\"twitter:card\" content=\"summary_large_image\" \/>\n<script type=\"application\/ld+json\" class=\"yoast-schema-graph\">{\"@context\":\"https:\\\/\\\/schema.org\",\"@graph\":[{\"@type\":\"WebPage\",\"@id\":\"https:\\\/\\\/sbdapparel.lv\\\/product\\\/reflect-powerlifting-singlets\\\/\",\"url\":\"https:\\\/\\\/sbdapparel.lv\\\/product\\\/reflect-powerlifting-singlets\\\/\",\"name\":\"REFLECT POWERLIFTING SINGLETS - SBD Apparel LV\",\"isPartOf\":{\"@id\":\"https:\\\/\\\/sbdapparel.lv\\\/#website\"},\"primaryImageOfPage\":{\"@id\":\"https:\\\/\\\/sbdapparel.lv\\\/product\\\/reflect-powerlifting-singlets\\\/#primaryimage\"},\"image\":{\"@id\":\"https:\\\/\\\/sbdapparel.lv\\\/product\\\/reflect-powerlifting-singlets\\\/#primaryimage\"},\"thumbnailUrl\":\"https:\\\/\\\/sbdapparel.lv\\\/wp-content\\\/uploads\\\/2024\\\/11\\\/Reflect-Singlet-04.jpg\",\"datePublished\":\"2024-11-10T16:11:31+00:00\",\"dateModified\":\"2026-04-11T16:05:34+00:00\",\"breadcrumb\":{\"@id\":\"https:\\\/\\\/sbdapparel.lv\\\/product\\\/reflect-powerlifting-singlets\\\/#breadcrumb\"},\"inLanguage\":\"en-US\",\"potentialAction\":[{\"@type\":\"ReadAction\",\"target\":[\"https:\\\/\\\/sbdapparel.lv\\\/product\\\/reflect-powerlifting-singlets\\\/\"]}]},{\"@type\":\"ImageObject\",\"inLanguage\":\"en-US\",\"@id\":\"https:\\\/\\\/sbdapparel.lv\\\/product\\\/reflect-powerlifting-singlets\\\/#primaryimage\",\"url\":\"https:\\\/\\\/sbdapparel.lv\\\/wp-content\\\/uploads\\\/2024\\\/11\\\/Reflect-Singlet-04.jpg\",\"contentUrl\":\"https:\\\/\\\/sbdapparel.lv\\\/wp-content\\\/uploads\\\/2024\\\/11\\\/Reflect-Singlet-04.jpg\",\"width\":2048,\"height\":2048},{\"@type\":\"BreadcrumbList\",\"@id\":\"https:\\\/\\\/sbdapparel.lv\\\/product\\\/reflect-powerlifting-singlets\\\/#breadcrumb\",\"itemListElement\":[{\"@type\":\"ListItem\",\"position\":1,\"name\":\"Home\",\"item\":\"https:\\\/\\\/sbdapparel.lv\\\/\"},{\"@type\":\"ListItem\",\"position\":2,\"name\":\"Produktai\",\"item\":\"https:\\\/\\\/sbdapparel.lv\\\/shop\\\/\"},{\"@type\":\"ListItem\",\"position\":3,\"name\":\"REFLECT POWERLIFTING SINGLETS\"}]},{\"@type\":\"WebSite\",\"@id\":\"https:\\\/\\\/sbdapparel.lv\\\/#website\",\"url\":\"https:\\\/\\\/sbdapparel.lv\\\/\",\"name\":\"sbdapparel.lv\",\"description\":\"Latvija\",\"publisher\":{\"@id\":\"https:\\\/\\\/sbdapparel.lv\\\/#organization\"},\"potentialAction\":[{\"@type\":\"SearchAction\",\"target\":{\"@type\":\"EntryPoint\",\"urlTemplate\":\"https:\\\/\\\/sbdapparel.lv\\\/?s={search_term_string}\"},\"query-input\":{\"@type\":\"PropertyValueSpecification\",\"valueRequired\":true,\"valueName\":\"search_term_string\"}}],\"inLanguage\":\"en-US\"},{\"@type\":\"Organization\",\"@id\":\"https:\\\/\\\/sbdapparel.lv\\\/#organization\",\"name\":\"SBD Apparel LV\",\"url\":\"https:\\\/\\\/sbdapparel.lv\\\/\",\"logo\":{\"@type\":\"ImageObject\",\"inLanguage\":\"en-US\",\"@id\":\"https:\\\/\\\/sbdapparel.lv\\\/#\\\/schema\\\/logo\\\/image\\\/\",\"url\":\"https:\\\/\\\/sbdapparel.lv\\\/wp-content\\\/uploads\\\/2023\\\/07\\\/cropped-SBD_Identity_OnDark_RGB.png\",\"contentUrl\":\"https:\\\/\\\/sbdapparel.lv\\\/wp-content\\\/uploads\\\/2023\\\/07\\\/cropped-SBD_Identity_OnDark_RGB.png\",\"width\":1182,\"height\":515,\"caption\":\"SBD Apparel LV\"},\"image\":{\"@id\":\"https:\\\/\\\/sbdapparel.lv\\\/#\\\/schema\\\/logo\\\/image\\\/\"}}]}<\/script>\n<!-- \/ Yoast SEO plugin. -->","yoast_head_json":{"title":"REFLECT POWERLIFTING SINGLETS - SBD Apparel LV","robots":{"index":"index","follow":"follow","max-snippet":"max-snippet:-1","max-image-preview":"max-image-preview:large","max-video-preview":"max-video-preview:-1"},"canonical":"https:\/\/sbdapparel.lv\/en\/product\/reflect-powerlifting-singlets\/","og_locale":"en_US","og_type":"article","og_title":"REFLECT POWERLIFTING SINGLETS - SBD Apparel LV","og_description":"Reflect singls ir pieejams gan sievie\u0161u, gan v\u012brie\u0161u mode\u013cos, kas izstr\u0101d\u0101ti sadarb\u012bb\u0101 ar pasaules l\u012bme\u0146a sportistiem. Izgatavots no stipra, iztur\u012bga un elpojo\u0161a auduma, izstr\u0101d\u0101ts Lielbrit\u0101nij\u0101. Reflect ir ierobe\u017eota izdevuma kolekcija, kurai ir t\u0101das pa\u0161as funkcijas un kas ir izgatavota saska\u0146\u0101 ar t\u0101diem pa\u0161iem augstiem standartiem k\u0101 m\u016bsu klasisk\u0101 produktu l\u012bnija.  \u25cfIzgatavots no iztur\u012bga 350gsm dubult\u0101 d\u017eersija auduma.  \u25cfIzgatavots no Meryl\u00ae un Lycra\u00ae \u0161\u0137iedr\u0101m, lai paliktu m\u012bksts un elpojo\u0161s, vienlaikus nodro\u0161inot iztur\u012bbu un kompresiju.  \u25cfIPF apstiprin\u0101ts un sader\u012bgs ar IWF. Ra\u017eots Lielbrit\u0101nij\u0101.","og_url":"https:\/\/sbdapparel.lv\/en\/product\/reflect-powerlifting-singlets\/","og_site_name":"SBD Apparel LV","article_modified_time":"2026-04-11T16:05:34+00:00","og_image":[{"width":1024,"height":1024,"url":"https:\/\/sbdapparel.lv\/wp-content\/uploads\/2024\/11\/Reflect-Singlet-04-1024x1024.jpg","type":"image\/jpeg"}],"twitter_card":"summary_large_image","schema":{"@context":"https:\/\/schema.org","@graph":[{"@type":"WebPage","@id":"https:\/\/sbdapparel.lv\/product\/reflect-powerlifting-singlets\/","url":"https:\/\/sbdapparel.lv\/product\/reflect-powerlifting-singlets\/","name":"REFLECT POWERLIFTING SINGLETS - SBD Apparel LV","isPartOf":{"@id":"https:\/\/sbdapparel.lv\/#website"},"primaryImageOfPage":{"@id":"https:\/\/sbdapparel.lv\/product\/reflect-powerlifting-singlets\/#primaryimage"},"image":{"@id":"https:\/\/sbdapparel.lv\/product\/reflect-powerlifting-singlets\/#primaryimage"},"thumbnailUrl":"https:\/\/sbdapparel.lv\/wp-content\/uploads\/2024\/11\/Reflect-Singlet-04.jpg","datePublished":"2024-11-10T16:11:31+00:00","dateModified":"2026-04-11T16:05:34+00:00","breadcrumb":{"@id":"https:\/\/sbdapparel.lv\/product\/reflect-powerlifting-singlets\/#breadcrumb"},"inLanguage":"en-US","potentialAction":[{"@type":"ReadAction","target":["https:\/\/sbdapparel.lv\/product\/reflect-powerlifting-singlets\/"]}]},{"@type":"ImageObject","inLanguage":"en-US","@id":"https:\/\/sbdapparel.lv\/product\/reflect-powerlifting-singlets\/#primaryimage","url":"https:\/\/sbdapparel.lv\/wp-content\/uploads\/2024\/11\/Reflect-Singlet-04.jpg","contentUrl":"https:\/\/sbdapparel.lv\/wp-content\/uploads\/2024\/11\/Reflect-Singlet-04.jpg","width":2048,"height":2048},{"@type":"BreadcrumbList","@id":"https:\/\/sbdapparel.lv\/product\/reflect-powerlifting-singlets\/#breadcrumb","itemListElement":[{"@type":"ListItem","position":1,"name":"Home","item":"https:\/\/sbdapparel.lv\/"},{"@type":"ListItem","position":2,"name":"Produktai","item":"https:\/\/sbdapparel.lv\/shop\/"},{"@type":"ListItem","position":3,"name":"REFLECT POWERLIFTING SINGLETS"}]},{"@type":"WebSite","@id":"https:\/\/sbdapparel.lv\/#website","url":"https:\/\/sbdapparel.lv\/","name":"sbdapparel.lv","description":"Latvija","publisher":{"@id":"https:\/\/sbdapparel.lv\/#organization"},"potentialAction":[{"@type":"SearchAction","target":{"@type":"EntryPoint","urlTemplate":"https:\/\/sbdapparel.lv\/?s={search_term_string}"},"query-input":{"@type":"PropertyValueSpecification","valueRequired":true,"valueName":"search_term_string"}}],"inLanguage":"en-US"},{"@type":"Organization","@id":"https:\/\/sbdapparel.lv\/#organization","name":"SBD Apparel LV","url":"https:\/\/sbdapparel.lv\/","logo":{"@type":"ImageObject","inLanguage":"en-US","@id":"https:\/\/sbdapparel.lv\/#\/schema\/logo\/image\/","url":"https:\/\/sbdapparel.lv\/wp-content\/uploads\/2023\/07\/cropped-SBD_Identity_OnDark_RGB.png","contentUrl":"https:\/\/sbdapparel.lv\/wp-content\/uploads\/2023\/07\/cropped-SBD_Identity_OnDark_RGB.png","width":1182,"height":515,"caption":"SBD Apparel LV"},"image":{"@id":"https:\/\/sbdapparel.lv\/#\/schema\/logo\/image\/"}}]}},"_links":{"self":[{"href":"https:\/\/sbdapparel.lv\/en\/wp-json\/wp\/v2\/product\/2251","targetHints":{"allow":["GET"]}}],"collection":[{"href":"https:\/\/sbdapparel.lv\/en\/wp-json\/wp\/v2\/product"}],"about":[{"href":"https:\/\/sbdapparel.lv\/en\/wp-json\/wp\/v2\/types\/product"}],"version-history":[{"count":4,"href":"https:\/\/sbdapparel.lv\/en\/wp-json\/wp\/v2\/product\/2251\/revisions"}],"predecessor-version":[{"id":4653,"href":"https:\/\/sbdapparel.lv\/en\/wp-json\/wp\/v2\/product\/2251\/revisions\/4653"}],"wp:featuredmedia":[{"embeddable":true,"href":"https:\/\/sbdapparel.lv\/en\/wp-json\/wp\/v2\/media\/2263"}],"wp:attachment":[{"href":"https:\/\/sbdapparel.lv\/en\/wp-json\/wp\/v2\/media?parent=2251"}],"wp:term":[{"taxonomy":"product_brand","embeddable":true,"href":"https:\/\/sbdapparel.lv\/en\/wp-json\/wp\/v2\/product_brand?post=2251"},{"taxonomy":"product_cat","embeddable":true,"href":"https:\/\/sbdapparel.lv\/en\/wp-json\/wp\/v2\/product_cat?post=2251"},{"taxonomy":"product_tag","embeddable":true,"href":"https:\/\/sbdapparel.lv\/en\/wp-json\/wp\/v2\/product_tag?post=2251"},{"taxonomy":"giftcard-category","embeddable":true,"href":"https:\/\/sbdapparel.lv\/en\/wp-json\/wp\/v2\/giftcard-category?post=2251"}],"curies":[{"name":"wp","href":"https:\/\/api.w.org\/{rel}","templated":true}]}}