{"id":2203,"date":"2024-11-10T15:42:54","date_gmt":"2024-11-10T15:42:54","guid":{"rendered":"https:\/\/sbdapparel.lv\/?post_type=product&#038;p=2203"},"modified":"2025-12-29T09:30:39","modified_gmt":"2025-12-29T07:30:39","slug":"sbd-sacencibu-celu-saites","status":"publish","type":"product","link":"https:\/\/sbdapparel.lv\/en\/product\/sbd-sacencibu-celu-saites\/","title":{"rendered":"Official SBD Competition Knee Wraps"},"content":{"rendered":"","protected":false},"excerpt":{"rendered":"<p>Made with patented elastics specially designed for SBD maximum squat. A track design woven into the wrap ensures a secure and tight wrap. Sold as a pair.<br \/>\nIPF approved with maximum width (8cm) and maximum length (2m) allowed in IPF competitions. For training and non-IPF competitions, a length of 2.5 m can be allocated.<br \/>\nPatented bandage design ensures secure and tight wrapping.<br \/>\nMaximum elongation when wrapping on knees..<br \/>\nHigh elastic strength for maximum support and bounce.<br \/>\nMade in Sheffield, Great Britain.<\/p>","protected":false},"featured_media":2207,"template":"","meta":[],"product_brand":[],"product_cat":[46,56],"product_tag":[],"giftcard-category":[],"class_list":{"0":"post-2203","1":"product","2":"type-product","3":"status-publish","4":"has-post-thumbnail","6":"product_cat-celu-saites","7":"product_cat-klasikine","10":"outofstock","11":"shipping-taxable","12":"purchasable","13":"product-type-variable","14":"product-grid-view"},"yoast_head":"<!-- This site is optimized with the Yoast SEO plugin v27.4 - https:\/\/yoast.com\/product\/yoast-seo-wordpress\/ -->\n<title>Official SBD Competition Knee Wraps - SBD Apparel LV<\/title>\n<meta name=\"robots\" content=\"index, follow, max-snippet:-1, max-image-preview:large, max-video-preview:-1\" \/>\n<link rel=\"canonical\" href=\"https:\/\/sbdapparel.lv\/en\/product\/sbd-sacencibu-celu-saites\/\" \/>\n<meta property=\"og:locale\" content=\"en_US\" \/>\n<meta property=\"og:type\" content=\"article\" \/>\n<meta property=\"og:title\" content=\"Official SBD Competition Knee Wraps - SBD Apparel LV\" \/>\n<meta property=\"og:description\" content=\"Izgatavots no patent\u0113t\u0101m gumij\u0101m, kas \u012bpa\u0161i paredz\u0113tas SBD maksim\u0101lai tup\u0113\u0161anai. Aptinum\u0101 ieaustais slie\u017eu ce\u013ca dizains nodro\u0161ina dro\u0161u un cie\u0161u aptinumu. IPF apstiprin\u0101ts ar maksim\u0101lo platumu (8 cm) un maksim\u0101lo garumu (2 m), kas at\u013cauts IPF sacens\u012bb\u0101s. Treni\u0146iem un ne-IPF sacens\u012bb\u0101m var izmantot 2,5 m garumu. Patent\u0113ta p\u0101rs\u0113ju konstrukcija nodro\u0161ina dro\u0161u un cie\u0161u aptinumu. Maksim\u0101lais pagarin\u0101jums, ripojot uz ce\u013ciem. Augsta elast\u012bga iztur\u012bba maksim\u0101lam atbalstam un atsitienam. Ra\u017eots Lielbrit\u0101nij\u0101.\" \/>\n<meta property=\"og:url\" content=\"https:\/\/sbdapparel.lv\/en\/product\/sbd-sacencibu-celu-saites\/\" \/>\n<meta property=\"og:site_name\" content=\"SBD Apparel LV\" \/>\n<meta property=\"article:modified_time\" content=\"2025-12-29T07:30:39+00:00\" \/>\n<meta property=\"og:image\" content=\"https:\/\/sbdapparel.lv\/wp-content\/uploads\/2024\/11\/Screenshot_20220515-211422_Chrome-2.jpg\" \/>\n\t<meta property=\"og:image:width\" content=\"774\" \/>\n\t<meta property=\"og:image:height\" content=\"697\" \/>\n\t<meta property=\"og:image:type\" content=\"image\/jpeg\" \/>\n<meta name=\"twitter:card\" content=\"summary_large_image\" \/>\n<script type=\"application\/ld+json\" class=\"yoast-schema-graph\">{\"@context\":\"https:\\\/\\\/schema.org\",\"@graph\":[{\"@type\":\"WebPage\",\"@id\":\"https:\\\/\\\/sbdapparel.lv\\\/product\\\/sbd-sacencibu-celu-saites\\\/\",\"url\":\"https:\\\/\\\/sbdapparel.lv\\\/product\\\/sbd-sacencibu-celu-saites\\\/\",\"name\":\"Official SBD Competition Knee Wraps - SBD Apparel LV\",\"isPartOf\":{\"@id\":\"https:\\\/\\\/sbdapparel.lv\\\/#website\"},\"primaryImageOfPage\":{\"@id\":\"https:\\\/\\\/sbdapparel.lv\\\/product\\\/sbd-sacencibu-celu-saites\\\/#primaryimage\"},\"image\":{\"@id\":\"https:\\\/\\\/sbdapparel.lv\\\/product\\\/sbd-sacencibu-celu-saites\\\/#primaryimage\"},\"thumbnailUrl\":\"https:\\\/\\\/sbdapparel.lv\\\/wp-content\\\/uploads\\\/2024\\\/11\\\/Screenshot_20220515-211422_Chrome-2.jpg\",\"datePublished\":\"2024-11-10T15:42:54+00:00\",\"dateModified\":\"2025-12-29T07:30:39+00:00\",\"breadcrumb\":{\"@id\":\"https:\\\/\\\/sbdapparel.lv\\\/product\\\/sbd-sacencibu-celu-saites\\\/#breadcrumb\"},\"inLanguage\":\"en-US\",\"potentialAction\":[{\"@type\":\"ReadAction\",\"target\":[\"https:\\\/\\\/sbdapparel.lv\\\/product\\\/sbd-sacencibu-celu-saites\\\/\"]}]},{\"@type\":\"ImageObject\",\"inLanguage\":\"en-US\",\"@id\":\"https:\\\/\\\/sbdapparel.lv\\\/product\\\/sbd-sacencibu-celu-saites\\\/#primaryimage\",\"url\":\"https:\\\/\\\/sbdapparel.lv\\\/wp-content\\\/uploads\\\/2024\\\/11\\\/Screenshot_20220515-211422_Chrome-2.jpg\",\"contentUrl\":\"https:\\\/\\\/sbdapparel.lv\\\/wp-content\\\/uploads\\\/2024\\\/11\\\/Screenshot_20220515-211422_Chrome-2.jpg\",\"width\":774,\"height\":697},{\"@type\":\"BreadcrumbList\",\"@id\":\"https:\\\/\\\/sbdapparel.lv\\\/product\\\/sbd-sacencibu-celu-saites\\\/#breadcrumb\",\"itemListElement\":[{\"@type\":\"ListItem\",\"position\":1,\"name\":\"Home\",\"item\":\"https:\\\/\\\/sbdapparel.lv\\\/\"},{\"@type\":\"ListItem\",\"position\":2,\"name\":\"Produktai\",\"item\":\"https:\\\/\\\/sbdapparel.lv\\\/shop\\\/\"},{\"@type\":\"ListItem\",\"position\":3,\"name\":\"Official SBD Competition Knee Wraps\"}]},{\"@type\":\"WebSite\",\"@id\":\"https:\\\/\\\/sbdapparel.lv\\\/#website\",\"url\":\"https:\\\/\\\/sbdapparel.lv\\\/\",\"name\":\"sbdapparel.lv\",\"description\":\"Latvija\",\"publisher\":{\"@id\":\"https:\\\/\\\/sbdapparel.lv\\\/#organization\"},\"potentialAction\":[{\"@type\":\"SearchAction\",\"target\":{\"@type\":\"EntryPoint\",\"urlTemplate\":\"https:\\\/\\\/sbdapparel.lv\\\/?s={search_term_string}\"},\"query-input\":{\"@type\":\"PropertyValueSpecification\",\"valueRequired\":true,\"valueName\":\"search_term_string\"}}],\"inLanguage\":\"en-US\"},{\"@type\":\"Organization\",\"@id\":\"https:\\\/\\\/sbdapparel.lv\\\/#organization\",\"name\":\"SBD Apparel LV\",\"url\":\"https:\\\/\\\/sbdapparel.lv\\\/\",\"logo\":{\"@type\":\"ImageObject\",\"inLanguage\":\"en-US\",\"@id\":\"https:\\\/\\\/sbdapparel.lv\\\/#\\\/schema\\\/logo\\\/image\\\/\",\"url\":\"https:\\\/\\\/sbdapparel.lv\\\/wp-content\\\/uploads\\\/2023\\\/07\\\/cropped-SBD_Identity_OnDark_RGB.png\",\"contentUrl\":\"https:\\\/\\\/sbdapparel.lv\\\/wp-content\\\/uploads\\\/2023\\\/07\\\/cropped-SBD_Identity_OnDark_RGB.png\",\"width\":1182,\"height\":515,\"caption\":\"SBD Apparel LV\"},\"image\":{\"@id\":\"https:\\\/\\\/sbdapparel.lv\\\/#\\\/schema\\\/logo\\\/image\\\/\"}}]}<\/script>\n<!-- \/ Yoast SEO plugin. -->","yoast_head_json":{"title":"Official SBD Competition Knee Wraps - SBD Apparel LV","robots":{"index":"index","follow":"follow","max-snippet":"max-snippet:-1","max-image-preview":"max-image-preview:large","max-video-preview":"max-video-preview:-1"},"canonical":"https:\/\/sbdapparel.lv\/en\/product\/sbd-sacencibu-celu-saites\/","og_locale":"en_US","og_type":"article","og_title":"Official SBD Competition Knee Wraps - SBD Apparel LV","og_description":"Izgatavots no patent\u0113t\u0101m gumij\u0101m, kas \u012bpa\u0161i paredz\u0113tas SBD maksim\u0101lai tup\u0113\u0161anai. Aptinum\u0101 ieaustais slie\u017eu ce\u013ca dizains nodro\u0161ina dro\u0161u un cie\u0161u aptinumu. IPF apstiprin\u0101ts ar maksim\u0101lo platumu (8 cm) un maksim\u0101lo garumu (2 m), kas at\u013cauts IPF sacens\u012bb\u0101s. Treni\u0146iem un ne-IPF sacens\u012bb\u0101m var izmantot 2,5 m garumu. Patent\u0113ta p\u0101rs\u0113ju konstrukcija nodro\u0161ina dro\u0161u un cie\u0161u aptinumu. Maksim\u0101lais pagarin\u0101jums, ripojot uz ce\u013ciem. Augsta elast\u012bga iztur\u012bba maksim\u0101lam atbalstam un atsitienam. Ra\u017eots Lielbrit\u0101nij\u0101.","og_url":"https:\/\/sbdapparel.lv\/en\/product\/sbd-sacencibu-celu-saites\/","og_site_name":"SBD Apparel LV","article_modified_time":"2025-12-29T07:30:39+00:00","og_image":[{"width":774,"height":697,"url":"https:\/\/sbdapparel.lv\/wp-content\/uploads\/2024\/11\/Screenshot_20220515-211422_Chrome-2.jpg","type":"image\/jpeg"}],"twitter_card":"summary_large_image","schema":{"@context":"https:\/\/schema.org","@graph":[{"@type":"WebPage","@id":"https:\/\/sbdapparel.lv\/product\/sbd-sacencibu-celu-saites\/","url":"https:\/\/sbdapparel.lv\/product\/sbd-sacencibu-celu-saites\/","name":"Official SBD Competition Knee Wraps - SBD Apparel LV","isPartOf":{"@id":"https:\/\/sbdapparel.lv\/#website"},"primaryImageOfPage":{"@id":"https:\/\/sbdapparel.lv\/product\/sbd-sacencibu-celu-saites\/#primaryimage"},"image":{"@id":"https:\/\/sbdapparel.lv\/product\/sbd-sacencibu-celu-saites\/#primaryimage"},"thumbnailUrl":"https:\/\/sbdapparel.lv\/wp-content\/uploads\/2024\/11\/Screenshot_20220515-211422_Chrome-2.jpg","datePublished":"2024-11-10T15:42:54+00:00","dateModified":"2025-12-29T07:30:39+00:00","breadcrumb":{"@id":"https:\/\/sbdapparel.lv\/product\/sbd-sacencibu-celu-saites\/#breadcrumb"},"inLanguage":"en-US","potentialAction":[{"@type":"ReadAction","target":["https:\/\/sbdapparel.lv\/product\/sbd-sacencibu-celu-saites\/"]}]},{"@type":"ImageObject","inLanguage":"en-US","@id":"https:\/\/sbdapparel.lv\/product\/sbd-sacencibu-celu-saites\/#primaryimage","url":"https:\/\/sbdapparel.lv\/wp-content\/uploads\/2024\/11\/Screenshot_20220515-211422_Chrome-2.jpg","contentUrl":"https:\/\/sbdapparel.lv\/wp-content\/uploads\/2024\/11\/Screenshot_20220515-211422_Chrome-2.jpg","width":774,"height":697},{"@type":"BreadcrumbList","@id":"https:\/\/sbdapparel.lv\/product\/sbd-sacencibu-celu-saites\/#breadcrumb","itemListElement":[{"@type":"ListItem","position":1,"name":"Home","item":"https:\/\/sbdapparel.lv\/"},{"@type":"ListItem","position":2,"name":"Produktai","item":"https:\/\/sbdapparel.lv\/shop\/"},{"@type":"ListItem","position":3,"name":"Official SBD Competition Knee Wraps"}]},{"@type":"WebSite","@id":"https:\/\/sbdapparel.lv\/#website","url":"https:\/\/sbdapparel.lv\/","name":"sbdapparel.lv","description":"Latvija","publisher":{"@id":"https:\/\/sbdapparel.lv\/#organization"},"potentialAction":[{"@type":"SearchAction","target":{"@type":"EntryPoint","urlTemplate":"https:\/\/sbdapparel.lv\/?s={search_term_string}"},"query-input":{"@type":"PropertyValueSpecification","valueRequired":true,"valueName":"search_term_string"}}],"inLanguage":"en-US"},{"@type":"Organization","@id":"https:\/\/sbdapparel.lv\/#organization","name":"SBD Apparel LV","url":"https:\/\/sbdapparel.lv\/","logo":{"@type":"ImageObject","inLanguage":"en-US","@id":"https:\/\/sbdapparel.lv\/#\/schema\/logo\/image\/","url":"https:\/\/sbdapparel.lv\/wp-content\/uploads\/2023\/07\/cropped-SBD_Identity_OnDark_RGB.png","contentUrl":"https:\/\/sbdapparel.lv\/wp-content\/uploads\/2023\/07\/cropped-SBD_Identity_OnDark_RGB.png","width":1182,"height":515,"caption":"SBD Apparel LV"},"image":{"@id":"https:\/\/sbdapparel.lv\/#\/schema\/logo\/image\/"}}]}},"_links":{"self":[{"href":"https:\/\/sbdapparel.lv\/en\/wp-json\/wp\/v2\/product\/2203","targetHints":{"allow":["GET"]}}],"collection":[{"href":"https:\/\/sbdapparel.lv\/en\/wp-json\/wp\/v2\/product"}],"about":[{"href":"https:\/\/sbdapparel.lv\/en\/wp-json\/wp\/v2\/types\/product"}],"version-history":[{"count":6,"href":"https:\/\/sbdapparel.lv\/en\/wp-json\/wp\/v2\/product\/2203\/revisions"}],"predecessor-version":[{"id":5568,"href":"https:\/\/sbdapparel.lv\/en\/wp-json\/wp\/v2\/product\/2203\/revisions\/5568"}],"wp:featuredmedia":[{"embeddable":true,"href":"https:\/\/sbdapparel.lv\/en\/wp-json\/wp\/v2\/media\/2207"}],"wp:attachment":[{"href":"https:\/\/sbdapparel.lv\/en\/wp-json\/wp\/v2\/media?parent=2203"}],"wp:term":[{"taxonomy":"product_brand","embeddable":true,"href":"https:\/\/sbdapparel.lv\/en\/wp-json\/wp\/v2\/product_brand?post=2203"},{"taxonomy":"product_cat","embeddable":true,"href":"https:\/\/sbdapparel.lv\/en\/wp-json\/wp\/v2\/product_cat?post=2203"},{"taxonomy":"product_tag","embeddable":true,"href":"https:\/\/sbdapparel.lv\/en\/wp-json\/wp\/v2\/product_tag?post=2203"},{"taxonomy":"giftcard-category","embeddable":true,"href":"https:\/\/sbdapparel.lv\/en\/wp-json\/wp\/v2\/giftcard-category?post=2203"}],"curies":[{"name":"wp","href":"https:\/\/api.w.org\/{rel}","templated":true}]}}