{"id":2195,"date":"2024-11-10T15:35:52","date_gmt":"2024-11-10T15:35:52","guid":{"rendered":"https:\/\/sbdapparel.lv\/?post_type=product&#038;p=2195"},"modified":"2026-01-31T22:53:06","modified_gmt":"2026-01-31T20:53:06","slug":"storm-plaukstu-locitavu-saites","status":"publish","type":"product","link":"https:\/\/sbdapparel.lv\/en\/product\/storm-plaukstu-locitavu-saites\/","title":{"rendered":"STORM PLAUKSTU LOC\u012aTAVU SAITES"},"content":{"rendered":"","protected":false},"excerpt":{"rendered":"<p>Wrist wraps relied on by strength athletes around the world, available in two versions and three lengths, to accommodate for every preference.<\/p>\n<p>Flexible \u2013 Designed to support the wrist while allowing the wrist to flex, designed for superior moulding to the wrist, and upgraded comfort during supported wrist flexion.<\/p>\n<p>Stiff - Designed to cast and immobilise the wrist, now with a softer finish, to resist wrist flexion while minimising discomfort.<\/p>\n<p>Sold as a pair.<br \/>\nIPF approved with the maximum width (8cm) and available up to the maximum length (1m).<br \/>\nProprietary wide elastics developed and manufactured specifically for wrist support.<br \/>\nLeft and right designs for equal wrapping of each wrist.<br \/>\nMade in Sheffield, Great Britain.<\/p>","protected":false},"featured_media":2197,"template":"","meta":[],"product_brand":[],"product_cat":[45,60],"product_tag":[],"giftcard-category":[],"class_list":{"0":"post-2195","1":"product","2":"type-product","3":"status-publish","4":"has-post-thumbnail","6":"product_cat-riesubintai","7":"product_cat-storm","10":"outofstock","11":"shipping-taxable","12":"purchasable","13":"product-type-variable","14":"product-grid-view"},"yoast_head":"<!-- This site is optimized with the Yoast SEO plugin v27.4 - https:\/\/yoast.com\/product\/yoast-seo-wordpress\/ -->\n<title>STORM PLAUKSTU LOC\u012aTAVU SAITES - SBD Apparel LV<\/title>\n<meta name=\"robots\" content=\"index, follow, max-snippet:-1, max-image-preview:large, max-video-preview:-1\" \/>\n<link rel=\"canonical\" href=\"https:\/\/sbdapparel.lv\/en\/product\/storm-plaukstu-locitavu-saites\/\" \/>\n<meta property=\"og:locale\" content=\"en_US\" \/>\n<meta property=\"og:type\" content=\"article\" \/>\n<meta property=\"og:title\" content=\"STORM PLAUKSTU LOC\u012aTAVU SAITES - SBD Apparel LV\" \/>\n<meta property=\"og:description\" content=\"Uzticas sp\u0113ka sportisti vis\u0101 pasaul\u0113, plaukstas loc\u012btavas ir pieejamas div\u0101s versij\u0101s un tr\u012bs garumos, lai t\u0101s atbilstu vis\u0101m vajadz\u012bb\u0101m.  Elast\u012bgs \u2013 izstr\u0101d\u0101ts, lai atbalst\u012btu plaukstas loc\u012btavu, vienlaikus \u013caujot plaukstas loc\u012btavai saliekties, paredz\u0113tas lieliskai plaukstas loc\u012btavas veido\u0161anai un uzlabotam komfortam plaukstas loc\u012btavas saliek\u0161anas laik\u0101.  Stingrs\u00a0\u2014 paredz\u0113ts plaukstas loc\u012btavas apme\u0161anai un imobiliz\u0101cijai, tagad ar m\u012bkst\u0101ku apdari, lai pretotos plaukstas loc\u012btavai un samazin\u0101tu diskomfortu  P\u0101rdots k\u0101 p\u0101ris. IPF apstiprin\u0101ts ar maksim\u0101lo platumu (8 cm) un pieejams l\u012bdz maksim\u0101lajam garumam (1 m). Patent\u0113tas platas gumijas, kas izstr\u0101d\u0101tas un ra\u017eotas \u012bpa\u0161i plaukstu loc\u012btavu atbalstam. Kreis\u0101s un lab\u0101s puses dizains vien\u0101di aptver katru plaukstas loc\u012btavu. Ra\u017eots Lielbrit\u0101nij\u0101.\" \/>\n<meta property=\"og:url\" content=\"https:\/\/sbdapparel.lv\/en\/product\/storm-plaukstu-locitavu-saites\/\" \/>\n<meta property=\"og:site_name\" content=\"SBD Apparel LV\" \/>\n<meta property=\"article:modified_time\" content=\"2026-01-31T20:53:06+00:00\" \/>\n<meta property=\"og:image\" content=\"https:\/\/sbdapparel.lv\/wp-content\/uploads\/2024\/11\/STORM-WRIST-WRAP-STIFF-01.jpg\" \/>\n\t<meta property=\"og:image:width\" content=\"1920\" \/>\n\t<meta property=\"og:image:height\" content=\"1080\" \/>\n\t<meta property=\"og:image:type\" content=\"image\/jpeg\" \/>\n<meta name=\"twitter:card\" content=\"summary_large_image\" \/>\n<script type=\"application\/ld+json\" class=\"yoast-schema-graph\">{\"@context\":\"https:\\\/\\\/schema.org\",\"@graph\":[{\"@type\":\"WebPage\",\"@id\":\"https:\\\/\\\/sbdapparel.lv\\\/product\\\/storm-plaukstu-locitavu-saites\\\/\",\"url\":\"https:\\\/\\\/sbdapparel.lv\\\/product\\\/storm-plaukstu-locitavu-saites\\\/\",\"name\":\"STORM PLAUKSTU LOC\u012aTAVU SAITES - SBD Apparel LV\",\"isPartOf\":{\"@id\":\"https:\\\/\\\/sbdapparel.lv\\\/#website\"},\"primaryImageOfPage\":{\"@id\":\"https:\\\/\\\/sbdapparel.lv\\\/product\\\/storm-plaukstu-locitavu-saites\\\/#primaryimage\"},\"image\":{\"@id\":\"https:\\\/\\\/sbdapparel.lv\\\/product\\\/storm-plaukstu-locitavu-saites\\\/#primaryimage\"},\"thumbnailUrl\":\"https:\\\/\\\/sbdapparel.lv\\\/wp-content\\\/uploads\\\/2024\\\/11\\\/STORM-WRIST-WRAP-STIFF-01.jpg\",\"datePublished\":\"2024-11-10T15:35:52+00:00\",\"dateModified\":\"2026-01-31T20:53:06+00:00\",\"breadcrumb\":{\"@id\":\"https:\\\/\\\/sbdapparel.lv\\\/product\\\/storm-plaukstu-locitavu-saites\\\/#breadcrumb\"},\"inLanguage\":\"en-US\",\"potentialAction\":[{\"@type\":\"ReadAction\",\"target\":[\"https:\\\/\\\/sbdapparel.lv\\\/product\\\/storm-plaukstu-locitavu-saites\\\/\"]}]},{\"@type\":\"ImageObject\",\"inLanguage\":\"en-US\",\"@id\":\"https:\\\/\\\/sbdapparel.lv\\\/product\\\/storm-plaukstu-locitavu-saites\\\/#primaryimage\",\"url\":\"https:\\\/\\\/sbdapparel.lv\\\/wp-content\\\/uploads\\\/2024\\\/11\\\/STORM-WRIST-WRAP-STIFF-01.jpg\",\"contentUrl\":\"https:\\\/\\\/sbdapparel.lv\\\/wp-content\\\/uploads\\\/2024\\\/11\\\/STORM-WRIST-WRAP-STIFF-01.jpg\",\"width\":1920,\"height\":1080},{\"@type\":\"BreadcrumbList\",\"@id\":\"https:\\\/\\\/sbdapparel.lv\\\/product\\\/storm-plaukstu-locitavu-saites\\\/#breadcrumb\",\"itemListElement\":[{\"@type\":\"ListItem\",\"position\":1,\"name\":\"Home\",\"item\":\"https:\\\/\\\/sbdapparel.lv\\\/\"},{\"@type\":\"ListItem\",\"position\":2,\"name\":\"Produktai\",\"item\":\"https:\\\/\\\/sbdapparel.lv\\\/shop\\\/\"},{\"@type\":\"ListItem\",\"position\":3,\"name\":\"STORM PLAUKSTU LOC\u012aTAVU SAITES\"}]},{\"@type\":\"WebSite\",\"@id\":\"https:\\\/\\\/sbdapparel.lv\\\/#website\",\"url\":\"https:\\\/\\\/sbdapparel.lv\\\/\",\"name\":\"sbdapparel.lv\",\"description\":\"Latvija\",\"publisher\":{\"@id\":\"https:\\\/\\\/sbdapparel.lv\\\/#organization\"},\"potentialAction\":[{\"@type\":\"SearchAction\",\"target\":{\"@type\":\"EntryPoint\",\"urlTemplate\":\"https:\\\/\\\/sbdapparel.lv\\\/?s={search_term_string}\"},\"query-input\":{\"@type\":\"PropertyValueSpecification\",\"valueRequired\":true,\"valueName\":\"search_term_string\"}}],\"inLanguage\":\"en-US\"},{\"@type\":\"Organization\",\"@id\":\"https:\\\/\\\/sbdapparel.lv\\\/#organization\",\"name\":\"SBD Apparel LV\",\"url\":\"https:\\\/\\\/sbdapparel.lv\\\/\",\"logo\":{\"@type\":\"ImageObject\",\"inLanguage\":\"en-US\",\"@id\":\"https:\\\/\\\/sbdapparel.lv\\\/#\\\/schema\\\/logo\\\/image\\\/\",\"url\":\"https:\\\/\\\/sbdapparel.lv\\\/wp-content\\\/uploads\\\/2023\\\/07\\\/cropped-SBD_Identity_OnDark_RGB.png\",\"contentUrl\":\"https:\\\/\\\/sbdapparel.lv\\\/wp-content\\\/uploads\\\/2023\\\/07\\\/cropped-SBD_Identity_OnDark_RGB.png\",\"width\":1182,\"height\":515,\"caption\":\"SBD Apparel LV\"},\"image\":{\"@id\":\"https:\\\/\\\/sbdapparel.lv\\\/#\\\/schema\\\/logo\\\/image\\\/\"}}]}<\/script>\n<!-- \/ Yoast SEO plugin. -->","yoast_head_json":{"title":"STORM PLAUKSTU LOC\u012aTAVU SAITES - SBD Apparel LV","robots":{"index":"index","follow":"follow","max-snippet":"max-snippet:-1","max-image-preview":"max-image-preview:large","max-video-preview":"max-video-preview:-1"},"canonical":"https:\/\/sbdapparel.lv\/en\/product\/storm-plaukstu-locitavu-saites\/","og_locale":"en_US","og_type":"article","og_title":"STORM PLAUKSTU LOC\u012aTAVU SAITES - SBD Apparel LV","og_description":"Uzticas sp\u0113ka sportisti vis\u0101 pasaul\u0113, plaukstas loc\u012btavas ir pieejamas div\u0101s versij\u0101s un tr\u012bs garumos, lai t\u0101s atbilstu vis\u0101m vajadz\u012bb\u0101m.  Elast\u012bgs \u2013 izstr\u0101d\u0101ts, lai atbalst\u012btu plaukstas loc\u012btavu, vienlaikus \u013caujot plaukstas loc\u012btavai saliekties, paredz\u0113tas lieliskai plaukstas loc\u012btavas veido\u0161anai un uzlabotam komfortam plaukstas loc\u012btavas saliek\u0161anas laik\u0101.  Stingrs\u00a0\u2014 paredz\u0113ts plaukstas loc\u012btavas apme\u0161anai un imobiliz\u0101cijai, tagad ar m\u012bkst\u0101ku apdari, lai pretotos plaukstas loc\u012btavai un samazin\u0101tu diskomfortu  P\u0101rdots k\u0101 p\u0101ris. IPF apstiprin\u0101ts ar maksim\u0101lo platumu (8 cm) un pieejams l\u012bdz maksim\u0101lajam garumam (1 m). Patent\u0113tas platas gumijas, kas izstr\u0101d\u0101tas un ra\u017eotas \u012bpa\u0161i plaukstu loc\u012btavu atbalstam. Kreis\u0101s un lab\u0101s puses dizains vien\u0101di aptver katru plaukstas loc\u012btavu. Ra\u017eots Lielbrit\u0101nij\u0101.","og_url":"https:\/\/sbdapparel.lv\/en\/product\/storm-plaukstu-locitavu-saites\/","og_site_name":"SBD Apparel LV","article_modified_time":"2026-01-31T20:53:06+00:00","og_image":[{"width":1920,"height":1080,"url":"https:\/\/sbdapparel.lv\/wp-content\/uploads\/2024\/11\/STORM-WRIST-WRAP-STIFF-01.jpg","type":"image\/jpeg"}],"twitter_card":"summary_large_image","schema":{"@context":"https:\/\/schema.org","@graph":[{"@type":"WebPage","@id":"https:\/\/sbdapparel.lv\/product\/storm-plaukstu-locitavu-saites\/","url":"https:\/\/sbdapparel.lv\/product\/storm-plaukstu-locitavu-saites\/","name":"STORM PLAUKSTU LOC\u012aTAVU SAITES - SBD Apparel LV","isPartOf":{"@id":"https:\/\/sbdapparel.lv\/#website"},"primaryImageOfPage":{"@id":"https:\/\/sbdapparel.lv\/product\/storm-plaukstu-locitavu-saites\/#primaryimage"},"image":{"@id":"https:\/\/sbdapparel.lv\/product\/storm-plaukstu-locitavu-saites\/#primaryimage"},"thumbnailUrl":"https:\/\/sbdapparel.lv\/wp-content\/uploads\/2024\/11\/STORM-WRIST-WRAP-STIFF-01.jpg","datePublished":"2024-11-10T15:35:52+00:00","dateModified":"2026-01-31T20:53:06+00:00","breadcrumb":{"@id":"https:\/\/sbdapparel.lv\/product\/storm-plaukstu-locitavu-saites\/#breadcrumb"},"inLanguage":"en-US","potentialAction":[{"@type":"ReadAction","target":["https:\/\/sbdapparel.lv\/product\/storm-plaukstu-locitavu-saites\/"]}]},{"@type":"ImageObject","inLanguage":"en-US","@id":"https:\/\/sbdapparel.lv\/product\/storm-plaukstu-locitavu-saites\/#primaryimage","url":"https:\/\/sbdapparel.lv\/wp-content\/uploads\/2024\/11\/STORM-WRIST-WRAP-STIFF-01.jpg","contentUrl":"https:\/\/sbdapparel.lv\/wp-content\/uploads\/2024\/11\/STORM-WRIST-WRAP-STIFF-01.jpg","width":1920,"height":1080},{"@type":"BreadcrumbList","@id":"https:\/\/sbdapparel.lv\/product\/storm-plaukstu-locitavu-saites\/#breadcrumb","itemListElement":[{"@type":"ListItem","position":1,"name":"Home","item":"https:\/\/sbdapparel.lv\/"},{"@type":"ListItem","position":2,"name":"Produktai","item":"https:\/\/sbdapparel.lv\/shop\/"},{"@type":"ListItem","position":3,"name":"STORM PLAUKSTU LOC\u012aTAVU SAITES"}]},{"@type":"WebSite","@id":"https:\/\/sbdapparel.lv\/#website","url":"https:\/\/sbdapparel.lv\/","name":"sbdapparel.lv","description":"Latvija","publisher":{"@id":"https:\/\/sbdapparel.lv\/#organization"},"potentialAction":[{"@type":"SearchAction","target":{"@type":"EntryPoint","urlTemplate":"https:\/\/sbdapparel.lv\/?s={search_term_string}"},"query-input":{"@type":"PropertyValueSpecification","valueRequired":true,"valueName":"search_term_string"}}],"inLanguage":"en-US"},{"@type":"Organization","@id":"https:\/\/sbdapparel.lv\/#organization","name":"SBD Apparel LV","url":"https:\/\/sbdapparel.lv\/","logo":{"@type":"ImageObject","inLanguage":"en-US","@id":"https:\/\/sbdapparel.lv\/#\/schema\/logo\/image\/","url":"https:\/\/sbdapparel.lv\/wp-content\/uploads\/2023\/07\/cropped-SBD_Identity_OnDark_RGB.png","contentUrl":"https:\/\/sbdapparel.lv\/wp-content\/uploads\/2023\/07\/cropped-SBD_Identity_OnDark_RGB.png","width":1182,"height":515,"caption":"SBD Apparel LV"},"image":{"@id":"https:\/\/sbdapparel.lv\/#\/schema\/logo\/image\/"}}]}},"_links":{"self":[{"href":"https:\/\/sbdapparel.lv\/en\/wp-json\/wp\/v2\/product\/2195","targetHints":{"allow":["GET"]}}],"collection":[{"href":"https:\/\/sbdapparel.lv\/en\/wp-json\/wp\/v2\/product"}],"about":[{"href":"https:\/\/sbdapparel.lv\/en\/wp-json\/wp\/v2\/types\/product"}],"version-history":[{"count":4,"href":"https:\/\/sbdapparel.lv\/en\/wp-json\/wp\/v2\/product\/2195\/revisions"}],"predecessor-version":[{"id":5430,"href":"https:\/\/sbdapparel.lv\/en\/wp-json\/wp\/v2\/product\/2195\/revisions\/5430"}],"wp:featuredmedia":[{"embeddable":true,"href":"https:\/\/sbdapparel.lv\/en\/wp-json\/wp\/v2\/media\/2197"}],"wp:attachment":[{"href":"https:\/\/sbdapparel.lv\/en\/wp-json\/wp\/v2\/media?parent=2195"}],"wp:term":[{"taxonomy":"product_brand","embeddable":true,"href":"https:\/\/sbdapparel.lv\/en\/wp-json\/wp\/v2\/product_brand?post=2195"},{"taxonomy":"product_cat","embeddable":true,"href":"https:\/\/sbdapparel.lv\/en\/wp-json\/wp\/v2\/product_cat?post=2195"},{"taxonomy":"product_tag","embeddable":true,"href":"https:\/\/sbdapparel.lv\/en\/wp-json\/wp\/v2\/product_tag?post=2195"},{"taxonomy":"giftcard-category","embeddable":true,"href":"https:\/\/sbdapparel.lv\/en\/wp-json\/wp\/v2\/giftcard-category?post=2195"}],"curies":[{"name":"wp","href":"https:\/\/api.w.org\/{rel}","templated":true}]}}