{"id":2145,"date":"2024-11-10T15:13:53","date_gmt":"2024-11-10T15:13:53","guid":{"rendered":"https:\/\/sbdapparel.lv\/?post_type=product&#038;p=2145"},"modified":"2025-11-11T09:15:30","modified_gmt":"2025-11-11T07:15:30","slug":"sbd-klasiskas-plaukstu-locitavu-saites","status":"publish","type":"product","link":"https:\/\/sbdapparel.lv\/en\/product\/sbd-klasiskas-plaukstu-locitavu-saites\/","title":{"rendered":"SBD KLASISK\u0100S PLAUKSTU LOC\u012aTAVU SAITES"},"content":{"rendered":"","protected":false},"excerpt":{"rendered":"<p>Sold as a pair.<br \/>\nIPF approved with the maximum width (8cm) and available up to the maximum length (1m).<br \/>\nProprietary wide elastics developed and manufactured specifically for wrist support.<br \/>\nTwo different types - flexible and rigid.<br \/>\nA strong thumb loop specially made and joined together with the main band.<br \/>\nLeft and right designs for equal wrapping of each wrist.<br \/>\nPowered by VELCRO\u00ae Brand hook and loop.<br \/>\nMade in Sheffield, Great Britain.<\/p>","protected":false},"featured_media":2152,"template":"","meta":[],"product_brand":[],"product_cat":[56,45],"product_tag":[],"giftcard-category":[],"class_list":{"0":"post-2145","1":"product","2":"type-product","3":"status-publish","4":"has-post-thumbnail","6":"product_cat-klasikine","7":"product_cat-riesubintai","10":"instock","11":"shipping-taxable","12":"purchasable","13":"product-type-variable","14":"product-grid-view"},"yoast_head":"<!-- This site is optimized with the Yoast SEO plugin v27.4 - https:\/\/yoast.com\/product\/yoast-seo-wordpress\/ -->\n<title>SBD KLASISK\u0100S PLAUKSTU LOC\u012aTAVU SAITES - SBD Apparel LV<\/title>\n<meta name=\"robots\" content=\"index, follow, max-snippet:-1, max-image-preview:large, max-video-preview:-1\" \/>\n<link rel=\"canonical\" href=\"https:\/\/sbdapparel.lv\/en\/product\/sbd-klasiskas-plaukstu-locitavu-saites\/\" \/>\n<meta property=\"og:locale\" content=\"en_US\" \/>\n<meta property=\"og:type\" content=\"article\" \/>\n<meta property=\"og:title\" content=\"SBD KLASISK\u0100S PLAUKSTU LOC\u012aTAVU SAITES - SBD Apparel LV\" \/>\n<meta property=\"og:description\" content=\"P\u0101rdots k\u0101 p\u0101ris. IPF apstiprin\u0101ts maksim\u0101lajam platumam (8 cm) un l\u012bdz maksim\u0101lajam garumam (1 m). Patent\u0113ts plats, elast\u012bgs p\u0101rs\u0113js, kas izstr\u0101d\u0101ts un ra\u017eots \u012bpa\u0161i plaukstas loc\u012btavas atbalstam Divi da\u017e\u0101di veidi \u2013 elast\u012bgs un stingrs. Iztur\u012bga \u012bk\u0161\u0137a cilpa, \u012bpa\u0161i izgatavota un savienota kop\u0101 ar galveno siksnu. Kreisais un labais p\u0101rs\u0113js vien\u0101di aptin katru plaukstas loc\u012btavu. R\u016bpniecisks stiprin\u0101jums iztur\u012bbai un dro\u0161\u012bbai. Ra\u017eots Lielbrit\u0101nij\u0101\" \/>\n<meta property=\"og:url\" content=\"https:\/\/sbdapparel.lv\/en\/product\/sbd-klasiskas-plaukstu-locitavu-saites\/\" \/>\n<meta property=\"og:site_name\" content=\"SBD Apparel LV\" \/>\n<meta property=\"article:modified_time\" content=\"2025-11-11T07:15:30+00:00\" \/>\n<meta property=\"og:image\" content=\"https:\/\/sbdapparel.lv\/wp-content\/uploads\/2024\/11\/WrapStiff.png\" \/>\n\t<meta property=\"og:image:width\" content=\"600\" \/>\n\t<meta property=\"og:image:height\" content=\"337\" \/>\n\t<meta property=\"og:image:type\" content=\"image\/png\" \/>\n<meta name=\"twitter:card\" content=\"summary_large_image\" \/>\n<script type=\"application\/ld+json\" class=\"yoast-schema-graph\">{\"@context\":\"https:\\\/\\\/schema.org\",\"@graph\":[{\"@type\":\"WebPage\",\"@id\":\"https:\\\/\\\/sbdapparel.lv\\\/product\\\/sbd-klasiskas-plaukstu-locitavu-saites\\\/\",\"url\":\"https:\\\/\\\/sbdapparel.lv\\\/product\\\/sbd-klasiskas-plaukstu-locitavu-saites\\\/\",\"name\":\"SBD KLASISK\u0100S PLAUKSTU LOC\u012aTAVU SAITES - SBD Apparel LV\",\"isPartOf\":{\"@id\":\"https:\\\/\\\/sbdapparel.lv\\\/#website\"},\"primaryImageOfPage\":{\"@id\":\"https:\\\/\\\/sbdapparel.lv\\\/product\\\/sbd-klasiskas-plaukstu-locitavu-saites\\\/#primaryimage\"},\"image\":{\"@id\":\"https:\\\/\\\/sbdapparel.lv\\\/product\\\/sbd-klasiskas-plaukstu-locitavu-saites\\\/#primaryimage\"},\"thumbnailUrl\":\"https:\\\/\\\/sbdapparel.lv\\\/wp-content\\\/uploads\\\/2024\\\/11\\\/WrapStiff.png\",\"datePublished\":\"2024-11-10T15:13:53+00:00\",\"dateModified\":\"2025-11-11T07:15:30+00:00\",\"breadcrumb\":{\"@id\":\"https:\\\/\\\/sbdapparel.lv\\\/product\\\/sbd-klasiskas-plaukstu-locitavu-saites\\\/#breadcrumb\"},\"inLanguage\":\"en-US\",\"potentialAction\":[{\"@type\":\"ReadAction\",\"target\":[\"https:\\\/\\\/sbdapparel.lv\\\/product\\\/sbd-klasiskas-plaukstu-locitavu-saites\\\/\"]}]},{\"@type\":\"ImageObject\",\"inLanguage\":\"en-US\",\"@id\":\"https:\\\/\\\/sbdapparel.lv\\\/product\\\/sbd-klasiskas-plaukstu-locitavu-saites\\\/#primaryimage\",\"url\":\"https:\\\/\\\/sbdapparel.lv\\\/wp-content\\\/uploads\\\/2024\\\/11\\\/WrapStiff.png\",\"contentUrl\":\"https:\\\/\\\/sbdapparel.lv\\\/wp-content\\\/uploads\\\/2024\\\/11\\\/WrapStiff.png\",\"width\":600,\"height\":337},{\"@type\":\"BreadcrumbList\",\"@id\":\"https:\\\/\\\/sbdapparel.lv\\\/product\\\/sbd-klasiskas-plaukstu-locitavu-saites\\\/#breadcrumb\",\"itemListElement\":[{\"@type\":\"ListItem\",\"position\":1,\"name\":\"Home\",\"item\":\"https:\\\/\\\/sbdapparel.lv\\\/\"},{\"@type\":\"ListItem\",\"position\":2,\"name\":\"Produktai\",\"item\":\"https:\\\/\\\/sbdapparel.lv\\\/shop\\\/\"},{\"@type\":\"ListItem\",\"position\":3,\"name\":\"SBD KLASISK\u0100S PLAUKSTU LOC\u012aTAVU SAITES\"}]},{\"@type\":\"WebSite\",\"@id\":\"https:\\\/\\\/sbdapparel.lv\\\/#website\",\"url\":\"https:\\\/\\\/sbdapparel.lv\\\/\",\"name\":\"sbdapparel.lv\",\"description\":\"Latvija\",\"publisher\":{\"@id\":\"https:\\\/\\\/sbdapparel.lv\\\/#organization\"},\"potentialAction\":[{\"@type\":\"SearchAction\",\"target\":{\"@type\":\"EntryPoint\",\"urlTemplate\":\"https:\\\/\\\/sbdapparel.lv\\\/?s={search_term_string}\"},\"query-input\":{\"@type\":\"PropertyValueSpecification\",\"valueRequired\":true,\"valueName\":\"search_term_string\"}}],\"inLanguage\":\"en-US\"},{\"@type\":\"Organization\",\"@id\":\"https:\\\/\\\/sbdapparel.lv\\\/#organization\",\"name\":\"SBD Apparel LV\",\"url\":\"https:\\\/\\\/sbdapparel.lv\\\/\",\"logo\":{\"@type\":\"ImageObject\",\"inLanguage\":\"en-US\",\"@id\":\"https:\\\/\\\/sbdapparel.lv\\\/#\\\/schema\\\/logo\\\/image\\\/\",\"url\":\"https:\\\/\\\/sbdapparel.lv\\\/wp-content\\\/uploads\\\/2023\\\/07\\\/cropped-SBD_Identity_OnDark_RGB.png\",\"contentUrl\":\"https:\\\/\\\/sbdapparel.lv\\\/wp-content\\\/uploads\\\/2023\\\/07\\\/cropped-SBD_Identity_OnDark_RGB.png\",\"width\":1182,\"height\":515,\"caption\":\"SBD Apparel LV\"},\"image\":{\"@id\":\"https:\\\/\\\/sbdapparel.lv\\\/#\\\/schema\\\/logo\\\/image\\\/\"}}]}<\/script>\n<!-- \/ Yoast SEO plugin. -->","yoast_head_json":{"title":"SBD KLASISK\u0100S PLAUKSTU LOC\u012aTAVU SAITES - SBD Apparel LV","robots":{"index":"index","follow":"follow","max-snippet":"max-snippet:-1","max-image-preview":"max-image-preview:large","max-video-preview":"max-video-preview:-1"},"canonical":"https:\/\/sbdapparel.lv\/en\/product\/sbd-klasiskas-plaukstu-locitavu-saites\/","og_locale":"en_US","og_type":"article","og_title":"SBD KLASISK\u0100S PLAUKSTU LOC\u012aTAVU SAITES - SBD Apparel LV","og_description":"P\u0101rdots k\u0101 p\u0101ris. IPF apstiprin\u0101ts maksim\u0101lajam platumam (8 cm) un l\u012bdz maksim\u0101lajam garumam (1 m). Patent\u0113ts plats, elast\u012bgs p\u0101rs\u0113js, kas izstr\u0101d\u0101ts un ra\u017eots \u012bpa\u0161i plaukstas loc\u012btavas atbalstam Divi da\u017e\u0101di veidi \u2013 elast\u012bgs un stingrs. Iztur\u012bga \u012bk\u0161\u0137a cilpa, \u012bpa\u0161i izgatavota un savienota kop\u0101 ar galveno siksnu. Kreisais un labais p\u0101rs\u0113js vien\u0101di aptin katru plaukstas loc\u012btavu. R\u016bpniecisks stiprin\u0101jums iztur\u012bbai un dro\u0161\u012bbai. Ra\u017eots Lielbrit\u0101nij\u0101","og_url":"https:\/\/sbdapparel.lv\/en\/product\/sbd-klasiskas-plaukstu-locitavu-saites\/","og_site_name":"SBD Apparel LV","article_modified_time":"2025-11-11T07:15:30+00:00","og_image":[{"width":600,"height":337,"url":"https:\/\/sbdapparel.lv\/wp-content\/uploads\/2024\/11\/WrapStiff.png","type":"image\/png"}],"twitter_card":"summary_large_image","schema":{"@context":"https:\/\/schema.org","@graph":[{"@type":"WebPage","@id":"https:\/\/sbdapparel.lv\/product\/sbd-klasiskas-plaukstu-locitavu-saites\/","url":"https:\/\/sbdapparel.lv\/product\/sbd-klasiskas-plaukstu-locitavu-saites\/","name":"SBD KLASISK\u0100S PLAUKSTU LOC\u012aTAVU SAITES - SBD Apparel LV","isPartOf":{"@id":"https:\/\/sbdapparel.lv\/#website"},"primaryImageOfPage":{"@id":"https:\/\/sbdapparel.lv\/product\/sbd-klasiskas-plaukstu-locitavu-saites\/#primaryimage"},"image":{"@id":"https:\/\/sbdapparel.lv\/product\/sbd-klasiskas-plaukstu-locitavu-saites\/#primaryimage"},"thumbnailUrl":"https:\/\/sbdapparel.lv\/wp-content\/uploads\/2024\/11\/WrapStiff.png","datePublished":"2024-11-10T15:13:53+00:00","dateModified":"2025-11-11T07:15:30+00:00","breadcrumb":{"@id":"https:\/\/sbdapparel.lv\/product\/sbd-klasiskas-plaukstu-locitavu-saites\/#breadcrumb"},"inLanguage":"en-US","potentialAction":[{"@type":"ReadAction","target":["https:\/\/sbdapparel.lv\/product\/sbd-klasiskas-plaukstu-locitavu-saites\/"]}]},{"@type":"ImageObject","inLanguage":"en-US","@id":"https:\/\/sbdapparel.lv\/product\/sbd-klasiskas-plaukstu-locitavu-saites\/#primaryimage","url":"https:\/\/sbdapparel.lv\/wp-content\/uploads\/2024\/11\/WrapStiff.png","contentUrl":"https:\/\/sbdapparel.lv\/wp-content\/uploads\/2024\/11\/WrapStiff.png","width":600,"height":337},{"@type":"BreadcrumbList","@id":"https:\/\/sbdapparel.lv\/product\/sbd-klasiskas-plaukstu-locitavu-saites\/#breadcrumb","itemListElement":[{"@type":"ListItem","position":1,"name":"Home","item":"https:\/\/sbdapparel.lv\/"},{"@type":"ListItem","position":2,"name":"Produktai","item":"https:\/\/sbdapparel.lv\/shop\/"},{"@type":"ListItem","position":3,"name":"SBD KLASISK\u0100S PLAUKSTU LOC\u012aTAVU SAITES"}]},{"@type":"WebSite","@id":"https:\/\/sbdapparel.lv\/#website","url":"https:\/\/sbdapparel.lv\/","name":"sbdapparel.lv","description":"Latvija","publisher":{"@id":"https:\/\/sbdapparel.lv\/#organization"},"potentialAction":[{"@type":"SearchAction","target":{"@type":"EntryPoint","urlTemplate":"https:\/\/sbdapparel.lv\/?s={search_term_string}"},"query-input":{"@type":"PropertyValueSpecification","valueRequired":true,"valueName":"search_term_string"}}],"inLanguage":"en-US"},{"@type":"Organization","@id":"https:\/\/sbdapparel.lv\/#organization","name":"SBD Apparel LV","url":"https:\/\/sbdapparel.lv\/","logo":{"@type":"ImageObject","inLanguage":"en-US","@id":"https:\/\/sbdapparel.lv\/#\/schema\/logo\/image\/","url":"https:\/\/sbdapparel.lv\/wp-content\/uploads\/2023\/07\/cropped-SBD_Identity_OnDark_RGB.png","contentUrl":"https:\/\/sbdapparel.lv\/wp-content\/uploads\/2023\/07\/cropped-SBD_Identity_OnDark_RGB.png","width":1182,"height":515,"caption":"SBD Apparel LV"},"image":{"@id":"https:\/\/sbdapparel.lv\/#\/schema\/logo\/image\/"}}]}},"_links":{"self":[{"href":"https:\/\/sbdapparel.lv\/en\/wp-json\/wp\/v2\/product\/2145","targetHints":{"allow":["GET"]}}],"collection":[{"href":"https:\/\/sbdapparel.lv\/en\/wp-json\/wp\/v2\/product"}],"about":[{"href":"https:\/\/sbdapparel.lv\/en\/wp-json\/wp\/v2\/types\/product"}],"version-history":[{"count":7,"href":"https:\/\/sbdapparel.lv\/en\/wp-json\/wp\/v2\/product\/2145\/revisions"}],"predecessor-version":[{"id":5433,"href":"https:\/\/sbdapparel.lv\/en\/wp-json\/wp\/v2\/product\/2145\/revisions\/5433"}],"wp:featuredmedia":[{"embeddable":true,"href":"https:\/\/sbdapparel.lv\/en\/wp-json\/wp\/v2\/media\/2152"}],"wp:attachment":[{"href":"https:\/\/sbdapparel.lv\/en\/wp-json\/wp\/v2\/media?parent=2145"}],"wp:term":[{"taxonomy":"product_brand","embeddable":true,"href":"https:\/\/sbdapparel.lv\/en\/wp-json\/wp\/v2\/product_brand?post=2145"},{"taxonomy":"product_cat","embeddable":true,"href":"https:\/\/sbdapparel.lv\/en\/wp-json\/wp\/v2\/product_cat?post=2145"},{"taxonomy":"product_tag","embeddable":true,"href":"https:\/\/sbdapparel.lv\/en\/wp-json\/wp\/v2\/product_tag?post=2145"},{"taxonomy":"giftcard-category","embeddable":true,"href":"https:\/\/sbdapparel.lv\/en\/wp-json\/wp\/v2\/giftcard-category?post=2145"}],"curies":[{"name":"wp","href":"https:\/\/api.w.org\/{rel}","templated":true}]}}