{"id":2092,"date":"2024-11-10T14:43:50","date_gmt":"2024-11-10T14:43:50","guid":{"rendered":"https:\/\/sbdapparel.lv\/?post_type=product&#038;p=2092"},"modified":"2026-04-14T22:33:00","modified_gmt":"2026-04-14T20:33:00","slug":"sbd-atjaunotas-elkonu-ortozes-2024","status":"publish","type":"product","link":"https:\/\/sbdapparel.lv\/en\/product\/sbd-atjaunotas-elkonu-ortozes-2024\/","title":{"rendered":"SBD ATJAUNOTAS ELKO\u0145U ORTOZES 2024"},"content":{"rendered":"","protected":false},"excerpt":{"rendered":"<p>These elbow sleeves provide maximal support and compression for the joint, while ensuring the elbow is free to move easily, preserving range of motion.<\/p>\n<p>The sleeves combine the high grade neoprene used in our knee sleeves with a thinner interior panel, ideal for pulling and pressing motions.<\/p>\n<p>Sold as a pair.<br \/>\nCombines a 5mm interior panel for freedom of movement and a 7mm exterior panel for maximum joint support.<br \/>\nReinforced seam construction to maximize longevity.<br \/>\nAntimicrobial treatment minimizes the build-up of bacteria and reduces odor.<br \/>\nMade in Sheffield, Great Britain.<\/p>","protected":false},"featured_media":2099,"template":"","meta":[],"product_brand":[],"product_cat":[44,56],"product_tag":[],"giftcard-category":[],"class_list":{"0":"post-2092","1":"product","2":"type-product","3":"status-publish","4":"has-post-thumbnail","6":"product_cat-alkuniuitvarai","7":"product_cat-klasikine","10":"instock","11":"shipping-taxable","12":"purchasable","13":"product-type-variable","14":"product-grid-view"},"yoast_head":"<!-- This site is optimized with the Yoast SEO plugin v27.4 - https:\/\/yoast.com\/product\/yoast-seo-wordpress\/ -->\n<title>SBD ATJAUNOTAS ELKO\u0145U ORTOZES 2024 - SBD Apparel LV<\/title>\n<meta name=\"robots\" content=\"index, follow, max-snippet:-1, max-image-preview:large, max-video-preview:-1\" \/>\n<link rel=\"canonical\" href=\"https:\/\/sbdapparel.lv\/en\/product\/sbd-atjaunotas-elkonu-ortozes-2024\/\" \/>\n<meta property=\"og:locale\" content=\"en_US\" \/>\n<meta property=\"og:type\" content=\"article\" \/>\n<meta property=\"og:title\" content=\"SBD ATJAUNOTAS ELKO\u0145U ORTOZES 2024 - SBD Apparel LV\" \/>\n<meta property=\"og:description\" content=\"\u0160\u012bs elko\u0146a piedurknes nodro\u0161ina maksim\u0101lu atbalstu un saspie\u0161anu loc\u012btavai, vienlaikus nodro\u0161inot, ka elkonis var viegli kust\u0113ties, saglab\u0101jot kust\u012bbu diapazonu.  Uzmavas apvieno augstas kvalit\u0101tes neopr\u0113nu, kas tiek izmantots m\u016bsu ce\u013cgalu piedurkn\u0113s, ar pl\u0101n\u0101ku iek\u0161\u0113jo paneli, kas ir ide\u0101li piem\u0113rots stiep\u0161anai un saspie\u0161anai.  P\u0101rdots k\u0101 p\u0101ris. Apvieno 5 mm iek\u0161\u0113jo pl\u0101ksni p\u0101rvieto\u0161an\u0101s br\u012bv\u012bbai un 7 mm \u0101r\u0113jo pl\u0101ksni maksim\u0101lam loc\u012btavas atbalstam. Pastiprin\u0101ta \u0161uvju konstrukcija maksim\u0101lai iztur\u012bbai. Antimikrobi\u0101l\u0101 apstr\u0101de samazina bakt\u0113riju uzkr\u0101\u0161anos un samazina smaku. Ra\u017eots Lielbrit\u0101nij\u0101\" \/>\n<meta property=\"og:url\" content=\"https:\/\/sbdapparel.lv\/en\/product\/sbd-atjaunotas-elkonu-ortozes-2024\/\" \/>\n<meta property=\"og:site_name\" content=\"SBD Apparel LV\" \/>\n<meta property=\"article:modified_time\" content=\"2026-04-14T20:33:00+00:00\" \/>\n<meta property=\"og:image\" content=\"https:\/\/sbdapparel.lv\/wp-content\/uploads\/2024\/11\/Elbow-Sleeves-02-1024x1024.jpg\" \/>\n\t<meta property=\"og:image:width\" content=\"1024\" \/>\n\t<meta property=\"og:image:height\" content=\"1024\" \/>\n\t<meta property=\"og:image:type\" content=\"image\/jpeg\" \/>\n<meta name=\"twitter:card\" content=\"summary_large_image\" \/>\n<script type=\"application\/ld+json\" class=\"yoast-schema-graph\">{\"@context\":\"https:\\\/\\\/schema.org\",\"@graph\":[{\"@type\":\"WebPage\",\"@id\":\"https:\\\/\\\/sbdapparel.lv\\\/product\\\/sbd-atjaunotas-elkonu-ortozes-2024\\\/\",\"url\":\"https:\\\/\\\/sbdapparel.lv\\\/product\\\/sbd-atjaunotas-elkonu-ortozes-2024\\\/\",\"name\":\"SBD ATJAUNOTAS ELKO\u0145U ORTOZES 2024 - SBD Apparel LV\",\"isPartOf\":{\"@id\":\"https:\\\/\\\/sbdapparel.lv\\\/#website\"},\"primaryImageOfPage\":{\"@id\":\"https:\\\/\\\/sbdapparel.lv\\\/product\\\/sbd-atjaunotas-elkonu-ortozes-2024\\\/#primaryimage\"},\"image\":{\"@id\":\"https:\\\/\\\/sbdapparel.lv\\\/product\\\/sbd-atjaunotas-elkonu-ortozes-2024\\\/#primaryimage\"},\"thumbnailUrl\":\"https:\\\/\\\/sbdapparel.lv\\\/wp-content\\\/uploads\\\/2024\\\/11\\\/Elbow-Sleeves-02.jpg\",\"datePublished\":\"2024-11-10T14:43:50+00:00\",\"dateModified\":\"2026-04-14T20:33:00+00:00\",\"breadcrumb\":{\"@id\":\"https:\\\/\\\/sbdapparel.lv\\\/product\\\/sbd-atjaunotas-elkonu-ortozes-2024\\\/#breadcrumb\"},\"inLanguage\":\"en-US\",\"potentialAction\":[{\"@type\":\"ReadAction\",\"target\":[\"https:\\\/\\\/sbdapparel.lv\\\/product\\\/sbd-atjaunotas-elkonu-ortozes-2024\\\/\"]}]},{\"@type\":\"ImageObject\",\"inLanguage\":\"en-US\",\"@id\":\"https:\\\/\\\/sbdapparel.lv\\\/product\\\/sbd-atjaunotas-elkonu-ortozes-2024\\\/#primaryimage\",\"url\":\"https:\\\/\\\/sbdapparel.lv\\\/wp-content\\\/uploads\\\/2024\\\/11\\\/Elbow-Sleeves-02.jpg\",\"contentUrl\":\"https:\\\/\\\/sbdapparel.lv\\\/wp-content\\\/uploads\\\/2024\\\/11\\\/Elbow-Sleeves-02.jpg\",\"width\":2048,\"height\":2048},{\"@type\":\"BreadcrumbList\",\"@id\":\"https:\\\/\\\/sbdapparel.lv\\\/product\\\/sbd-atjaunotas-elkonu-ortozes-2024\\\/#breadcrumb\",\"itemListElement\":[{\"@type\":\"ListItem\",\"position\":1,\"name\":\"Home\",\"item\":\"https:\\\/\\\/sbdapparel.lv\\\/\"},{\"@type\":\"ListItem\",\"position\":2,\"name\":\"Produktai\",\"item\":\"https:\\\/\\\/sbdapparel.lv\\\/shop\\\/\"},{\"@type\":\"ListItem\",\"position\":3,\"name\":\"SBD ATJAUNOTAS ELKO\u0145U ORTOZES 2024\"}]},{\"@type\":\"WebSite\",\"@id\":\"https:\\\/\\\/sbdapparel.lv\\\/#website\",\"url\":\"https:\\\/\\\/sbdapparel.lv\\\/\",\"name\":\"sbdapparel.lv\",\"description\":\"Latvija\",\"publisher\":{\"@id\":\"https:\\\/\\\/sbdapparel.lv\\\/#organization\"},\"potentialAction\":[{\"@type\":\"SearchAction\",\"target\":{\"@type\":\"EntryPoint\",\"urlTemplate\":\"https:\\\/\\\/sbdapparel.lv\\\/?s={search_term_string}\"},\"query-input\":{\"@type\":\"PropertyValueSpecification\",\"valueRequired\":true,\"valueName\":\"search_term_string\"}}],\"inLanguage\":\"en-US\"},{\"@type\":\"Organization\",\"@id\":\"https:\\\/\\\/sbdapparel.lv\\\/#organization\",\"name\":\"SBD Apparel LV\",\"url\":\"https:\\\/\\\/sbdapparel.lv\\\/\",\"logo\":{\"@type\":\"ImageObject\",\"inLanguage\":\"en-US\",\"@id\":\"https:\\\/\\\/sbdapparel.lv\\\/#\\\/schema\\\/logo\\\/image\\\/\",\"url\":\"https:\\\/\\\/sbdapparel.lv\\\/wp-content\\\/uploads\\\/2023\\\/07\\\/cropped-SBD_Identity_OnDark_RGB.png\",\"contentUrl\":\"https:\\\/\\\/sbdapparel.lv\\\/wp-content\\\/uploads\\\/2023\\\/07\\\/cropped-SBD_Identity_OnDark_RGB.png\",\"width\":1182,\"height\":515,\"caption\":\"SBD Apparel LV\"},\"image\":{\"@id\":\"https:\\\/\\\/sbdapparel.lv\\\/#\\\/schema\\\/logo\\\/image\\\/\"}}]}<\/script>\n<!-- \/ Yoast SEO plugin. -->","yoast_head_json":{"title":"SBD ATJAUNOTAS ELKO\u0145U ORTOZES 2024 - SBD Apparel LV","robots":{"index":"index","follow":"follow","max-snippet":"max-snippet:-1","max-image-preview":"max-image-preview:large","max-video-preview":"max-video-preview:-1"},"canonical":"https:\/\/sbdapparel.lv\/en\/product\/sbd-atjaunotas-elkonu-ortozes-2024\/","og_locale":"en_US","og_type":"article","og_title":"SBD ATJAUNOTAS ELKO\u0145U ORTOZES 2024 - SBD Apparel LV","og_description":"\u0160\u012bs elko\u0146a piedurknes nodro\u0161ina maksim\u0101lu atbalstu un saspie\u0161anu loc\u012btavai, vienlaikus nodro\u0161inot, ka elkonis var viegli kust\u0113ties, saglab\u0101jot kust\u012bbu diapazonu.  Uzmavas apvieno augstas kvalit\u0101tes neopr\u0113nu, kas tiek izmantots m\u016bsu ce\u013cgalu piedurkn\u0113s, ar pl\u0101n\u0101ku iek\u0161\u0113jo paneli, kas ir ide\u0101li piem\u0113rots stiep\u0161anai un saspie\u0161anai.  P\u0101rdots k\u0101 p\u0101ris. Apvieno 5 mm iek\u0161\u0113jo pl\u0101ksni p\u0101rvieto\u0161an\u0101s br\u012bv\u012bbai un 7 mm \u0101r\u0113jo pl\u0101ksni maksim\u0101lam loc\u012btavas atbalstam. Pastiprin\u0101ta \u0161uvju konstrukcija maksim\u0101lai iztur\u012bbai. Antimikrobi\u0101l\u0101 apstr\u0101de samazina bakt\u0113riju uzkr\u0101\u0161anos un samazina smaku. Ra\u017eots Lielbrit\u0101nij\u0101","og_url":"https:\/\/sbdapparel.lv\/en\/product\/sbd-atjaunotas-elkonu-ortozes-2024\/","og_site_name":"SBD Apparel LV","article_modified_time":"2026-04-14T20:33:00+00:00","og_image":[{"width":1024,"height":1024,"url":"https:\/\/sbdapparel.lv\/wp-content\/uploads\/2024\/11\/Elbow-Sleeves-02-1024x1024.jpg","type":"image\/jpeg"}],"twitter_card":"summary_large_image","schema":{"@context":"https:\/\/schema.org","@graph":[{"@type":"WebPage","@id":"https:\/\/sbdapparel.lv\/product\/sbd-atjaunotas-elkonu-ortozes-2024\/","url":"https:\/\/sbdapparel.lv\/product\/sbd-atjaunotas-elkonu-ortozes-2024\/","name":"SBD ATJAUNOTAS ELKO\u0145U ORTOZES 2024 - SBD Apparel LV","isPartOf":{"@id":"https:\/\/sbdapparel.lv\/#website"},"primaryImageOfPage":{"@id":"https:\/\/sbdapparel.lv\/product\/sbd-atjaunotas-elkonu-ortozes-2024\/#primaryimage"},"image":{"@id":"https:\/\/sbdapparel.lv\/product\/sbd-atjaunotas-elkonu-ortozes-2024\/#primaryimage"},"thumbnailUrl":"https:\/\/sbdapparel.lv\/wp-content\/uploads\/2024\/11\/Elbow-Sleeves-02.jpg","datePublished":"2024-11-10T14:43:50+00:00","dateModified":"2026-04-14T20:33:00+00:00","breadcrumb":{"@id":"https:\/\/sbdapparel.lv\/product\/sbd-atjaunotas-elkonu-ortozes-2024\/#breadcrumb"},"inLanguage":"en-US","potentialAction":[{"@type":"ReadAction","target":["https:\/\/sbdapparel.lv\/product\/sbd-atjaunotas-elkonu-ortozes-2024\/"]}]},{"@type":"ImageObject","inLanguage":"en-US","@id":"https:\/\/sbdapparel.lv\/product\/sbd-atjaunotas-elkonu-ortozes-2024\/#primaryimage","url":"https:\/\/sbdapparel.lv\/wp-content\/uploads\/2024\/11\/Elbow-Sleeves-02.jpg","contentUrl":"https:\/\/sbdapparel.lv\/wp-content\/uploads\/2024\/11\/Elbow-Sleeves-02.jpg","width":2048,"height":2048},{"@type":"BreadcrumbList","@id":"https:\/\/sbdapparel.lv\/product\/sbd-atjaunotas-elkonu-ortozes-2024\/#breadcrumb","itemListElement":[{"@type":"ListItem","position":1,"name":"Home","item":"https:\/\/sbdapparel.lv\/"},{"@type":"ListItem","position":2,"name":"Produktai","item":"https:\/\/sbdapparel.lv\/shop\/"},{"@type":"ListItem","position":3,"name":"SBD ATJAUNOTAS ELKO\u0145U ORTOZES 2024"}]},{"@type":"WebSite","@id":"https:\/\/sbdapparel.lv\/#website","url":"https:\/\/sbdapparel.lv\/","name":"sbdapparel.lv","description":"Latvija","publisher":{"@id":"https:\/\/sbdapparel.lv\/#organization"},"potentialAction":[{"@type":"SearchAction","target":{"@type":"EntryPoint","urlTemplate":"https:\/\/sbdapparel.lv\/?s={search_term_string}"},"query-input":{"@type":"PropertyValueSpecification","valueRequired":true,"valueName":"search_term_string"}}],"inLanguage":"en-US"},{"@type":"Organization","@id":"https:\/\/sbdapparel.lv\/#organization","name":"SBD Apparel LV","url":"https:\/\/sbdapparel.lv\/","logo":{"@type":"ImageObject","inLanguage":"en-US","@id":"https:\/\/sbdapparel.lv\/#\/schema\/logo\/image\/","url":"https:\/\/sbdapparel.lv\/wp-content\/uploads\/2023\/07\/cropped-SBD_Identity_OnDark_RGB.png","contentUrl":"https:\/\/sbdapparel.lv\/wp-content\/uploads\/2023\/07\/cropped-SBD_Identity_OnDark_RGB.png","width":1182,"height":515,"caption":"SBD Apparel LV"},"image":{"@id":"https:\/\/sbdapparel.lv\/#\/schema\/logo\/image\/"}}]}},"_links":{"self":[{"href":"https:\/\/sbdapparel.lv\/en\/wp-json\/wp\/v2\/product\/2092","targetHints":{"allow":["GET"]}}],"collection":[{"href":"https:\/\/sbdapparel.lv\/en\/wp-json\/wp\/v2\/product"}],"about":[{"href":"https:\/\/sbdapparel.lv\/en\/wp-json\/wp\/v2\/types\/product"}],"version-history":[{"count":8,"href":"https:\/\/sbdapparel.lv\/en\/wp-json\/wp\/v2\/product\/2092\/revisions"}],"predecessor-version":[{"id":5356,"href":"https:\/\/sbdapparel.lv\/en\/wp-json\/wp\/v2\/product\/2092\/revisions\/5356"}],"wp:featuredmedia":[{"embeddable":true,"href":"https:\/\/sbdapparel.lv\/en\/wp-json\/wp\/v2\/media\/2099"}],"wp:attachment":[{"href":"https:\/\/sbdapparel.lv\/en\/wp-json\/wp\/v2\/media?parent=2092"}],"wp:term":[{"taxonomy":"product_brand","embeddable":true,"href":"https:\/\/sbdapparel.lv\/en\/wp-json\/wp\/v2\/product_brand?post=2092"},{"taxonomy":"product_cat","embeddable":true,"href":"https:\/\/sbdapparel.lv\/en\/wp-json\/wp\/v2\/product_cat?post=2092"},{"taxonomy":"product_tag","embeddable":true,"href":"https:\/\/sbdapparel.lv\/en\/wp-json\/wp\/v2\/product_tag?post=2092"},{"taxonomy":"giftcard-category","embeddable":true,"href":"https:\/\/sbdapparel.lv\/en\/wp-json\/wp\/v2\/giftcard-category?post=2092"}],"curies":[{"name":"wp","href":"https:\/\/api.w.org\/{rel}","templated":true}]}}