{"id":2080,"date":"2024-11-10T14:43:41","date_gmt":"2024-11-10T14:43:41","guid":{"rendered":"https:\/\/sbdapparel.lv\/?post_type=product&#038;p=2080"},"modified":"2026-04-14T07:02:00","modified_gmt":"2026-04-14T05:02:00","slug":"sbd-klasiskas-elkonu-ortozes","status":"publish","type":"product","link":"https:\/\/sbdapparel.lv\/en\/product\/sbd-klasiskas-elkonu-ortozes\/","title":{"rendered":"Official SBD Elbow Sleeves"},"content":{"rendered":"","protected":false},"excerpt":{"rendered":"<p>Sold as a pair.<\/p>\n<p>The sleeves combine the high grade neoprene used in our knee sleeves with a thinner interior panel, ideal for pulling and pressing motions.<\/p>\n<p>Suitable for training and strength events<\/p>\n<p>Patented design.<\/p>\n<p>5 mm and 7 mm high quality neoprene<\/p>\n<p>Reinforced seam construction to maximize longevity.<\/p>\n<p>Made in Sheffield, Great Britain.<\/p>","protected":false},"featured_media":2087,"template":"","meta":[],"product_brand":[],"product_cat":[44,56],"product_tag":[],"giftcard-category":[],"class_list":{"0":"post-2080","1":"product","2":"type-product","3":"status-publish","4":"has-post-thumbnail","6":"product_cat-alkuniuitvarai","7":"product_cat-klasikine","10":"instock","11":"shipping-taxable","12":"purchasable","13":"product-type-variable","14":"product-grid-view"},"yoast_head":"<!-- This site is optimized with the Yoast SEO plugin v27.4 - https:\/\/yoast.com\/product\/yoast-seo-wordpress\/ -->\n<title>Official SBD Elbow Sleeves - SBD Apparel LV<\/title>\n<meta name=\"robots\" content=\"index, follow, max-snippet:-1, max-image-preview:large, max-video-preview:-1\" \/>\n<link rel=\"canonical\" href=\"https:\/\/sbdapparel.lv\/en\/product\/sbd-klasiskas-elkonu-ortozes\/\" \/>\n<meta property=\"og:locale\" content=\"en_US\" \/>\n<meta property=\"og:type\" content=\"article\" \/>\n<meta property=\"og:title\" content=\"Official SBD Elbow Sleeves - SBD Apparel LV\" \/>\n<meta property=\"og:description\" content=\"P\u0101rdots k\u0101 p\u0101ris  Apvienojot to pa\u0161u augstas kvalit\u0101tes neopr\u0113nu, ko izmanto m\u016bsu ce\u013cgalu lenc\u0113s, ar pl\u0101n\u0101ku iek\u0161\u0113jo paneli, lai atvieglotu piegul\u0161anu un kust\u012bbu br\u012bv\u012bbu vilk\u0161anas laik\u0101  Piem\u0113rots treni\u0146iem un sp\u0113kav\u012bru pas\u0101kumiem  Izstr\u0101d\u0101ts, lai samazin\u0101tu traumu risku un pal\u012bdz\u0113tu jums paveikt darbu  5 mm un 7 mm augstas kvalit\u0101tes neopr\u0113ns  Pastiprin\u0101ta \u0161uvju konstrukcija maksim\u0101lai iztur\u012bbai  Ra\u017eots tikai Lielbrit\u0101nij\u0101\" \/>\n<meta property=\"og:url\" content=\"https:\/\/sbdapparel.lv\/en\/product\/sbd-klasiskas-elkonu-ortozes\/\" \/>\n<meta property=\"og:site_name\" content=\"SBD Apparel LV\" \/>\n<meta property=\"article:modified_time\" content=\"2026-04-14T05:02:00+00:00\" \/>\n<meta property=\"og:image\" content=\"https:\/\/sbdapparel.lv\/wp-content\/uploads\/2024\/11\/BIGZSHO1198.1.jpg\" \/>\n\t<meta property=\"og:image:width\" content=\"600\" \/>\n\t<meta property=\"og:image:height\" content=\"600\" \/>\n\t<meta property=\"og:image:type\" content=\"image\/jpeg\" \/>\n<meta name=\"twitter:card\" content=\"summary_large_image\" \/>\n<script type=\"application\/ld+json\" class=\"yoast-schema-graph\">{\"@context\":\"https:\\\/\\\/schema.org\",\"@graph\":[{\"@type\":\"WebPage\",\"@id\":\"https:\\\/\\\/sbdapparel.lv\\\/product\\\/sbd-klasiskas-elkonu-ortozes\\\/\",\"url\":\"https:\\\/\\\/sbdapparel.lv\\\/product\\\/sbd-klasiskas-elkonu-ortozes\\\/\",\"name\":\"Official SBD Elbow Sleeves - SBD Apparel LV\",\"isPartOf\":{\"@id\":\"https:\\\/\\\/sbdapparel.lv\\\/#website\"},\"primaryImageOfPage\":{\"@id\":\"https:\\\/\\\/sbdapparel.lv\\\/product\\\/sbd-klasiskas-elkonu-ortozes\\\/#primaryimage\"},\"image\":{\"@id\":\"https:\\\/\\\/sbdapparel.lv\\\/product\\\/sbd-klasiskas-elkonu-ortozes\\\/#primaryimage\"},\"thumbnailUrl\":\"https:\\\/\\\/sbdapparel.lv\\\/wp-content\\\/uploads\\\/2024\\\/11\\\/BIGZSHO1198.1.jpg\",\"datePublished\":\"2024-11-10T14:43:41+00:00\",\"dateModified\":\"2026-04-14T05:02:00+00:00\",\"breadcrumb\":{\"@id\":\"https:\\\/\\\/sbdapparel.lv\\\/product\\\/sbd-klasiskas-elkonu-ortozes\\\/#breadcrumb\"},\"inLanguage\":\"en-US\",\"potentialAction\":[{\"@type\":\"ReadAction\",\"target\":[\"https:\\\/\\\/sbdapparel.lv\\\/product\\\/sbd-klasiskas-elkonu-ortozes\\\/\"]}]},{\"@type\":\"ImageObject\",\"inLanguage\":\"en-US\",\"@id\":\"https:\\\/\\\/sbdapparel.lv\\\/product\\\/sbd-klasiskas-elkonu-ortozes\\\/#primaryimage\",\"url\":\"https:\\\/\\\/sbdapparel.lv\\\/wp-content\\\/uploads\\\/2024\\\/11\\\/BIGZSHO1198.1.jpg\",\"contentUrl\":\"https:\\\/\\\/sbdapparel.lv\\\/wp-content\\\/uploads\\\/2024\\\/11\\\/BIGZSHO1198.1.jpg\",\"width\":600,\"height\":600},{\"@type\":\"BreadcrumbList\",\"@id\":\"https:\\\/\\\/sbdapparel.lv\\\/product\\\/sbd-klasiskas-elkonu-ortozes\\\/#breadcrumb\",\"itemListElement\":[{\"@type\":\"ListItem\",\"position\":1,\"name\":\"Home\",\"item\":\"https:\\\/\\\/sbdapparel.lv\\\/\"},{\"@type\":\"ListItem\",\"position\":2,\"name\":\"Produktai\",\"item\":\"https:\\\/\\\/sbdapparel.lv\\\/shop\\\/\"},{\"@type\":\"ListItem\",\"position\":3,\"name\":\"Official SBD Elbow Sleeves\"}]},{\"@type\":\"WebSite\",\"@id\":\"https:\\\/\\\/sbdapparel.lv\\\/#website\",\"url\":\"https:\\\/\\\/sbdapparel.lv\\\/\",\"name\":\"sbdapparel.lv\",\"description\":\"Latvija\",\"publisher\":{\"@id\":\"https:\\\/\\\/sbdapparel.lv\\\/#organization\"},\"potentialAction\":[{\"@type\":\"SearchAction\",\"target\":{\"@type\":\"EntryPoint\",\"urlTemplate\":\"https:\\\/\\\/sbdapparel.lv\\\/?s={search_term_string}\"},\"query-input\":{\"@type\":\"PropertyValueSpecification\",\"valueRequired\":true,\"valueName\":\"search_term_string\"}}],\"inLanguage\":\"en-US\"},{\"@type\":\"Organization\",\"@id\":\"https:\\\/\\\/sbdapparel.lv\\\/#organization\",\"name\":\"SBD Apparel LV\",\"url\":\"https:\\\/\\\/sbdapparel.lv\\\/\",\"logo\":{\"@type\":\"ImageObject\",\"inLanguage\":\"en-US\",\"@id\":\"https:\\\/\\\/sbdapparel.lv\\\/#\\\/schema\\\/logo\\\/image\\\/\",\"url\":\"https:\\\/\\\/sbdapparel.lv\\\/wp-content\\\/uploads\\\/2023\\\/07\\\/cropped-SBD_Identity_OnDark_RGB.png\",\"contentUrl\":\"https:\\\/\\\/sbdapparel.lv\\\/wp-content\\\/uploads\\\/2023\\\/07\\\/cropped-SBD_Identity_OnDark_RGB.png\",\"width\":1182,\"height\":515,\"caption\":\"SBD Apparel LV\"},\"image\":{\"@id\":\"https:\\\/\\\/sbdapparel.lv\\\/#\\\/schema\\\/logo\\\/image\\\/\"}}]}<\/script>\n<!-- \/ Yoast SEO plugin. -->","yoast_head_json":{"title":"Official SBD Elbow Sleeves - SBD Apparel LV","robots":{"index":"index","follow":"follow","max-snippet":"max-snippet:-1","max-image-preview":"max-image-preview:large","max-video-preview":"max-video-preview:-1"},"canonical":"https:\/\/sbdapparel.lv\/en\/product\/sbd-klasiskas-elkonu-ortozes\/","og_locale":"en_US","og_type":"article","og_title":"Official SBD Elbow Sleeves - SBD Apparel LV","og_description":"P\u0101rdots k\u0101 p\u0101ris  Apvienojot to pa\u0161u augstas kvalit\u0101tes neopr\u0113nu, ko izmanto m\u016bsu ce\u013cgalu lenc\u0113s, ar pl\u0101n\u0101ku iek\u0161\u0113jo paneli, lai atvieglotu piegul\u0161anu un kust\u012bbu br\u012bv\u012bbu vilk\u0161anas laik\u0101  Piem\u0113rots treni\u0146iem un sp\u0113kav\u012bru pas\u0101kumiem  Izstr\u0101d\u0101ts, lai samazin\u0101tu traumu risku un pal\u012bdz\u0113tu jums paveikt darbu  5 mm un 7 mm augstas kvalit\u0101tes neopr\u0113ns  Pastiprin\u0101ta \u0161uvju konstrukcija maksim\u0101lai iztur\u012bbai  Ra\u017eots tikai Lielbrit\u0101nij\u0101","og_url":"https:\/\/sbdapparel.lv\/en\/product\/sbd-klasiskas-elkonu-ortozes\/","og_site_name":"SBD Apparel LV","article_modified_time":"2026-04-14T05:02:00+00:00","og_image":[{"width":600,"height":600,"url":"https:\/\/sbdapparel.lv\/wp-content\/uploads\/2024\/11\/BIGZSHO1198.1.jpg","type":"image\/jpeg"}],"twitter_card":"summary_large_image","schema":{"@context":"https:\/\/schema.org","@graph":[{"@type":"WebPage","@id":"https:\/\/sbdapparel.lv\/product\/sbd-klasiskas-elkonu-ortozes\/","url":"https:\/\/sbdapparel.lv\/product\/sbd-klasiskas-elkonu-ortozes\/","name":"Official SBD Elbow Sleeves - SBD Apparel LV","isPartOf":{"@id":"https:\/\/sbdapparel.lv\/#website"},"primaryImageOfPage":{"@id":"https:\/\/sbdapparel.lv\/product\/sbd-klasiskas-elkonu-ortozes\/#primaryimage"},"image":{"@id":"https:\/\/sbdapparel.lv\/product\/sbd-klasiskas-elkonu-ortozes\/#primaryimage"},"thumbnailUrl":"https:\/\/sbdapparel.lv\/wp-content\/uploads\/2024\/11\/BIGZSHO1198.1.jpg","datePublished":"2024-11-10T14:43:41+00:00","dateModified":"2026-04-14T05:02:00+00:00","breadcrumb":{"@id":"https:\/\/sbdapparel.lv\/product\/sbd-klasiskas-elkonu-ortozes\/#breadcrumb"},"inLanguage":"en-US","potentialAction":[{"@type":"ReadAction","target":["https:\/\/sbdapparel.lv\/product\/sbd-klasiskas-elkonu-ortozes\/"]}]},{"@type":"ImageObject","inLanguage":"en-US","@id":"https:\/\/sbdapparel.lv\/product\/sbd-klasiskas-elkonu-ortozes\/#primaryimage","url":"https:\/\/sbdapparel.lv\/wp-content\/uploads\/2024\/11\/BIGZSHO1198.1.jpg","contentUrl":"https:\/\/sbdapparel.lv\/wp-content\/uploads\/2024\/11\/BIGZSHO1198.1.jpg","width":600,"height":600},{"@type":"BreadcrumbList","@id":"https:\/\/sbdapparel.lv\/product\/sbd-klasiskas-elkonu-ortozes\/#breadcrumb","itemListElement":[{"@type":"ListItem","position":1,"name":"Home","item":"https:\/\/sbdapparel.lv\/"},{"@type":"ListItem","position":2,"name":"Produktai","item":"https:\/\/sbdapparel.lv\/shop\/"},{"@type":"ListItem","position":3,"name":"Official SBD Elbow Sleeves"}]},{"@type":"WebSite","@id":"https:\/\/sbdapparel.lv\/#website","url":"https:\/\/sbdapparel.lv\/","name":"sbdapparel.lv","description":"Latvija","publisher":{"@id":"https:\/\/sbdapparel.lv\/#organization"},"potentialAction":[{"@type":"SearchAction","target":{"@type":"EntryPoint","urlTemplate":"https:\/\/sbdapparel.lv\/?s={search_term_string}"},"query-input":{"@type":"PropertyValueSpecification","valueRequired":true,"valueName":"search_term_string"}}],"inLanguage":"en-US"},{"@type":"Organization","@id":"https:\/\/sbdapparel.lv\/#organization","name":"SBD Apparel LV","url":"https:\/\/sbdapparel.lv\/","logo":{"@type":"ImageObject","inLanguage":"en-US","@id":"https:\/\/sbdapparel.lv\/#\/schema\/logo\/image\/","url":"https:\/\/sbdapparel.lv\/wp-content\/uploads\/2023\/07\/cropped-SBD_Identity_OnDark_RGB.png","contentUrl":"https:\/\/sbdapparel.lv\/wp-content\/uploads\/2023\/07\/cropped-SBD_Identity_OnDark_RGB.png","width":1182,"height":515,"caption":"SBD Apparel LV"},"image":{"@id":"https:\/\/sbdapparel.lv\/#\/schema\/logo\/image\/"}}]}},"_links":{"self":[{"href":"https:\/\/sbdapparel.lv\/en\/wp-json\/wp\/v2\/product\/2080","targetHints":{"allow":["GET"]}}],"collection":[{"href":"https:\/\/sbdapparel.lv\/en\/wp-json\/wp\/v2\/product"}],"about":[{"href":"https:\/\/sbdapparel.lv\/en\/wp-json\/wp\/v2\/types\/product"}],"version-history":[{"count":5,"href":"https:\/\/sbdapparel.lv\/en\/wp-json\/wp\/v2\/product\/2080\/revisions"}],"predecessor-version":[{"id":5546,"href":"https:\/\/sbdapparel.lv\/en\/wp-json\/wp\/v2\/product\/2080\/revisions\/5546"}],"wp:featuredmedia":[{"embeddable":true,"href":"https:\/\/sbdapparel.lv\/en\/wp-json\/wp\/v2\/media\/2087"}],"wp:attachment":[{"href":"https:\/\/sbdapparel.lv\/en\/wp-json\/wp\/v2\/media?parent=2080"}],"wp:term":[{"taxonomy":"product_brand","embeddable":true,"href":"https:\/\/sbdapparel.lv\/en\/wp-json\/wp\/v2\/product_brand?post=2080"},{"taxonomy":"product_cat","embeddable":true,"href":"https:\/\/sbdapparel.lv\/en\/wp-json\/wp\/v2\/product_cat?post=2080"},{"taxonomy":"product_tag","embeddable":true,"href":"https:\/\/sbdapparel.lv\/en\/wp-json\/wp\/v2\/product_tag?post=2080"},{"taxonomy":"giftcard-category","embeddable":true,"href":"https:\/\/sbdapparel.lv\/en\/wp-json\/wp\/v2\/giftcard-category?post=2080"}],"curies":[{"name":"wp","href":"https:\/\/api.w.org\/{rel}","templated":true}]}}