{"id":2067,"date":"2024-11-09T15:40:03","date_gmt":"2024-11-09T15:40:03","guid":{"rendered":"https:\/\/sbdapparel.lv\/?post_type=product&#038;p=2067"},"modified":"2026-01-24T23:35:49","modified_gmt":"2026-01-24T21:35:49","slug":"sbd-weightlifting-5mm-celu-ortozes","status":"publish","type":"product","link":"https:\/\/sbdapparel.lv\/en\/product\/sbd-weightlifting-5mm-celu-ortozes\/","title":{"rendered":"SBD Weightlifting 5mm Celu Ortozes"},"content":{"rendered":"","protected":false},"excerpt":{"rendered":"<p>Sold as a pair.<br \/>\nPatented design.<br \/>\n5mm high grade neoprene and four-way stretch fabric for a greater stretch.<br \/>\nAnti-microbial, anti-run inner lining.<br \/>\nAbrasion resistant exterior lining.<br \/>\nReinforced seam construction to maximize longevity.<br \/>\nManufactured with high grade 7mm neoprene and designed to aid performance, these knee sleeves are relied on by strength athletes around the world and are ideal for powerlifting and heavy training.<br \/>\nIPF approved and USAPL, USPA and IWF compliant<br \/>\nMade in Sheffield, Great Britain.<br \/>\nIf you are buying knee braces for the first time, we recommend that you go for the recommended knee brace size rather than a size smaller, especially if you are of average weight or below.<\/p>","protected":false},"featured_media":2076,"template":"","meta":[],"product_brand":[],"product_cat":[43,56],"product_tag":[],"giftcard-category":[],"class_list":{"0":"post-2067","1":"product","2":"type-product","3":"status-publish","4":"has-post-thumbnail","6":"product_cat-keliuitvarai","7":"product_cat-klasikine","10":"instock","11":"shipping-taxable","12":"purchasable","13":"product-type-variable","14":"product-grid-view"},"yoast_head":"<!-- This site is optimized with the Yoast SEO plugin v27.4 - https:\/\/yoast.com\/product\/yoast-seo-wordpress\/ -->\n<title>SBD Weightlifting 5mm Celu Ortozes - SBD Apparel LV<\/title>\n<meta name=\"robots\" content=\"index, follow, max-snippet:-1, max-image-preview:large, max-video-preview:-1\" \/>\n<link rel=\"canonical\" href=\"https:\/\/sbdapparel.lv\/en\/product\/sbd-weightlifting-5mm-celu-ortozes\/\" \/>\n<meta property=\"og:locale\" content=\"en_US\" \/>\n<meta property=\"og:type\" content=\"article\" \/>\n<meta property=\"og:title\" content=\"SBD Weightlifting 5mm Celu Ortozes - SBD Apparel LV\" \/>\n<meta property=\"og:description\" content=\"P\u0101rdots k\u0101 p\u0101ris. Izstr\u0101d\u0101ts, lai samazin\u0101tu traumu risku un pal\u012bdz\u0113tu jums paveikt darbu. 5\u00a0mm augstas kvalit\u0101tes neopr\u0113ns un \u010detros virzienos elast\u012bgs audums liel\u0101kai stiep\u0161anai. Pretmikrobu iek\u0161\u0113j\u0101 odere. Nodilumiztur\u012bga \u0101r\u0113j\u0101 odere. Pastiprin\u0101ta \u0161uvju konstrukcija maksim\u0101lai iztur\u012bbai. Re\u0123istr\u0113ts un patent\u0113ts dizains, kas izstr\u0101d\u0101ts sadarb\u012bb\u0101 ar elites sportistiem, treneriem un vesel\u012bbas apr\u016bpes speci\u0101listiem. IPF apstiprin\u0101ts un atbilst IWF. Ra\u017eots Lielbrit\u0101nij\u0101. Ja j\u016bs p\u0113rkat ce\u013cgalu lenc\u012btes pirmo reizi, m\u0113s iesak\u0101m izv\u0113l\u0113ties ieteicam\u0101 izm\u0113ra ce\u013cgalu lenc\u012btes, nevis maz\u0101ku izm\u0113ru, it \u012bpa\u0161i, ja jums ir vid\u0113jais vai nepietiekams svars.\" \/>\n<meta property=\"og:url\" content=\"https:\/\/sbdapparel.lv\/en\/product\/sbd-weightlifting-5mm-celu-ortozes\/\" \/>\n<meta property=\"og:site_name\" content=\"SBD Apparel LV\" \/>\n<meta property=\"article:modified_time\" content=\"2026-01-24T21:35:49+00:00\" \/>\n<meta property=\"og:image\" content=\"https:\/\/sbdapparel.lv\/wp-content\/uploads\/2024\/11\/WEIGHTLIFTING-KNEE-SLEEVES-01.png\" \/>\n\t<meta property=\"og:image:width\" content=\"600\" \/>\n\t<meta property=\"og:image:height\" content=\"600\" \/>\n\t<meta property=\"og:image:type\" content=\"image\/png\" \/>\n<meta name=\"twitter:card\" content=\"summary_large_image\" \/>\n<script type=\"application\/ld+json\" class=\"yoast-schema-graph\">{\"@context\":\"https:\\\/\\\/schema.org\",\"@graph\":[{\"@type\":\"WebPage\",\"@id\":\"https:\\\/\\\/sbdapparel.lv\\\/product\\\/sbd-weightlifting-5mm-celu-ortozes\\\/\",\"url\":\"https:\\\/\\\/sbdapparel.lv\\\/product\\\/sbd-weightlifting-5mm-celu-ortozes\\\/\",\"name\":\"SBD Weightlifting 5mm Celu Ortozes - SBD Apparel LV\",\"isPartOf\":{\"@id\":\"https:\\\/\\\/sbdapparel.lv\\\/#website\"},\"primaryImageOfPage\":{\"@id\":\"https:\\\/\\\/sbdapparel.lv\\\/product\\\/sbd-weightlifting-5mm-celu-ortozes\\\/#primaryimage\"},\"image\":{\"@id\":\"https:\\\/\\\/sbdapparel.lv\\\/product\\\/sbd-weightlifting-5mm-celu-ortozes\\\/#primaryimage\"},\"thumbnailUrl\":\"https:\\\/\\\/sbdapparel.lv\\\/wp-content\\\/uploads\\\/2024\\\/11\\\/WEIGHTLIFTING-KNEE-SLEEVES-01.png\",\"datePublished\":\"2024-11-09T15:40:03+00:00\",\"dateModified\":\"2026-01-24T21:35:49+00:00\",\"breadcrumb\":{\"@id\":\"https:\\\/\\\/sbdapparel.lv\\\/product\\\/sbd-weightlifting-5mm-celu-ortozes\\\/#breadcrumb\"},\"inLanguage\":\"en-US\",\"potentialAction\":[{\"@type\":\"ReadAction\",\"target\":[\"https:\\\/\\\/sbdapparel.lv\\\/product\\\/sbd-weightlifting-5mm-celu-ortozes\\\/\"]}]},{\"@type\":\"ImageObject\",\"inLanguage\":\"en-US\",\"@id\":\"https:\\\/\\\/sbdapparel.lv\\\/product\\\/sbd-weightlifting-5mm-celu-ortozes\\\/#primaryimage\",\"url\":\"https:\\\/\\\/sbdapparel.lv\\\/wp-content\\\/uploads\\\/2024\\\/11\\\/WEIGHTLIFTING-KNEE-SLEEVES-01.png\",\"contentUrl\":\"https:\\\/\\\/sbdapparel.lv\\\/wp-content\\\/uploads\\\/2024\\\/11\\\/WEIGHTLIFTING-KNEE-SLEEVES-01.png\",\"width\":600,\"height\":600},{\"@type\":\"BreadcrumbList\",\"@id\":\"https:\\\/\\\/sbdapparel.lv\\\/product\\\/sbd-weightlifting-5mm-celu-ortozes\\\/#breadcrumb\",\"itemListElement\":[{\"@type\":\"ListItem\",\"position\":1,\"name\":\"Home\",\"item\":\"https:\\\/\\\/sbdapparel.lv\\\/\"},{\"@type\":\"ListItem\",\"position\":2,\"name\":\"Produktai\",\"item\":\"https:\\\/\\\/sbdapparel.lv\\\/shop\\\/\"},{\"@type\":\"ListItem\",\"position\":3,\"name\":\"SBD Weightlifting 5mm Celu Ortozes\"}]},{\"@type\":\"WebSite\",\"@id\":\"https:\\\/\\\/sbdapparel.lv\\\/#website\",\"url\":\"https:\\\/\\\/sbdapparel.lv\\\/\",\"name\":\"sbdapparel.lv\",\"description\":\"Latvija\",\"publisher\":{\"@id\":\"https:\\\/\\\/sbdapparel.lv\\\/#organization\"},\"potentialAction\":[{\"@type\":\"SearchAction\",\"target\":{\"@type\":\"EntryPoint\",\"urlTemplate\":\"https:\\\/\\\/sbdapparel.lv\\\/?s={search_term_string}\"},\"query-input\":{\"@type\":\"PropertyValueSpecification\",\"valueRequired\":true,\"valueName\":\"search_term_string\"}}],\"inLanguage\":\"en-US\"},{\"@type\":\"Organization\",\"@id\":\"https:\\\/\\\/sbdapparel.lv\\\/#organization\",\"name\":\"SBD Apparel LV\",\"url\":\"https:\\\/\\\/sbdapparel.lv\\\/\",\"logo\":{\"@type\":\"ImageObject\",\"inLanguage\":\"en-US\",\"@id\":\"https:\\\/\\\/sbdapparel.lv\\\/#\\\/schema\\\/logo\\\/image\\\/\",\"url\":\"https:\\\/\\\/sbdapparel.lv\\\/wp-content\\\/uploads\\\/2023\\\/07\\\/cropped-SBD_Identity_OnDark_RGB.png\",\"contentUrl\":\"https:\\\/\\\/sbdapparel.lv\\\/wp-content\\\/uploads\\\/2023\\\/07\\\/cropped-SBD_Identity_OnDark_RGB.png\",\"width\":1182,\"height\":515,\"caption\":\"SBD Apparel LV\"},\"image\":{\"@id\":\"https:\\\/\\\/sbdapparel.lv\\\/#\\\/schema\\\/logo\\\/image\\\/\"}}]}<\/script>\n<!-- \/ Yoast SEO plugin. -->","yoast_head_json":{"title":"SBD Weightlifting 5mm Celu Ortozes - SBD Apparel LV","robots":{"index":"index","follow":"follow","max-snippet":"max-snippet:-1","max-image-preview":"max-image-preview:large","max-video-preview":"max-video-preview:-1"},"canonical":"https:\/\/sbdapparel.lv\/en\/product\/sbd-weightlifting-5mm-celu-ortozes\/","og_locale":"en_US","og_type":"article","og_title":"SBD Weightlifting 5mm Celu Ortozes - SBD Apparel LV","og_description":"P\u0101rdots k\u0101 p\u0101ris. Izstr\u0101d\u0101ts, lai samazin\u0101tu traumu risku un pal\u012bdz\u0113tu jums paveikt darbu. 5\u00a0mm augstas kvalit\u0101tes neopr\u0113ns un \u010detros virzienos elast\u012bgs audums liel\u0101kai stiep\u0161anai. Pretmikrobu iek\u0161\u0113j\u0101 odere. Nodilumiztur\u012bga \u0101r\u0113j\u0101 odere. Pastiprin\u0101ta \u0161uvju konstrukcija maksim\u0101lai iztur\u012bbai. Re\u0123istr\u0113ts un patent\u0113ts dizains, kas izstr\u0101d\u0101ts sadarb\u012bb\u0101 ar elites sportistiem, treneriem un vesel\u012bbas apr\u016bpes speci\u0101listiem. IPF apstiprin\u0101ts un atbilst IWF. Ra\u017eots Lielbrit\u0101nij\u0101. Ja j\u016bs p\u0113rkat ce\u013cgalu lenc\u012btes pirmo reizi, m\u0113s iesak\u0101m izv\u0113l\u0113ties ieteicam\u0101 izm\u0113ra ce\u013cgalu lenc\u012btes, nevis maz\u0101ku izm\u0113ru, it \u012bpa\u0161i, ja jums ir vid\u0113jais vai nepietiekams svars.","og_url":"https:\/\/sbdapparel.lv\/en\/product\/sbd-weightlifting-5mm-celu-ortozes\/","og_site_name":"SBD Apparel LV","article_modified_time":"2026-01-24T21:35:49+00:00","og_image":[{"width":600,"height":600,"url":"https:\/\/sbdapparel.lv\/wp-content\/uploads\/2024\/11\/WEIGHTLIFTING-KNEE-SLEEVES-01.png","type":"image\/png"}],"twitter_card":"summary_large_image","schema":{"@context":"https:\/\/schema.org","@graph":[{"@type":"WebPage","@id":"https:\/\/sbdapparel.lv\/product\/sbd-weightlifting-5mm-celu-ortozes\/","url":"https:\/\/sbdapparel.lv\/product\/sbd-weightlifting-5mm-celu-ortozes\/","name":"SBD Weightlifting 5mm Celu Ortozes - SBD Apparel LV","isPartOf":{"@id":"https:\/\/sbdapparel.lv\/#website"},"primaryImageOfPage":{"@id":"https:\/\/sbdapparel.lv\/product\/sbd-weightlifting-5mm-celu-ortozes\/#primaryimage"},"image":{"@id":"https:\/\/sbdapparel.lv\/product\/sbd-weightlifting-5mm-celu-ortozes\/#primaryimage"},"thumbnailUrl":"https:\/\/sbdapparel.lv\/wp-content\/uploads\/2024\/11\/WEIGHTLIFTING-KNEE-SLEEVES-01.png","datePublished":"2024-11-09T15:40:03+00:00","dateModified":"2026-01-24T21:35:49+00:00","breadcrumb":{"@id":"https:\/\/sbdapparel.lv\/product\/sbd-weightlifting-5mm-celu-ortozes\/#breadcrumb"},"inLanguage":"en-US","potentialAction":[{"@type":"ReadAction","target":["https:\/\/sbdapparel.lv\/product\/sbd-weightlifting-5mm-celu-ortozes\/"]}]},{"@type":"ImageObject","inLanguage":"en-US","@id":"https:\/\/sbdapparel.lv\/product\/sbd-weightlifting-5mm-celu-ortozes\/#primaryimage","url":"https:\/\/sbdapparel.lv\/wp-content\/uploads\/2024\/11\/WEIGHTLIFTING-KNEE-SLEEVES-01.png","contentUrl":"https:\/\/sbdapparel.lv\/wp-content\/uploads\/2024\/11\/WEIGHTLIFTING-KNEE-SLEEVES-01.png","width":600,"height":600},{"@type":"BreadcrumbList","@id":"https:\/\/sbdapparel.lv\/product\/sbd-weightlifting-5mm-celu-ortozes\/#breadcrumb","itemListElement":[{"@type":"ListItem","position":1,"name":"Home","item":"https:\/\/sbdapparel.lv\/"},{"@type":"ListItem","position":2,"name":"Produktai","item":"https:\/\/sbdapparel.lv\/shop\/"},{"@type":"ListItem","position":3,"name":"SBD Weightlifting 5mm Celu Ortozes"}]},{"@type":"WebSite","@id":"https:\/\/sbdapparel.lv\/#website","url":"https:\/\/sbdapparel.lv\/","name":"sbdapparel.lv","description":"Latvija","publisher":{"@id":"https:\/\/sbdapparel.lv\/#organization"},"potentialAction":[{"@type":"SearchAction","target":{"@type":"EntryPoint","urlTemplate":"https:\/\/sbdapparel.lv\/?s={search_term_string}"},"query-input":{"@type":"PropertyValueSpecification","valueRequired":true,"valueName":"search_term_string"}}],"inLanguage":"en-US"},{"@type":"Organization","@id":"https:\/\/sbdapparel.lv\/#organization","name":"SBD Apparel LV","url":"https:\/\/sbdapparel.lv\/","logo":{"@type":"ImageObject","inLanguage":"en-US","@id":"https:\/\/sbdapparel.lv\/#\/schema\/logo\/image\/","url":"https:\/\/sbdapparel.lv\/wp-content\/uploads\/2023\/07\/cropped-SBD_Identity_OnDark_RGB.png","contentUrl":"https:\/\/sbdapparel.lv\/wp-content\/uploads\/2023\/07\/cropped-SBD_Identity_OnDark_RGB.png","width":1182,"height":515,"caption":"SBD Apparel LV"},"image":{"@id":"https:\/\/sbdapparel.lv\/#\/schema\/logo\/image\/"}}]}},"_links":{"self":[{"href":"https:\/\/sbdapparel.lv\/en\/wp-json\/wp\/v2\/product\/2067","targetHints":{"allow":["GET"]}}],"collection":[{"href":"https:\/\/sbdapparel.lv\/en\/wp-json\/wp\/v2\/product"}],"about":[{"href":"https:\/\/sbdapparel.lv\/en\/wp-json\/wp\/v2\/types\/product"}],"version-history":[{"count":10,"href":"https:\/\/sbdapparel.lv\/en\/wp-json\/wp\/v2\/product\/2067\/revisions"}],"predecessor-version":[{"id":6504,"href":"https:\/\/sbdapparel.lv\/en\/wp-json\/wp\/v2\/product\/2067\/revisions\/6504"}],"wp:featuredmedia":[{"embeddable":true,"href":"https:\/\/sbdapparel.lv\/en\/wp-json\/wp\/v2\/media\/2076"}],"wp:attachment":[{"href":"https:\/\/sbdapparel.lv\/en\/wp-json\/wp\/v2\/media?parent=2067"}],"wp:term":[{"taxonomy":"product_brand","embeddable":true,"href":"https:\/\/sbdapparel.lv\/en\/wp-json\/wp\/v2\/product_brand?post=2067"},{"taxonomy":"product_cat","embeddable":true,"href":"https:\/\/sbdapparel.lv\/en\/wp-json\/wp\/v2\/product_cat?post=2067"},{"taxonomy":"product_tag","embeddable":true,"href":"https:\/\/sbdapparel.lv\/en\/wp-json\/wp\/v2\/product_tag?post=2067"},{"taxonomy":"giftcard-category","embeddable":true,"href":"https:\/\/sbdapparel.lv\/en\/wp-json\/wp\/v2\/giftcard-category?post=2067"}],"curies":[{"name":"wp","href":"https:\/\/api.w.org\/{rel}","templated":true}]}}