{"id":2045,"date":"2024-11-09T15:33:58","date_gmt":"2024-11-09T15:33:58","guid":{"rendered":"https:\/\/sbdapparel.lv\/?post_type=product&#038;p=2045"},"modified":"2026-01-25T21:29:21","modified_gmt":"2026-01-25T19:29:21","slug":"phoenix-weightlifting-celu-ortozes-5mm","status":"publish","type":"product","link":"https:\/\/sbdapparel.lv\/en\/product\/phoenix-weightlifting-celu-ortozes-5mm\/","title":{"rendered":"PHOENIX WEIGHTLIFTING 5 mm Celu Ortozes"},"content":{"rendered":"","protected":false},"excerpt":{"rendered":"<p>Manufactured with high grade 5mm neoprene, designed to provide compression and support through a greater range of motion, ideal for dynamic movements.<br \/>\nRelied on by strength athletes around the world, these 5mm knee sleeves are ideal for weightlifting and provide support for movements with a greater range of motion than a powerlifting squat.<br \/>\nPhoenix is a limited edition collection, offering the same performance and manufactured to the same high standards as our classic product line.<br \/>\nSold as a pair.<br \/>\nIPF approved and USAPL, USPA and IWF compliant<br \/>\n5mm high grade neoprene and four-way stretch fabric for a greater stretch.<br \/>\nReinforced seam construction to maximize longevity.<br \/>\nAnti-microbial, anti-run inner lining.<br \/>\nAbrasion resistant exterior lining.<br \/>\nPatented design.<br \/>\nMade in Sheffield, Great Britain.<\/p>","protected":false},"featured_media":2053,"template":"","meta":[],"product_brand":[],"product_cat":[43,65],"product_tag":[],"giftcard-category":[],"class_list":{"0":"post-2045","1":"product","2":"type-product","3":"status-publish","4":"has-post-thumbnail","6":"product_cat-keliuitvarai","7":"product_cat-pheonix","10":"instock","11":"shipping-taxable","12":"purchasable","13":"product-type-variable","14":"product-grid-view"},"yoast_head":"<!-- This site is optimized with the Yoast SEO plugin v27.4 - https:\/\/yoast.com\/product\/yoast-seo-wordpress\/ -->\n<title>PHOENIX WEIGHTLIFTING 5 mm Celu Ortozes - SBD Apparel LV<\/title>\n<meta name=\"robots\" content=\"index, follow, max-snippet:-1, max-image-preview:large, max-video-preview:-1\" \/>\n<link rel=\"canonical\" href=\"https:\/\/sbdapparel.lv\/en\/product\/phoenix-weightlifting-celu-ortozes-5mm\/\" \/>\n<meta property=\"og:locale\" content=\"en_US\" \/>\n<meta property=\"og:type\" content=\"article\" \/>\n<meta property=\"og:title\" content=\"PHOENIX WEIGHTLIFTING 5 mm Celu Ortozes - SBD Apparel LV\" \/>\n<meta property=\"og:description\" content=\"Izgatavots no augstas kvalit\u0101tes 5 mm neopr\u0113na, rad\u012bts, lai nodro\u0161in\u0101tu kompresiju un atbalstu, vienlaikus palielinot kust\u012bbu diapazonu, ide\u0101li piem\u0113rots dinamisk\u0101m kust\u012bb\u0101m. \u0160\u012bs 5\u00a0mm ce\u013cgalu piedurknes, kur\u0101m uzticas sp\u0113ka sportisti vis\u0101 pasaul\u0113, ir ide\u0101li piem\u0113rotas svarcel\u0161anai un atbalsta kust\u012bb\u0101m ar liel\u0101ku kust\u012bbu diapazonu nek\u0101 pauerliftinga pietupieniem. Phoenix ir ierobe\u017eota izdevuma kolekcija, kurai ir t\u0101das pa\u0161as funkcijas un kas ir izgatavota saska\u0146\u0101 ar t\u0101diem pa\u0161iem augstiem standartiem k\u0101 m\u016bsu klasisk\u0101 produktu l\u012bnija. P\u0101rdots k\u0101 p\u0101ris. IPF apstiprin\u0101ts un atbilst IWF. 5\u00a0mm augstas kvalit\u0101tes neopr\u0113ns un \u010detros virzienos elast\u012bgs audums liel\u0101kai stiep\u0161anai. Pastiprin\u0101ta \u0161uvju konstrukcija maksim\u0101lai iztur\u012bbai. Pretmikrobu, pretsl\u012bdes iek\u0161\u0113j\u0101 odere. Nodilumiztur\u012bga \u0101r\u0113j\u0101 odere. Patent\u0113ts dizains. Ra\u017eots Lielbrit\u0101nij\u0101\" \/>\n<meta property=\"og:url\" content=\"https:\/\/sbdapparel.lv\/en\/product\/phoenix-weightlifting-celu-ortozes-5mm\/\" \/>\n<meta property=\"og:site_name\" content=\"SBD Apparel LV\" \/>\n<meta property=\"article:modified_time\" content=\"2026-01-25T19:29:21+00:00\" \/>\n<meta property=\"og:image\" content=\"https:\/\/sbdapparel.lv\/wp-content\/uploads\/2024\/11\/PHOENIX-5MM-KNEE-SLEEVE-1080x108001withicons_1800x1800.png\" \/>\n\t<meta property=\"og:image:width\" content=\"600\" \/>\n\t<meta property=\"og:image:height\" content=\"600\" \/>\n\t<meta property=\"og:image:type\" content=\"image\/png\" \/>\n<meta name=\"twitter:card\" content=\"summary_large_image\" \/>\n<script type=\"application\/ld+json\" class=\"yoast-schema-graph\">{\"@context\":\"https:\\\/\\\/schema.org\",\"@graph\":[{\"@type\":\"WebPage\",\"@id\":\"https:\\\/\\\/sbdapparel.lv\\\/product\\\/phoenix-weightlifting-celu-ortozes-5mm\\\/\",\"url\":\"https:\\\/\\\/sbdapparel.lv\\\/product\\\/phoenix-weightlifting-celu-ortozes-5mm\\\/\",\"name\":\"PHOENIX WEIGHTLIFTING 5 mm Celu Ortozes - SBD Apparel LV\",\"isPartOf\":{\"@id\":\"https:\\\/\\\/sbdapparel.lv\\\/#website\"},\"primaryImageOfPage\":{\"@id\":\"https:\\\/\\\/sbdapparel.lv\\\/product\\\/phoenix-weightlifting-celu-ortozes-5mm\\\/#primaryimage\"},\"image\":{\"@id\":\"https:\\\/\\\/sbdapparel.lv\\\/product\\\/phoenix-weightlifting-celu-ortozes-5mm\\\/#primaryimage\"},\"thumbnailUrl\":\"https:\\\/\\\/sbdapparel.lv\\\/wp-content\\\/uploads\\\/2024\\\/11\\\/PHOENIX-5MM-KNEE-SLEEVE-1080x108001withicons_1800x1800.png\",\"datePublished\":\"2024-11-09T15:33:58+00:00\",\"dateModified\":\"2026-01-25T19:29:21+00:00\",\"breadcrumb\":{\"@id\":\"https:\\\/\\\/sbdapparel.lv\\\/product\\\/phoenix-weightlifting-celu-ortozes-5mm\\\/#breadcrumb\"},\"inLanguage\":\"en-US\",\"potentialAction\":[{\"@type\":\"ReadAction\",\"target\":[\"https:\\\/\\\/sbdapparel.lv\\\/product\\\/phoenix-weightlifting-celu-ortozes-5mm\\\/\"]}]},{\"@type\":\"ImageObject\",\"inLanguage\":\"en-US\",\"@id\":\"https:\\\/\\\/sbdapparel.lv\\\/product\\\/phoenix-weightlifting-celu-ortozes-5mm\\\/#primaryimage\",\"url\":\"https:\\\/\\\/sbdapparel.lv\\\/wp-content\\\/uploads\\\/2024\\\/11\\\/PHOENIX-5MM-KNEE-SLEEVE-1080x108001withicons_1800x1800.png\",\"contentUrl\":\"https:\\\/\\\/sbdapparel.lv\\\/wp-content\\\/uploads\\\/2024\\\/11\\\/PHOENIX-5MM-KNEE-SLEEVE-1080x108001withicons_1800x1800.png\",\"width\":600,\"height\":600},{\"@type\":\"BreadcrumbList\",\"@id\":\"https:\\\/\\\/sbdapparel.lv\\\/product\\\/phoenix-weightlifting-celu-ortozes-5mm\\\/#breadcrumb\",\"itemListElement\":[{\"@type\":\"ListItem\",\"position\":1,\"name\":\"Home\",\"item\":\"https:\\\/\\\/sbdapparel.lv\\\/\"},{\"@type\":\"ListItem\",\"position\":2,\"name\":\"Produktai\",\"item\":\"https:\\\/\\\/sbdapparel.lv\\\/shop\\\/\"},{\"@type\":\"ListItem\",\"position\":3,\"name\":\"PHOENIX WEIGHTLIFTING 5 mm Celu Ortozes\"}]},{\"@type\":\"WebSite\",\"@id\":\"https:\\\/\\\/sbdapparel.lv\\\/#website\",\"url\":\"https:\\\/\\\/sbdapparel.lv\\\/\",\"name\":\"sbdapparel.lv\",\"description\":\"Latvija\",\"publisher\":{\"@id\":\"https:\\\/\\\/sbdapparel.lv\\\/#organization\"},\"potentialAction\":[{\"@type\":\"SearchAction\",\"target\":{\"@type\":\"EntryPoint\",\"urlTemplate\":\"https:\\\/\\\/sbdapparel.lv\\\/?s={search_term_string}\"},\"query-input\":{\"@type\":\"PropertyValueSpecification\",\"valueRequired\":true,\"valueName\":\"search_term_string\"}}],\"inLanguage\":\"en-US\"},{\"@type\":\"Organization\",\"@id\":\"https:\\\/\\\/sbdapparel.lv\\\/#organization\",\"name\":\"SBD Apparel LV\",\"url\":\"https:\\\/\\\/sbdapparel.lv\\\/\",\"logo\":{\"@type\":\"ImageObject\",\"inLanguage\":\"en-US\",\"@id\":\"https:\\\/\\\/sbdapparel.lv\\\/#\\\/schema\\\/logo\\\/image\\\/\",\"url\":\"https:\\\/\\\/sbdapparel.lv\\\/wp-content\\\/uploads\\\/2023\\\/07\\\/cropped-SBD_Identity_OnDark_RGB.png\",\"contentUrl\":\"https:\\\/\\\/sbdapparel.lv\\\/wp-content\\\/uploads\\\/2023\\\/07\\\/cropped-SBD_Identity_OnDark_RGB.png\",\"width\":1182,\"height\":515,\"caption\":\"SBD Apparel LV\"},\"image\":{\"@id\":\"https:\\\/\\\/sbdapparel.lv\\\/#\\\/schema\\\/logo\\\/image\\\/\"}}]}<\/script>\n<!-- \/ Yoast SEO plugin. -->","yoast_head_json":{"title":"PHOENIX WEIGHTLIFTING 5 mm Celu Ortozes - SBD Apparel LV","robots":{"index":"index","follow":"follow","max-snippet":"max-snippet:-1","max-image-preview":"max-image-preview:large","max-video-preview":"max-video-preview:-1"},"canonical":"https:\/\/sbdapparel.lv\/en\/product\/phoenix-weightlifting-celu-ortozes-5mm\/","og_locale":"en_US","og_type":"article","og_title":"PHOENIX WEIGHTLIFTING 5 mm Celu Ortozes - SBD Apparel LV","og_description":"Izgatavots no augstas kvalit\u0101tes 5 mm neopr\u0113na, rad\u012bts, lai nodro\u0161in\u0101tu kompresiju un atbalstu, vienlaikus palielinot kust\u012bbu diapazonu, ide\u0101li piem\u0113rots dinamisk\u0101m kust\u012bb\u0101m. \u0160\u012bs 5\u00a0mm ce\u013cgalu piedurknes, kur\u0101m uzticas sp\u0113ka sportisti vis\u0101 pasaul\u0113, ir ide\u0101li piem\u0113rotas svarcel\u0161anai un atbalsta kust\u012bb\u0101m ar liel\u0101ku kust\u012bbu diapazonu nek\u0101 pauerliftinga pietupieniem. Phoenix ir ierobe\u017eota izdevuma kolekcija, kurai ir t\u0101das pa\u0161as funkcijas un kas ir izgatavota saska\u0146\u0101 ar t\u0101diem pa\u0161iem augstiem standartiem k\u0101 m\u016bsu klasisk\u0101 produktu l\u012bnija. P\u0101rdots k\u0101 p\u0101ris. IPF apstiprin\u0101ts un atbilst IWF. 5\u00a0mm augstas kvalit\u0101tes neopr\u0113ns un \u010detros virzienos elast\u012bgs audums liel\u0101kai stiep\u0161anai. Pastiprin\u0101ta \u0161uvju konstrukcija maksim\u0101lai iztur\u012bbai. Pretmikrobu, pretsl\u012bdes iek\u0161\u0113j\u0101 odere. Nodilumiztur\u012bga \u0101r\u0113j\u0101 odere. Patent\u0113ts dizains. Ra\u017eots Lielbrit\u0101nij\u0101","og_url":"https:\/\/sbdapparel.lv\/en\/product\/phoenix-weightlifting-celu-ortozes-5mm\/","og_site_name":"SBD Apparel LV","article_modified_time":"2026-01-25T19:29:21+00:00","og_image":[{"width":600,"height":600,"url":"https:\/\/sbdapparel.lv\/wp-content\/uploads\/2024\/11\/PHOENIX-5MM-KNEE-SLEEVE-1080x108001withicons_1800x1800.png","type":"image\/png"}],"twitter_card":"summary_large_image","schema":{"@context":"https:\/\/schema.org","@graph":[{"@type":"WebPage","@id":"https:\/\/sbdapparel.lv\/product\/phoenix-weightlifting-celu-ortozes-5mm\/","url":"https:\/\/sbdapparel.lv\/product\/phoenix-weightlifting-celu-ortozes-5mm\/","name":"PHOENIX WEIGHTLIFTING 5 mm Celu Ortozes - SBD Apparel LV","isPartOf":{"@id":"https:\/\/sbdapparel.lv\/#website"},"primaryImageOfPage":{"@id":"https:\/\/sbdapparel.lv\/product\/phoenix-weightlifting-celu-ortozes-5mm\/#primaryimage"},"image":{"@id":"https:\/\/sbdapparel.lv\/product\/phoenix-weightlifting-celu-ortozes-5mm\/#primaryimage"},"thumbnailUrl":"https:\/\/sbdapparel.lv\/wp-content\/uploads\/2024\/11\/PHOENIX-5MM-KNEE-SLEEVE-1080x108001withicons_1800x1800.png","datePublished":"2024-11-09T15:33:58+00:00","dateModified":"2026-01-25T19:29:21+00:00","breadcrumb":{"@id":"https:\/\/sbdapparel.lv\/product\/phoenix-weightlifting-celu-ortozes-5mm\/#breadcrumb"},"inLanguage":"en-US","potentialAction":[{"@type":"ReadAction","target":["https:\/\/sbdapparel.lv\/product\/phoenix-weightlifting-celu-ortozes-5mm\/"]}]},{"@type":"ImageObject","inLanguage":"en-US","@id":"https:\/\/sbdapparel.lv\/product\/phoenix-weightlifting-celu-ortozes-5mm\/#primaryimage","url":"https:\/\/sbdapparel.lv\/wp-content\/uploads\/2024\/11\/PHOENIX-5MM-KNEE-SLEEVE-1080x108001withicons_1800x1800.png","contentUrl":"https:\/\/sbdapparel.lv\/wp-content\/uploads\/2024\/11\/PHOENIX-5MM-KNEE-SLEEVE-1080x108001withicons_1800x1800.png","width":600,"height":600},{"@type":"BreadcrumbList","@id":"https:\/\/sbdapparel.lv\/product\/phoenix-weightlifting-celu-ortozes-5mm\/#breadcrumb","itemListElement":[{"@type":"ListItem","position":1,"name":"Home","item":"https:\/\/sbdapparel.lv\/"},{"@type":"ListItem","position":2,"name":"Produktai","item":"https:\/\/sbdapparel.lv\/shop\/"},{"@type":"ListItem","position":3,"name":"PHOENIX WEIGHTLIFTING 5 mm Celu Ortozes"}]},{"@type":"WebSite","@id":"https:\/\/sbdapparel.lv\/#website","url":"https:\/\/sbdapparel.lv\/","name":"sbdapparel.lv","description":"Latvija","publisher":{"@id":"https:\/\/sbdapparel.lv\/#organization"},"potentialAction":[{"@type":"SearchAction","target":{"@type":"EntryPoint","urlTemplate":"https:\/\/sbdapparel.lv\/?s={search_term_string}"},"query-input":{"@type":"PropertyValueSpecification","valueRequired":true,"valueName":"search_term_string"}}],"inLanguage":"en-US"},{"@type":"Organization","@id":"https:\/\/sbdapparel.lv\/#organization","name":"SBD Apparel LV","url":"https:\/\/sbdapparel.lv\/","logo":{"@type":"ImageObject","inLanguage":"en-US","@id":"https:\/\/sbdapparel.lv\/#\/schema\/logo\/image\/","url":"https:\/\/sbdapparel.lv\/wp-content\/uploads\/2023\/07\/cropped-SBD_Identity_OnDark_RGB.png","contentUrl":"https:\/\/sbdapparel.lv\/wp-content\/uploads\/2023\/07\/cropped-SBD_Identity_OnDark_RGB.png","width":1182,"height":515,"caption":"SBD Apparel LV"},"image":{"@id":"https:\/\/sbdapparel.lv\/#\/schema\/logo\/image\/"}}]}},"_links":{"self":[{"href":"https:\/\/sbdapparel.lv\/en\/wp-json\/wp\/v2\/product\/2045","targetHints":{"allow":["GET"]}}],"collection":[{"href":"https:\/\/sbdapparel.lv\/en\/wp-json\/wp\/v2\/product"}],"about":[{"href":"https:\/\/sbdapparel.lv\/en\/wp-json\/wp\/v2\/types\/product"}],"version-history":[{"count":8,"href":"https:\/\/sbdapparel.lv\/en\/wp-json\/wp\/v2\/product\/2045\/revisions"}],"predecessor-version":[{"id":6511,"href":"https:\/\/sbdapparel.lv\/en\/wp-json\/wp\/v2\/product\/2045\/revisions\/6511"}],"wp:featuredmedia":[{"embeddable":true,"href":"https:\/\/sbdapparel.lv\/en\/wp-json\/wp\/v2\/media\/2053"}],"wp:attachment":[{"href":"https:\/\/sbdapparel.lv\/en\/wp-json\/wp\/v2\/media?parent=2045"}],"wp:term":[{"taxonomy":"product_brand","embeddable":true,"href":"https:\/\/sbdapparel.lv\/en\/wp-json\/wp\/v2\/product_brand?post=2045"},{"taxonomy":"product_cat","embeddable":true,"href":"https:\/\/sbdapparel.lv\/en\/wp-json\/wp\/v2\/product_cat?post=2045"},{"taxonomy":"product_tag","embeddable":true,"href":"https:\/\/sbdapparel.lv\/en\/wp-json\/wp\/v2\/product_tag?post=2045"},{"taxonomy":"giftcard-category","embeddable":true,"href":"https:\/\/sbdapparel.lv\/en\/wp-json\/wp\/v2\/giftcard-category?post=2045"}],"curies":[{"name":"wp","href":"https:\/\/api.w.org\/{rel}","templated":true}]}}