{"id":1959,"date":"2024-11-09T15:07:11","date_gmt":"2024-11-09T15:07:11","guid":{"rendered":"https:\/\/sbdapparel.lv\/?post_type=product&#038;p=1959"},"modified":"2026-02-11T17:54:10","modified_gmt":"2026-02-11T15:54:10","slug":"sbd-standarta-celu-ortozes-7mm","status":"publish","type":"product","link":"https:\/\/sbdapparel.lv\/en\/product\/sbd-standarta-celu-ortozes-7mm\/","title":{"rendered":"Official SBD 7mm Celu Ortozes"},"content":{"rendered":"","protected":false},"excerpt":{"rendered":"<p>Sold as a pair.<br \/>\nAntimicrobial treatment minimizes the build-up of bacteria and reduces odor.<br \/>\nPatented design.<br \/>\nManufactured with high grade 7mm neoprene and designed to aid performance, these knee sleeves are relied on by strength athletes around the world and are ideal for powerlifting and heavy training.<br \/>\nIPF approved and USAPL, USPA and IWF compliant with the maximum allowable 30cm length.<br \/>\n7mm high grade neoprene for maximal support.<br \/>\nReinforced seam construction to maximize longevity.<\/p>\n<p>Made in Sheffield, Great Britain.<\/p>","protected":false},"featured_media":1972,"template":"","meta":[],"product_brand":[],"product_cat":[43,56],"product_tag":[],"giftcard-category":[],"class_list":{"0":"post-1959","1":"product","2":"type-product","3":"status-publish","4":"has-post-thumbnail","6":"product_cat-keliuitvarai","7":"product_cat-klasikine","10":"instock","11":"shipping-taxable","12":"purchasable","13":"product-type-variable","14":"product-grid-view"},"yoast_head":"<!-- This site is optimized with the Yoast SEO plugin v27.4 - https:\/\/yoast.com\/product\/yoast-seo-wordpress\/ -->\n<title>Official SBD 7mm Celu Ortozes - SBD Apparel LV<\/title>\n<meta name=\"robots\" content=\"index, follow, max-snippet:-1, max-image-preview:large, max-video-preview:-1\" \/>\n<link rel=\"canonical\" href=\"https:\/\/sbdapparel.lv\/en\/product\/sbd-standarta-celu-ortozes-7mm\/\" \/>\n<meta property=\"og:locale\" content=\"en_US\" \/>\n<meta property=\"og:type\" content=\"article\" \/>\n<meta property=\"og:title\" content=\"Official SBD 7mm Celu Ortozes - SBD Apparel LV\" \/>\n<meta property=\"og:description\" content=\"P\u0101rdots k\u0101 p\u0101ris Tirg\u016b vado\u0161ais ce\u013cgalu stiprin\u0101jums sp\u0113ka sporta sacens\u012bb\u0101m un treni\u0146iem Izstr\u0101d\u0101ts, lai samazin\u0101tu traumu risku un pal\u012bdz\u0113tu jums paveikt darbu Re\u0123istr\u0113ts un patent\u0113ts dizains, kas izstr\u0101d\u0101ts ar elites sportistiem, treneriem un vesel\u012bbas apr\u016bpes speci\u0101listiem IPF un IWF apstiprin\u0101ti ar maksim\u0101lo garumu 30 cm 7 mm augstas kvalit\u0101tes neopr\u0113ns Pastiprin\u0101ta \u0161uvju konstrukcija maksim\u0101lai iztur\u012bbai  Ra\u017eots Lielbrit\u0101nij\u0101.\" \/>\n<meta property=\"og:url\" content=\"https:\/\/sbdapparel.lv\/en\/product\/sbd-standarta-celu-ortozes-7mm\/\" \/>\n<meta property=\"og:site_name\" content=\"SBD Apparel LV\" \/>\n<meta property=\"article:modified_time\" content=\"2026-02-11T15:54:10+00:00\" \/>\n<meta property=\"og:image\" content=\"http:\/\/sbdapparel.lv\/wp-content\/uploads\/2024\/11\/BIGZSHO1200.1.jpg\" \/>\n\t<meta property=\"og:image:width\" content=\"600\" \/>\n\t<meta property=\"og:image:height\" content=\"600\" \/>\n\t<meta property=\"og:image:type\" content=\"image\/jpeg\" \/>\n<meta name=\"twitter:card\" content=\"summary_large_image\" \/>\n<meta name=\"twitter:label1\" content=\"Est. reading time\" \/>\n\t<meta name=\"twitter:data1\" content=\"1 minute\" \/>\n<script type=\"application\/ld+json\" class=\"yoast-schema-graph\">{\"@context\":\"https:\\\/\\\/schema.org\",\"@graph\":[{\"@type\":\"WebPage\",\"@id\":\"https:\\\/\\\/sbdapparel.lv\\\/product\\\/sbd-standarta-celu-ortozes-7mm\\\/\",\"url\":\"https:\\\/\\\/sbdapparel.lv\\\/product\\\/sbd-standarta-celu-ortozes-7mm\\\/\",\"name\":\"Official SBD 7mm Celu Ortozes - SBD Apparel LV\",\"isPartOf\":{\"@id\":\"https:\\\/\\\/sbdapparel.lv\\\/#website\"},\"primaryImageOfPage\":{\"@id\":\"https:\\\/\\\/sbdapparel.lv\\\/product\\\/sbd-standarta-celu-ortozes-7mm\\\/#primaryimage\"},\"image\":{\"@id\":\"https:\\\/\\\/sbdapparel.lv\\\/product\\\/sbd-standarta-celu-ortozes-7mm\\\/#primaryimage\"},\"thumbnailUrl\":\"https:\\\/\\\/sbdapparel.lv\\\/wp-content\\\/uploads\\\/2024\\\/11\\\/BIGZSHO1200.1.jpg\",\"datePublished\":\"2024-11-09T15:07:11+00:00\",\"dateModified\":\"2026-02-11T15:54:10+00:00\",\"breadcrumb\":{\"@id\":\"https:\\\/\\\/sbdapparel.lv\\\/product\\\/sbd-standarta-celu-ortozes-7mm\\\/#breadcrumb\"},\"inLanguage\":\"en-US\",\"potentialAction\":[{\"@type\":\"ReadAction\",\"target\":[\"https:\\\/\\\/sbdapparel.lv\\\/product\\\/sbd-standarta-celu-ortozes-7mm\\\/\"]}]},{\"@type\":\"ImageObject\",\"inLanguage\":\"en-US\",\"@id\":\"https:\\\/\\\/sbdapparel.lv\\\/product\\\/sbd-standarta-celu-ortozes-7mm\\\/#primaryimage\",\"url\":\"https:\\\/\\\/sbdapparel.lv\\\/wp-content\\\/uploads\\\/2024\\\/11\\\/BIGZSHO1200.1.jpg\",\"contentUrl\":\"https:\\\/\\\/sbdapparel.lv\\\/wp-content\\\/uploads\\\/2024\\\/11\\\/BIGZSHO1200.1.jpg\",\"width\":600,\"height\":600},{\"@type\":\"BreadcrumbList\",\"@id\":\"https:\\\/\\\/sbdapparel.lv\\\/product\\\/sbd-standarta-celu-ortozes-7mm\\\/#breadcrumb\",\"itemListElement\":[{\"@type\":\"ListItem\",\"position\":1,\"name\":\"Home\",\"item\":\"https:\\\/\\\/sbdapparel.lv\\\/\"},{\"@type\":\"ListItem\",\"position\":2,\"name\":\"Produktai\",\"item\":\"https:\\\/\\\/sbdapparel.lv\\\/shop\\\/\"},{\"@type\":\"ListItem\",\"position\":3,\"name\":\"Official SBD 7mm Celu Ortozes\"}]},{\"@type\":\"WebSite\",\"@id\":\"https:\\\/\\\/sbdapparel.lv\\\/#website\",\"url\":\"https:\\\/\\\/sbdapparel.lv\\\/\",\"name\":\"sbdapparel.lv\",\"description\":\"Latvija\",\"publisher\":{\"@id\":\"https:\\\/\\\/sbdapparel.lv\\\/#organization\"},\"potentialAction\":[{\"@type\":\"SearchAction\",\"target\":{\"@type\":\"EntryPoint\",\"urlTemplate\":\"https:\\\/\\\/sbdapparel.lv\\\/?s={search_term_string}\"},\"query-input\":{\"@type\":\"PropertyValueSpecification\",\"valueRequired\":true,\"valueName\":\"search_term_string\"}}],\"inLanguage\":\"en-US\"},{\"@type\":\"Organization\",\"@id\":\"https:\\\/\\\/sbdapparel.lv\\\/#organization\",\"name\":\"SBD Apparel LV\",\"url\":\"https:\\\/\\\/sbdapparel.lv\\\/\",\"logo\":{\"@type\":\"ImageObject\",\"inLanguage\":\"en-US\",\"@id\":\"https:\\\/\\\/sbdapparel.lv\\\/#\\\/schema\\\/logo\\\/image\\\/\",\"url\":\"https:\\\/\\\/sbdapparel.lv\\\/wp-content\\\/uploads\\\/2023\\\/07\\\/cropped-SBD_Identity_OnDark_RGB.png\",\"contentUrl\":\"https:\\\/\\\/sbdapparel.lv\\\/wp-content\\\/uploads\\\/2023\\\/07\\\/cropped-SBD_Identity_OnDark_RGB.png\",\"width\":1182,\"height\":515,\"caption\":\"SBD Apparel LV\"},\"image\":{\"@id\":\"https:\\\/\\\/sbdapparel.lv\\\/#\\\/schema\\\/logo\\\/image\\\/\"}}]}<\/script>\n<!-- \/ Yoast SEO plugin. -->","yoast_head_json":{"title":"Official SBD 7mm Celu Ortozes - SBD Apparel LV","robots":{"index":"index","follow":"follow","max-snippet":"max-snippet:-1","max-image-preview":"max-image-preview:large","max-video-preview":"max-video-preview:-1"},"canonical":"https:\/\/sbdapparel.lv\/en\/product\/sbd-standarta-celu-ortozes-7mm\/","og_locale":"en_US","og_type":"article","og_title":"Official SBD 7mm Celu Ortozes - SBD Apparel LV","og_description":"P\u0101rdots k\u0101 p\u0101ris Tirg\u016b vado\u0161ais ce\u013cgalu stiprin\u0101jums sp\u0113ka sporta sacens\u012bb\u0101m un treni\u0146iem Izstr\u0101d\u0101ts, lai samazin\u0101tu traumu risku un pal\u012bdz\u0113tu jums paveikt darbu Re\u0123istr\u0113ts un patent\u0113ts dizains, kas izstr\u0101d\u0101ts ar elites sportistiem, treneriem un vesel\u012bbas apr\u016bpes speci\u0101listiem IPF un IWF apstiprin\u0101ti ar maksim\u0101lo garumu 30 cm 7 mm augstas kvalit\u0101tes neopr\u0113ns Pastiprin\u0101ta \u0161uvju konstrukcija maksim\u0101lai iztur\u012bbai  Ra\u017eots Lielbrit\u0101nij\u0101.","og_url":"https:\/\/sbdapparel.lv\/en\/product\/sbd-standarta-celu-ortozes-7mm\/","og_site_name":"SBD Apparel LV","article_modified_time":"2026-02-11T15:54:10+00:00","og_image":[{"width":600,"height":600,"url":"http:\/\/sbdapparel.lv\/wp-content\/uploads\/2024\/11\/BIGZSHO1200.1.jpg","type":"image\/jpeg"}],"twitter_card":"summary_large_image","twitter_misc":{"Est. reading time":"1 minute"},"schema":{"@context":"https:\/\/schema.org","@graph":[{"@type":"WebPage","@id":"https:\/\/sbdapparel.lv\/product\/sbd-standarta-celu-ortozes-7mm\/","url":"https:\/\/sbdapparel.lv\/product\/sbd-standarta-celu-ortozes-7mm\/","name":"Official SBD 7mm Celu Ortozes - SBD Apparel LV","isPartOf":{"@id":"https:\/\/sbdapparel.lv\/#website"},"primaryImageOfPage":{"@id":"https:\/\/sbdapparel.lv\/product\/sbd-standarta-celu-ortozes-7mm\/#primaryimage"},"image":{"@id":"https:\/\/sbdapparel.lv\/product\/sbd-standarta-celu-ortozes-7mm\/#primaryimage"},"thumbnailUrl":"https:\/\/sbdapparel.lv\/wp-content\/uploads\/2024\/11\/BIGZSHO1200.1.jpg","datePublished":"2024-11-09T15:07:11+00:00","dateModified":"2026-02-11T15:54:10+00:00","breadcrumb":{"@id":"https:\/\/sbdapparel.lv\/product\/sbd-standarta-celu-ortozes-7mm\/#breadcrumb"},"inLanguage":"en-US","potentialAction":[{"@type":"ReadAction","target":["https:\/\/sbdapparel.lv\/product\/sbd-standarta-celu-ortozes-7mm\/"]}]},{"@type":"ImageObject","inLanguage":"en-US","@id":"https:\/\/sbdapparel.lv\/product\/sbd-standarta-celu-ortozes-7mm\/#primaryimage","url":"https:\/\/sbdapparel.lv\/wp-content\/uploads\/2024\/11\/BIGZSHO1200.1.jpg","contentUrl":"https:\/\/sbdapparel.lv\/wp-content\/uploads\/2024\/11\/BIGZSHO1200.1.jpg","width":600,"height":600},{"@type":"BreadcrumbList","@id":"https:\/\/sbdapparel.lv\/product\/sbd-standarta-celu-ortozes-7mm\/#breadcrumb","itemListElement":[{"@type":"ListItem","position":1,"name":"Home","item":"https:\/\/sbdapparel.lv\/"},{"@type":"ListItem","position":2,"name":"Produktai","item":"https:\/\/sbdapparel.lv\/shop\/"},{"@type":"ListItem","position":3,"name":"Official SBD 7mm Celu Ortozes"}]},{"@type":"WebSite","@id":"https:\/\/sbdapparel.lv\/#website","url":"https:\/\/sbdapparel.lv\/","name":"sbdapparel.lv","description":"Latvija","publisher":{"@id":"https:\/\/sbdapparel.lv\/#organization"},"potentialAction":[{"@type":"SearchAction","target":{"@type":"EntryPoint","urlTemplate":"https:\/\/sbdapparel.lv\/?s={search_term_string}"},"query-input":{"@type":"PropertyValueSpecification","valueRequired":true,"valueName":"search_term_string"}}],"inLanguage":"en-US"},{"@type":"Organization","@id":"https:\/\/sbdapparel.lv\/#organization","name":"SBD Apparel LV","url":"https:\/\/sbdapparel.lv\/","logo":{"@type":"ImageObject","inLanguage":"en-US","@id":"https:\/\/sbdapparel.lv\/#\/schema\/logo\/image\/","url":"https:\/\/sbdapparel.lv\/wp-content\/uploads\/2023\/07\/cropped-SBD_Identity_OnDark_RGB.png","contentUrl":"https:\/\/sbdapparel.lv\/wp-content\/uploads\/2023\/07\/cropped-SBD_Identity_OnDark_RGB.png","width":1182,"height":515,"caption":"SBD Apparel LV"},"image":{"@id":"https:\/\/sbdapparel.lv\/#\/schema\/logo\/image\/"}}]}},"_links":{"self":[{"href":"https:\/\/sbdapparel.lv\/en\/wp-json\/wp\/v2\/product\/1959","targetHints":{"allow":["GET"]}}],"collection":[{"href":"https:\/\/sbdapparel.lv\/en\/wp-json\/wp\/v2\/product"}],"about":[{"href":"https:\/\/sbdapparel.lv\/en\/wp-json\/wp\/v2\/types\/product"}],"version-history":[{"count":12,"href":"https:\/\/sbdapparel.lv\/en\/wp-json\/wp\/v2\/product\/1959\/revisions"}],"predecessor-version":[{"id":6512,"href":"https:\/\/sbdapparel.lv\/en\/wp-json\/wp\/v2\/product\/1959\/revisions\/6512"}],"wp:featuredmedia":[{"embeddable":true,"href":"https:\/\/sbdapparel.lv\/en\/wp-json\/wp\/v2\/media\/1972"}],"wp:attachment":[{"href":"https:\/\/sbdapparel.lv\/en\/wp-json\/wp\/v2\/media?parent=1959"}],"wp:term":[{"taxonomy":"product_brand","embeddable":true,"href":"https:\/\/sbdapparel.lv\/en\/wp-json\/wp\/v2\/product_brand?post=1959"},{"taxonomy":"product_cat","embeddable":true,"href":"https:\/\/sbdapparel.lv\/en\/wp-json\/wp\/v2\/product_cat?post=1959"},{"taxonomy":"product_tag","embeddable":true,"href":"https:\/\/sbdapparel.lv\/en\/wp-json\/wp\/v2\/product_tag?post=1959"},{"taxonomy":"giftcard-category","embeddable":true,"href":"https:\/\/sbdapparel.lv\/en\/wp-json\/wp\/v2\/giftcard-category?post=1959"}],"curies":[{"name":"wp","href":"https:\/\/api.w.org\/{rel}","templated":true}]}}