{"id":1939,"date":"2024-11-09T15:00:30","date_gmt":"2024-11-09T15:00:30","guid":{"rendered":"https:\/\/sbdapparel.lv\/?post_type=product&#038;p=1939"},"modified":"2026-01-24T23:40:45","modified_gmt":"2026-01-24T21:40:45","slug":"reflect-standarta-celu-ortozes-7mm","status":"publish","type":"product","link":"https:\/\/sbdapparel.lv\/en\/product\/reflect-standarta-celu-ortozes-7mm\/","title":{"rendered":"REFLECT STANDARTA CE\u013bU ORTOZES 7mm"},"content":{"rendered":"","protected":false},"excerpt":{"rendered":"<p>Manufactured with high grade 7mm neoprene and designed to aid performance, these knee sleeves are relied on by strength athletes around the world and are ideal for powerlifting and heavy training.<\/p>\n<p>Sold as a pair.<\/p>\n<p>IPF approved and USAPL and IWF compliant with the maximum allowable 30cm length.<\/p>\n<p>7mm high grade neoprene for maximal support.<\/p>\n<p>Upgraded reinforced seam construction to maximize longevity.<\/p>\n<p>Antimicrobial treatment minimizes the build up in bacteria and reduces odor.<\/p>\n<p>Patented design.<\/p>\n<p>Made in Sheffield, Great Britain.<\/p>","protected":false},"featured_media":1947,"template":"","meta":[],"product_brand":[],"product_cat":[43,63],"product_tag":[],"giftcard-category":[],"class_list":{"0":"post-1939","1":"product","2":"type-product","3":"status-publish","4":"has-post-thumbnail","6":"product_cat-keliuitvarai","7":"product_cat-reflect","10":"instock","11":"shipping-taxable","12":"purchasable","13":"product-type-variable","14":"product-grid-view"},"yoast_head":"<!-- This site is optimized with the Yoast SEO plugin v27.4 - https:\/\/yoast.com\/product\/yoast-seo-wordpress\/ -->\n<title>REFLECT STANDARTA CE\u013bU ORTOZES 7mm - SBD Apparel LV<\/title>\n<meta name=\"robots\" content=\"index, follow, max-snippet:-1, max-image-preview:large, max-video-preview:-1\" \/>\n<link rel=\"canonical\" href=\"https:\/\/sbdapparel.lv\/en\/product\/reflect-standarta-celu-ortozes-7mm\/\" \/>\n<meta property=\"og:locale\" content=\"en_US\" \/>\n<meta property=\"og:type\" content=\"article\" \/>\n<meta property=\"og:title\" content=\"REFLECT STANDARTA CE\u013bU ORTOZES 7mm - SBD Apparel LV\" \/>\n<meta property=\"og:description\" content=\"Izgatavots no augstas kvalit\u0101tes 7 mm neopr\u0113na un paredz\u0113ts, lai uzlabotu ce\u013ca loc\u012btavas saspie\u0161anu un atbalstu. \u0160\u012bm ce\u013cgalu lenc\u0113m uzticas sp\u0113ka sportisti vis\u0101 pasaul\u0113, un t\u0101s ir lieliski piem\u0113rotas pauerliftingam un smagiem treni\u0146iem. Reflect ce\u013cgalu bik\u0161turi tiek ra\u017eoti p\u0113c t\u0101diem pa\u0161iem standartiem k\u0101 m\u016bsu klasisk\u0101 produktu l\u012bnija.  \u25cfP\u0101rdodas k\u0101 p\u0101ris.  \u25cfApstiprin\u0101ts IPF un IWF ar maksim\u0101lo pie\u013caujamo garumu 30 cm.  \u25cf7 mm augstas kvalit\u0101tes neopr\u0113ns maksim\u0101lam atbalstam.  \u25cfAtjaunota pastiprin\u0101ta \u0161uvju konstrukcija, lai maksim\u0101li palielin\u0101tu iztur\u012bbu.  \u25cfAntimikrobi\u0101l\u0101 virsma samazina bakt\u0113riju uzkr\u0101\u0161anos un samazina smaku.  \u25cfPatent\u0113ts dizains.  \u25cfRa\u017eots Lielbrit\u0101nij\u0101.\" \/>\n<meta property=\"og:url\" content=\"https:\/\/sbdapparel.lv\/en\/product\/reflect-standarta-celu-ortozes-7mm\/\" \/>\n<meta property=\"og:site_name\" content=\"SBD Apparel LV\" \/>\n<meta property=\"article:modified_time\" content=\"2026-01-24T21:40:45+00:00\" \/>\n<meta property=\"og:image\" content=\"https:\/\/sbdapparel.lv\/wp-content\/uploads\/2024\/11\/Reflect-7mm-Knee-Sleeves-01-Snipe.jpg\" \/>\n\t<meta property=\"og:image:width\" content=\"2048\" \/>\n\t<meta property=\"og:image:height\" content=\"2048\" \/>\n\t<meta property=\"og:image:type\" content=\"image\/jpeg\" \/>\n<meta name=\"twitter:card\" content=\"summary_large_image\" \/>\n<script type=\"application\/ld+json\" class=\"yoast-schema-graph\">{\"@context\":\"https:\\\/\\\/schema.org\",\"@graph\":[{\"@type\":\"WebPage\",\"@id\":\"https:\\\/\\\/sbdapparel.lv\\\/product\\\/reflect-standarta-celu-ortozes-7mm\\\/\",\"url\":\"https:\\\/\\\/sbdapparel.lv\\\/product\\\/reflect-standarta-celu-ortozes-7mm\\\/\",\"name\":\"REFLECT STANDARTA CE\u013bU ORTOZES 7mm - SBD Apparel LV\",\"isPartOf\":{\"@id\":\"https:\\\/\\\/sbdapparel.lv\\\/#website\"},\"primaryImageOfPage\":{\"@id\":\"https:\\\/\\\/sbdapparel.lv\\\/product\\\/reflect-standarta-celu-ortozes-7mm\\\/#primaryimage\"},\"image\":{\"@id\":\"https:\\\/\\\/sbdapparel.lv\\\/product\\\/reflect-standarta-celu-ortozes-7mm\\\/#primaryimage\"},\"thumbnailUrl\":\"https:\\\/\\\/sbdapparel.lv\\\/wp-content\\\/uploads\\\/2024\\\/11\\\/Reflect-7mm-Knee-Sleeves-01-Snipe.jpg\",\"datePublished\":\"2024-11-09T15:00:30+00:00\",\"dateModified\":\"2026-01-24T21:40:45+00:00\",\"breadcrumb\":{\"@id\":\"https:\\\/\\\/sbdapparel.lv\\\/product\\\/reflect-standarta-celu-ortozes-7mm\\\/#breadcrumb\"},\"inLanguage\":\"en-US\",\"potentialAction\":[{\"@type\":\"ReadAction\",\"target\":[\"https:\\\/\\\/sbdapparel.lv\\\/product\\\/reflect-standarta-celu-ortozes-7mm\\\/\"]}]},{\"@type\":\"ImageObject\",\"inLanguage\":\"en-US\",\"@id\":\"https:\\\/\\\/sbdapparel.lv\\\/product\\\/reflect-standarta-celu-ortozes-7mm\\\/#primaryimage\",\"url\":\"https:\\\/\\\/sbdapparel.lv\\\/wp-content\\\/uploads\\\/2024\\\/11\\\/Reflect-7mm-Knee-Sleeves-01-Snipe.jpg\",\"contentUrl\":\"https:\\\/\\\/sbdapparel.lv\\\/wp-content\\\/uploads\\\/2024\\\/11\\\/Reflect-7mm-Knee-Sleeves-01-Snipe.jpg\",\"width\":2048,\"height\":2048},{\"@type\":\"BreadcrumbList\",\"@id\":\"https:\\\/\\\/sbdapparel.lv\\\/product\\\/reflect-standarta-celu-ortozes-7mm\\\/#breadcrumb\",\"itemListElement\":[{\"@type\":\"ListItem\",\"position\":1,\"name\":\"Home\",\"item\":\"https:\\\/\\\/sbdapparel.lv\\\/\"},{\"@type\":\"ListItem\",\"position\":2,\"name\":\"Produktai\",\"item\":\"https:\\\/\\\/sbdapparel.lv\\\/shop\\\/\"},{\"@type\":\"ListItem\",\"position\":3,\"name\":\"REFLECT STANDARTA CE\u013bU ORTOZES 7mm\"}]},{\"@type\":\"WebSite\",\"@id\":\"https:\\\/\\\/sbdapparel.lv\\\/#website\",\"url\":\"https:\\\/\\\/sbdapparel.lv\\\/\",\"name\":\"sbdapparel.lv\",\"description\":\"Latvija\",\"publisher\":{\"@id\":\"https:\\\/\\\/sbdapparel.lv\\\/#organization\"},\"potentialAction\":[{\"@type\":\"SearchAction\",\"target\":{\"@type\":\"EntryPoint\",\"urlTemplate\":\"https:\\\/\\\/sbdapparel.lv\\\/?s={search_term_string}\"},\"query-input\":{\"@type\":\"PropertyValueSpecification\",\"valueRequired\":true,\"valueName\":\"search_term_string\"}}],\"inLanguage\":\"en-US\"},{\"@type\":\"Organization\",\"@id\":\"https:\\\/\\\/sbdapparel.lv\\\/#organization\",\"name\":\"SBD Apparel LV\",\"url\":\"https:\\\/\\\/sbdapparel.lv\\\/\",\"logo\":{\"@type\":\"ImageObject\",\"inLanguage\":\"en-US\",\"@id\":\"https:\\\/\\\/sbdapparel.lv\\\/#\\\/schema\\\/logo\\\/image\\\/\",\"url\":\"https:\\\/\\\/sbdapparel.lv\\\/wp-content\\\/uploads\\\/2023\\\/07\\\/cropped-SBD_Identity_OnDark_RGB.png\",\"contentUrl\":\"https:\\\/\\\/sbdapparel.lv\\\/wp-content\\\/uploads\\\/2023\\\/07\\\/cropped-SBD_Identity_OnDark_RGB.png\",\"width\":1182,\"height\":515,\"caption\":\"SBD Apparel LV\"},\"image\":{\"@id\":\"https:\\\/\\\/sbdapparel.lv\\\/#\\\/schema\\\/logo\\\/image\\\/\"}}]}<\/script>\n<!-- \/ Yoast SEO plugin. -->","yoast_head_json":{"title":"REFLECT STANDARTA CE\u013bU ORTOZES 7mm - SBD Apparel LV","robots":{"index":"index","follow":"follow","max-snippet":"max-snippet:-1","max-image-preview":"max-image-preview:large","max-video-preview":"max-video-preview:-1"},"canonical":"https:\/\/sbdapparel.lv\/en\/product\/reflect-standarta-celu-ortozes-7mm\/","og_locale":"en_US","og_type":"article","og_title":"REFLECT STANDARTA CE\u013bU ORTOZES 7mm - SBD Apparel LV","og_description":"Izgatavots no augstas kvalit\u0101tes 7 mm neopr\u0113na un paredz\u0113ts, lai uzlabotu ce\u013ca loc\u012btavas saspie\u0161anu un atbalstu. \u0160\u012bm ce\u013cgalu lenc\u0113m uzticas sp\u0113ka sportisti vis\u0101 pasaul\u0113, un t\u0101s ir lieliski piem\u0113rotas pauerliftingam un smagiem treni\u0146iem. Reflect ce\u013cgalu bik\u0161turi tiek ra\u017eoti p\u0113c t\u0101diem pa\u0161iem standartiem k\u0101 m\u016bsu klasisk\u0101 produktu l\u012bnija.  \u25cfP\u0101rdodas k\u0101 p\u0101ris.  \u25cfApstiprin\u0101ts IPF un IWF ar maksim\u0101lo pie\u013caujamo garumu 30 cm.  \u25cf7 mm augstas kvalit\u0101tes neopr\u0113ns maksim\u0101lam atbalstam.  \u25cfAtjaunota pastiprin\u0101ta \u0161uvju konstrukcija, lai maksim\u0101li palielin\u0101tu iztur\u012bbu.  \u25cfAntimikrobi\u0101l\u0101 virsma samazina bakt\u0113riju uzkr\u0101\u0161anos un samazina smaku.  \u25cfPatent\u0113ts dizains.  \u25cfRa\u017eots Lielbrit\u0101nij\u0101.","og_url":"https:\/\/sbdapparel.lv\/en\/product\/reflect-standarta-celu-ortozes-7mm\/","og_site_name":"SBD Apparel LV","article_modified_time":"2026-01-24T21:40:45+00:00","og_image":[{"width":2048,"height":2048,"url":"https:\/\/sbdapparel.lv\/wp-content\/uploads\/2024\/11\/Reflect-7mm-Knee-Sleeves-01-Snipe.jpg","type":"image\/jpeg"}],"twitter_card":"summary_large_image","schema":{"@context":"https:\/\/schema.org","@graph":[{"@type":"WebPage","@id":"https:\/\/sbdapparel.lv\/product\/reflect-standarta-celu-ortozes-7mm\/","url":"https:\/\/sbdapparel.lv\/product\/reflect-standarta-celu-ortozes-7mm\/","name":"REFLECT STANDARTA CE\u013bU ORTOZES 7mm - SBD Apparel LV","isPartOf":{"@id":"https:\/\/sbdapparel.lv\/#website"},"primaryImageOfPage":{"@id":"https:\/\/sbdapparel.lv\/product\/reflect-standarta-celu-ortozes-7mm\/#primaryimage"},"image":{"@id":"https:\/\/sbdapparel.lv\/product\/reflect-standarta-celu-ortozes-7mm\/#primaryimage"},"thumbnailUrl":"https:\/\/sbdapparel.lv\/wp-content\/uploads\/2024\/11\/Reflect-7mm-Knee-Sleeves-01-Snipe.jpg","datePublished":"2024-11-09T15:00:30+00:00","dateModified":"2026-01-24T21:40:45+00:00","breadcrumb":{"@id":"https:\/\/sbdapparel.lv\/product\/reflect-standarta-celu-ortozes-7mm\/#breadcrumb"},"inLanguage":"en-US","potentialAction":[{"@type":"ReadAction","target":["https:\/\/sbdapparel.lv\/product\/reflect-standarta-celu-ortozes-7mm\/"]}]},{"@type":"ImageObject","inLanguage":"en-US","@id":"https:\/\/sbdapparel.lv\/product\/reflect-standarta-celu-ortozes-7mm\/#primaryimage","url":"https:\/\/sbdapparel.lv\/wp-content\/uploads\/2024\/11\/Reflect-7mm-Knee-Sleeves-01-Snipe.jpg","contentUrl":"https:\/\/sbdapparel.lv\/wp-content\/uploads\/2024\/11\/Reflect-7mm-Knee-Sleeves-01-Snipe.jpg","width":2048,"height":2048},{"@type":"BreadcrumbList","@id":"https:\/\/sbdapparel.lv\/product\/reflect-standarta-celu-ortozes-7mm\/#breadcrumb","itemListElement":[{"@type":"ListItem","position":1,"name":"Home","item":"https:\/\/sbdapparel.lv\/"},{"@type":"ListItem","position":2,"name":"Produktai","item":"https:\/\/sbdapparel.lv\/shop\/"},{"@type":"ListItem","position":3,"name":"REFLECT STANDARTA CE\u013bU ORTOZES 7mm"}]},{"@type":"WebSite","@id":"https:\/\/sbdapparel.lv\/#website","url":"https:\/\/sbdapparel.lv\/","name":"sbdapparel.lv","description":"Latvija","publisher":{"@id":"https:\/\/sbdapparel.lv\/#organization"},"potentialAction":[{"@type":"SearchAction","target":{"@type":"EntryPoint","urlTemplate":"https:\/\/sbdapparel.lv\/?s={search_term_string}"},"query-input":{"@type":"PropertyValueSpecification","valueRequired":true,"valueName":"search_term_string"}}],"inLanguage":"en-US"},{"@type":"Organization","@id":"https:\/\/sbdapparel.lv\/#organization","name":"SBD Apparel LV","url":"https:\/\/sbdapparel.lv\/","logo":{"@type":"ImageObject","inLanguage":"en-US","@id":"https:\/\/sbdapparel.lv\/#\/schema\/logo\/image\/","url":"https:\/\/sbdapparel.lv\/wp-content\/uploads\/2023\/07\/cropped-SBD_Identity_OnDark_RGB.png","contentUrl":"https:\/\/sbdapparel.lv\/wp-content\/uploads\/2023\/07\/cropped-SBD_Identity_OnDark_RGB.png","width":1182,"height":515,"caption":"SBD Apparel LV"},"image":{"@id":"https:\/\/sbdapparel.lv\/#\/schema\/logo\/image\/"}}]}},"_links":{"self":[{"href":"https:\/\/sbdapparel.lv\/en\/wp-json\/wp\/v2\/product\/1939","targetHints":{"allow":["GET"]}}],"collection":[{"href":"https:\/\/sbdapparel.lv\/en\/wp-json\/wp\/v2\/product"}],"about":[{"href":"https:\/\/sbdapparel.lv\/en\/wp-json\/wp\/v2\/types\/product"}],"version-history":[{"count":6,"href":"https:\/\/sbdapparel.lv\/en\/wp-json\/wp\/v2\/product\/1939\/revisions"}],"predecessor-version":[{"id":5383,"href":"https:\/\/sbdapparel.lv\/en\/wp-json\/wp\/v2\/product\/1939\/revisions\/5383"}],"wp:featuredmedia":[{"embeddable":true,"href":"https:\/\/sbdapparel.lv\/en\/wp-json\/wp\/v2\/media\/1947"}],"wp:attachment":[{"href":"https:\/\/sbdapparel.lv\/en\/wp-json\/wp\/v2\/media?parent=1939"}],"wp:term":[{"taxonomy":"product_brand","embeddable":true,"href":"https:\/\/sbdapparel.lv\/en\/wp-json\/wp\/v2\/product_brand?post=1939"},{"taxonomy":"product_cat","embeddable":true,"href":"https:\/\/sbdapparel.lv\/en\/wp-json\/wp\/v2\/product_cat?post=1939"},{"taxonomy":"product_tag","embeddable":true,"href":"https:\/\/sbdapparel.lv\/en\/wp-json\/wp\/v2\/product_tag?post=1939"},{"taxonomy":"giftcard-category","embeddable":true,"href":"https:\/\/sbdapparel.lv\/en\/wp-json\/wp\/v2\/giftcard-category?post=1939"}],"curies":[{"name":"wp","href":"https:\/\/api.w.org\/{rel}","templated":true}]}}