{"id":1928,"date":"2024-11-09T14:54:29","date_gmt":"2024-11-09T14:54:29","guid":{"rendered":"https:\/\/sbdapparel.lv\/?post_type=product&#038;p=1928"},"modified":"2026-01-24T23:11:01","modified_gmt":"2026-01-24T21:11:01","slug":"reflect-powerlifting-celu-ortozes-7mm","status":"publish","type":"product","link":"https:\/\/sbdapparel.lv\/en\/product\/reflect-powerlifting-celu-ortozes-7mm\/","title":{"rendered":"REFLECT POWERLIFTING CE\u013bU ORTOZES 7mm"},"content":{"rendered":"","protected":false},"excerpt":{"rendered":"<p>The SBD Powerlifting Knee Sleeves are designed for competitive powerlifters looking for the maximum support from their sleeves.<\/p>\n<p>Reflect is a limited edition collection, offering the same performance and manufactured to the same high standards as our classic product line.<\/p>\n<p>Sold as a pair.<\/p>\n<p>IPF approved and USAPL and IWF compliant with the maximum allowable 30cm length.<\/p>\n<p>High grade, high density 7mm neoprene offers maximal compression and surface contact area throughout knee flexion.<\/p>\n<p>Enhanced four-way stretch allows the neoprene to stretch during fitting and maintain compression all around the knee joint throughout the lift with no gapping.<\/p>\n<p>Heavyweight linings, edging and seams designed to hold up to even the most aggressive fitting.<\/p>\n<p>Antimicrobial treatment minimizes the build up in bacteria and reduces odor.<\/p>\n<p>Patented design.<\/p>\n<p>Made in Sheffield, Great Britain.<\/p>","protected":false},"featured_media":1935,"template":"","meta":[],"product_brand":[],"product_cat":[43,63],"product_tag":[],"giftcard-category":[],"class_list":{"0":"post-1928","1":"product","2":"type-product","3":"status-publish","4":"has-post-thumbnail","6":"product_cat-keliuitvarai","7":"product_cat-reflect","10":"instock","11":"shipping-taxable","12":"purchasable","13":"product-type-variable","14":"product-grid-view"},"yoast_head":"<!-- This site is optimized with the Yoast SEO plugin v27.4 - https:\/\/yoast.com\/product\/yoast-seo-wordpress\/ -->\n<title>REFLECT POWERLIFTING CE\u013bU ORTOZES 7mm - SBD Apparel LV<\/title>\n<meta name=\"robots\" content=\"index, follow, max-snippet:-1, max-image-preview:large, max-video-preview:-1\" \/>\n<link rel=\"canonical\" href=\"https:\/\/sbdapparel.lv\/en\/product\/reflect-powerlifting-celu-ortozes-7mm\/\" \/>\n<meta property=\"og:locale\" content=\"en_US\" \/>\n<meta property=\"og:type\" content=\"article\" \/>\n<meta property=\"og:title\" content=\"REFLECT POWERLIFTING CE\u013bU ORTOZES 7mm - SBD Apparel LV\" \/>\n<meta property=\"og:description\" content=\"SBD ce\u013cgalu bik\u0161turi ir paredz\u0113ti nopietniem sp\u0113ka sportistiem, kuri mekl\u0113 maksim\u0101lu atbalstu no ce\u013cgala lenc\u0113m. Tie \u013cauj iev\u0113rojami vair\u0101k saspiest ce\u013ca loc\u012btavu saliek\u0161anas laik\u0101, lai maksim\u0101li palielin\u0101tu atbalstu un p\u0101rliec\u012bbu maksim\u0101l\u0101s p\u0101rbaudes laik\u0101, uzlabojot izcilu veiktsp\u0113ju.  \u25cfReflect ir ierobe\u017eota izdevuma kolekcija, kurai ir t\u0101das pa\u0161as funkcijas un kas ir izgatavota saska\u0146\u0101 ar t\u0101diem pa\u0161iem augstiem standartiem k\u0101 m\u016bsu klasisk\u0101 produktu l\u012bnija.  \u25cfP\u0101rdodas k\u0101 p\u0101ris.  \u25cfApstiprin\u0101ts IPF un IWF ar maksim\u0101lo pie\u013caujamo garumu 30 cm.  \u25cf Augstas kvalit\u0101tes, augsta bl\u012bvuma 7 mm neopr\u0113ns nodro\u0161ina maksim\u0101lu kompresiju un virsmas saskares laukumu vis\u0101 ce\u013cgala izliekum\u0101.  \u25cf Uzlabot\u0101 \u010detrvirzienu stiep\u0161ana \u013cauj neopr\u0113nam izstiepties pielaiko\u0161anas laik\u0101 un uztur\u0113t saspie\u0161anu ap ce\u013ca loc\u012btavu vis\u0101 pacel\u0161anas laik\u0101 bez atstarp\u0113m starp ce\u013cgalu un lenc\u0113m.  \u25cfSp\u0113c\u012bgas oderes, apmales un \u0161uves, kas izstr\u0101d\u0101tas, lai notur\u0113tu pat visagres\u012bv\u0101k\u0101s formas.  \u25cfAntimikrobi\u0101l\u0101 virsma samazina bakt\u0113riju uzkr\u0101\u0161anos un samazina smaku.  \u25cfPatent\u0113ts dizains.  \u25cfRa\u017eots Lielbrit\u0101nij\u0101.\" \/>\n<meta property=\"og:url\" content=\"https:\/\/sbdapparel.lv\/en\/product\/reflect-powerlifting-celu-ortozes-7mm\/\" \/>\n<meta property=\"og:site_name\" content=\"SBD Apparel LV\" \/>\n<meta property=\"article:modified_time\" content=\"2026-01-24T21:11:01+00:00\" \/>\n<meta property=\"og:image\" content=\"https:\/\/sbdapparel.lv\/wp-content\/uploads\/2024\/11\/Reflect-Powerlifting-Knee-Sleeves-01-Snipe-1024x1024.jpg\" \/>\n\t<meta property=\"og:image:width\" content=\"1024\" \/>\n\t<meta property=\"og:image:height\" content=\"1024\" \/>\n\t<meta property=\"og:image:type\" content=\"image\/jpeg\" \/>\n<meta name=\"twitter:card\" content=\"summary_large_image\" \/>\n<script type=\"application\/ld+json\" class=\"yoast-schema-graph\">{\"@context\":\"https:\\\/\\\/schema.org\",\"@graph\":[{\"@type\":\"WebPage\",\"@id\":\"https:\\\/\\\/sbdapparel.lv\\\/product\\\/reflect-powerlifting-celu-ortozes-7mm\\\/\",\"url\":\"https:\\\/\\\/sbdapparel.lv\\\/product\\\/reflect-powerlifting-celu-ortozes-7mm\\\/\",\"name\":\"REFLECT POWERLIFTING CE\u013bU ORTOZES 7mm - SBD Apparel LV\",\"isPartOf\":{\"@id\":\"https:\\\/\\\/sbdapparel.lv\\\/#website\"},\"primaryImageOfPage\":{\"@id\":\"https:\\\/\\\/sbdapparel.lv\\\/product\\\/reflect-powerlifting-celu-ortozes-7mm\\\/#primaryimage\"},\"image\":{\"@id\":\"https:\\\/\\\/sbdapparel.lv\\\/product\\\/reflect-powerlifting-celu-ortozes-7mm\\\/#primaryimage\"},\"thumbnailUrl\":\"https:\\\/\\\/sbdapparel.lv\\\/wp-content\\\/uploads\\\/2024\\\/11\\\/Reflect-Powerlifting-Knee-Sleeves-01-Snipe.jpg\",\"datePublished\":\"2024-11-09T14:54:29+00:00\",\"dateModified\":\"2026-01-24T21:11:01+00:00\",\"breadcrumb\":{\"@id\":\"https:\\\/\\\/sbdapparel.lv\\\/product\\\/reflect-powerlifting-celu-ortozes-7mm\\\/#breadcrumb\"},\"inLanguage\":\"en-US\",\"potentialAction\":[{\"@type\":\"ReadAction\",\"target\":[\"https:\\\/\\\/sbdapparel.lv\\\/product\\\/reflect-powerlifting-celu-ortozes-7mm\\\/\"]}]},{\"@type\":\"ImageObject\",\"inLanguage\":\"en-US\",\"@id\":\"https:\\\/\\\/sbdapparel.lv\\\/product\\\/reflect-powerlifting-celu-ortozes-7mm\\\/#primaryimage\",\"url\":\"https:\\\/\\\/sbdapparel.lv\\\/wp-content\\\/uploads\\\/2024\\\/11\\\/Reflect-Powerlifting-Knee-Sleeves-01-Snipe.jpg\",\"contentUrl\":\"https:\\\/\\\/sbdapparel.lv\\\/wp-content\\\/uploads\\\/2024\\\/11\\\/Reflect-Powerlifting-Knee-Sleeves-01-Snipe.jpg\",\"width\":2048,\"height\":2048},{\"@type\":\"BreadcrumbList\",\"@id\":\"https:\\\/\\\/sbdapparel.lv\\\/product\\\/reflect-powerlifting-celu-ortozes-7mm\\\/#breadcrumb\",\"itemListElement\":[{\"@type\":\"ListItem\",\"position\":1,\"name\":\"Home\",\"item\":\"https:\\\/\\\/sbdapparel.lv\\\/\"},{\"@type\":\"ListItem\",\"position\":2,\"name\":\"Produktai\",\"item\":\"https:\\\/\\\/sbdapparel.lv\\\/shop\\\/\"},{\"@type\":\"ListItem\",\"position\":3,\"name\":\"REFLECT POWERLIFTING CE\u013bU ORTOZES 7mm\"}]},{\"@type\":\"WebSite\",\"@id\":\"https:\\\/\\\/sbdapparel.lv\\\/#website\",\"url\":\"https:\\\/\\\/sbdapparel.lv\\\/\",\"name\":\"sbdapparel.lv\",\"description\":\"Latvija\",\"publisher\":{\"@id\":\"https:\\\/\\\/sbdapparel.lv\\\/#organization\"},\"potentialAction\":[{\"@type\":\"SearchAction\",\"target\":{\"@type\":\"EntryPoint\",\"urlTemplate\":\"https:\\\/\\\/sbdapparel.lv\\\/?s={search_term_string}\"},\"query-input\":{\"@type\":\"PropertyValueSpecification\",\"valueRequired\":true,\"valueName\":\"search_term_string\"}}],\"inLanguage\":\"en-US\"},{\"@type\":\"Organization\",\"@id\":\"https:\\\/\\\/sbdapparel.lv\\\/#organization\",\"name\":\"SBD Apparel LV\",\"url\":\"https:\\\/\\\/sbdapparel.lv\\\/\",\"logo\":{\"@type\":\"ImageObject\",\"inLanguage\":\"en-US\",\"@id\":\"https:\\\/\\\/sbdapparel.lv\\\/#\\\/schema\\\/logo\\\/image\\\/\",\"url\":\"https:\\\/\\\/sbdapparel.lv\\\/wp-content\\\/uploads\\\/2023\\\/07\\\/cropped-SBD_Identity_OnDark_RGB.png\",\"contentUrl\":\"https:\\\/\\\/sbdapparel.lv\\\/wp-content\\\/uploads\\\/2023\\\/07\\\/cropped-SBD_Identity_OnDark_RGB.png\",\"width\":1182,\"height\":515,\"caption\":\"SBD Apparel LV\"},\"image\":{\"@id\":\"https:\\\/\\\/sbdapparel.lv\\\/#\\\/schema\\\/logo\\\/image\\\/\"}}]}<\/script>\n<!-- \/ Yoast SEO plugin. -->","yoast_head_json":{"title":"REFLECT POWERLIFTING CE\u013bU ORTOZES 7mm - SBD Apparel LV","robots":{"index":"index","follow":"follow","max-snippet":"max-snippet:-1","max-image-preview":"max-image-preview:large","max-video-preview":"max-video-preview:-1"},"canonical":"https:\/\/sbdapparel.lv\/en\/product\/reflect-powerlifting-celu-ortozes-7mm\/","og_locale":"en_US","og_type":"article","og_title":"REFLECT POWERLIFTING CE\u013bU ORTOZES 7mm - SBD Apparel LV","og_description":"SBD ce\u013cgalu bik\u0161turi ir paredz\u0113ti nopietniem sp\u0113ka sportistiem, kuri mekl\u0113 maksim\u0101lu atbalstu no ce\u013cgala lenc\u0113m. Tie \u013cauj iev\u0113rojami vair\u0101k saspiest ce\u013ca loc\u012btavu saliek\u0161anas laik\u0101, lai maksim\u0101li palielin\u0101tu atbalstu un p\u0101rliec\u012bbu maksim\u0101l\u0101s p\u0101rbaudes laik\u0101, uzlabojot izcilu veiktsp\u0113ju.  \u25cfReflect ir ierobe\u017eota izdevuma kolekcija, kurai ir t\u0101das pa\u0161as funkcijas un kas ir izgatavota saska\u0146\u0101 ar t\u0101diem pa\u0161iem augstiem standartiem k\u0101 m\u016bsu klasisk\u0101 produktu l\u012bnija.  \u25cfP\u0101rdodas k\u0101 p\u0101ris.  \u25cfApstiprin\u0101ts IPF un IWF ar maksim\u0101lo pie\u013caujamo garumu 30 cm.  \u25cf Augstas kvalit\u0101tes, augsta bl\u012bvuma 7 mm neopr\u0113ns nodro\u0161ina maksim\u0101lu kompresiju un virsmas saskares laukumu vis\u0101 ce\u013cgala izliekum\u0101.  \u25cf Uzlabot\u0101 \u010detrvirzienu stiep\u0161ana \u013cauj neopr\u0113nam izstiepties pielaiko\u0161anas laik\u0101 un uztur\u0113t saspie\u0161anu ap ce\u013ca loc\u012btavu vis\u0101 pacel\u0161anas laik\u0101 bez atstarp\u0113m starp ce\u013cgalu un lenc\u0113m.  \u25cfSp\u0113c\u012bgas oderes, apmales un \u0161uves, kas izstr\u0101d\u0101tas, lai notur\u0113tu pat visagres\u012bv\u0101k\u0101s formas.  \u25cfAntimikrobi\u0101l\u0101 virsma samazina bakt\u0113riju uzkr\u0101\u0161anos un samazina smaku.  \u25cfPatent\u0113ts dizains.  \u25cfRa\u017eots Lielbrit\u0101nij\u0101.","og_url":"https:\/\/sbdapparel.lv\/en\/product\/reflect-powerlifting-celu-ortozes-7mm\/","og_site_name":"SBD Apparel LV","article_modified_time":"2026-01-24T21:11:01+00:00","og_image":[{"width":1024,"height":1024,"url":"https:\/\/sbdapparel.lv\/wp-content\/uploads\/2024\/11\/Reflect-Powerlifting-Knee-Sleeves-01-Snipe-1024x1024.jpg","type":"image\/jpeg"}],"twitter_card":"summary_large_image","schema":{"@context":"https:\/\/schema.org","@graph":[{"@type":"WebPage","@id":"https:\/\/sbdapparel.lv\/product\/reflect-powerlifting-celu-ortozes-7mm\/","url":"https:\/\/sbdapparel.lv\/product\/reflect-powerlifting-celu-ortozes-7mm\/","name":"REFLECT POWERLIFTING CE\u013bU ORTOZES 7mm - SBD Apparel LV","isPartOf":{"@id":"https:\/\/sbdapparel.lv\/#website"},"primaryImageOfPage":{"@id":"https:\/\/sbdapparel.lv\/product\/reflect-powerlifting-celu-ortozes-7mm\/#primaryimage"},"image":{"@id":"https:\/\/sbdapparel.lv\/product\/reflect-powerlifting-celu-ortozes-7mm\/#primaryimage"},"thumbnailUrl":"https:\/\/sbdapparel.lv\/wp-content\/uploads\/2024\/11\/Reflect-Powerlifting-Knee-Sleeves-01-Snipe.jpg","datePublished":"2024-11-09T14:54:29+00:00","dateModified":"2026-01-24T21:11:01+00:00","breadcrumb":{"@id":"https:\/\/sbdapparel.lv\/product\/reflect-powerlifting-celu-ortozes-7mm\/#breadcrumb"},"inLanguage":"en-US","potentialAction":[{"@type":"ReadAction","target":["https:\/\/sbdapparel.lv\/product\/reflect-powerlifting-celu-ortozes-7mm\/"]}]},{"@type":"ImageObject","inLanguage":"en-US","@id":"https:\/\/sbdapparel.lv\/product\/reflect-powerlifting-celu-ortozes-7mm\/#primaryimage","url":"https:\/\/sbdapparel.lv\/wp-content\/uploads\/2024\/11\/Reflect-Powerlifting-Knee-Sleeves-01-Snipe.jpg","contentUrl":"https:\/\/sbdapparel.lv\/wp-content\/uploads\/2024\/11\/Reflect-Powerlifting-Knee-Sleeves-01-Snipe.jpg","width":2048,"height":2048},{"@type":"BreadcrumbList","@id":"https:\/\/sbdapparel.lv\/product\/reflect-powerlifting-celu-ortozes-7mm\/#breadcrumb","itemListElement":[{"@type":"ListItem","position":1,"name":"Home","item":"https:\/\/sbdapparel.lv\/"},{"@type":"ListItem","position":2,"name":"Produktai","item":"https:\/\/sbdapparel.lv\/shop\/"},{"@type":"ListItem","position":3,"name":"REFLECT POWERLIFTING CE\u013bU ORTOZES 7mm"}]},{"@type":"WebSite","@id":"https:\/\/sbdapparel.lv\/#website","url":"https:\/\/sbdapparel.lv\/","name":"sbdapparel.lv","description":"Latvija","publisher":{"@id":"https:\/\/sbdapparel.lv\/#organization"},"potentialAction":[{"@type":"SearchAction","target":{"@type":"EntryPoint","urlTemplate":"https:\/\/sbdapparel.lv\/?s={search_term_string}"},"query-input":{"@type":"PropertyValueSpecification","valueRequired":true,"valueName":"search_term_string"}}],"inLanguage":"en-US"},{"@type":"Organization","@id":"https:\/\/sbdapparel.lv\/#organization","name":"SBD Apparel LV","url":"https:\/\/sbdapparel.lv\/","logo":{"@type":"ImageObject","inLanguage":"en-US","@id":"https:\/\/sbdapparel.lv\/#\/schema\/logo\/image\/","url":"https:\/\/sbdapparel.lv\/wp-content\/uploads\/2023\/07\/cropped-SBD_Identity_OnDark_RGB.png","contentUrl":"https:\/\/sbdapparel.lv\/wp-content\/uploads\/2023\/07\/cropped-SBD_Identity_OnDark_RGB.png","width":1182,"height":515,"caption":"SBD Apparel LV"},"image":{"@id":"https:\/\/sbdapparel.lv\/#\/schema\/logo\/image\/"}}]}},"_links":{"self":[{"href":"https:\/\/sbdapparel.lv\/en\/wp-json\/wp\/v2\/product\/1928","targetHints":{"allow":["GET"]}}],"collection":[{"href":"https:\/\/sbdapparel.lv\/en\/wp-json\/wp\/v2\/product"}],"about":[{"href":"https:\/\/sbdapparel.lv\/en\/wp-json\/wp\/v2\/types\/product"}],"version-history":[{"count":7,"href":"https:\/\/sbdapparel.lv\/en\/wp-json\/wp\/v2\/product\/1928\/revisions"}],"predecessor-version":[{"id":5384,"href":"https:\/\/sbdapparel.lv\/en\/wp-json\/wp\/v2\/product\/1928\/revisions\/5384"}],"wp:featuredmedia":[{"embeddable":true,"href":"https:\/\/sbdapparel.lv\/en\/wp-json\/wp\/v2\/media\/1935"}],"wp:attachment":[{"href":"https:\/\/sbdapparel.lv\/en\/wp-json\/wp\/v2\/media?parent=1928"}],"wp:term":[{"taxonomy":"product_brand","embeddable":true,"href":"https:\/\/sbdapparel.lv\/en\/wp-json\/wp\/v2\/product_brand?post=1928"},{"taxonomy":"product_cat","embeddable":true,"href":"https:\/\/sbdapparel.lv\/en\/wp-json\/wp\/v2\/product_cat?post=1928"},{"taxonomy":"product_tag","embeddable":true,"href":"https:\/\/sbdapparel.lv\/en\/wp-json\/wp\/v2\/product_tag?post=1928"},{"taxonomy":"giftcard-category","embeddable":true,"href":"https:\/\/sbdapparel.lv\/en\/wp-json\/wp\/v2\/giftcard-category?post=1928"}],"curies":[{"name":"wp","href":"https:\/\/api.w.org\/{rel}","templated":true}]}}