{"id":1658,"date":"2024-02-19T18:54:40","date_gmt":"2024-02-19T18:54:40","guid":{"rendered":"https:\/\/sbdapparel.lv\/?post_type=product&#038;p=1658"},"modified":"2025-12-21T20:52:03","modified_gmt":"2025-12-21T18:52:03","slug":"50e-davanu-karte","status":"publish","type":"product","link":"https:\/\/sbdapparel.lv\/en\/product\/50e-davanu-karte\/","title":{"rendered":"50\u20ac D\u0100VANU KARTE"},"content":{"rendered":"<div class=\"lRu31\" dir=\"ltr\">Vai v\u0113laties k\u0101dam uzd\u0101vin\u0101t SBD produktus, bet nezin\u0101t, ko tie\u0161i vi\u0146\u0161 mekl\u0113?<br \/>\nUzd\u0101viniet vi\u0146iem SBD d\u0101vanu karti un \u013caujiet vi\u0146iem izv\u0113l\u0113ties.<br \/>\nTas, k\u0101 nos\u016bt\u0101t SBD e-d\u0101vanu karti, ir ar\u012b j\u016bsu zi\u0146\u0101.<br \/>\nVarat izv\u0113l\u0113ties, lai kods jums tiktu nos\u016bt\u012bts pa e-pastu. tie\u0161i sa\u0146\u0113m\u0113jam, vai ar\u012b varat izv\u0113l\u0113ties d\u0101vin\u0101t kodu pats.<br \/>\nD\u0101vanu karti var izmantot tikai sbdapparel.lv<\/div>","protected":false},"excerpt":{"rendered":"<div class=\"lRu31\" dir=\"ltr\">Vai v\u0113laties k\u0101dam uzd\u0101vin\u0101t SBD produktus, bet nezin\u0101t, ko tie\u0161i vi\u0146\u0161 mekl\u0113?<br \/>\nUzd\u0101viniet vi\u0146iem SBD d\u0101vanu karti un \u013caujiet vi\u0146iem izv\u0113l\u0113ties.<br \/>\nTas, k\u0101 nos\u016bt\u0101t SBD e-d\u0101vanu karti, ir ar\u012b j\u016bsu zi\u0146\u0101.<br \/>\nVarat izv\u0113l\u0113ties, lai kods jums tiktu nos\u016bt\u012bts pa e-pastu. tie\u0161i sa\u0146\u0113m\u0113jam, vai ar\u012b varat izv\u0113l\u0113ties d\u0101vin\u0101t kodu pats.<br \/>\nD\u0101vanu karti var izmantot tikai sbdapparel.lv<\/div>","protected":false},"featured_media":1283,"template":"","meta":[],"product_brand":[],"product_cat":[61],"product_tag":[],"giftcard-category":[],"class_list":{"0":"post-1658","1":"product","2":"type-product","3":"status-publish","4":"has-post-thumbnail","6":"product_cat-wps_wgm_giftcard","9":"instock","10":"virtual","11":"purchasable","12":"product-type-gift-card","13":"product-grid-view"},"yoast_head":"<!-- This site is optimized with the Yoast SEO plugin v27.4 - https:\/\/yoast.com\/product\/yoast-seo-wordpress\/ -->\n<title>50\u20ac D\u0100VANU KARTE - SBD Apparel LV<\/title>\n<meta name=\"robots\" content=\"index, follow, max-snippet:-1, max-image-preview:large, max-video-preview:-1\" \/>\n<link rel=\"canonical\" href=\"https:\/\/sbdapparel.lv\/en\/product\/50e-davanu-karte\/\" \/>\n<meta property=\"og:locale\" content=\"en_US\" \/>\n<meta property=\"og:type\" content=\"article\" \/>\n<meta property=\"og:title\" content=\"50\u20ac D\u0100VANU KARTE - SBD Apparel LV\" \/>\n<meta property=\"og:description\" content=\"Vai v\u0113laties k\u0101dam uzd\u0101vin\u0101t SBD produktus, bet nezin\u0101t, ko tie\u0161i vi\u0146\u0161 mekl\u0113? Uzd\u0101viniet vi\u0146iem SBD d\u0101vanu karti un \u013caujiet vi\u0146iem izv\u0113l\u0113ties. Tas, k\u0101 nos\u016bt\u0101t SBD e-d\u0101vanu karti, ir ar\u012b j\u016bsu zi\u0146\u0101. Varat izv\u0113l\u0113ties, lai kods jums tiktu nos\u016bt\u012bts pa e-pastu. tie\u0161i sa\u0146\u0113m\u0113jam, vai ar\u012b varat izv\u0113l\u0113ties d\u0101vin\u0101t kodu pats. D\u0101vanu karti var izmantot tikai sbdapparel.lv\" \/>\n<meta property=\"og:url\" content=\"https:\/\/sbdapparel.lv\/en\/product\/50e-davanu-karte\/\" \/>\n<meta property=\"og:site_name\" content=\"SBD Apparel LV\" \/>\n<meta property=\"article:modified_time\" content=\"2025-12-21T18:52:03+00:00\" \/>\n<meta property=\"og:image\" content=\"https:\/\/sbdapparel.lv\/wp-content\/uploads\/2023\/07\/SBD-LOGO-RED-ON-BLACK.jpg\" \/>\n\t<meta property=\"og:image:width\" content=\"2160\" \/>\n\t<meta property=\"og:image:height\" content=\"2160\" \/>\n\t<meta property=\"og:image:type\" content=\"image\/jpeg\" \/>\n<meta name=\"twitter:card\" content=\"summary_large_image\" \/>\n<script type=\"application\/ld+json\" class=\"yoast-schema-graph\">{\"@context\":\"https:\\\/\\\/schema.org\",\"@graph\":[{\"@type\":\"WebPage\",\"@id\":\"https:\\\/\\\/sbdapparel.lv\\\/product\\\/50e-davanu-karte\\\/\",\"url\":\"https:\\\/\\\/sbdapparel.lv\\\/product\\\/50e-davanu-karte\\\/\",\"name\":\"50\u20ac D\u0100VANU KARTE - SBD Apparel LV\",\"isPartOf\":{\"@id\":\"https:\\\/\\\/sbdapparel.lv\\\/#website\"},\"primaryImageOfPage\":{\"@id\":\"https:\\\/\\\/sbdapparel.lv\\\/product\\\/50e-davanu-karte\\\/#primaryimage\"},\"image\":{\"@id\":\"https:\\\/\\\/sbdapparel.lv\\\/product\\\/50e-davanu-karte\\\/#primaryimage\"},\"thumbnailUrl\":\"https:\\\/\\\/sbdapparel.lv\\\/wp-content\\\/uploads\\\/2023\\\/07\\\/SBD-LOGO-RED-ON-BLACK.jpg\",\"datePublished\":\"2024-02-19T18:54:40+00:00\",\"dateModified\":\"2025-12-21T18:52:03+00:00\",\"breadcrumb\":{\"@id\":\"https:\\\/\\\/sbdapparel.lv\\\/product\\\/50e-davanu-karte\\\/#breadcrumb\"},\"inLanguage\":\"en-US\",\"potentialAction\":[{\"@type\":\"ReadAction\",\"target\":[\"https:\\\/\\\/sbdapparel.lv\\\/product\\\/50e-davanu-karte\\\/\"]}]},{\"@type\":\"ImageObject\",\"inLanguage\":\"en-US\",\"@id\":\"https:\\\/\\\/sbdapparel.lv\\\/product\\\/50e-davanu-karte\\\/#primaryimage\",\"url\":\"https:\\\/\\\/sbdapparel.lv\\\/wp-content\\\/uploads\\\/2023\\\/07\\\/SBD-LOGO-RED-ON-BLACK.jpg\",\"contentUrl\":\"https:\\\/\\\/sbdapparel.lv\\\/wp-content\\\/uploads\\\/2023\\\/07\\\/SBD-LOGO-RED-ON-BLACK.jpg\",\"width\":2160,\"height\":2160},{\"@type\":\"BreadcrumbList\",\"@id\":\"https:\\\/\\\/sbdapparel.lv\\\/product\\\/50e-davanu-karte\\\/#breadcrumb\",\"itemListElement\":[{\"@type\":\"ListItem\",\"position\":1,\"name\":\"Home\",\"item\":\"https:\\\/\\\/sbdapparel.lv\\\/\"},{\"@type\":\"ListItem\",\"position\":2,\"name\":\"Produktai\",\"item\":\"https:\\\/\\\/sbdapparel.lv\\\/shop\\\/\"},{\"@type\":\"ListItem\",\"position\":3,\"name\":\"50\u20ac D\u0100VANU KARTE\"}]},{\"@type\":\"WebSite\",\"@id\":\"https:\\\/\\\/sbdapparel.lv\\\/#website\",\"url\":\"https:\\\/\\\/sbdapparel.lv\\\/\",\"name\":\"sbdapparel.lv\",\"description\":\"Latvija\",\"publisher\":{\"@id\":\"https:\\\/\\\/sbdapparel.lv\\\/#organization\"},\"potentialAction\":[{\"@type\":\"SearchAction\",\"target\":{\"@type\":\"EntryPoint\",\"urlTemplate\":\"https:\\\/\\\/sbdapparel.lv\\\/?s={search_term_string}\"},\"query-input\":{\"@type\":\"PropertyValueSpecification\",\"valueRequired\":true,\"valueName\":\"search_term_string\"}}],\"inLanguage\":\"en-US\"},{\"@type\":\"Organization\",\"@id\":\"https:\\\/\\\/sbdapparel.lv\\\/#organization\",\"name\":\"SBD Apparel LV\",\"url\":\"https:\\\/\\\/sbdapparel.lv\\\/\",\"logo\":{\"@type\":\"ImageObject\",\"inLanguage\":\"en-US\",\"@id\":\"https:\\\/\\\/sbdapparel.lv\\\/#\\\/schema\\\/logo\\\/image\\\/\",\"url\":\"https:\\\/\\\/sbdapparel.lv\\\/wp-content\\\/uploads\\\/2023\\\/07\\\/cropped-SBD_Identity_OnDark_RGB.png\",\"contentUrl\":\"https:\\\/\\\/sbdapparel.lv\\\/wp-content\\\/uploads\\\/2023\\\/07\\\/cropped-SBD_Identity_OnDark_RGB.png\",\"width\":1182,\"height\":515,\"caption\":\"SBD Apparel LV\"},\"image\":{\"@id\":\"https:\\\/\\\/sbdapparel.lv\\\/#\\\/schema\\\/logo\\\/image\\\/\"}}]}<\/script>\n<!-- \/ Yoast SEO plugin. -->","yoast_head_json":{"title":"50\u20ac D\u0100VANU KARTE - SBD Apparel LV","robots":{"index":"index","follow":"follow","max-snippet":"max-snippet:-1","max-image-preview":"max-image-preview:large","max-video-preview":"max-video-preview:-1"},"canonical":"https:\/\/sbdapparel.lv\/en\/product\/50e-davanu-karte\/","og_locale":"en_US","og_type":"article","og_title":"50\u20ac D\u0100VANU KARTE - SBD Apparel LV","og_description":"Vai v\u0113laties k\u0101dam uzd\u0101vin\u0101t SBD produktus, bet nezin\u0101t, ko tie\u0161i vi\u0146\u0161 mekl\u0113? Uzd\u0101viniet vi\u0146iem SBD d\u0101vanu karti un \u013caujiet vi\u0146iem izv\u0113l\u0113ties. Tas, k\u0101 nos\u016bt\u0101t SBD e-d\u0101vanu karti, ir ar\u012b j\u016bsu zi\u0146\u0101. Varat izv\u0113l\u0113ties, lai kods jums tiktu nos\u016bt\u012bts pa e-pastu. tie\u0161i sa\u0146\u0113m\u0113jam, vai ar\u012b varat izv\u0113l\u0113ties d\u0101vin\u0101t kodu pats. D\u0101vanu karti var izmantot tikai sbdapparel.lv","og_url":"https:\/\/sbdapparel.lv\/en\/product\/50e-davanu-karte\/","og_site_name":"SBD Apparel LV","article_modified_time":"2025-12-21T18:52:03+00:00","og_image":[{"width":2160,"height":2160,"url":"https:\/\/sbdapparel.lv\/wp-content\/uploads\/2023\/07\/SBD-LOGO-RED-ON-BLACK.jpg","type":"image\/jpeg"}],"twitter_card":"summary_large_image","schema":{"@context":"https:\/\/schema.org","@graph":[{"@type":"WebPage","@id":"https:\/\/sbdapparel.lv\/product\/50e-davanu-karte\/","url":"https:\/\/sbdapparel.lv\/product\/50e-davanu-karte\/","name":"50\u20ac D\u0100VANU KARTE - SBD Apparel LV","isPartOf":{"@id":"https:\/\/sbdapparel.lv\/#website"},"primaryImageOfPage":{"@id":"https:\/\/sbdapparel.lv\/product\/50e-davanu-karte\/#primaryimage"},"image":{"@id":"https:\/\/sbdapparel.lv\/product\/50e-davanu-karte\/#primaryimage"},"thumbnailUrl":"https:\/\/sbdapparel.lv\/wp-content\/uploads\/2023\/07\/SBD-LOGO-RED-ON-BLACK.jpg","datePublished":"2024-02-19T18:54:40+00:00","dateModified":"2025-12-21T18:52:03+00:00","breadcrumb":{"@id":"https:\/\/sbdapparel.lv\/product\/50e-davanu-karte\/#breadcrumb"},"inLanguage":"en-US","potentialAction":[{"@type":"ReadAction","target":["https:\/\/sbdapparel.lv\/product\/50e-davanu-karte\/"]}]},{"@type":"ImageObject","inLanguage":"en-US","@id":"https:\/\/sbdapparel.lv\/product\/50e-davanu-karte\/#primaryimage","url":"https:\/\/sbdapparel.lv\/wp-content\/uploads\/2023\/07\/SBD-LOGO-RED-ON-BLACK.jpg","contentUrl":"https:\/\/sbdapparel.lv\/wp-content\/uploads\/2023\/07\/SBD-LOGO-RED-ON-BLACK.jpg","width":2160,"height":2160},{"@type":"BreadcrumbList","@id":"https:\/\/sbdapparel.lv\/product\/50e-davanu-karte\/#breadcrumb","itemListElement":[{"@type":"ListItem","position":1,"name":"Home","item":"https:\/\/sbdapparel.lv\/"},{"@type":"ListItem","position":2,"name":"Produktai","item":"https:\/\/sbdapparel.lv\/shop\/"},{"@type":"ListItem","position":3,"name":"50\u20ac D\u0100VANU KARTE"}]},{"@type":"WebSite","@id":"https:\/\/sbdapparel.lv\/#website","url":"https:\/\/sbdapparel.lv\/","name":"sbdapparel.lv","description":"Latvija","publisher":{"@id":"https:\/\/sbdapparel.lv\/#organization"},"potentialAction":[{"@type":"SearchAction","target":{"@type":"EntryPoint","urlTemplate":"https:\/\/sbdapparel.lv\/?s={search_term_string}"},"query-input":{"@type":"PropertyValueSpecification","valueRequired":true,"valueName":"search_term_string"}}],"inLanguage":"en-US"},{"@type":"Organization","@id":"https:\/\/sbdapparel.lv\/#organization","name":"SBD Apparel LV","url":"https:\/\/sbdapparel.lv\/","logo":{"@type":"ImageObject","inLanguage":"en-US","@id":"https:\/\/sbdapparel.lv\/#\/schema\/logo\/image\/","url":"https:\/\/sbdapparel.lv\/wp-content\/uploads\/2023\/07\/cropped-SBD_Identity_OnDark_RGB.png","contentUrl":"https:\/\/sbdapparel.lv\/wp-content\/uploads\/2023\/07\/cropped-SBD_Identity_OnDark_RGB.png","width":1182,"height":515,"caption":"SBD Apparel LV"},"image":{"@id":"https:\/\/sbdapparel.lv\/#\/schema\/logo\/image\/"}}]}},"_links":{"self":[{"href":"https:\/\/sbdapparel.lv\/en\/wp-json\/wp\/v2\/product\/1658","targetHints":{"allow":["GET"]}}],"collection":[{"href":"https:\/\/sbdapparel.lv\/en\/wp-json\/wp\/v2\/product"}],"about":[{"href":"https:\/\/sbdapparel.lv\/en\/wp-json\/wp\/v2\/types\/product"}],"version-history":[{"count":4,"href":"https:\/\/sbdapparel.lv\/en\/wp-json\/wp\/v2\/product\/1658\/revisions"}],"predecessor-version":[{"id":5436,"href":"https:\/\/sbdapparel.lv\/en\/wp-json\/wp\/v2\/product\/1658\/revisions\/5436"}],"wp:featuredmedia":[{"embeddable":true,"href":"https:\/\/sbdapparel.lv\/en\/wp-json\/wp\/v2\/media\/1283"}],"wp:attachment":[{"href":"https:\/\/sbdapparel.lv\/en\/wp-json\/wp\/v2\/media?parent=1658"}],"wp:term":[{"taxonomy":"product_brand","embeddable":true,"href":"https:\/\/sbdapparel.lv\/en\/wp-json\/wp\/v2\/product_brand?post=1658"},{"taxonomy":"product_cat","embeddable":true,"href":"https:\/\/sbdapparel.lv\/en\/wp-json\/wp\/v2\/product_cat?post=1658"},{"taxonomy":"product_tag","embeddable":true,"href":"https:\/\/sbdapparel.lv\/en\/wp-json\/wp\/v2\/product_tag?post=1658"},{"taxonomy":"giftcard-category","embeddable":true,"href":"https:\/\/sbdapparel.lv\/en\/wp-json\/wp\/v2\/giftcard-category?post=1658"}],"curies":[{"name":"wp","href":"https:\/\/api.w.org\/{rel}","templated":true}]}}