{"id":1537,"date":"2024-02-15T17:06:18","date_gmt":"2024-02-15T17:06:18","guid":{"rendered":"https:\/\/sbdapparel.lv\/?post_type=product&#038;p=1537"},"modified":"2026-05-06T19:33:48","modified_gmt":"2026-05-06T17:33:48","slug":"sbd-josta-10mm","status":"publish","type":"product","link":"https:\/\/sbdapparel.lv\/en\/product\/sbd-josta-10mm\/","title":{"rendered":"10mm Lever Belt"},"content":{"rendered":"","protected":false},"excerpt":{"rendered":"<p>Featuring a patented gliding lever, providing the adjustability of a prong belt with the ease and tightness of a lever belt. Ideal for sizing up or down whenever you need during training sessions and competitions. The 10mm lever belt is constructed using two different cuts of hide to allow the belt to retain support while moulding to your waist. Featuring a low profile buckle - along with rounded edges and corners - to minimise any obstruction or discomfort from contact between the legs and the belt. Designed through collaboration with world-class athletes, coaches, and health professionals. \u017demo profilio sagtis kartu su u\u017eapvalintais kra\u0161tais ir kampais suma\u017eina kli\u016btis ar diskomfort\u0105 d\u0117l s\u0105ly\u010dio tarp koj\u0173 ir dir\u017eo. Designed through collaboration with world-class athletes, coaches, and health professionals. 10mm thickness and 10cm in width. Juodos odos i\u0161or\u0117 su raudonu zom\u0161iniu vidumi.  Patvirtintas IPF. Made exclusively from British cowhide. Made in Sheffield, Great Britain.<\/p>","protected":false},"featured_media":1594,"template":"","meta":[],"product_brand":[],"product_cat":[42],"product_tag":[],"giftcard-category":[],"class_list":{"0":"post-1537","1":"product","2":"type-product","3":"status-publish","4":"has-post-thumbnail","6":"product_cat-dirzai","9":"instock","10":"shipping-taxable","11":"purchasable","12":"product-type-variable","13":"product-grid-view"},"yoast_head":"<!-- This site is optimized with the Yoast SEO plugin v27.4 - https:\/\/yoast.com\/product\/yoast-seo-wordpress\/ -->\n<title>SBD JOSTA 10mm - SBD Apparel LV<\/title>\n<meta name=\"robots\" content=\"index, follow, max-snippet:-1, max-image-preview:large, max-video-preview:-1\" \/>\n<link rel=\"canonical\" href=\"https:\/\/sbdapparel.lv\/en\/product\/sbd-josta-10mm\/\" \/>\n<meta property=\"og:locale\" content=\"en_US\" \/>\n<meta property=\"og:type\" content=\"article\" \/>\n<meta property=\"og:title\" content=\"SBD JOSTA 10mm - SBD Apparel LV\" \/>\n<meta property=\"og:description\" content=\"Patent\u0113ta b\u012bd\u0101m\u0101 svira, kas \u013cauj viegli un dro\u0161i regul\u0113t sviras siksnu. Ide\u0101li piem\u0113rots izm\u0113ra palielin\u0101\u0161anai vai samazin\u0101\u0161anai, kad vien nepiecie\u0161ams treni\u0146u un sacens\u012bbu laik\u0101. 10\u00a0mm sviras josta ir izgatavota, izmantojot divus da\u017e\u0101dus \u0101das griezumus, lai nodro\u0161in\u0101tu, ka josta saglab\u0101 atbalstu, kad t\u0101 piegu\u013c viduklim. Zem\u0101 profila spr\u0101dze kop\u0101 ar noapa\u013cot\u0101m mal\u0101m un st\u016briem samazina \u0161\u0137\u0113r\u0161\u013cus vai diskomfortu, kas rodas saskar\u0113 starp k\u0101j\u0101m un jostu. Izstr\u0101d\u0101ts sadarb\u012bb\u0101 ar pasaules l\u012bme\u0146a sportistiem, treneriem un vesel\u012bbas speci\u0101listiem. 10 mm biezs un 10 cm plats. Melna e\u013c\u013cotas \u0101das apdare ar sarkanu zam\u0161\u0101das iek\u0161pusi. IPF apstiprin\u0101ts. Izgatavots tikai no britu govs \u0101das. Ra\u017eots Lielbrit\u0101nij\u0101.\" \/>\n<meta property=\"og:url\" content=\"https:\/\/sbdapparel.lv\/en\/product\/sbd-josta-10mm\/\" \/>\n<meta property=\"og:site_name\" content=\"SBD Apparel LV\" \/>\n<meta property=\"article:modified_time\" content=\"2026-05-06T17:33:48+00:00\" \/>\n<meta property=\"og:image\" content=\"https:\/\/sbdapparel.lv\/wp-content\/uploads\/2024\/02\/10mm-Lever-Belt-01-1.jpg\" \/>\n\t<meta property=\"og:image:width\" content=\"2480\" \/>\n\t<meta property=\"og:image:height\" content=\"2480\" \/>\n\t<meta property=\"og:image:type\" content=\"image\/jpeg\" \/>\n<meta name=\"twitter:card\" content=\"summary_large_image\" \/>\n<script type=\"application\/ld+json\" class=\"yoast-schema-graph\">{\"@context\":\"https:\\\/\\\/schema.org\",\"@graph\":[{\"@type\":\"WebPage\",\"@id\":\"https:\\\/\\\/sbdapparel.lv\\\/product\\\/sbd-josta-10mm\\\/\",\"url\":\"https:\\\/\\\/sbdapparel.lv\\\/product\\\/sbd-josta-10mm\\\/\",\"name\":\"SBD JOSTA 10mm - SBD Apparel LV\",\"isPartOf\":{\"@id\":\"https:\\\/\\\/sbdapparel.lv\\\/#website\"},\"primaryImageOfPage\":{\"@id\":\"https:\\\/\\\/sbdapparel.lv\\\/product\\\/sbd-josta-10mm\\\/#primaryimage\"},\"image\":{\"@id\":\"https:\\\/\\\/sbdapparel.lv\\\/product\\\/sbd-josta-10mm\\\/#primaryimage\"},\"thumbnailUrl\":\"https:\\\/\\\/sbdapparel.lv\\\/wp-content\\\/uploads\\\/2024\\\/02\\\/10mm-Lever-Belt-01-1.jpg\",\"datePublished\":\"2024-02-15T17:06:18+00:00\",\"dateModified\":\"2026-05-06T17:33:48+00:00\",\"breadcrumb\":{\"@id\":\"https:\\\/\\\/sbdapparel.lv\\\/product\\\/sbd-josta-10mm\\\/#breadcrumb\"},\"inLanguage\":\"en-US\",\"potentialAction\":[{\"@type\":\"ReadAction\",\"target\":[\"https:\\\/\\\/sbdapparel.lv\\\/product\\\/sbd-josta-10mm\\\/\"]}]},{\"@type\":\"ImageObject\",\"inLanguage\":\"en-US\",\"@id\":\"https:\\\/\\\/sbdapparel.lv\\\/product\\\/sbd-josta-10mm\\\/#primaryimage\",\"url\":\"https:\\\/\\\/sbdapparel.lv\\\/wp-content\\\/uploads\\\/2024\\\/02\\\/10mm-Lever-Belt-01-1.jpg\",\"contentUrl\":\"https:\\\/\\\/sbdapparel.lv\\\/wp-content\\\/uploads\\\/2024\\\/02\\\/10mm-Lever-Belt-01-1.jpg\",\"width\":2480,\"height\":2480},{\"@type\":\"BreadcrumbList\",\"@id\":\"https:\\\/\\\/sbdapparel.lv\\\/product\\\/sbd-josta-10mm\\\/#breadcrumb\",\"itemListElement\":[{\"@type\":\"ListItem\",\"position\":1,\"name\":\"Home\",\"item\":\"https:\\\/\\\/sbdapparel.lv\\\/\"},{\"@type\":\"ListItem\",\"position\":2,\"name\":\"Produktai\",\"item\":\"https:\\\/\\\/sbdapparel.lv\\\/shop\\\/\"},{\"@type\":\"ListItem\",\"position\":3,\"name\":\"SBD JOSTA 10mm\"}]},{\"@type\":\"WebSite\",\"@id\":\"https:\\\/\\\/sbdapparel.lv\\\/#website\",\"url\":\"https:\\\/\\\/sbdapparel.lv\\\/\",\"name\":\"sbdapparel.lv\",\"description\":\"Latvija\",\"publisher\":{\"@id\":\"https:\\\/\\\/sbdapparel.lv\\\/#organization\"},\"potentialAction\":[{\"@type\":\"SearchAction\",\"target\":{\"@type\":\"EntryPoint\",\"urlTemplate\":\"https:\\\/\\\/sbdapparel.lv\\\/?s={search_term_string}\"},\"query-input\":{\"@type\":\"PropertyValueSpecification\",\"valueRequired\":true,\"valueName\":\"search_term_string\"}}],\"inLanguage\":\"en-US\"},{\"@type\":\"Organization\",\"@id\":\"https:\\\/\\\/sbdapparel.lv\\\/#organization\",\"name\":\"SBD Apparel LV\",\"url\":\"https:\\\/\\\/sbdapparel.lv\\\/\",\"logo\":{\"@type\":\"ImageObject\",\"inLanguage\":\"en-US\",\"@id\":\"https:\\\/\\\/sbdapparel.lv\\\/#\\\/schema\\\/logo\\\/image\\\/\",\"url\":\"https:\\\/\\\/sbdapparel.lv\\\/wp-content\\\/uploads\\\/2023\\\/07\\\/cropped-SBD_Identity_OnDark_RGB.png\",\"contentUrl\":\"https:\\\/\\\/sbdapparel.lv\\\/wp-content\\\/uploads\\\/2023\\\/07\\\/cropped-SBD_Identity_OnDark_RGB.png\",\"width\":1182,\"height\":515,\"caption\":\"SBD Apparel LV\"},\"image\":{\"@id\":\"https:\\\/\\\/sbdapparel.lv\\\/#\\\/schema\\\/logo\\\/image\\\/\"}}]}<\/script>\n<!-- \/ Yoast SEO plugin. -->","yoast_head_json":{"title":"SBD JOSTA 10mm - SBD Apparel LV","robots":{"index":"index","follow":"follow","max-snippet":"max-snippet:-1","max-image-preview":"max-image-preview:large","max-video-preview":"max-video-preview:-1"},"canonical":"https:\/\/sbdapparel.lv\/en\/product\/sbd-josta-10mm\/","og_locale":"en_US","og_type":"article","og_title":"SBD JOSTA 10mm - SBD Apparel LV","og_description":"Patent\u0113ta b\u012bd\u0101m\u0101 svira, kas \u013cauj viegli un dro\u0161i regul\u0113t sviras siksnu. Ide\u0101li piem\u0113rots izm\u0113ra palielin\u0101\u0161anai vai samazin\u0101\u0161anai, kad vien nepiecie\u0161ams treni\u0146u un sacens\u012bbu laik\u0101. 10\u00a0mm sviras josta ir izgatavota, izmantojot divus da\u017e\u0101dus \u0101das griezumus, lai nodro\u0161in\u0101tu, ka josta saglab\u0101 atbalstu, kad t\u0101 piegu\u013c viduklim. Zem\u0101 profila spr\u0101dze kop\u0101 ar noapa\u013cot\u0101m mal\u0101m un st\u016briem samazina \u0161\u0137\u0113r\u0161\u013cus vai diskomfortu, kas rodas saskar\u0113 starp k\u0101j\u0101m un jostu. Izstr\u0101d\u0101ts sadarb\u012bb\u0101 ar pasaules l\u012bme\u0146a sportistiem, treneriem un vesel\u012bbas speci\u0101listiem. 10 mm biezs un 10 cm plats. Melna e\u013c\u013cotas \u0101das apdare ar sarkanu zam\u0161\u0101das iek\u0161pusi. IPF apstiprin\u0101ts. Izgatavots tikai no britu govs \u0101das. Ra\u017eots Lielbrit\u0101nij\u0101.","og_url":"https:\/\/sbdapparel.lv\/en\/product\/sbd-josta-10mm\/","og_site_name":"SBD Apparel LV","article_modified_time":"2026-05-06T17:33:48+00:00","og_image":[{"width":2480,"height":2480,"url":"https:\/\/sbdapparel.lv\/wp-content\/uploads\/2024\/02\/10mm-Lever-Belt-01-1.jpg","type":"image\/jpeg"}],"twitter_card":"summary_large_image","schema":{"@context":"https:\/\/schema.org","@graph":[{"@type":"WebPage","@id":"https:\/\/sbdapparel.lv\/product\/sbd-josta-10mm\/","url":"https:\/\/sbdapparel.lv\/product\/sbd-josta-10mm\/","name":"SBD JOSTA 10mm - SBD Apparel LV","isPartOf":{"@id":"https:\/\/sbdapparel.lv\/#website"},"primaryImageOfPage":{"@id":"https:\/\/sbdapparel.lv\/product\/sbd-josta-10mm\/#primaryimage"},"image":{"@id":"https:\/\/sbdapparel.lv\/product\/sbd-josta-10mm\/#primaryimage"},"thumbnailUrl":"https:\/\/sbdapparel.lv\/wp-content\/uploads\/2024\/02\/10mm-Lever-Belt-01-1.jpg","datePublished":"2024-02-15T17:06:18+00:00","dateModified":"2026-05-06T17:33:48+00:00","breadcrumb":{"@id":"https:\/\/sbdapparel.lv\/product\/sbd-josta-10mm\/#breadcrumb"},"inLanguage":"en-US","potentialAction":[{"@type":"ReadAction","target":["https:\/\/sbdapparel.lv\/product\/sbd-josta-10mm\/"]}]},{"@type":"ImageObject","inLanguage":"en-US","@id":"https:\/\/sbdapparel.lv\/product\/sbd-josta-10mm\/#primaryimage","url":"https:\/\/sbdapparel.lv\/wp-content\/uploads\/2024\/02\/10mm-Lever-Belt-01-1.jpg","contentUrl":"https:\/\/sbdapparel.lv\/wp-content\/uploads\/2024\/02\/10mm-Lever-Belt-01-1.jpg","width":2480,"height":2480},{"@type":"BreadcrumbList","@id":"https:\/\/sbdapparel.lv\/product\/sbd-josta-10mm\/#breadcrumb","itemListElement":[{"@type":"ListItem","position":1,"name":"Home","item":"https:\/\/sbdapparel.lv\/"},{"@type":"ListItem","position":2,"name":"Produktai","item":"https:\/\/sbdapparel.lv\/shop\/"},{"@type":"ListItem","position":3,"name":"SBD JOSTA 10mm"}]},{"@type":"WebSite","@id":"https:\/\/sbdapparel.lv\/#website","url":"https:\/\/sbdapparel.lv\/","name":"sbdapparel.lv","description":"Latvija","publisher":{"@id":"https:\/\/sbdapparel.lv\/#organization"},"potentialAction":[{"@type":"SearchAction","target":{"@type":"EntryPoint","urlTemplate":"https:\/\/sbdapparel.lv\/?s={search_term_string}"},"query-input":{"@type":"PropertyValueSpecification","valueRequired":true,"valueName":"search_term_string"}}],"inLanguage":"en-US"},{"@type":"Organization","@id":"https:\/\/sbdapparel.lv\/#organization","name":"SBD Apparel LV","url":"https:\/\/sbdapparel.lv\/","logo":{"@type":"ImageObject","inLanguage":"en-US","@id":"https:\/\/sbdapparel.lv\/#\/schema\/logo\/image\/","url":"https:\/\/sbdapparel.lv\/wp-content\/uploads\/2023\/07\/cropped-SBD_Identity_OnDark_RGB.png","contentUrl":"https:\/\/sbdapparel.lv\/wp-content\/uploads\/2023\/07\/cropped-SBD_Identity_OnDark_RGB.png","width":1182,"height":515,"caption":"SBD Apparel LV"},"image":{"@id":"https:\/\/sbdapparel.lv\/#\/schema\/logo\/image\/"}}]}},"_links":{"self":[{"href":"https:\/\/sbdapparel.lv\/en\/wp-json\/wp\/v2\/product\/1537","targetHints":{"allow":["GET"]}}],"collection":[{"href":"https:\/\/sbdapparel.lv\/en\/wp-json\/wp\/v2\/product"}],"about":[{"href":"https:\/\/sbdapparel.lv\/en\/wp-json\/wp\/v2\/types\/product"}],"version-history":[{"count":10,"href":"https:\/\/sbdapparel.lv\/en\/wp-json\/wp\/v2\/product\/1537\/revisions"}],"predecessor-version":[{"id":5581,"href":"https:\/\/sbdapparel.lv\/en\/wp-json\/wp\/v2\/product\/1537\/revisions\/5581"}],"wp:featuredmedia":[{"embeddable":true,"href":"https:\/\/sbdapparel.lv\/en\/wp-json\/wp\/v2\/media\/1594"}],"wp:attachment":[{"href":"https:\/\/sbdapparel.lv\/en\/wp-json\/wp\/v2\/media?parent=1537"}],"wp:term":[{"taxonomy":"product_brand","embeddable":true,"href":"https:\/\/sbdapparel.lv\/en\/wp-json\/wp\/v2\/product_brand?post=1537"},{"taxonomy":"product_cat","embeddable":true,"href":"https:\/\/sbdapparel.lv\/en\/wp-json\/wp\/v2\/product_cat?post=1537"},{"taxonomy":"product_tag","embeddable":true,"href":"https:\/\/sbdapparel.lv\/en\/wp-json\/wp\/v2\/product_tag?post=1537"},{"taxonomy":"giftcard-category","embeddable":true,"href":"https:\/\/sbdapparel.lv\/en\/wp-json\/wp\/v2\/giftcard-category?post=1537"}],"curies":[{"name":"wp","href":"https:\/\/api.w.org\/{rel}","templated":true}]}}