{"id":1522,"date":"2024-02-15T16:41:32","date_gmt":"2024-02-15T16:41:32","guid":{"rendered":"https:\/\/sbdapparel.lv\/?post_type=product&#038;p=1522"},"modified":"2026-05-06T20:37:09","modified_gmt":"2026-05-06T18:37:09","slug":"sbd-josta-13mm","status":"publish","type":"product","link":"https:\/\/sbdapparel.lv\/en\/product\/sbd-josta-13mm\/","title":{"rendered":"13 mm Lever Belt"},"content":{"rendered":"","protected":false},"excerpt":{"rendered":"<p>Featuring a patented gliding lever, providing the adjustability of a prong belt with the ease and tightness of a lever belt. Ideal for sizing up or down whenever you need during training sessions and competitions. The 10mm lever belt is constructed using two different cuts of hide to allow the belt to retain support while moulding to your waist. Featuring a low profile buckle - along with rounded edges and corners - to minimise any obstruction or discomfort from contact between the legs and the belt. The 13mm lever belt offers the maximum specifications allowed in competitive powerlifting, with four layers of British leather and suede, combined with our patented lever, allowing for the utmost tightness and support. Designed through collaboration with world-class athletes, coaches, and health professionals. 13mm thickness and 10cm in width. Black oiled leather finish with a red suede interior. IPF approved. Made exclusively from British cowhide. Made in Sheffield, Great Britain.<\/p>","protected":false},"featured_media":1554,"template":"","meta":[],"product_brand":[],"product_cat":[42],"product_tag":[],"giftcard-category":[],"class_list":{"0":"post-1522","1":"product","2":"type-product","3":"status-publish","4":"has-post-thumbnail","6":"product_cat-dirzai","9":"instock","10":"shipping-taxable","11":"purchasable","12":"product-type-variable","13":"product-grid-view"},"yoast_head":"<!-- This site is optimized with the Yoast SEO plugin v27.4 - https:\/\/yoast.com\/product\/yoast-seo-wordpress\/ -->\n<title>SBD JOSTA 13mm - SBD Apparel LV<\/title>\n<meta name=\"robots\" content=\"index, follow, max-snippet:-1, max-image-preview:large, max-video-preview:-1\" \/>\n<link rel=\"canonical\" href=\"https:\/\/sbdapparel.lv\/en\/product\/sbd-josta-13mm\/\" \/>\n<meta property=\"og:locale\" content=\"en_US\" \/>\n<meta property=\"og:type\" content=\"article\" \/>\n<meta property=\"og:title\" content=\"SBD JOSTA 13mm - SBD Apparel LV\" \/>\n<meta property=\"og:description\" content=\"Patent\u0113ta b\u012bd\u0101m\u0101 svira, kas \u013cauj viegli un dro\u0161i regul\u0113t sviras siksnu. Ide\u0101li piem\u0113rots izm\u0113ra palielin\u0101\u0161anai vai samazin\u0101\u0161anai, kad vien nepiecie\u0161ams treni\u0146u un sacens\u012bbu laik\u0101. 13\u00a0mm sviras josta pied\u0101v\u0101 maksim\u0101l\u0101s specifik\u0101cijas, kas at\u013cautas sacens\u012bbu pauerlifting\u0101, ar \u010detriem britu \u0101das un zam\u0161\u0101das sl\u0101\u0146iem, apvienojum\u0101 ar m\u016bsu patent\u0113to sviru, lai nodro\u0161in\u0101tu maksim\u0101lu stingr\u012bbu un atbalstu. Izstr\u0101d\u0101ts sadarb\u012bb\u0101 ar pasaules l\u012bme\u0146a sportistiem, treneriem un vesel\u012bbas speci\u0101listiem. 13 mm biezs un 10 cm plats. Melna e\u013c\u013cotas \u0101das apdare ar sarkanu zam\u0161\u0101das iek\u0161pusi. IPF apstiprin\u0101ts. Izgatavots tikai no britu govs \u0101das. Ra\u017eots Lielbrit\u0101nij\u0101.\" \/>\n<meta property=\"og:url\" content=\"https:\/\/sbdapparel.lv\/en\/product\/sbd-josta-13mm\/\" \/>\n<meta property=\"og:site_name\" content=\"SBD Apparel LV\" \/>\n<meta property=\"article:modified_time\" content=\"2026-05-06T18:37:09+00:00\" \/>\n<meta property=\"og:image\" content=\"https:\/\/sbdapparel.lv\/wp-content\/uploads\/2024\/02\/BELT-01.jpg\" \/>\n\t<meta property=\"og:image:width\" content=\"1920\" \/>\n\t<meta property=\"og:image:height\" content=\"1080\" \/>\n\t<meta property=\"og:image:type\" content=\"image\/jpeg\" \/>\n<meta name=\"twitter:card\" content=\"summary_large_image\" \/>\n<script type=\"application\/ld+json\" class=\"yoast-schema-graph\">{\"@context\":\"https:\\\/\\\/schema.org\",\"@graph\":[{\"@type\":\"WebPage\",\"@id\":\"https:\\\/\\\/sbdapparel.lv\\\/product\\\/sbd-josta-13mm\\\/\",\"url\":\"https:\\\/\\\/sbdapparel.lv\\\/product\\\/sbd-josta-13mm\\\/\",\"name\":\"SBD JOSTA 13mm - SBD Apparel LV\",\"isPartOf\":{\"@id\":\"https:\\\/\\\/sbdapparel.lv\\\/#website\"},\"primaryImageOfPage\":{\"@id\":\"https:\\\/\\\/sbdapparel.lv\\\/product\\\/sbd-josta-13mm\\\/#primaryimage\"},\"image\":{\"@id\":\"https:\\\/\\\/sbdapparel.lv\\\/product\\\/sbd-josta-13mm\\\/#primaryimage\"},\"thumbnailUrl\":\"https:\\\/\\\/sbdapparel.lv\\\/wp-content\\\/uploads\\\/2024\\\/02\\\/BELT-01.jpg\",\"datePublished\":\"2024-02-15T16:41:32+00:00\",\"dateModified\":\"2026-05-06T18:37:09+00:00\",\"breadcrumb\":{\"@id\":\"https:\\\/\\\/sbdapparel.lv\\\/product\\\/sbd-josta-13mm\\\/#breadcrumb\"},\"inLanguage\":\"en-US\",\"potentialAction\":[{\"@type\":\"ReadAction\",\"target\":[\"https:\\\/\\\/sbdapparel.lv\\\/product\\\/sbd-josta-13mm\\\/\"]}]},{\"@type\":\"ImageObject\",\"inLanguage\":\"en-US\",\"@id\":\"https:\\\/\\\/sbdapparel.lv\\\/product\\\/sbd-josta-13mm\\\/#primaryimage\",\"url\":\"https:\\\/\\\/sbdapparel.lv\\\/wp-content\\\/uploads\\\/2024\\\/02\\\/BELT-01.jpg\",\"contentUrl\":\"https:\\\/\\\/sbdapparel.lv\\\/wp-content\\\/uploads\\\/2024\\\/02\\\/BELT-01.jpg\",\"width\":1920,\"height\":1080},{\"@type\":\"BreadcrumbList\",\"@id\":\"https:\\\/\\\/sbdapparel.lv\\\/product\\\/sbd-josta-13mm\\\/#breadcrumb\",\"itemListElement\":[{\"@type\":\"ListItem\",\"position\":1,\"name\":\"Home\",\"item\":\"https:\\\/\\\/sbdapparel.lv\\\/\"},{\"@type\":\"ListItem\",\"position\":2,\"name\":\"Produktai\",\"item\":\"https:\\\/\\\/sbdapparel.lv\\\/shop\\\/\"},{\"@type\":\"ListItem\",\"position\":3,\"name\":\"SBD JOSTA 13mm\"}]},{\"@type\":\"WebSite\",\"@id\":\"https:\\\/\\\/sbdapparel.lv\\\/#website\",\"url\":\"https:\\\/\\\/sbdapparel.lv\\\/\",\"name\":\"sbdapparel.lv\",\"description\":\"Latvija\",\"publisher\":{\"@id\":\"https:\\\/\\\/sbdapparel.lv\\\/#organization\"},\"potentialAction\":[{\"@type\":\"SearchAction\",\"target\":{\"@type\":\"EntryPoint\",\"urlTemplate\":\"https:\\\/\\\/sbdapparel.lv\\\/?s={search_term_string}\"},\"query-input\":{\"@type\":\"PropertyValueSpecification\",\"valueRequired\":true,\"valueName\":\"search_term_string\"}}],\"inLanguage\":\"en-US\"},{\"@type\":\"Organization\",\"@id\":\"https:\\\/\\\/sbdapparel.lv\\\/#organization\",\"name\":\"SBD Apparel LV\",\"url\":\"https:\\\/\\\/sbdapparel.lv\\\/\",\"logo\":{\"@type\":\"ImageObject\",\"inLanguage\":\"en-US\",\"@id\":\"https:\\\/\\\/sbdapparel.lv\\\/#\\\/schema\\\/logo\\\/image\\\/\",\"url\":\"https:\\\/\\\/sbdapparel.lv\\\/wp-content\\\/uploads\\\/2023\\\/07\\\/cropped-SBD_Identity_OnDark_RGB.png\",\"contentUrl\":\"https:\\\/\\\/sbdapparel.lv\\\/wp-content\\\/uploads\\\/2023\\\/07\\\/cropped-SBD_Identity_OnDark_RGB.png\",\"width\":1182,\"height\":515,\"caption\":\"SBD Apparel LV\"},\"image\":{\"@id\":\"https:\\\/\\\/sbdapparel.lv\\\/#\\\/schema\\\/logo\\\/image\\\/\"}}]}<\/script>\n<!-- \/ Yoast SEO plugin. -->","yoast_head_json":{"title":"SBD JOSTA 13mm - SBD Apparel LV","robots":{"index":"index","follow":"follow","max-snippet":"max-snippet:-1","max-image-preview":"max-image-preview:large","max-video-preview":"max-video-preview:-1"},"canonical":"https:\/\/sbdapparel.lv\/en\/product\/sbd-josta-13mm\/","og_locale":"en_US","og_type":"article","og_title":"SBD JOSTA 13mm - SBD Apparel LV","og_description":"Patent\u0113ta b\u012bd\u0101m\u0101 svira, kas \u013cauj viegli un dro\u0161i regul\u0113t sviras siksnu. Ide\u0101li piem\u0113rots izm\u0113ra palielin\u0101\u0161anai vai samazin\u0101\u0161anai, kad vien nepiecie\u0161ams treni\u0146u un sacens\u012bbu laik\u0101. 13\u00a0mm sviras josta pied\u0101v\u0101 maksim\u0101l\u0101s specifik\u0101cijas, kas at\u013cautas sacens\u012bbu pauerlifting\u0101, ar \u010detriem britu \u0101das un zam\u0161\u0101das sl\u0101\u0146iem, apvienojum\u0101 ar m\u016bsu patent\u0113to sviru, lai nodro\u0161in\u0101tu maksim\u0101lu stingr\u012bbu un atbalstu. Izstr\u0101d\u0101ts sadarb\u012bb\u0101 ar pasaules l\u012bme\u0146a sportistiem, treneriem un vesel\u012bbas speci\u0101listiem. 13 mm biezs un 10 cm plats. Melna e\u013c\u013cotas \u0101das apdare ar sarkanu zam\u0161\u0101das iek\u0161pusi. IPF apstiprin\u0101ts. Izgatavots tikai no britu govs \u0101das. Ra\u017eots Lielbrit\u0101nij\u0101.","og_url":"https:\/\/sbdapparel.lv\/en\/product\/sbd-josta-13mm\/","og_site_name":"SBD Apparel LV","article_modified_time":"2026-05-06T18:37:09+00:00","og_image":[{"width":1920,"height":1080,"url":"https:\/\/sbdapparel.lv\/wp-content\/uploads\/2024\/02\/BELT-01.jpg","type":"image\/jpeg"}],"twitter_card":"summary_large_image","schema":{"@context":"https:\/\/schema.org","@graph":[{"@type":"WebPage","@id":"https:\/\/sbdapparel.lv\/product\/sbd-josta-13mm\/","url":"https:\/\/sbdapparel.lv\/product\/sbd-josta-13mm\/","name":"SBD JOSTA 13mm - SBD Apparel LV","isPartOf":{"@id":"https:\/\/sbdapparel.lv\/#website"},"primaryImageOfPage":{"@id":"https:\/\/sbdapparel.lv\/product\/sbd-josta-13mm\/#primaryimage"},"image":{"@id":"https:\/\/sbdapparel.lv\/product\/sbd-josta-13mm\/#primaryimage"},"thumbnailUrl":"https:\/\/sbdapparel.lv\/wp-content\/uploads\/2024\/02\/BELT-01.jpg","datePublished":"2024-02-15T16:41:32+00:00","dateModified":"2026-05-06T18:37:09+00:00","breadcrumb":{"@id":"https:\/\/sbdapparel.lv\/product\/sbd-josta-13mm\/#breadcrumb"},"inLanguage":"en-US","potentialAction":[{"@type":"ReadAction","target":["https:\/\/sbdapparel.lv\/product\/sbd-josta-13mm\/"]}]},{"@type":"ImageObject","inLanguage":"en-US","@id":"https:\/\/sbdapparel.lv\/product\/sbd-josta-13mm\/#primaryimage","url":"https:\/\/sbdapparel.lv\/wp-content\/uploads\/2024\/02\/BELT-01.jpg","contentUrl":"https:\/\/sbdapparel.lv\/wp-content\/uploads\/2024\/02\/BELT-01.jpg","width":1920,"height":1080},{"@type":"BreadcrumbList","@id":"https:\/\/sbdapparel.lv\/product\/sbd-josta-13mm\/#breadcrumb","itemListElement":[{"@type":"ListItem","position":1,"name":"Home","item":"https:\/\/sbdapparel.lv\/"},{"@type":"ListItem","position":2,"name":"Produktai","item":"https:\/\/sbdapparel.lv\/shop\/"},{"@type":"ListItem","position":3,"name":"SBD JOSTA 13mm"}]},{"@type":"WebSite","@id":"https:\/\/sbdapparel.lv\/#website","url":"https:\/\/sbdapparel.lv\/","name":"sbdapparel.lv","description":"Latvija","publisher":{"@id":"https:\/\/sbdapparel.lv\/#organization"},"potentialAction":[{"@type":"SearchAction","target":{"@type":"EntryPoint","urlTemplate":"https:\/\/sbdapparel.lv\/?s={search_term_string}"},"query-input":{"@type":"PropertyValueSpecification","valueRequired":true,"valueName":"search_term_string"}}],"inLanguage":"en-US"},{"@type":"Organization","@id":"https:\/\/sbdapparel.lv\/#organization","name":"SBD Apparel LV","url":"https:\/\/sbdapparel.lv\/","logo":{"@type":"ImageObject","inLanguage":"en-US","@id":"https:\/\/sbdapparel.lv\/#\/schema\/logo\/image\/","url":"https:\/\/sbdapparel.lv\/wp-content\/uploads\/2023\/07\/cropped-SBD_Identity_OnDark_RGB.png","contentUrl":"https:\/\/sbdapparel.lv\/wp-content\/uploads\/2023\/07\/cropped-SBD_Identity_OnDark_RGB.png","width":1182,"height":515,"caption":"SBD Apparel LV"},"image":{"@id":"https:\/\/sbdapparel.lv\/#\/schema\/logo\/image\/"}}]}},"_links":{"self":[{"href":"https:\/\/sbdapparel.lv\/en\/wp-json\/wp\/v2\/product\/1522","targetHints":{"allow":["GET"]}}],"collection":[{"href":"https:\/\/sbdapparel.lv\/en\/wp-json\/wp\/v2\/product"}],"about":[{"href":"https:\/\/sbdapparel.lv\/en\/wp-json\/wp\/v2\/types\/product"}],"version-history":[{"count":12,"href":"https:\/\/sbdapparel.lv\/en\/wp-json\/wp\/v2\/product\/1522\/revisions"}],"predecessor-version":[{"id":6494,"href":"https:\/\/sbdapparel.lv\/en\/wp-json\/wp\/v2\/product\/1522\/revisions\/6494"}],"wp:featuredmedia":[{"embeddable":true,"href":"https:\/\/sbdapparel.lv\/en\/wp-json\/wp\/v2\/media\/1554"}],"wp:attachment":[{"href":"https:\/\/sbdapparel.lv\/en\/wp-json\/wp\/v2\/media?parent=1522"}],"wp:term":[{"taxonomy":"product_brand","embeddable":true,"href":"https:\/\/sbdapparel.lv\/en\/wp-json\/wp\/v2\/product_brand?post=1522"},{"taxonomy":"product_cat","embeddable":true,"href":"https:\/\/sbdapparel.lv\/en\/wp-json\/wp\/v2\/product_cat?post=1522"},{"taxonomy":"product_tag","embeddable":true,"href":"https:\/\/sbdapparel.lv\/en\/wp-json\/wp\/v2\/product_tag?post=1522"},{"taxonomy":"giftcard-category","embeddable":true,"href":"https:\/\/sbdapparel.lv\/en\/wp-json\/wp\/v2\/giftcard-category?post=1522"}],"curies":[{"name":"wp","href":"https:\/\/api.w.org\/{rel}","templated":true}]}}