{"id":1861,"date":"2024-09-14T23:10:08","date_gmt":"2024-09-14T23:10:08","guid":{"rendered":"https:\/\/sbdapparel.lv\/?page_id=1861"},"modified":"2025-01-13T16:14:07","modified_gmt":"2025-01-13T16:14:07","slug":"grazinimo-politika","status":"publish","type":"page","link":"https:\/\/sbdapparel.lv\/en\/grazinimo-politika\/","title":{"rendered":"Gr\u0105\u017einimo politika"},"content":{"rendered":"<div data-elementor-type=\"wp-page\" data-elementor-id=\"1861\" class=\"elementor elementor-1861\">\n\t\t\t\t\t\t<section class=\"elementor-section elementor-top-section elementor-element elementor-element-7d3a962 elementor-section-boxed elementor-section-height-default elementor-section-height-default\" data-id=\"7d3a962\" data-element_type=\"section\" data-e-type=\"section\" data-settings=\"{&quot;wdt_bg_image&quot;:{&quot;url&quot;:&quot;&quot;,&quot;id&quot;:&quot;&quot;,&quot;size&quot;:&quot;&quot;},&quot;wdt_bg_image_widescreen&quot;:{&quot;url&quot;:&quot;&quot;,&quot;id&quot;:&quot;&quot;,&quot;size&quot;:&quot;&quot;},&quot;wdt_bg_image_laptop&quot;:{&quot;url&quot;:&quot;&quot;,&quot;id&quot;:&quot;&quot;,&quot;size&quot;:&quot;&quot;},&quot;wdt_bg_image_tablet_extra&quot;:{&quot;url&quot;:&quot;&quot;,&quot;id&quot;:&quot;&quot;,&quot;size&quot;:&quot;&quot;},&quot;wdt_bg_image_tablet&quot;:{&quot;url&quot;:&quot;&quot;,&quot;id&quot;:&quot;&quot;,&quot;size&quot;:&quot;&quot;},&quot;wdt_bg_image_mobile_extra&quot;:{&quot;url&quot;:&quot;&quot;,&quot;id&quot;:&quot;&quot;,&quot;size&quot;:&quot;&quot;},&quot;wdt_bg_image_mobile&quot;:{&quot;url&quot;:&quot;&quot;,&quot;id&quot;:&quot;&quot;,&quot;size&quot;:&quot;&quot;},&quot;wdt_bg_position&quot;:&quot;center center&quot;,&quot;wdt_animation_effect&quot;:&quot;none&quot;}\">\n\t\t\t\t\t\t<div class=\"elementor-container elementor-column-gap-default\">\n\t\t\t\t\t<div class=\"elementor-column elementor-col-100 elementor-top-column elementor-element elementor-element-46dfe41\" data-id=\"46dfe41\" data-element_type=\"column\" data-e-type=\"column\">\n\t\t\t<div class=\"elementor-widget-wrap elementor-element-populated\">\n\t\t\t\t\t\t<div class=\"elementor-element elementor-element-1ca92af elementor-widget elementor-widget-heading\" data-id=\"1ca92af\" data-element_type=\"widget\" data-e-type=\"widget\" data-settings=\"{&quot;wdt_animation_effect&quot;:&quot;none&quot;}\" data-widget_type=\"heading.default\">\n\t\t\t\t<div class=\"elementor-widget-container\">\n\t\t\t\t\t<h2 class=\"elementor-heading-title elementor-size-default\">Return of goods<\/h2>\t\t\t\t<\/div>\n\t\t\t\t<\/div>\n\t\t\t\t\t<\/div>\n\t\t<\/div>\n\t\t\t\t\t<\/div>\n\t\t<\/section>\n\t\t\t\t<section class=\"elementor-section elementor-top-section elementor-element elementor-element-7ce00b0 elementor-section-boxed elementor-section-height-default elementor-section-height-default\" data-id=\"7ce00b0\" data-element_type=\"section\" data-e-type=\"section\" data-settings=\"{&quot;wdt_bg_image&quot;:{&quot;url&quot;:&quot;&quot;,&quot;id&quot;:&quot;&quot;,&quot;size&quot;:&quot;&quot;},&quot;wdt_bg_image_widescreen&quot;:{&quot;url&quot;:&quot;&quot;,&quot;id&quot;:&quot;&quot;,&quot;size&quot;:&quot;&quot;},&quot;wdt_bg_image_laptop&quot;:{&quot;url&quot;:&quot;&quot;,&quot;id&quot;:&quot;&quot;,&quot;size&quot;:&quot;&quot;},&quot;wdt_bg_image_tablet_extra&quot;:{&quot;url&quot;:&quot;&quot;,&quot;id&quot;:&quot;&quot;,&quot;size&quot;:&quot;&quot;},&quot;wdt_bg_image_tablet&quot;:{&quot;url&quot;:&quot;&quot;,&quot;id&quot;:&quot;&quot;,&quot;size&quot;:&quot;&quot;},&quot;wdt_bg_image_mobile_extra&quot;:{&quot;url&quot;:&quot;&quot;,&quot;id&quot;:&quot;&quot;,&quot;size&quot;:&quot;&quot;},&quot;wdt_bg_image_mobile&quot;:{&quot;url&quot;:&quot;&quot;,&quot;id&quot;:&quot;&quot;,&quot;size&quot;:&quot;&quot;},&quot;wdt_bg_position&quot;:&quot;center center&quot;,&quot;wdt_animation_effect&quot;:&quot;none&quot;}\">\n\t\t\t\t\t\t<div class=\"elementor-container elementor-column-gap-default\">\n\t\t\t\t\t<div class=\"elementor-column elementor-col-100 elementor-top-column elementor-element elementor-element-fdef3a7\" data-id=\"fdef3a7\" data-element_type=\"column\" data-e-type=\"column\">\n\t\t\t<div class=\"elementor-widget-wrap elementor-element-populated\">\n\t\t\t\t\t\t<div class=\"elementor-element elementor-element-8d4b61d elementor-widget elementor-widget-text-editor\" data-id=\"8d4b61d\" data-element_type=\"widget\" data-e-type=\"widget\" data-settings=\"{&quot;wdt_animation_effect&quot;:&quot;none&quot;}\" data-widget_type=\"text-editor.default\">\n\t\t\t\t<div class=\"elementor-widget-container\">\n\t\t\t\t\t\t\t\t\t<p>Atgrie\u0161anas nosac\u012bjumi<\/p><p>Nosac\u012bjumi ir saska\u0146\u0101 ar Lietuvas Republikas likumu, kas pie\u0146emts ar ekonomikas ministra 2001. gada 29. j\u016bnij\u0101 &#8211; Nr. 217 Ieg\u0101d\u0101to pre\u010du apmai\u0146as un atgrie\u0161anas noteikumi.<\/p><p>Visbie\u017e\u0101k<\/p><p>Ja v\u0113laties atgriezt preci m\u016bsu vainas d\u0113\u013c (sa\u0146emta nepareiza vai boj\u0101ta prece), zvaniet mums pa t\u0101lruni +370 67019888 vai s\u016btiet e-pastu uz e-pastu (atrodams kontaktu lap\u0101), un m\u0113s organiz\u0113sim nomai\u0146u vai naudas atmaksu, ja v\u0113laties. \u0160aj\u0101 gad\u012bjum\u0101 m\u0113s (BigZ Fit) segtu kurjera izmaksas.<\/p><p>Preces var atgriezt ori\u0123in\u0101laj\u0101 iepakojum\u0101 un ar piestiprin\u0101t\u0101m eti\u0137et\u0113m 10 dienu laik\u0101 p\u0113c pre\u010du sa\u0146em\u0161anas jebkura iemesla d\u0113\u013c. Prece ir j\u0101pieg\u0101d\u0101 vai j\u0101nos\u016bta uz zem\u0101k nor\u0101d\u012bto adresi:<\/p><p>B\u016bvnieku iela 9, Mol\u0117tai, Lietuva, LT-33112<\/p><p>M\u0113s atmaks\u0101sim J\u016bsu naudu 10 dienu laik\u0101 p\u0113c atgriezt\u0101s preces sa\u0146em\u0161anas, un Jums (pirc\u0113jam) b\u016bs j\u0101sedz kurjera izmaksas.<\/p>\t\t\t\t\t\t\t\t<\/div>\n\t\t\t\t<\/div>\n\t\t\t\t\t<\/div>\n\t\t<\/div>\n\t\t\t\t\t<\/div>\n\t\t<\/section>\n\t\t\t\t<\/div>","protected":false},"excerpt":{"rendered":"<p>Pre\u010du atgrie\u0161ana Atgrie\u0161anas nosac\u012bjumi Nosac\u012bjumi ir saska\u0146\u0101 ar Lietuvas Republikas likumu, kas pie\u0146emts ar ekonomikas ministra 2001. gada 29. j\u016bnij\u0101 &#8211; Nr. 217 Ieg\u0101d\u0101to pre\u010du apmai\u0146as un atgrie\u0161anas noteikumi. Visbie\u017e\u0101k Ja v\u0113laties atgriezt preci m\u016bsu vainas d\u0113\u013c (sa\u0146emta nepareiza vai boj\u0101ta prece), zvaniet mums pa t\u0101lruni +370 67019888 vai s\u016btiet e-pastu uz e-pastu (atrodams kontaktu [&hellip;]<\/p>","protected":false},"author":1,"featured_media":0,"parent":0,"menu_order":0,"comment_status":"closed","ping_status":"closed","template":"","meta":{"footnotes":""},"class_list":["post-1861","page","type-page","status-publish","hentry"],"yoast_head":"<!-- This site is optimized with the Yoast SEO plugin v27.4 - https:\/\/yoast.com\/product\/yoast-seo-wordpress\/ -->\n<title>Gr\u0105\u017einimo politika - SBD Apparel LV<\/title>\n<meta name=\"robots\" content=\"index, follow, max-snippet:-1, max-image-preview:large, max-video-preview:-1\" \/>\n<link rel=\"canonical\" href=\"https:\/\/sbdapparel.lv\/en\/grazinimo-politika\/\" \/>\n<meta property=\"og:locale\" content=\"en_US\" \/>\n<meta property=\"og:type\" content=\"article\" \/>\n<meta property=\"og:title\" content=\"Gr\u0105\u017einimo politika - SBD Apparel LV\" \/>\n<meta property=\"og:description\" content=\"Pre\u010du atgrie\u0161ana Atgrie\u0161anas nosac\u012bjumi Nosac\u012bjumi ir saska\u0146\u0101 ar Lietuvas Republikas likumu, kas pie\u0146emts ar ekonomikas ministra 2001. gada 29. j\u016bnij\u0101 &#8211; Nr. 217 Ieg\u0101d\u0101to pre\u010du apmai\u0146as un atgrie\u0161anas noteikumi. Visbie\u017e\u0101k Ja v\u0113laties atgriezt preci m\u016bsu vainas d\u0113\u013c (sa\u0146emta nepareiza vai boj\u0101ta prece), zvaniet mums pa t\u0101lruni +370 67019888 vai s\u016btiet e-pastu uz e-pastu (atrodams kontaktu [&hellip;]\" \/>\n<meta property=\"og:url\" content=\"https:\/\/sbdapparel.lv\/en\/grazinimo-politika\/\" \/>\n<meta property=\"og:site_name\" content=\"SBD Apparel LV\" \/>\n<meta property=\"article:modified_time\" content=\"2025-01-13T16:14:07+00:00\" \/>\n<meta name=\"twitter:card\" content=\"summary_large_image\" \/>\n<meta name=\"twitter:label1\" content=\"Est. reading time\" \/>\n\t<meta name=\"twitter:data1\" content=\"1 minute\" \/>\n<script type=\"application\/ld+json\" class=\"yoast-schema-graph\">{\"@context\":\"https:\\\/\\\/schema.org\",\"@graph\":[{\"@type\":\"WebPage\",\"@id\":\"https:\\\/\\\/sbdapparel.lv\\\/grazinimo-politika\\\/\",\"url\":\"https:\\\/\\\/sbdapparel.lv\\\/grazinimo-politika\\\/\",\"name\":\"Gr\u0105\u017einimo politika - SBD Apparel LV\",\"isPartOf\":{\"@id\":\"https:\\\/\\\/sbdapparel.lv\\\/#website\"},\"datePublished\":\"2024-09-14T23:10:08+00:00\",\"dateModified\":\"2025-01-13T16:14:07+00:00\",\"breadcrumb\":{\"@id\":\"https:\\\/\\\/sbdapparel.lv\\\/grazinimo-politika\\\/#breadcrumb\"},\"inLanguage\":\"en-US\",\"potentialAction\":[{\"@type\":\"ReadAction\",\"target\":[\"https:\\\/\\\/sbdapparel.lv\\\/grazinimo-politika\\\/\"]}]},{\"@type\":\"BreadcrumbList\",\"@id\":\"https:\\\/\\\/sbdapparel.lv\\\/grazinimo-politika\\\/#breadcrumb\",\"itemListElement\":[{\"@type\":\"ListItem\",\"position\":1,\"name\":\"Home\",\"item\":\"https:\\\/\\\/sbdapparel.lv\\\/\"},{\"@type\":\"ListItem\",\"position\":2,\"name\":\"Gr\u0105\u017einimo politika\"}]},{\"@type\":\"WebSite\",\"@id\":\"https:\\\/\\\/sbdapparel.lv\\\/#website\",\"url\":\"https:\\\/\\\/sbdapparel.lv\\\/\",\"name\":\"sbdapparel.lv\",\"description\":\"Latvija\",\"publisher\":{\"@id\":\"https:\\\/\\\/sbdapparel.lv\\\/#organization\"},\"potentialAction\":[{\"@type\":\"SearchAction\",\"target\":{\"@type\":\"EntryPoint\",\"urlTemplate\":\"https:\\\/\\\/sbdapparel.lv\\\/?s={search_term_string}\"},\"query-input\":{\"@type\":\"PropertyValueSpecification\",\"valueRequired\":true,\"valueName\":\"search_term_string\"}}],\"inLanguage\":\"en-US\"},{\"@type\":\"Organization\",\"@id\":\"https:\\\/\\\/sbdapparel.lv\\\/#organization\",\"name\":\"SBD Apparel LV\",\"url\":\"https:\\\/\\\/sbdapparel.lv\\\/\",\"logo\":{\"@type\":\"ImageObject\",\"inLanguage\":\"en-US\",\"@id\":\"https:\\\/\\\/sbdapparel.lv\\\/#\\\/schema\\\/logo\\\/image\\\/\",\"url\":\"https:\\\/\\\/sbdapparel.lv\\\/wp-content\\\/uploads\\\/2023\\\/07\\\/cropped-SBD_Identity_OnDark_RGB.png\",\"contentUrl\":\"https:\\\/\\\/sbdapparel.lv\\\/wp-content\\\/uploads\\\/2023\\\/07\\\/cropped-SBD_Identity_OnDark_RGB.png\",\"width\":1182,\"height\":515,\"caption\":\"SBD Apparel LV\"},\"image\":{\"@id\":\"https:\\\/\\\/sbdapparel.lv\\\/#\\\/schema\\\/logo\\\/image\\\/\"}}]}<\/script>\n<!-- \/ Yoast SEO plugin. -->","yoast_head_json":{"title":"Gr\u0105\u017einimo politika - SBD Apparel LV","robots":{"index":"index","follow":"follow","max-snippet":"max-snippet:-1","max-image-preview":"max-image-preview:large","max-video-preview":"max-video-preview:-1"},"canonical":"https:\/\/sbdapparel.lv\/en\/grazinimo-politika\/","og_locale":"en_US","og_type":"article","og_title":"Gr\u0105\u017einimo politika - SBD Apparel LV","og_description":"Pre\u010du atgrie\u0161ana Atgrie\u0161anas nosac\u012bjumi Nosac\u012bjumi ir saska\u0146\u0101 ar Lietuvas Republikas likumu, kas pie\u0146emts ar ekonomikas ministra 2001. gada 29. j\u016bnij\u0101 &#8211; Nr. 217 Ieg\u0101d\u0101to pre\u010du apmai\u0146as un atgrie\u0161anas noteikumi. Visbie\u017e\u0101k Ja v\u0113laties atgriezt preci m\u016bsu vainas d\u0113\u013c (sa\u0146emta nepareiza vai boj\u0101ta prece), zvaniet mums pa t\u0101lruni +370 67019888 vai s\u016btiet e-pastu uz e-pastu (atrodams kontaktu [&hellip;]","og_url":"https:\/\/sbdapparel.lv\/en\/grazinimo-politika\/","og_site_name":"SBD Apparel LV","article_modified_time":"2025-01-13T16:14:07+00:00","twitter_card":"summary_large_image","twitter_misc":{"Est. reading time":"1 minute"},"schema":{"@context":"https:\/\/schema.org","@graph":[{"@type":"WebPage","@id":"https:\/\/sbdapparel.lv\/grazinimo-politika\/","url":"https:\/\/sbdapparel.lv\/grazinimo-politika\/","name":"Gr\u0105\u017einimo politika - SBD Apparel LV","isPartOf":{"@id":"https:\/\/sbdapparel.lv\/#website"},"datePublished":"2024-09-14T23:10:08+00:00","dateModified":"2025-01-13T16:14:07+00:00","breadcrumb":{"@id":"https:\/\/sbdapparel.lv\/grazinimo-politika\/#breadcrumb"},"inLanguage":"en-US","potentialAction":[{"@type":"ReadAction","target":["https:\/\/sbdapparel.lv\/grazinimo-politika\/"]}]},{"@type":"BreadcrumbList","@id":"https:\/\/sbdapparel.lv\/grazinimo-politika\/#breadcrumb","itemListElement":[{"@type":"ListItem","position":1,"name":"Home","item":"https:\/\/sbdapparel.lv\/"},{"@type":"ListItem","position":2,"name":"Gr\u0105\u017einimo politika"}]},{"@type":"WebSite","@id":"https:\/\/sbdapparel.lv\/#website","url":"https:\/\/sbdapparel.lv\/","name":"sbdapparel.lv","description":"Latvija","publisher":{"@id":"https:\/\/sbdapparel.lv\/#organization"},"potentialAction":[{"@type":"SearchAction","target":{"@type":"EntryPoint","urlTemplate":"https:\/\/sbdapparel.lv\/?s={search_term_string}"},"query-input":{"@type":"PropertyValueSpecification","valueRequired":true,"valueName":"search_term_string"}}],"inLanguage":"en-US"},{"@type":"Organization","@id":"https:\/\/sbdapparel.lv\/#organization","name":"SBD Apparel LV","url":"https:\/\/sbdapparel.lv\/","logo":{"@type":"ImageObject","inLanguage":"en-US","@id":"https:\/\/sbdapparel.lv\/#\/schema\/logo\/image\/","url":"https:\/\/sbdapparel.lv\/wp-content\/uploads\/2023\/07\/cropped-SBD_Identity_OnDark_RGB.png","contentUrl":"https:\/\/sbdapparel.lv\/wp-content\/uploads\/2023\/07\/cropped-SBD_Identity_OnDark_RGB.png","width":1182,"height":515,"caption":"SBD Apparel LV"},"image":{"@id":"https:\/\/sbdapparel.lv\/#\/schema\/logo\/image\/"}}]}},"_links":{"self":[{"href":"https:\/\/sbdapparel.lv\/en\/wp-json\/wp\/v2\/pages\/1861","targetHints":{"allow":["GET"]}}],"collection":[{"href":"https:\/\/sbdapparel.lv\/en\/wp-json\/wp\/v2\/pages"}],"about":[{"href":"https:\/\/sbdapparel.lv\/en\/wp-json\/wp\/v2\/types\/page"}],"author":[{"embeddable":true,"href":"https:\/\/sbdapparel.lv\/en\/wp-json\/wp\/v2\/users\/1"}],"replies":[{"embeddable":true,"href":"https:\/\/sbdapparel.lv\/en\/wp-json\/wp\/v2\/comments?post=1861"}],"version-history":[{"count":10,"href":"https:\/\/sbdapparel.lv\/en\/wp-json\/wp\/v2\/pages\/1861\/revisions"}],"predecessor-version":[{"id":4488,"href":"https:\/\/sbdapparel.lv\/en\/wp-json\/wp\/v2\/pages\/1861\/revisions\/4488"}],"wp:attachment":[{"href":"https:\/\/sbdapparel.lv\/en\/wp-json\/wp\/v2\/media?parent=1861"}],"curies":[{"name":"wp","href":"https:\/\/api.w.org\/{rel}","templated":true}]}}